{"id":72741,"date":"2025-04-15T14:56:15","date_gmt":"2025-04-15T11:56:15","guid":{"rendered":"https:\/\/dentiststurkey.com\/?page_id=72741"},"modified":"2025-05-09T02:52:02","modified_gmt":"2025-05-08T23:52:02","slug":"nutzungsbedingungen","status":"publish","type":"page","link":"https:\/\/dentiststurkey.com\/de\/nutzungsbedingungen\/","title":{"rendered":"NUTZUNGSBEDINGUNGEN"},"content":{"rendered":"\t\t<div data-elementor-type=\"wp-page\" data-elementor-id=\"72741\" class=\"elementor elementor-72741 elementor-72654\" data-elementor-post-type=\"page\">\n\t\t\t\t\t\t<section class=\"elementor-section elementor-top-section elementor-element elementor-element-866659a elementor-section-boxed elementor-section-height-default elementor-section-height-default\" data-id=\"866659a\" data-element_type=\"section\" data-e-type=\"section\">\n\t\t\t\t\t\t<div class=\"elementor-container elementor-column-gap-default\">\n\t\t\t\t\t<div class=\"elementor-column elementor-col-100 elementor-top-column elementor-element elementor-element-ee27b0f\" data-id=\"ee27b0f\" data-element_type=\"column\" data-e-type=\"column\">\n\t\t\t<div class=\"elementor-widget-wrap elementor-element-populated\">\n\t\t\t\t\t\t<div class=\"elementor-element elementor-element-a7c4510 elementor-widget elementor-widget-text-editor\" data-id=\"a7c4510\" data-element_type=\"widget\" data-e-type=\"widget\" data-widget_type=\"text-editor.default\">\n\t\t\t\t<div class=\"elementor-widget-container\">\n\t\t\t\t\t\t\t\t\t<h3>NUTZUNGSBEDINGUNGEN<\/h3><p><strong><em><i>Letzte Aktualisierung:<\/i><\/em><\/strong><br \/>05.11.2024<\/p><p>Willkommen auf <a href=\"http:\/\/www.dentiststurkey.com\/\"><u>www.dentiststurkey.com<\/u><\/a>\u00a0(\u201eWebsite\u201c). Diese Website wird betrieben von Marko Cviji\u0107 PR AGENCY FOR WEB MARKETING WCS.COM (\u201ewir\u201c, \u201euns\u201c oder \u201eunser\u201c). Durch die Nutzung unserer Website stimmen Sie diesen Nutzungsbedingungen zu. Wenn Sie mit einem Teil dieser Bedingungen nicht einverstanden sind, nutzen Sie bitte die Website nicht.<\/p><ol><li><strong><b> Nutzung der Website<\/b><\/strong><\/li><\/ol><p>Sie verpflichten sich, die Website ausschlie\u00dflich f\u00fcr rechtm\u00e4\u00dfige Zwecke zu nutzen und in einer Weise, die keine Rechte Dritter verletzt, deren Nutzung einschr\u00e4nkt oder behindert. Jeglicher Missbrauch der Website, einschlie\u00dflich der Einschleusung sch\u00e4dlicher Software oder Inhalte, ist strengstens untersagt.<\/p><ol start=\"2\"><li><strong><b> Erbrachte Dienstleistungen<\/b><\/strong><\/li><\/ol><p>Unsere Website dient dazu, Nutzer mit Zahnkliniken in der T\u00fcrkei zu verbinden, indem sie allgemeine Informationen, Klinikprofile und -pr\u00e4sentationen, Preisangaben, Bewertungen und Werbeinhalte bereitstellt. Wir agieren als Vermittler und leiten Anfragen von Patienten an Zahnkliniken weiter. Alle endg\u00fcltigen Vereinbarungen und Leistungen werden direkt zwischen dem Patienten und der gew\u00e4hlten Klinik getroffen.<br \/>Alle Informationen auf der Website dienen ausschlie\u00dflich Informationszwecken. Wir garantieren nicht f\u00fcr die Genauigkeit oder Vollst\u00e4ndigkeit der dargestellten Inhalte. Rechtlich bindend sind ausschlie\u00dflich die Vereinbarungen, die direkt zwischen dem Patienten und der Klinik getroffen werden.<br \/>Wir behalten uns das Recht vor, Nutzer, die eine Anfrage \u00fcber die Website stellen, zu kontaktieren, um zu erfahren, ob ein Behandlungstermin vereinbart wurde, wann sie die Reise planen und ob sie mit dem Angebot der Klinik zufrieden sind.<br \/>Wir sind keine Zahnklinik und erbringen keine zahnmedizinischen Leistungen. Daher \u00fcbernehmen wir keine Haftung, falls ein Patient mit der Behandlung unzufrieden ist oder Probleme mit den von der Klinik erbrachten Leistungen hat.<\/p><ol start=\"3\"><li><strong><b> Kein medizinischer Rat<\/b><\/strong><\/li><\/ol><p>Die Inhalte auf der Website stellen keine medizinische Beratung, Diagnose oder Behandlung dar. Konsultieren Sie bei gesundheitlichen Fragen stets einen qualifizierten Arzt oder Zahnarzt.<\/p><ol start=\"4\"><li><strong><b> Nutzerinhalte und Kommunikation<\/b><\/strong><\/li><\/ol><p>Patientenbewertungen und Erfahrungsberichte k\u00f6nnen auf der Website und in den Klinikprofilen ver\u00f6ffentlicht werden. Diese Inhalte stammen direkt von Patienten oder aus der Kommunikation mit unserer Agentur.<br \/>Die auf der Website und in den Klinikprofilen angegebene Telefonnummer geh\u00f6rt zum Callcenter der Agentur. Mit dem Anruf, der Anfrage oder dem Versenden einer Nachricht \u00fcber die Website stimmen Sie zu, dass Ihre Daten zur Bearbeitung Ihrer Anfrage an eine oder mehrere Partner-Zahnkliniken weitergeleitet werden d\u00fcrfen. Sie sind f\u00fcr die Richtigkeit der von Ihnen bereitgestellten Informationen verantwortlich.<\/p><ol start=\"5\"><li><strong><b> Geistiges Eigentum<\/b><\/strong><\/li><\/ol><p>Alle Inhalte der Website \u2013 einschlie\u00dflich Texte, Bilder, Grafiken, Logos, Videos und Software \u2013 sind Eigentum von WCS.COM oder deren Inhaltsanbietern (Zahnkliniken) und durch Urheberrechte sowie andere Schutzgesetze f\u00fcr geistiges Eigentum gesch\u00fctzt. Das Kopieren, Verbreiten, \u00c4ndern oder sonstige Verwenden von Inhalten ohne vorherige schriftliche Genehmigung ist strengstens untersagt.<\/p><ol start=\"6\"><li><strong><b> Links zu Drittanbietern<\/b><\/strong><\/li><\/ol><p>Die Website kann Links zu externen Websites Dritter enthalten. Wir \u00fcbernehmen keine Verantwortung f\u00fcr deren Inhalte, Nutzungsbedingungen oder Datenschutzrichtlinien.<\/p><ol start=\"7\"><li><strong><b> Haftungsbeschr<\/b><\/strong><strong><b>\u00e4<\/b><\/strong><strong><b>nkung<\/b><\/strong><\/li><\/ol><p>Wir garantieren nicht f\u00fcr die Genauigkeit, Vollst\u00e4ndigkeit oder N\u00fctzlichkeit der bereitgestellten Informationen. In keinem Fall haften wir f\u00fcr direkte, indirekte, beil\u00e4ufige oder Folgesch\u00e4den, die durch die Nutzung der Website oder durch Leistungen der Zahnkliniken entstehen. Alle Anspr\u00fcche oder Streitigkeiten im Zusammenhang mit zahnmedizinischen Behandlungen sind ausschlie\u00dflich zwischen dem Patienten und der ausgew\u00e4hlten Klinik zu kl\u00e4ren.<\/p><ol start=\"8\"><li><b> <\/b><strong><b>\u00c4<\/b><\/strong><strong><b>nderungen der Nutzungsbedingungen<\/b><\/strong><\/li><\/ol><p>Wir behalten uns das Recht vor, diese Nutzungsbedingungen jederzeit ohne vorherige Ank\u00fcndigung zu \u00e4ndern oder zu aktualisieren. Mit der fortgesetzten Nutzung der Website nach Ver\u00f6ffentlichung der \u00c4nderungen akzeptieren Sie die aktualisierten Bedingungen.<\/p><ol start=\"9\"><li><strong><b> Anwendbares Recht<\/b><\/strong><\/li><\/ol><p>Diese Nutzungsbedingungen unterliegen dem Recht der Republik Serbien. Alle Streitigkeiten unterliegen der ausschlie\u00dflichen Zust\u00e4ndigkeit der Gerichte in Belgrad.<\/p><ol start=\"10\"><li><strong><b> Kontakt<\/b><\/strong><\/li><\/ol><p>Bei Fragen zu diesen Nutzungsbedingungen kontaktieren Sie uns bitte:<\/p><p><strong><b>E-Mail:<\/b><\/strong>\u00a0<a href=\"mailto:info@dentiststurkey.com\">info@dentiststurkey.com<\/a><br \/><strong><b>Telefon:<\/b><\/strong>\u00a0<a href=\"tel:+381607032481\">+381 60 70 32 481<\/a><br \/><strong><b>Website:<\/b><\/strong>\u00a0<a href=\"http:\/\/www.dentiststurkey.com\/\"><u>www.dentiststurkey.com<\/u><\/a><\/p>\t\t\t\t\t\t\t\t<\/div>\n\t\t\t\t<\/div>\n\t\t\t\t\t<\/div>\n\t\t<\/div>\n\t\t\t\t\t<\/div>\n\t\t<\/section>\n\t\t\t\t<\/div>\n\t\t","protected":false},"excerpt":{"rendered":"<p>NUTZUNGSBEDINGUNGEN Letzte Aktualisierung:05.11.2024 Willkommen auf www.dentiststurkey.com\u00a0(\u201eWebsite\u201c). Diese Website wird betrieben von Marko Cviji\u0107 PR AGENCY FOR WEB MARKETING WCS.COM (\u201ewir\u201c, \u201euns\u201c oder \u201eunser\u201c). Durch die Nutzung unserer Website stimmen Sie diesen Nutzungsbedingungen zu. Wenn Sie mit einem Teil dieser Bedingungen nicht einverstanden sind, nutzen Sie bitte die Website nicht. Nutzung der Website Sie verpflichten sich, [&hellip;]<\/p>\n","protected":false},"author":2,"featured_media":0,"parent":0,"menu_order":0,"comment_status":"closed","ping_status":"closed","template":"","meta":{"footnotes":""},"class_list":["post-72741","page","type-page","status-publish","hentry"],"acf":[],"yoast_head":"<!-- This site is optimized with the Yoast SEO plugin v27.4 - https:\/\/yoast.com\/product\/yoast-seo-wordpress\/ -->\n<title>NUTZUNGSBEDINGUNGEN - Dentists Turkey<\/title>\n<meta name=\"robots\" content=\"index, follow, max-snippet:-1, max-image-preview:large, max-video-preview:-1\" \/>\n<link rel=\"canonical\" href=\"https:\/\/dentiststurkey.com\/de\/nutzungsbedingungen\/\" \/>\n<meta property=\"og:locale\" content=\"de_DE\" \/>\n<meta property=\"og:type\" content=\"article\" \/>\n<meta property=\"og:title\" content=\"NUTZUNGSBEDINGUNGEN - Dentists Turkey\" \/>\n<meta property=\"og:description\" content=\"NUTZUNGSBEDINGUNGEN Letzte Aktualisierung:05.11.2024 Willkommen auf www.dentiststurkey.com\u00a0(\u201eWebsite\u201c). Diese Website wird betrieben von Marko Cviji\u0107 PR AGENCY FOR WEB MARKETING WCS.COM (\u201ewir\u201c, \u201euns\u201c oder \u201eunser\u201c). Durch die Nutzung unserer Website stimmen Sie diesen Nutzungsbedingungen zu. Wenn Sie mit einem Teil dieser Bedingungen nicht einverstanden sind, nutzen Sie bitte die Website nicht. Nutzung der Website Sie verpflichten sich, [&hellip;]\" \/>\n<meta property=\"og:url\" content=\"https:\/\/dentiststurkey.com\/de\/nutzungsbedingungen\/\" \/>\n<meta property=\"og:site_name\" content=\"Dentists Turkey\" \/>\n<meta property=\"article:modified_time\" content=\"2025-05-08T23:52:02+00:00\" \/>\n<meta name=\"twitter:card\" content=\"summary_large_image\" \/>\n<meta name=\"twitter:label1\" content=\"Gesch\u00e4tzte Lesezeit\" \/>\n\t<meta name=\"twitter:data1\" content=\"4\u00a0Minuten\" \/>\n<script type=\"application\/ld+json\" class=\"yoast-schema-graph\">{\"@context\":\"https:\\\/\\\/schema.org\",\"@graph\":[{\"@type\":\"WebPage\",\"@id\":\"https:\\\/\\\/dentiststurkey.com\\\/de\\\/nutzungsbedingungen\\\/\",\"url\":\"https:\\\/\\\/dentiststurkey.com\\\/de\\\/nutzungsbedingungen\\\/\",\"name\":\"NUTZUNGSBEDINGUNGEN - Dentists Turkey\",\"isPartOf\":{\"@id\":\"http:\\\/\\\/dentiststurkey.com\\\/de\\\/#website\"},\"datePublished\":\"2025-04-15T11:56:15+00:00\",\"dateModified\":\"2025-05-08T23:52:02+00:00\",\"breadcrumb\":{\"@id\":\"https:\\\/\\\/dentiststurkey.com\\\/de\\\/nutzungsbedingungen\\\/#breadcrumb\"},\"inLanguage\":\"de\",\"potentialAction\":[{\"@type\":\"ReadAction\",\"target\":[\"https:\\\/\\\/dentiststurkey.com\\\/de\\\/nutzungsbedingungen\\\/\"]}]},{\"@type\":\"BreadcrumbList\",\"@id\":\"https:\\\/\\\/dentiststurkey.com\\\/de\\\/nutzungsbedingungen\\\/#breadcrumb\",\"itemListElement\":[{\"@type\":\"ListItem\",\"position\":1,\"name\":\"Home\",\"item\":\"https:\\\/\\\/dentiststurkey.com\\\/de\\\/\"},{\"@type\":\"ListItem\",\"position\":2,\"name\":\"NUTZUNGSBEDINGUNGEN\"}]},{\"@type\":\"WebSite\",\"@id\":\"http:\\\/\\\/dentiststurkey.com\\\/de\\\/#website\",\"url\":\"http:\\\/\\\/dentiststurkey.com\\\/de\\\/\",\"name\":\"Dentists Turkey\",\"description\":\"Best Dental Clinics\",\"publisher\":{\"@id\":\"http:\\\/\\\/dentiststurkey.com\\\/de\\\/#organization\"},\"potentialAction\":[{\"@type\":\"SearchAction\",\"target\":{\"@type\":\"EntryPoint\",\"urlTemplate\":\"http:\\\/\\\/dentiststurkey.com\\\/de\\\/?s={search_term_string}\"},\"query-input\":{\"@type\":\"PropertyValueSpecification\",\"valueRequired\":true,\"valueName\":\"search_term_string\"}}],\"inLanguage\":\"de\"},{\"@type\":\"Organization\",\"@id\":\"http:\\\/\\\/dentiststurkey.com\\\/de\\\/#organization\",\"name\":\"Dentists Turkey\",\"url\":\"http:\\\/\\\/dentiststurkey.com\\\/de\\\/\",\"logo\":{\"@type\":\"ImageObject\",\"inLanguage\":\"de\",\"@id\":\"http:\\\/\\\/dentiststurkey.com\\\/de\\\/#\\\/schema\\\/logo\\\/image\\\/\",\"url\":\"https:\\\/\\\/dentiststurkey.com\\\/wp-content\\\/uploads\\\/2023\\\/02\\\/logo-dentists-400.webp\",\"contentUrl\":\"https:\\\/\\\/dentiststurkey.com\\\/wp-content\\\/uploads\\\/2023\\\/02\\\/logo-dentists-400.webp\",\"width\":400,\"height\":148,\"caption\":\"Dentists Turkey\"},\"image\":{\"@id\":\"http:\\\/\\\/dentiststurkey.com\\\/de\\\/#\\\/schema\\\/logo\\\/image\\\/\"}}]}<\/script>\n<!-- \/ Yoast SEO plugin. -->","yoast_head_json":{"title":"NUTZUNGSBEDINGUNGEN - Dentists Turkey","robots":{"index":"index","follow":"follow","max-snippet":"max-snippet:-1","max-image-preview":"max-image-preview:large","max-video-preview":"max-video-preview:-1"},"canonical":"https:\/\/dentiststurkey.com\/de\/nutzungsbedingungen\/","og_locale":"de_DE","og_type":"article","og_title":"NUTZUNGSBEDINGUNGEN - Dentists Turkey","og_description":"NUTZUNGSBEDINGUNGEN Letzte Aktualisierung:05.11.2024 Willkommen auf www.dentiststurkey.com\u00a0(\u201eWebsite\u201c). Diese Website wird betrieben von Marko Cviji\u0107 PR AGENCY FOR WEB MARKETING WCS.COM (\u201ewir\u201c, \u201euns\u201c oder \u201eunser\u201c). Durch die Nutzung unserer Website stimmen Sie diesen Nutzungsbedingungen zu. Wenn Sie mit einem Teil dieser Bedingungen nicht einverstanden sind, nutzen Sie bitte die Website nicht. Nutzung der Website Sie verpflichten sich, [&hellip;]","og_url":"https:\/\/dentiststurkey.com\/de\/nutzungsbedingungen\/","og_site_name":"Dentists Turkey","article_modified_time":"2025-05-08T23:52:02+00:00","twitter_card":"summary_large_image","twitter_misc":{"Gesch\u00e4tzte Lesezeit":"4\u00a0Minuten"},"schema":{"@context":"https:\/\/schema.org","@graph":[{"@type":"WebPage","@id":"https:\/\/dentiststurkey.com\/de\/nutzungsbedingungen\/","url":"https:\/\/dentiststurkey.com\/de\/nutzungsbedingungen\/","name":"NUTZUNGSBEDINGUNGEN - Dentists Turkey","isPartOf":{"@id":"http:\/\/dentiststurkey.com\/de\/#website"},"datePublished":"2025-04-15T11:56:15+00:00","dateModified":"2025-05-08T23:52:02+00:00","breadcrumb":{"@id":"https:\/\/dentiststurkey.com\/de\/nutzungsbedingungen\/#breadcrumb"},"inLanguage":"de","potentialAction":[{"@type":"ReadAction","target":["https:\/\/dentiststurkey.com\/de\/nutzungsbedingungen\/"]}]},{"@type":"BreadcrumbList","@id":"https:\/\/dentiststurkey.com\/de\/nutzungsbedingungen\/#breadcrumb","itemListElement":[{"@type":"ListItem","position":1,"name":"Home","item":"https:\/\/dentiststurkey.com\/de\/"},{"@type":"ListItem","position":2,"name":"NUTZUNGSBEDINGUNGEN"}]},{"@type":"WebSite","@id":"http:\/\/dentiststurkey.com\/de\/#website","url":"http:\/\/dentiststurkey.com\/de\/","name":"Dentists Turkey","description":"Best Dental Clinics","publisher":{"@id":"http:\/\/dentiststurkey.com\/de\/#organization"},"potentialAction":[{"@type":"SearchAction","target":{"@type":"EntryPoint","urlTemplate":"http:\/\/dentiststurkey.com\/de\/?s={search_term_string}"},"query-input":{"@type":"PropertyValueSpecification","valueRequired":true,"valueName":"search_term_string"}}],"inLanguage":"de"},{"@type":"Organization","@id":"http:\/\/dentiststurkey.com\/de\/#organization","name":"Dentists Turkey","url":"http:\/\/dentiststurkey.com\/de\/","logo":{"@type":"ImageObject","inLanguage":"de","@id":"http:\/\/dentiststurkey.com\/de\/#\/schema\/logo\/image\/","url":"https:\/\/dentiststurkey.com\/wp-content\/uploads\/2023\/02\/logo-dentists-400.webp","contentUrl":"https:\/\/dentiststurkey.com\/wp-content\/uploads\/2023\/02\/logo-dentists-400.webp","width":400,"height":148,"caption":"Dentists Turkey"},"image":{"@id":"http:\/\/dentiststurkey.com\/de\/#\/schema\/logo\/image\/"}}]}},"_links":{"self":[{"href":"https:\/\/dentiststurkey.com\/de\/wp-json\/wp\/v2\/pages\/72741","targetHints":{"allow":["GET"]}}],"collection":[{"href":"https:\/\/dentiststurkey.com\/de\/wp-json\/wp\/v2\/pages"}],"about":[{"href":"https:\/\/dentiststurkey.com\/de\/wp-json\/wp\/v2\/types\/page"}],"author":[{"embeddable":true,"href":"https:\/\/dentiststurkey.com\/de\/wp-json\/wp\/v2\/users\/2"}],"replies":[{"embeddable":true,"href":"https:\/\/dentiststurkey.com\/de\/wp-json\/wp\/v2\/comments?post=72741"}],"version-history":[{"count":0,"href":"https:\/\/dentiststurkey.com\/de\/wp-json\/wp\/v2\/pages\/72741\/revisions"}],"wp:attachment":[{"href":"https:\/\/dentiststurkey.com\/de\/wp-json\/wp\/v2\/media?parent=72741"}],"curies":[{"name":"wp","href":"https:\/\/api.w.org\/{rel}","templated":true}]}}