{"id":74105,"date":"2026-04-15T19:02:12","date_gmt":"2026-04-15T16:02:12","guid":{"rendered":"https:\/\/dentiststurkey.com\/dental-clinics-istanbul\/"},"modified":"2026-04-17T15:13:00","modified_gmt":"2026-04-17T12:13:00","slug":"zahnkliniken-istanbul","status":"publish","type":"page","link":"https:\/\/dentiststurkey.com\/de\/zahnkliniken-istanbul\/","title":{"rendered":"Zahnkliniken Istanbul"},"content":{"rendered":"<h1>Zahnkliniken Istanbul<\/h1>\n<p>Suchen Sie nach den besten Zahnkliniken in Istanbul, T\u00fcrkei? Istanbul ist eines der wichtigsten Reiseziele f\u00fcr internationale Patienten, die eine hochwertige Zahnbehandlung, erfahrene Zahn\u00e4rzte und g\u00fcnstigere Preise als im Vereinigten K\u00f6nigreich, in Deutschland, Frankreich oder anderen europ\u00e4ischen L\u00e4ndern suchen.<\/p>\n<p>Auf dieser Seite k\u00f6nnen Sie Zahnkliniken in Istanbul f\u00fcr Behandlungen wie <a href=\"https:\/\/dentiststurkey.com\/de\/zahntourismus-tuerkei\/\">Zahnimplantate<\/a>, Zirkonkronen, Veneers, Hollywood Smile, All-on-4 und Full-Mouth-Restauration vergleichen. Viele Zahnkliniken in Istanbul bieten internationalen Patienten auch kostenlose Unterkunft und Flughafentransfer an, wodurch der gesamte Ablauf einfacher und kosteng\u00fcnstiger wird.<\/p>\n\t\t<div data-elementor-type=\"section\" data-elementor-id=\"73749\" class=\"elementor elementor-73749\" data-elementor-post-type=\"elementor_library\">\n\t\t\t\t\t<section class=\"elementor-section elementor-top-section elementor-element elementor-element-51ff3a8 elementor-section-boxed elementor-section-height-default elementor-section-height-default\" data-id=\"51ff3a8\" data-element_type=\"section\" data-e-type=\"section\">\n\t\t\t\t\t\t<div class=\"elementor-container elementor-column-gap-default\">\n\t\t\t\t\t<div class=\"elementor-column elementor-col-50 elementor-top-column elementor-element elementor-element-2ea0b70\" data-id=\"2ea0b70\" data-element_type=\"column\" data-e-type=\"column\">\n\t\t\t<div class=\"elementor-widget-wrap elementor-element-populated\">\n\t\t\t\t\t\t<div data-dce-background-color=\"#710B0F\" class=\"elementor-element elementor-element-41734b0 elementor-align-justify elementor-widget elementor-widget-button\" data-id=\"41734b0\" data-element_type=\"widget\" data-e-type=\"widget\" data-widget_type=\"button.default\">\n\t\t\t\t<div class=\"elementor-widget-container\">\n\t\t\t\t\t\t\t\t\t<div class=\"elementor-button-wrapper\">\n\t\t\t\t\t<a class=\"elementor-button elementor-button-link elementor-size-sm\" href=\"https:\/\/dentiststurkey.com\/\">\n\t\t\t\t\t\t<span class=\"elementor-button-content-wrapper\">\n\t\t\t\t\t\t\t\t\t<span class=\"elementor-button-text\">GET A FREE QUOTE<\/span>\n\t\t\t\t\t<\/span>\n\t\t\t\t\t<\/a>\n\t\t\t\t<\/div>\n\t\t\t\t\t\t\t\t<\/div>\n\t\t\t\t<\/div>\n\t\t\t\t\t<\/div>\n\t\t<\/div>\n\t\t\t\t<div class=\"elementor-column elementor-col-50 elementor-top-column elementor-element elementor-element-1818039\" data-id=\"1818039\" data-element_type=\"column\" data-e-type=\"column\">\n\t\t\t<div class=\"elementor-widget-wrap elementor-element-populated\">\n\t\t\t\t\t\t<div data-dce-background-color=\"#B1D866\" class=\"elementor-element elementor-element-7e65189 elementor-align-justify elementor-widget elementor-widget-button\" data-id=\"7e65189\" data-element_type=\"widget\" data-e-type=\"widget\" data-widget_type=\"button.default\">\n\t\t\t\t<div class=\"elementor-widget-container\">\n\t\t\t\t\t\t\t\t\t<div class=\"elementor-button-wrapper\">\n\t\t\t\t\t<a class=\"elementor-button elementor-button-link elementor-size-sm\" href=\"https:\/\/wa.me\/+905439646316?text=Hello,%20I%20would%20like%20to%20get%20free%20quotes%20and%20compare%20offers%20from%20the%20best%20dental%20clinics%20in%20Turkey.\">\n\t\t\t\t\t\t<span class=\"elementor-button-content-wrapper\">\n\t\t\t\t\t\t<span class=\"elementor-button-icon\">\n\t\t\t\t<i aria-hidden=\"true\" class=\"fab fa-whatsapp\"><\/i>\t\t\t<\/span>\n\t\t\t\t\t\t\t\t\t<span class=\"elementor-button-text\">GET A QUOTE VIA WHATSAPP<\/span>\n\t\t\t\t\t<\/span>\n\t\t\t\t\t<\/a>\n\t\t\t\t<\/div>\n\t\t\t\t\t\t\t\t<\/div>\n\t\t\t\t<\/div>\n\t\t\t\t\t<\/div>\n\t\t<\/div>\n\t\t\t\t\t<\/div>\n\t\t<\/section>\n\t\t\t\t<\/div>\n\t\t\n<h2>Warum Istanbul f\u00fcr eine Zahnbehandlung w\u00e4hlen?<\/h2>\n<p>Istanbul ist die beliebteste Stadt in der T\u00fcrkei f\u00fcr Dentaltourismus, weil sie eine gro\u00dfe Anzahl moderner Zahnkliniken mit ausgezeichneten Flugverbindungen, wettbewerbsf\u00e4higen Preisen und einem starken Fokus auf internationale Patienten verbindet. Viele Menschen entscheiden sich f\u00fcr Istanbul, weil sie mehrere Kliniken in einer Stadt vergleichen und eine Behandlung ohne lange Wartezeiten erhalten k\u00f6nnen.<\/p>\n<p>Zahnkliniken in Istanbul verwenden h\u00e4ufig international anerkannte Implantatmarken und moderne Technologien f\u00fcr digitales Smile Design, Panoramaaufnahmen und fortschrittliche \u00e4sthetische Zahnmedizin. F\u00fcr viele Patienten ist der gr\u00f6\u00dfte Vorteil, dass sie private Zahnbehandlungen zu deutlich niedrigeren Kosten als in ihrem Heimatland erhalten k\u00f6nnen.<\/p>\n<ul>\n<li>Gro\u00dfe Auswahl an Zahnkliniken<\/li>\n<li>Wettbewerbsf\u00e4hige Preise f\u00fcr Implantate, Kronen und Veneers<\/li>\n<li>Einfache Erreichbarkeit aus Europa und anderen internationalen Reisezielen<\/li>\n<li>Moderne Kliniken mit Erfahrung in der Behandlung internationaler Patienten<\/li>\n<li>Kostenlose Unterkunft und Transfer bei vielen Kliniken verf\u00fcgbar<\/li>\n<\/ul>\n<h2>Beliebte Zahnbehandlungen in Istanbul<\/h2>\n<p>Patienten, die Istanbul besuchen, vergleichen h\u00e4ufig Kliniken f\u00fcr folgende Behandlungen:<\/p>\n<ul>\n<li>Zahnimplantate<\/li>\n<li>All-on-4 Zahnimplantate<\/li>\n<li>All-on-6 Zahnimplantate<\/li>\n<li>Zirkonkronen<\/li>\n<li>Dentalveneers<\/li>\n<li>Hollywood Smile<\/li>\n<li>Full-Mouth-Zahnrestauration<\/li>\n<li>Smile Makeover<\/li>\n<\/ul>\n<p>Wenn Sie auch Kliniken in der gesamten T\u00fcrkei vergleichen m\u00f6chten, k\u00f6nnen Sie <a href=\"https:\/\/dentiststurkey.com\/de\/\">Dentists Turkey<\/a> besuchen oder weitere Behandlungsoptionen auf <a href=\"https:\/\/dentiststurkey.com\/de\/zahntourismus-tuerkei\/\">Dental Tourism Turkey<\/a> ansehen.<\/p>\n<h2>Preise von Zahnkliniken in Istanbul<\/h2>\n<p>Einer der Hauptgr\u00fcnde, warum Patienten Istanbul w\u00e4hlen, ist der Preis. Zahnbehandlungen in Istanbul sind oft deutlich g\u00fcnstiger als im Vereinigten K\u00f6nigreich, in Deutschland, der Schweiz oder Frankreich, w\u00e4hrend viele Kliniken weiterhin moderne Materialien, erfahrene Zahn\u00e4rzte und umfassende Patientenbetreuung anbieten.<\/p>\n<p>Die genauen Preise h\u00e4ngen von der Klinik, der Art der Behandlung, der Implantatmarke, der Anzahl der Z\u00e4hne und davon ab, ob zus\u00e4tzliche Eingriffe erforderlich sind. Im Allgemeinen entscheiden sich internationale Patienten h\u00e4ufig f\u00fcr Istanbul, weil sie bei Behandlungen wie Implantaten, Kronen, Veneers und Full-Mouth-Restaurationen erheblich sparen k\u00f6nnen.<\/p>\n<h2>Kostenlose Unterkunft und Flughafentransfer<\/h2>\n<p>Viele Zahnkliniken in Istanbul bieten Patienten aus dem Ausland kostenlose Unterkunft und Flughafentransfer an. Das ist einer der gr\u00f6\u00dften Vorteile des Dentaltourismus in der T\u00fcrkei. Anstatt alles separat zu organisieren, k\u00f6nnen Patienten h\u00e4ufig die Behandlung zusammen mit Hotelunterst\u00fctzung und Transport zwischen Flughafen, Hotel und Klinik erhalten.<\/p>\n<p>Das macht Istanbul zu einer praktischen Option f\u00fcr Patienten, die ein reibungsloseres Reiseerlebnis und einen besser organisierten Behandlungsprozess w\u00fcnschen.<\/p>\n\t\t<div data-elementor-type=\"section\" data-elementor-id=\"73749\" class=\"elementor elementor-73749\" data-elementor-post-type=\"elementor_library\">\n\t\t\t\t\t<section class=\"elementor-section elementor-top-section elementor-element elementor-element-51ff3a8 elementor-section-boxed elementor-section-height-default elementor-section-height-default\" data-id=\"51ff3a8\" data-element_type=\"section\" data-e-type=\"section\">\n\t\t\t\t\t\t<div class=\"elementor-container elementor-column-gap-default\">\n\t\t\t\t\t<div class=\"elementor-column elementor-col-50 elementor-top-column elementor-element elementor-element-2ea0b70\" data-id=\"2ea0b70\" data-element_type=\"column\" data-e-type=\"column\">\n\t\t\t<div class=\"elementor-widget-wrap elementor-element-populated\">\n\t\t\t\t\t\t<div data-dce-background-color=\"#710B0F\" class=\"elementor-element elementor-element-41734b0 elementor-align-justify elementor-widget elementor-widget-button\" data-id=\"41734b0\" data-element_type=\"widget\" data-e-type=\"widget\" data-widget_type=\"button.default\">\n\t\t\t\t<div class=\"elementor-widget-container\">\n\t\t\t\t\t\t\t\t\t<div class=\"elementor-button-wrapper\">\n\t\t\t\t\t<a class=\"elementor-button elementor-button-link elementor-size-sm\" href=\"https:\/\/dentiststurkey.com\/\">\n\t\t\t\t\t\t<span class=\"elementor-button-content-wrapper\">\n\t\t\t\t\t\t\t\t\t<span class=\"elementor-button-text\">GET A FREE QUOTE<\/span>\n\t\t\t\t\t<\/span>\n\t\t\t\t\t<\/a>\n\t\t\t\t<\/div>\n\t\t\t\t\t\t\t\t<\/div>\n\t\t\t\t<\/div>\n\t\t\t\t\t<\/div>\n\t\t<\/div>\n\t\t\t\t<div class=\"elementor-column elementor-col-50 elementor-top-column elementor-element elementor-element-1818039\" data-id=\"1818039\" data-element_type=\"column\" data-e-type=\"column\">\n\t\t\t<div class=\"elementor-widget-wrap elementor-element-populated\">\n\t\t\t\t\t\t<div data-dce-background-color=\"#B1D866\" class=\"elementor-element elementor-element-7e65189 elementor-align-justify elementor-widget elementor-widget-button\" data-id=\"7e65189\" data-element_type=\"widget\" data-e-type=\"widget\" data-widget_type=\"button.default\">\n\t\t\t\t<div class=\"elementor-widget-container\">\n\t\t\t\t\t\t\t\t\t<div class=\"elementor-button-wrapper\">\n\t\t\t\t\t<a class=\"elementor-button elementor-button-link elementor-size-sm\" href=\"https:\/\/wa.me\/+905439646316?text=Hello,%20I%20would%20like%20to%20get%20free%20quotes%20and%20compare%20offers%20from%20the%20best%20dental%20clinics%20in%20Turkey.\">\n\t\t\t\t\t\t<span class=\"elementor-button-content-wrapper\">\n\t\t\t\t\t\t<span class=\"elementor-button-icon\">\n\t\t\t\t<i aria-hidden=\"true\" class=\"fab fa-whatsapp\"><\/i>\t\t\t<\/span>\n\t\t\t\t\t\t\t\t\t<span class=\"elementor-button-text\">GET A QUOTE VIA WHATSAPP<\/span>\n\t\t\t\t\t<\/span>\n\t\t\t\t\t<\/a>\n\t\t\t\t<\/div>\n\t\t\t\t\t\t\t\t<\/div>\n\t\t\t\t<\/div>\n\t\t\t\t\t<\/div>\n\t\t<\/div>\n\t\t\t\t\t<\/div>\n\t\t<\/section>\n\t\t\t\t<\/div>\n\t\t\n<h2>Wie w\u00e4hlt man die richtige Zahnklinik in Istanbul?<\/h2>\n<p>Die richtige Klinik zu w\u00e4hlen bedeutet nicht nur, den niedrigsten Preis zu finden. Wichtig ist, Behandlungspl\u00e4ne, Materialien, Erfahrung der Klinik, Kommunikation und den Leistungsumfang des Angebots zu vergleichen.<\/p>\n<p>Bevor Sie sich f\u00fcr eine Zahnklinik in Istanbul entscheiden, sollten Sie Folgendes pr\u00fcfen:<\/p>\n<ul>\n<li>Welche Behandlungen die Klinik anbietet<\/li>\n<li>Ob Unterkunft und Transfer inbegriffen sind<\/li>\n<li>Ob die Klinik Erfahrung mit internationalen Patienten hat<\/li>\n<li>Ob der Behandlungsplan klar erkl\u00e4rt wird<\/li>\n<li>Was im endg\u00fcltigen Angebot enthalten ist<\/li>\n<\/ul>\n<h2>Zahnkliniken in Istanbul vergleichen<\/h2>\n<p>Auf dieser Seite k\u00f6nnen Sie Zahnkliniken in Istanbul durchsuchen und ihre Behandlungsoptionen, Preise und Leistungen vergleichen. Ganz gleich, ob Sie Zahnimplantate, Veneers, Zirkonkronen oder ein komplettes Smile Makeover suchen \u2013 Istanbul bietet internationalen Patienten eine gro\u00dfe Auswahl an Optionen.<\/p>\n<p>Wenn Sie nicht sicher sind, welche Klinik die richtige f\u00fcr Sie ist, k\u00f6nnen Sie auch mehrere Angebote anfordern und vergleichen, bevor Sie eine Entscheidung treffen.<\/p>\n<h2>Kostenlose Angebote von Zahnkliniken in Istanbul erhalten<\/h2>\n<p>Vergleichen Sie verifizierte Zahnkliniken in Istanbul und finden Sie die Behandlungsoption, die zu Ihren Bed\u00fcrfnissen und Ihrem Budget passt. Viele Kliniken bieten internationalen Patienten kostenlose Angebote, kostenlose Unterkunft und Flughafentransfer an.<\/p>\n<p><strong>Vergleichen Sie jetzt und fordern Sie Ihr kostenloses Angebot an.<\/strong><\/p>\n\t\t<div data-elementor-type=\"section\" data-elementor-id=\"73749\" class=\"elementor elementor-73749\" data-elementor-post-type=\"elementor_library\">\n\t\t\t\t\t<section class=\"elementor-section elementor-top-section elementor-element elementor-element-51ff3a8 elementor-section-boxed elementor-section-height-default elementor-section-height-default\" data-id=\"51ff3a8\" data-element_type=\"section\" data-e-type=\"section\">\n\t\t\t\t\t\t<div class=\"elementor-container elementor-column-gap-default\">\n\t\t\t\t\t<div class=\"elementor-column elementor-col-50 elementor-top-column elementor-element elementor-element-2ea0b70\" data-id=\"2ea0b70\" data-element_type=\"column\" data-e-type=\"column\">\n\t\t\t<div class=\"elementor-widget-wrap elementor-element-populated\">\n\t\t\t\t\t\t<div data-dce-background-color=\"#710B0F\" class=\"elementor-element elementor-element-41734b0 elementor-align-justify elementor-widget elementor-widget-button\" data-id=\"41734b0\" data-element_type=\"widget\" data-e-type=\"widget\" data-widget_type=\"button.default\">\n\t\t\t\t<div class=\"elementor-widget-container\">\n\t\t\t\t\t\t\t\t\t<div class=\"elementor-button-wrapper\">\n\t\t\t\t\t<a class=\"elementor-button elementor-button-link elementor-size-sm\" href=\"https:\/\/dentiststurkey.com\/\">\n\t\t\t\t\t\t<span class=\"elementor-button-content-wrapper\">\n\t\t\t\t\t\t\t\t\t<span class=\"elementor-button-text\">GET A FREE QUOTE<\/span>\n\t\t\t\t\t<\/span>\n\t\t\t\t\t<\/a>\n\t\t\t\t<\/div>\n\t\t\t\t\t\t\t\t<\/div>\n\t\t\t\t<\/div>\n\t\t\t\t\t<\/div>\n\t\t<\/div>\n\t\t\t\t<div class=\"elementor-column elementor-col-50 elementor-top-column elementor-element elementor-element-1818039\" data-id=\"1818039\" data-element_type=\"column\" data-e-type=\"column\">\n\t\t\t<div class=\"elementor-widget-wrap elementor-element-populated\">\n\t\t\t\t\t\t<div data-dce-background-color=\"#B1D866\" class=\"elementor-element elementor-element-7e65189 elementor-align-justify elementor-widget elementor-widget-button\" data-id=\"7e65189\" data-element_type=\"widget\" data-e-type=\"widget\" data-widget_type=\"button.default\">\n\t\t\t\t<div class=\"elementor-widget-container\">\n\t\t\t\t\t\t\t\t\t<div class=\"elementor-button-wrapper\">\n\t\t\t\t\t<a class=\"elementor-button elementor-button-link elementor-size-sm\" href=\"https:\/\/wa.me\/+905439646316?text=Hello,%20I%20would%20like%20to%20get%20free%20quotes%20and%20compare%20offers%20from%20the%20best%20dental%20clinics%20in%20Turkey.\">\n\t\t\t\t\t\t<span class=\"elementor-button-content-wrapper\">\n\t\t\t\t\t\t<span class=\"elementor-button-icon\">\n\t\t\t\t<i aria-hidden=\"true\" class=\"fab fa-whatsapp\"><\/i>\t\t\t<\/span>\n\t\t\t\t\t\t\t\t\t<span class=\"elementor-button-text\">GET A QUOTE VIA WHATSAPP<\/span>\n\t\t\t\t\t<\/span>\n\t\t\t\t\t<\/a>\n\t\t\t\t<\/div>\n\t\t\t\t\t\t\t\t<\/div>\n\t\t\t\t<\/div>\n\t\t\t\t\t<\/div>\n\t\t<\/div>\n\t\t\t\t\t<\/div>\n\t\t<\/section>\n\t\t\t\t<\/div>\n\t\t\n","protected":false},"excerpt":{"rendered":"<p>Zahnkliniken Istanbul Suchen Sie nach den besten Zahnkliniken in Istanbul, T\u00fcrkei? Istanbul ist eines der wichtigsten Reiseziele f\u00fcr internationale Patienten, die eine hochwertige Zahnbehandlung, erfahrene Zahn\u00e4rzte und g\u00fcnstigere Preise als im Vereinigten K\u00f6nigreich, in Deutschland, Frankreich oder anderen europ\u00e4ischen L\u00e4ndern suchen. Auf dieser Seite k\u00f6nnen Sie Zahnkliniken in Istanbul f\u00fcr Behandlungen wie Zahnimplantate, Zirkonkronen, Veneers, [&hellip;]<\/p>\n","protected":false},"author":2,"featured_media":0,"parent":0,"menu_order":0,"comment_status":"closed","ping_status":"closed","template":"","meta":{"footnotes":""},"class_list":["post-74105","page","type-page","status-publish","hentry"],"acf":[],"yoast_head":"<!-- This site is optimized with the Yoast SEO plugin v27.4 - https:\/\/yoast.com\/product\/yoast-seo-wordpress\/ -->\n<title>Zahnkliniken Istanbul - Kostenloses Angebot anfordern<\/title>\n<meta name=\"description\" content=\"Vergleichen Sie Zahnkliniken in Istanbul. Kostenlose Angebote, Preise, Bewertungen, gratis Unterkunft und Flughafentransfer.\" \/>\n<meta name=\"robots\" content=\"index, follow, max-snippet:-1, max-image-preview:large, max-video-preview:-1\" \/>\n<link rel=\"canonical\" href=\"https:\/\/dentiststurkey.com\/de\/zahnkliniken-istanbul\/\" \/>\n<meta property=\"og:locale\" content=\"de_DE\" \/>\n<meta property=\"og:type\" content=\"article\" \/>\n<meta property=\"og:title\" content=\"Zahnkliniken Istanbul - Kostenloses Angebot anfordern\" \/>\n<meta property=\"og:description\" content=\"Vergleichen Sie Zahnkliniken in Istanbul. Kostenlose Angebote, Preise, Bewertungen, gratis Unterkunft und Flughafentransfer.\" \/>\n<meta property=\"og:url\" content=\"https:\/\/dentiststurkey.com\/de\/zahnkliniken-istanbul\/\" \/>\n<meta property=\"og:site_name\" content=\"Dentists Turkey\" \/>\n<meta property=\"article:modified_time\" content=\"2026-04-17T12:13:00+00:00\" \/>\n<meta name=\"twitter:card\" content=\"summary_large_image\" \/>\n<meta name=\"twitter:label1\" content=\"Gesch\u00e4tzte Lesezeit\" \/>\n\t<meta name=\"twitter:data1\" content=\"3\u00a0Minuten\" \/>\n<script type=\"application\/ld+json\" class=\"yoast-schema-graph\">{\"@context\":\"https:\\\/\\\/schema.org\",\"@graph\":[{\"@type\":\"WebPage\",\"@id\":\"https:\\\/\\\/dentiststurkey.com\\\/de\\\/zahnkliniken-istanbul\\\/\",\"url\":\"https:\\\/\\\/dentiststurkey.com\\\/de\\\/zahnkliniken-istanbul\\\/\",\"name\":\"Zahnkliniken Istanbul - Kostenloses Angebot anfordern\",\"isPartOf\":{\"@id\":\"http:\\\/\\\/dentiststurkey.com\\\/de\\\/#website\"},\"datePublished\":\"2026-04-15T16:02:12+00:00\",\"dateModified\":\"2026-04-17T12:13:00+00:00\",\"description\":\"Vergleichen Sie Zahnkliniken in Istanbul. Kostenlose Angebote, Preise, Bewertungen, gratis Unterkunft und Flughafentransfer.\",\"breadcrumb\":{\"@id\":\"https:\\\/\\\/dentiststurkey.com\\\/de\\\/zahnkliniken-istanbul\\\/#breadcrumb\"},\"inLanguage\":\"de\",\"potentialAction\":[{\"@type\":\"ReadAction\",\"target\":[\"https:\\\/\\\/dentiststurkey.com\\\/de\\\/zahnkliniken-istanbul\\\/\"]}]},{\"@type\":\"BreadcrumbList\",\"@id\":\"https:\\\/\\\/dentiststurkey.com\\\/de\\\/zahnkliniken-istanbul\\\/#breadcrumb\",\"itemListElement\":[{\"@type\":\"ListItem\",\"position\":1,\"name\":\"Home\",\"item\":\"https:\\\/\\\/dentiststurkey.com\\\/de\\\/\"},{\"@type\":\"ListItem\",\"position\":2,\"name\":\"Zahnkliniken Istanbul\"}]},{\"@type\":\"WebSite\",\"@id\":\"http:\\\/\\\/dentiststurkey.com\\\/de\\\/#website\",\"url\":\"http:\\\/\\\/dentiststurkey.com\\\/de\\\/\",\"name\":\"Dentists Turkey\",\"description\":\"Best Dental Clinics\",\"publisher\":{\"@id\":\"http:\\\/\\\/dentiststurkey.com\\\/de\\\/#organization\"},\"potentialAction\":[{\"@type\":\"SearchAction\",\"target\":{\"@type\":\"EntryPoint\",\"urlTemplate\":\"http:\\\/\\\/dentiststurkey.com\\\/de\\\/?s={search_term_string}\"},\"query-input\":{\"@type\":\"PropertyValueSpecification\",\"valueRequired\":true,\"valueName\":\"search_term_string\"}}],\"inLanguage\":\"de\"},{\"@type\":\"Organization\",\"@id\":\"http:\\\/\\\/dentiststurkey.com\\\/de\\\/#organization\",\"name\":\"Dentists Turkey\",\"url\":\"http:\\\/\\\/dentiststurkey.com\\\/de\\\/\",\"logo\":{\"@type\":\"ImageObject\",\"inLanguage\":\"de\",\"@id\":\"http:\\\/\\\/dentiststurkey.com\\\/de\\\/#\\\/schema\\\/logo\\\/image\\\/\",\"url\":\"https:\\\/\\\/dentiststurkey.com\\\/wp-content\\\/uploads\\\/2023\\\/02\\\/logo-dentists-400.webp\",\"contentUrl\":\"https:\\\/\\\/dentiststurkey.com\\\/wp-content\\\/uploads\\\/2023\\\/02\\\/logo-dentists-400.webp\",\"width\":400,\"height\":148,\"caption\":\"Dentists Turkey\"},\"image\":{\"@id\":\"http:\\\/\\\/dentiststurkey.com\\\/de\\\/#\\\/schema\\\/logo\\\/image\\\/\"}}]}<\/script>\n<!-- \/ Yoast SEO plugin. -->","yoast_head_json":{"title":"Zahnkliniken Istanbul - Kostenloses Angebot anfordern","description":"Vergleichen Sie Zahnkliniken in Istanbul. Kostenlose Angebote, Preise, Bewertungen, gratis Unterkunft und Flughafentransfer.","robots":{"index":"index","follow":"follow","max-snippet":"max-snippet:-1","max-image-preview":"max-image-preview:large","max-video-preview":"max-video-preview:-1"},"canonical":"https:\/\/dentiststurkey.com\/de\/zahnkliniken-istanbul\/","og_locale":"de_DE","og_type":"article","og_title":"Zahnkliniken Istanbul - Kostenloses Angebot anfordern","og_description":"Vergleichen Sie Zahnkliniken in Istanbul. Kostenlose Angebote, Preise, Bewertungen, gratis Unterkunft und Flughafentransfer.","og_url":"https:\/\/dentiststurkey.com\/de\/zahnkliniken-istanbul\/","og_site_name":"Dentists Turkey","article_modified_time":"2026-04-17T12:13:00+00:00","twitter_card":"summary_large_image","twitter_misc":{"Gesch\u00e4tzte Lesezeit":"3\u00a0Minuten"},"schema":{"@context":"https:\/\/schema.org","@graph":[{"@type":"WebPage","@id":"https:\/\/dentiststurkey.com\/de\/zahnkliniken-istanbul\/","url":"https:\/\/dentiststurkey.com\/de\/zahnkliniken-istanbul\/","name":"Zahnkliniken Istanbul - Kostenloses Angebot anfordern","isPartOf":{"@id":"http:\/\/dentiststurkey.com\/de\/#website"},"datePublished":"2026-04-15T16:02:12+00:00","dateModified":"2026-04-17T12:13:00+00:00","description":"Vergleichen Sie Zahnkliniken in Istanbul. Kostenlose Angebote, Preise, Bewertungen, gratis Unterkunft und Flughafentransfer.","breadcrumb":{"@id":"https:\/\/dentiststurkey.com\/de\/zahnkliniken-istanbul\/#breadcrumb"},"inLanguage":"de","potentialAction":[{"@type":"ReadAction","target":["https:\/\/dentiststurkey.com\/de\/zahnkliniken-istanbul\/"]}]},{"@type":"BreadcrumbList","@id":"https:\/\/dentiststurkey.com\/de\/zahnkliniken-istanbul\/#breadcrumb","itemListElement":[{"@type":"ListItem","position":1,"name":"Home","item":"https:\/\/dentiststurkey.com\/de\/"},{"@type":"ListItem","position":2,"name":"Zahnkliniken Istanbul"}]},{"@type":"WebSite","@id":"http:\/\/dentiststurkey.com\/de\/#website","url":"http:\/\/dentiststurkey.com\/de\/","name":"Dentists Turkey","description":"Best Dental Clinics","publisher":{"@id":"http:\/\/dentiststurkey.com\/de\/#organization"},"potentialAction":[{"@type":"SearchAction","target":{"@type":"EntryPoint","urlTemplate":"http:\/\/dentiststurkey.com\/de\/?s={search_term_string}"},"query-input":{"@type":"PropertyValueSpecification","valueRequired":true,"valueName":"search_term_string"}}],"inLanguage":"de"},{"@type":"Organization","@id":"http:\/\/dentiststurkey.com\/de\/#organization","name":"Dentists Turkey","url":"http:\/\/dentiststurkey.com\/de\/","logo":{"@type":"ImageObject","inLanguage":"de","@id":"http:\/\/dentiststurkey.com\/de\/#\/schema\/logo\/image\/","url":"https:\/\/dentiststurkey.com\/wp-content\/uploads\/2023\/02\/logo-dentists-400.webp","contentUrl":"https:\/\/dentiststurkey.com\/wp-content\/uploads\/2023\/02\/logo-dentists-400.webp","width":400,"height":148,"caption":"Dentists Turkey"},"image":{"@id":"http:\/\/dentiststurkey.com\/de\/#\/schema\/logo\/image\/"}}]}},"_links":{"self":[{"href":"https:\/\/dentiststurkey.com\/de\/wp-json\/wp\/v2\/pages\/74105","targetHints":{"allow":["GET"]}}],"collection":[{"href":"https:\/\/dentiststurkey.com\/de\/wp-json\/wp\/v2\/pages"}],"about":[{"href":"https:\/\/dentiststurkey.com\/de\/wp-json\/wp\/v2\/types\/page"}],"author":[{"embeddable":true,"href":"https:\/\/dentiststurkey.com\/de\/wp-json\/wp\/v2\/users\/2"}],"replies":[{"embeddable":true,"href":"https:\/\/dentiststurkey.com\/de\/wp-json\/wp\/v2\/comments?post=74105"}],"version-history":[{"count":6,"href":"https:\/\/dentiststurkey.com\/de\/wp-json\/wp\/v2\/pages\/74105\/revisions"}],"predecessor-version":[{"id":74366,"href":"https:\/\/dentiststurkey.com\/de\/wp-json\/wp\/v2\/pages\/74105\/revisions\/74366"}],"wp:attachment":[{"href":"https:\/\/dentiststurkey.com\/de\/wp-json\/wp\/v2\/media?parent=74105"}],"curies":[{"name":"wp","href":"https:\/\/api.w.org\/{rel}","templated":true}]}}