{"id":74110,"date":"2026-04-15T19:12:59","date_gmt":"2026-04-15T16:12:59","guid":{"rendered":"https:\/\/dentiststurkey.com\/dental-clinics-antalya\/"},"modified":"2026-04-17T15:19:13","modified_gmt":"2026-04-17T12:19:13","slug":"zahnkliniken-antalya","status":"publish","type":"page","link":"https:\/\/dentiststurkey.com\/de\/zahnkliniken-antalya\/","title":{"rendered":"Zahnkliniken Antalya"},"content":{"rendered":"<h1>Zahnkliniken Antalya<\/h1>\n<p>Suchen Sie nach den besten Zahnkliniken in Antalya, T\u00fcrkei? Antalya ist eines der attraktivsten Reiseziele f\u00fcr internationale Patienten, die erschwingliche Zahnbehandlungen, moderne Kliniken und die M\u00f6glichkeit suchen, die Behandlung mit einem Aufenthalt an der t\u00fcrkischen K\u00fcste zu verbinden.<\/p>\n<p>Auf dieser Seite k\u00f6nnen Sie Zahnkliniken in Antalya f\u00fcr Behandlungen wie Zahnimplantate, Zirkonkronen, Veneers, Hollywood Smile, All-on-4, All-on-6 und Full-Mouth-Restauration vergleichen. Viele Zahnkliniken in Antalya bieten internationalen Patienten ebenfalls kostenlose Unterkunft und Flughafentransfer an, was die Behandlungsplanung f\u00fcr Besucher aus dem Ausland erleichtert.<\/p>\n\t\t<div data-elementor-type=\"section\" data-elementor-id=\"73749\" class=\"elementor elementor-73749\" data-elementor-post-type=\"elementor_library\">\n\t\t\t\t\t<section class=\"elementor-section elementor-top-section elementor-element elementor-element-51ff3a8 elementor-section-boxed elementor-section-height-default elementor-section-height-default\" data-id=\"51ff3a8\" data-element_type=\"section\" data-e-type=\"section\">\n\t\t\t\t\t\t<div class=\"elementor-container elementor-column-gap-default\">\n\t\t\t\t\t<div class=\"elementor-column elementor-col-50 elementor-top-column elementor-element elementor-element-2ea0b70\" data-id=\"2ea0b70\" data-element_type=\"column\" data-e-type=\"column\">\n\t\t\t<div class=\"elementor-widget-wrap elementor-element-populated\">\n\t\t\t\t\t\t<div data-dce-background-color=\"#710B0F\" class=\"elementor-element elementor-element-41734b0 elementor-align-justify elementor-widget elementor-widget-button\" data-id=\"41734b0\" data-element_type=\"widget\" data-e-type=\"widget\" data-widget_type=\"button.default\">\n\t\t\t\t<div class=\"elementor-widget-container\">\n\t\t\t\t\t\t\t\t\t<div class=\"elementor-button-wrapper\">\n\t\t\t\t\t<a class=\"elementor-button elementor-button-link elementor-size-sm\" href=\"https:\/\/dentiststurkey.com\/\">\n\t\t\t\t\t\t<span class=\"elementor-button-content-wrapper\">\n\t\t\t\t\t\t\t\t\t<span class=\"elementor-button-text\">GET A FREE QUOTE<\/span>\n\t\t\t\t\t<\/span>\n\t\t\t\t\t<\/a>\n\t\t\t\t<\/div>\n\t\t\t\t\t\t\t\t<\/div>\n\t\t\t\t<\/div>\n\t\t\t\t\t<\/div>\n\t\t<\/div>\n\t\t\t\t<div class=\"elementor-column elementor-col-50 elementor-top-column elementor-element elementor-element-1818039\" data-id=\"1818039\" data-element_type=\"column\" data-e-type=\"column\">\n\t\t\t<div class=\"elementor-widget-wrap elementor-element-populated\">\n\t\t\t\t\t\t<div data-dce-background-color=\"#B1D866\" class=\"elementor-element elementor-element-7e65189 elementor-align-justify elementor-widget elementor-widget-button\" data-id=\"7e65189\" data-element_type=\"widget\" data-e-type=\"widget\" data-widget_type=\"button.default\">\n\t\t\t\t<div class=\"elementor-widget-container\">\n\t\t\t\t\t\t\t\t\t<div class=\"elementor-button-wrapper\">\n\t\t\t\t\t<a class=\"elementor-button elementor-button-link elementor-size-sm\" href=\"https:\/\/wa.me\/+905439646316?text=Hello,%20I%20would%20like%20to%20get%20free%20quotes%20and%20compare%20offers%20from%20the%20best%20dental%20clinics%20in%20Turkey.\">\n\t\t\t\t\t\t<span class=\"elementor-button-content-wrapper\">\n\t\t\t\t\t\t<span class=\"elementor-button-icon\">\n\t\t\t\t<i aria-hidden=\"true\" class=\"fab fa-whatsapp\"><\/i>\t\t\t<\/span>\n\t\t\t\t\t\t\t\t\t<span class=\"elementor-button-text\">GET A QUOTE VIA WHATSAPP<\/span>\n\t\t\t\t\t<\/span>\n\t\t\t\t\t<\/a>\n\t\t\t\t<\/div>\n\t\t\t\t\t\t\t\t<\/div>\n\t\t\t\t<\/div>\n\t\t\t\t\t<\/div>\n\t\t<\/div>\n\t\t\t\t\t<\/div>\n\t\t<\/section>\n\t\t\t\t<\/div>\n\t\t\n<h2>Warum Antalya f\u00fcr eine Zahnbehandlung w\u00e4hlen?<\/h2>\n<p>Antalya ist eine der f\u00fchrenden St\u00e4dte f\u00fcr Dentaltourismus in der T\u00fcrkei, weil sie g\u00fcnstige Preise mit einer entspannteren K\u00fcstenatmosph\u00e4re verbindet. Viele Patienten bevorzugen Antalya, weil sie dort eine hochwertige Zahnbehandlung erhalten und gleichzeitig in einem bekannten Urlaubsziel \u00fcbernachten k\u00f6nnen.<\/p>\n<p>Zahnkliniken in Antalya arbeiten h\u00e4ufig mit internationalen Patienten und bieten w\u00e4hrend des gesamten Behandlungsprozesses Unterst\u00fctzung \u2013 vom ersten Angebot bis hin zu Unterkunft und Transfers. Das macht Antalya zu einer sehr attraktiven Option f\u00fcr Patienten, die sowohl Wert als auch Komfort suchen.<\/p>\n<ul>\n<li>Erschwingliche Zahnbehandlungen<\/li>\n<li>Beliebtes Reiseziel f\u00fcr internationale Patienten<\/li>\n<li>Moderne Kliniken mit kosmetischen und restaurativen Zahnbehandlungen<\/li>\n<li>Kostenlose Unterkunft und Transfer bei vielen Kliniken verf\u00fcgbar<\/li>\n<li>Ideal, um Behandlung mit einem kurzen Aufenthalt in der T\u00fcrkei zu verbinden<\/li>\n<\/ul>\n<h2>Beliebte Zahnbehandlungen in Antalya<\/h2>\n<p>Patienten, die Antalya besuchen, vergleichen Kliniken in der Regel f\u00fcr folgende Behandlungen:<\/p>\n<ul>\n<li>Zahnimplantate<\/li>\n<li>All-on-4 Zahnimplantate<\/li>\n<li>All-on-6 Zahnimplantate<\/li>\n<li>Zirkonkronen<\/li>\n<li>Dentalveneers<\/li>\n<li>Smile Makeover<\/li>\n<li>Hollywood Smile<\/li>\n<li>Full-Mouth-Restauration<\/li>\n<\/ul>\n<p>Wenn Sie Antalya-Kliniken mit Optionen in anderen St\u00e4dten vergleichen m\u00f6chten, k\u00f6nnen Sie auch <a href=\"https:\/\/dentiststurkey.com\/de\/\">Dentists Turkey<\/a> und <a href=\"https:\/\/dentiststurkey.com\/de\/zahntourismus-tuerkei\/\">Dental Tourism Turkey<\/a> besuchen.<\/p>\n<h2>Preise von Zahnkliniken in Antalya<\/h2>\n<p>Antalya ist daf\u00fcr bekannt, niedrigere Behandlungspreise als viele westeurop\u00e4ische L\u00e4nder anzubieten. Patienten aus dem Vereinigten K\u00f6nigreich, Deutschland, der Schweiz, Italien und Frankreich reisen h\u00e4ufig nach Antalya, weil sie bei Behandlungen wie Implantaten, Kronen, Veneers und Full-Mouth-Zahnrestaurationen erheblich sparen k\u00f6nnen.<\/p>\n<p>Die endg\u00fcltigen Preise h\u00e4ngen von der Klinik, der Komplexit\u00e4t der Behandlung, der Anzahl der Z\u00e4hne, den verwendeten Materialien und davon ab, ob zus\u00e4tzliche Eingriffe notwendig sind. Dennoch gilt Antalya oft als eines der besten Preis-Leistungs-Reiseziele f\u00fcr Dentaltourismus in der T\u00fcrkei.<\/p>\n<h2>Unterkunfts- und Transferunterst\u00fctzung<\/h2>\n<p>Viele Zahnkliniken in Antalya bieten internationalen Patienten kostenlose Unterkunft und Flughafentransfer an. Das ist besonders attraktiv f\u00fcr Menschen, die ein einfacheres Reiseerlebnis und ein vollst\u00e4ndigeres Paket w\u00fcnschen, anstatt alles separat zu organisieren.<\/p>\n<p>F\u00fcr viele Patienten macht diese Art der Unterst\u00fctzung Antalya zu einer praktischen Wahl, weil sie den gesamten Reisestress reduziert und hilft, die Behandlungsreise besser zu organisieren.<\/p>\n\t\t<div data-elementor-type=\"section\" data-elementor-id=\"73749\" class=\"elementor elementor-73749\" data-elementor-post-type=\"elementor_library\">\n\t\t\t\t\t<section class=\"elementor-section elementor-top-section elementor-element elementor-element-51ff3a8 elementor-section-boxed elementor-section-height-default elementor-section-height-default\" data-id=\"51ff3a8\" data-element_type=\"section\" data-e-type=\"section\">\n\t\t\t\t\t\t<div class=\"elementor-container elementor-column-gap-default\">\n\t\t\t\t\t<div class=\"elementor-column elementor-col-50 elementor-top-column elementor-element elementor-element-2ea0b70\" data-id=\"2ea0b70\" data-element_type=\"column\" data-e-type=\"column\">\n\t\t\t<div class=\"elementor-widget-wrap elementor-element-populated\">\n\t\t\t\t\t\t<div data-dce-background-color=\"#710B0F\" class=\"elementor-element elementor-element-41734b0 elementor-align-justify elementor-widget elementor-widget-button\" data-id=\"41734b0\" data-element_type=\"widget\" data-e-type=\"widget\" data-widget_type=\"button.default\">\n\t\t\t\t<div class=\"elementor-widget-container\">\n\t\t\t\t\t\t\t\t\t<div class=\"elementor-button-wrapper\">\n\t\t\t\t\t<a class=\"elementor-button elementor-button-link elementor-size-sm\" href=\"https:\/\/dentiststurkey.com\/\">\n\t\t\t\t\t\t<span class=\"elementor-button-content-wrapper\">\n\t\t\t\t\t\t\t\t\t<span class=\"elementor-button-text\">GET A FREE QUOTE<\/span>\n\t\t\t\t\t<\/span>\n\t\t\t\t\t<\/a>\n\t\t\t\t<\/div>\n\t\t\t\t\t\t\t\t<\/div>\n\t\t\t\t<\/div>\n\t\t\t\t\t<\/div>\n\t\t<\/div>\n\t\t\t\t<div class=\"elementor-column elementor-col-50 elementor-top-column elementor-element elementor-element-1818039\" data-id=\"1818039\" data-element_type=\"column\" data-e-type=\"column\">\n\t\t\t<div class=\"elementor-widget-wrap elementor-element-populated\">\n\t\t\t\t\t\t<div data-dce-background-color=\"#B1D866\" class=\"elementor-element elementor-element-7e65189 elementor-align-justify elementor-widget elementor-widget-button\" data-id=\"7e65189\" data-element_type=\"widget\" data-e-type=\"widget\" data-widget_type=\"button.default\">\n\t\t\t\t<div class=\"elementor-widget-container\">\n\t\t\t\t\t\t\t\t\t<div class=\"elementor-button-wrapper\">\n\t\t\t\t\t<a class=\"elementor-button elementor-button-link elementor-size-sm\" href=\"https:\/\/wa.me\/+905439646316?text=Hello,%20I%20would%20like%20to%20get%20free%20quotes%20and%20compare%20offers%20from%20the%20best%20dental%20clinics%20in%20Turkey.\">\n\t\t\t\t\t\t<span class=\"elementor-button-content-wrapper\">\n\t\t\t\t\t\t<span class=\"elementor-button-icon\">\n\t\t\t\t<i aria-hidden=\"true\" class=\"fab fa-whatsapp\"><\/i>\t\t\t<\/span>\n\t\t\t\t\t\t\t\t\t<span class=\"elementor-button-text\">GET A QUOTE VIA WHATSAPP<\/span>\n\t\t\t\t\t<\/span>\n\t\t\t\t\t<\/a>\n\t\t\t\t<\/div>\n\t\t\t\t\t\t\t\t<\/div>\n\t\t\t\t<\/div>\n\t\t\t\t\t<\/div>\n\t\t<\/div>\n\t\t\t\t\t<\/div>\n\t\t<\/section>\n\t\t\t\t<\/div>\n\t\t\n<h2>Wie w\u00e4hlt man die richtige Zahnklinik in Antalya?<\/h2>\n<p>Beim Vergleich von Zahnkliniken in Antalya ist es wichtig, nicht nur auf den Einstiegspreis zu schauen. Am besten ist es, Behandlungsplan, Materialien, Erfahrung der Klinik, Kommunikation und den Leistungsumfang des Pakets zu vergleichen.<\/p>\n<p>Bevor Sie sich f\u00fcr eine Klinik in Antalya entscheiden, ist es hilfreich, Folgendes zu fragen:<\/p>\n<ul>\n<li>Was genau ist im Angebot enthalten?<\/li>\n<li>Sind Unterkunft und Transfers inbegriffen?<\/li>\n<li>Welche Materialien und Marken werden verwendet?<\/li>\n<li>Hat die Klinik Erfahrung mit internationalen Patienten?<\/li>\n<li>Wie lange wird die Behandlung dauern?<\/li>\n<\/ul>\n<h2>Zahnkliniken in Antalya vergleichen<\/h2>\n<p>Auf dieser Seite k\u00f6nnen Sie Zahnkliniken in Antalya vergleichen und verschiedene Behandlungsoptionen f\u00fcr Ihr L\u00e4cheln und Ihr Budget pr\u00fcfen. Ganz gleich, ob Sie erschwingliche Veneers, Zirkonkronen, Implantate oder eine Full-Mouth-Restauration suchen \u2013 Antalya bietet internationalen Patienten eine gro\u00dfe Auswahl an Kliniken.<\/p>\n<p>Mehr als eine Klinik zu vergleichen ist oft der beste Weg, um ein klareres Bild Ihrer Behandlungsm\u00f6glichkeiten und der Gesamtkosten zu bekommen.<\/p>\n<h2>Kostenlose Angebote von Zahnkliniken in Antalya erhalten<\/h2>\n<p>Vergleichen Sie verifizierte Zahnkliniken in Antalya und fordern Sie kostenlose Angebote f\u00fcr Ihre Behandlung an. Viele Kliniken bieten internationalen Patienten kostenlose Unterkunft und Flughafentransfer an.<\/p>\n<p><strong>Vergleichen Sie jetzt und erhalten Sie Ihr kostenloses Angebot.<\/strong><\/p>\n\t\t<div data-elementor-type=\"section\" data-elementor-id=\"73749\" class=\"elementor elementor-73749\" data-elementor-post-type=\"elementor_library\">\n\t\t\t\t\t<section class=\"elementor-section elementor-top-section elementor-element elementor-element-51ff3a8 elementor-section-boxed elementor-section-height-default elementor-section-height-default\" data-id=\"51ff3a8\" data-element_type=\"section\" data-e-type=\"section\">\n\t\t\t\t\t\t<div class=\"elementor-container elementor-column-gap-default\">\n\t\t\t\t\t<div class=\"elementor-column elementor-col-50 elementor-top-column elementor-element elementor-element-2ea0b70\" data-id=\"2ea0b70\" data-element_type=\"column\" data-e-type=\"column\">\n\t\t\t<div class=\"elementor-widget-wrap elementor-element-populated\">\n\t\t\t\t\t\t<div data-dce-background-color=\"#710B0F\" class=\"elementor-element elementor-element-41734b0 elementor-align-justify elementor-widget elementor-widget-button\" data-id=\"41734b0\" data-element_type=\"widget\" data-e-type=\"widget\" data-widget_type=\"button.default\">\n\t\t\t\t<div class=\"elementor-widget-container\">\n\t\t\t\t\t\t\t\t\t<div class=\"elementor-button-wrapper\">\n\t\t\t\t\t<a class=\"elementor-button elementor-button-link elementor-size-sm\" href=\"https:\/\/dentiststurkey.com\/\">\n\t\t\t\t\t\t<span class=\"elementor-button-content-wrapper\">\n\t\t\t\t\t\t\t\t\t<span class=\"elementor-button-text\">GET A FREE QUOTE<\/span>\n\t\t\t\t\t<\/span>\n\t\t\t\t\t<\/a>\n\t\t\t\t<\/div>\n\t\t\t\t\t\t\t\t<\/div>\n\t\t\t\t<\/div>\n\t\t\t\t\t<\/div>\n\t\t<\/div>\n\t\t\t\t<div class=\"elementor-column elementor-col-50 elementor-top-column elementor-element elementor-element-1818039\" data-id=\"1818039\" data-element_type=\"column\" data-e-type=\"column\">\n\t\t\t<div class=\"elementor-widget-wrap elementor-element-populated\">\n\t\t\t\t\t\t<div data-dce-background-color=\"#B1D866\" class=\"elementor-element elementor-element-7e65189 elementor-align-justify elementor-widget elementor-widget-button\" data-id=\"7e65189\" data-element_type=\"widget\" data-e-type=\"widget\" data-widget_type=\"button.default\">\n\t\t\t\t<div class=\"elementor-widget-container\">\n\t\t\t\t\t\t\t\t\t<div class=\"elementor-button-wrapper\">\n\t\t\t\t\t<a class=\"elementor-button elementor-button-link elementor-size-sm\" href=\"https:\/\/wa.me\/+905439646316?text=Hello,%20I%20would%20like%20to%20get%20free%20quotes%20and%20compare%20offers%20from%20the%20best%20dental%20clinics%20in%20Turkey.\">\n\t\t\t\t\t\t<span class=\"elementor-button-content-wrapper\">\n\t\t\t\t\t\t<span class=\"elementor-button-icon\">\n\t\t\t\t<i aria-hidden=\"true\" class=\"fab fa-whatsapp\"><\/i>\t\t\t<\/span>\n\t\t\t\t\t\t\t\t\t<span class=\"elementor-button-text\">GET A QUOTE VIA WHATSAPP<\/span>\n\t\t\t\t\t<\/span>\n\t\t\t\t\t<\/a>\n\t\t\t\t<\/div>\n\t\t\t\t\t\t\t\t<\/div>\n\t\t\t\t<\/div>\n\t\t\t\t\t<\/div>\n\t\t<\/div>\n\t\t\t\t\t<\/div>\n\t\t<\/section>\n\t\t\t\t<\/div>\n\t\t\n","protected":false},"excerpt":{"rendered":"<p>Zahnkliniken Antalya Suchen Sie nach den besten Zahnkliniken in Antalya, T\u00fcrkei? Antalya ist eines der attraktivsten Reiseziele f\u00fcr internationale Patienten, die erschwingliche Zahnbehandlungen, moderne Kliniken und die M\u00f6glichkeit suchen, die Behandlung mit einem Aufenthalt an der t\u00fcrkischen K\u00fcste zu verbinden. Auf dieser Seite k\u00f6nnen Sie Zahnkliniken in Antalya f\u00fcr Behandlungen wie Zahnimplantate, Zirkonkronen, Veneers, Hollywood [&hellip;]<\/p>\n","protected":false},"author":2,"featured_media":0,"parent":0,"menu_order":0,"comment_status":"closed","ping_status":"closed","template":"","meta":{"footnotes":""},"class_list":["post-74110","page","type-page","status-publish","hentry"],"acf":[],"yoast_head":"<!-- This site is optimized with the Yoast SEO plugin v27.4 - https:\/\/yoast.com\/product\/yoast-seo-wordpress\/ -->\n<title>Zahnkliniken Antalya - Kostenloses Angebot anfordern<\/title>\n<meta name=\"description\" content=\"Vergleichen Sie Zahnkliniken in Antalya. Kostenlose Angebote, Preise, Bewertungen, gratis Unterkunft und Flughafentransfer.\" \/>\n<meta name=\"robots\" content=\"index, follow, max-snippet:-1, max-image-preview:large, max-video-preview:-1\" \/>\n<link rel=\"canonical\" href=\"https:\/\/dentiststurkey.com\/de\/zahnkliniken-antalya\/\" \/>\n<meta property=\"og:locale\" content=\"de_DE\" \/>\n<meta property=\"og:type\" content=\"article\" \/>\n<meta property=\"og:title\" content=\"Zahnkliniken Antalya - Kostenloses Angebot anfordern\" \/>\n<meta property=\"og:description\" content=\"Vergleichen Sie Zahnkliniken in Antalya. Kostenlose Angebote, Preise, Bewertungen, gratis Unterkunft und Flughafentransfer.\" \/>\n<meta property=\"og:url\" content=\"https:\/\/dentiststurkey.com\/de\/zahnkliniken-antalya\/\" \/>\n<meta property=\"og:site_name\" content=\"Dentists Turkey\" \/>\n<meta property=\"article:modified_time\" content=\"2026-04-17T12:19:13+00:00\" \/>\n<meta name=\"twitter:card\" content=\"summary_large_image\" \/>\n<meta name=\"twitter:label1\" content=\"Gesch\u00e4tzte Lesezeit\" \/>\n\t<meta name=\"twitter:data1\" content=\"3\u00a0Minuten\" \/>\n<script type=\"application\/ld+json\" class=\"yoast-schema-graph\">{\"@context\":\"https:\\\/\\\/schema.org\",\"@graph\":[{\"@type\":\"WebPage\",\"@id\":\"https:\\\/\\\/dentiststurkey.com\\\/de\\\/zahnkliniken-antalya\\\/\",\"url\":\"https:\\\/\\\/dentiststurkey.com\\\/de\\\/zahnkliniken-antalya\\\/\",\"name\":\"Zahnkliniken Antalya - Kostenloses Angebot anfordern\",\"isPartOf\":{\"@id\":\"http:\\\/\\\/dentiststurkey.com\\\/de\\\/#website\"},\"datePublished\":\"2026-04-15T16:12:59+00:00\",\"dateModified\":\"2026-04-17T12:19:13+00:00\",\"description\":\"Vergleichen Sie Zahnkliniken in Antalya. Kostenlose Angebote, Preise, Bewertungen, gratis Unterkunft und Flughafentransfer.\",\"breadcrumb\":{\"@id\":\"https:\\\/\\\/dentiststurkey.com\\\/de\\\/zahnkliniken-antalya\\\/#breadcrumb\"},\"inLanguage\":\"de\",\"potentialAction\":[{\"@type\":\"ReadAction\",\"target\":[\"https:\\\/\\\/dentiststurkey.com\\\/de\\\/zahnkliniken-antalya\\\/\"]}]},{\"@type\":\"BreadcrumbList\",\"@id\":\"https:\\\/\\\/dentiststurkey.com\\\/de\\\/zahnkliniken-antalya\\\/#breadcrumb\",\"itemListElement\":[{\"@type\":\"ListItem\",\"position\":1,\"name\":\"Home\",\"item\":\"https:\\\/\\\/dentiststurkey.com\\\/de\\\/\"},{\"@type\":\"ListItem\",\"position\":2,\"name\":\"Zahnkliniken Antalya\"}]},{\"@type\":\"WebSite\",\"@id\":\"http:\\\/\\\/dentiststurkey.com\\\/de\\\/#website\",\"url\":\"http:\\\/\\\/dentiststurkey.com\\\/de\\\/\",\"name\":\"Dentists Turkey\",\"description\":\"Best Dental Clinics\",\"publisher\":{\"@id\":\"http:\\\/\\\/dentiststurkey.com\\\/de\\\/#organization\"},\"potentialAction\":[{\"@type\":\"SearchAction\",\"target\":{\"@type\":\"EntryPoint\",\"urlTemplate\":\"http:\\\/\\\/dentiststurkey.com\\\/de\\\/?s={search_term_string}\"},\"query-input\":{\"@type\":\"PropertyValueSpecification\",\"valueRequired\":true,\"valueName\":\"search_term_string\"}}],\"inLanguage\":\"de\"},{\"@type\":\"Organization\",\"@id\":\"http:\\\/\\\/dentiststurkey.com\\\/de\\\/#organization\",\"name\":\"Dentists Turkey\",\"url\":\"http:\\\/\\\/dentiststurkey.com\\\/de\\\/\",\"logo\":{\"@type\":\"ImageObject\",\"inLanguage\":\"de\",\"@id\":\"http:\\\/\\\/dentiststurkey.com\\\/de\\\/#\\\/schema\\\/logo\\\/image\\\/\",\"url\":\"https:\\\/\\\/dentiststurkey.com\\\/wp-content\\\/uploads\\\/2023\\\/02\\\/logo-dentists-400.webp\",\"contentUrl\":\"https:\\\/\\\/dentiststurkey.com\\\/wp-content\\\/uploads\\\/2023\\\/02\\\/logo-dentists-400.webp\",\"width\":400,\"height\":148,\"caption\":\"Dentists Turkey\"},\"image\":{\"@id\":\"http:\\\/\\\/dentiststurkey.com\\\/de\\\/#\\\/schema\\\/logo\\\/image\\\/\"}}]}<\/script>\n<!-- \/ Yoast SEO plugin. -->","yoast_head_json":{"title":"Zahnkliniken Antalya - Kostenloses Angebot anfordern","description":"Vergleichen Sie Zahnkliniken in Antalya. Kostenlose Angebote, Preise, Bewertungen, gratis Unterkunft und Flughafentransfer.","robots":{"index":"index","follow":"follow","max-snippet":"max-snippet:-1","max-image-preview":"max-image-preview:large","max-video-preview":"max-video-preview:-1"},"canonical":"https:\/\/dentiststurkey.com\/de\/zahnkliniken-antalya\/","og_locale":"de_DE","og_type":"article","og_title":"Zahnkliniken Antalya - Kostenloses Angebot anfordern","og_description":"Vergleichen Sie Zahnkliniken in Antalya. Kostenlose Angebote, Preise, Bewertungen, gratis Unterkunft und Flughafentransfer.","og_url":"https:\/\/dentiststurkey.com\/de\/zahnkliniken-antalya\/","og_site_name":"Dentists Turkey","article_modified_time":"2026-04-17T12:19:13+00:00","twitter_card":"summary_large_image","twitter_misc":{"Gesch\u00e4tzte Lesezeit":"3\u00a0Minuten"},"schema":{"@context":"https:\/\/schema.org","@graph":[{"@type":"WebPage","@id":"https:\/\/dentiststurkey.com\/de\/zahnkliniken-antalya\/","url":"https:\/\/dentiststurkey.com\/de\/zahnkliniken-antalya\/","name":"Zahnkliniken Antalya - Kostenloses Angebot anfordern","isPartOf":{"@id":"http:\/\/dentiststurkey.com\/de\/#website"},"datePublished":"2026-04-15T16:12:59+00:00","dateModified":"2026-04-17T12:19:13+00:00","description":"Vergleichen Sie Zahnkliniken in Antalya. Kostenlose Angebote, Preise, Bewertungen, gratis Unterkunft und Flughafentransfer.","breadcrumb":{"@id":"https:\/\/dentiststurkey.com\/de\/zahnkliniken-antalya\/#breadcrumb"},"inLanguage":"de","potentialAction":[{"@type":"ReadAction","target":["https:\/\/dentiststurkey.com\/de\/zahnkliniken-antalya\/"]}]},{"@type":"BreadcrumbList","@id":"https:\/\/dentiststurkey.com\/de\/zahnkliniken-antalya\/#breadcrumb","itemListElement":[{"@type":"ListItem","position":1,"name":"Home","item":"https:\/\/dentiststurkey.com\/de\/"},{"@type":"ListItem","position":2,"name":"Zahnkliniken Antalya"}]},{"@type":"WebSite","@id":"http:\/\/dentiststurkey.com\/de\/#website","url":"http:\/\/dentiststurkey.com\/de\/","name":"Dentists Turkey","description":"Best Dental Clinics","publisher":{"@id":"http:\/\/dentiststurkey.com\/de\/#organization"},"potentialAction":[{"@type":"SearchAction","target":{"@type":"EntryPoint","urlTemplate":"http:\/\/dentiststurkey.com\/de\/?s={search_term_string}"},"query-input":{"@type":"PropertyValueSpecification","valueRequired":true,"valueName":"search_term_string"}}],"inLanguage":"de"},{"@type":"Organization","@id":"http:\/\/dentiststurkey.com\/de\/#organization","name":"Dentists Turkey","url":"http:\/\/dentiststurkey.com\/de\/","logo":{"@type":"ImageObject","inLanguage":"de","@id":"http:\/\/dentiststurkey.com\/de\/#\/schema\/logo\/image\/","url":"https:\/\/dentiststurkey.com\/wp-content\/uploads\/2023\/02\/logo-dentists-400.webp","contentUrl":"https:\/\/dentiststurkey.com\/wp-content\/uploads\/2023\/02\/logo-dentists-400.webp","width":400,"height":148,"caption":"Dentists Turkey"},"image":{"@id":"http:\/\/dentiststurkey.com\/de\/#\/schema\/logo\/image\/"}}]}},"_links":{"self":[{"href":"https:\/\/dentiststurkey.com\/de\/wp-json\/wp\/v2\/pages\/74110","targetHints":{"allow":["GET"]}}],"collection":[{"href":"https:\/\/dentiststurkey.com\/de\/wp-json\/wp\/v2\/pages"}],"about":[{"href":"https:\/\/dentiststurkey.com\/de\/wp-json\/wp\/v2\/types\/page"}],"author":[{"embeddable":true,"href":"https:\/\/dentiststurkey.com\/de\/wp-json\/wp\/v2\/users\/2"}],"replies":[{"embeddable":true,"href":"https:\/\/dentiststurkey.com\/de\/wp-json\/wp\/v2\/comments?post=74110"}],"version-history":[{"count":4,"href":"https:\/\/dentiststurkey.com\/de\/wp-json\/wp\/v2\/pages\/74110\/revisions"}],"predecessor-version":[{"id":74378,"href":"https:\/\/dentiststurkey.com\/de\/wp-json\/wp\/v2\/pages\/74110\/revisions\/74378"}],"wp:attachment":[{"href":"https:\/\/dentiststurkey.com\/de\/wp-json\/wp\/v2\/media?parent=74110"}],"curies":[{"name":"wp","href":"https:\/\/api.w.org\/{rel}","templated":true}]}}