{"id":74114,"date":"2026-04-15T19:14:18","date_gmt":"2026-04-15T16:14:18","guid":{"rendered":"https:\/\/dentiststurkey.com\/dental-clinics-izmir\/"},"modified":"2026-04-17T15:22:25","modified_gmt":"2026-04-17T12:22:25","slug":"zahnkliniken-izmir","status":"publish","type":"page","link":"https:\/\/dentiststurkey.com\/de\/zahnkliniken-izmir\/","title":{"rendered":"Zahnkliniken Izmir"},"content":{"rendered":"<h1>Zahnkliniken Izmir<\/h1>\n<p>Suchen Sie nach den besten Zahnkliniken in Izmir, T\u00fcrkei? Izmir ist ein wachsendes Reiseziel f\u00fcr internationale Patienten, die erschwingliche Zahnbehandlungen, moderne Kliniken und eine entspanntere K\u00fcstenstadt im Vergleich zu gr\u00f6\u00dferen Reisezielen wie Istanbul suchen.<\/p>\n<p>Auf dieser Seite k\u00f6nnen Sie Zahnkliniken in Izmir f\u00fcr Behandlungen wie Zahnimplantate, Zirkonkronen, Veneers, Hollywood Smile, All-on-4, All-on-6 und Full-Mouth-Restauration vergleichen. Viele Kliniken in Izmir bieten Patienten aus dem Ausland ebenfalls kostenlose Unterkunft und Flughafentransfer an.<\/p>\n\t\t<div data-elementor-type=\"section\" data-elementor-id=\"73749\" class=\"elementor elementor-73749\" data-elementor-post-type=\"elementor_library\">\n\t\t\t\t\t<section class=\"elementor-section elementor-top-section elementor-element elementor-element-51ff3a8 elementor-section-boxed elementor-section-height-default elementor-section-height-default\" data-id=\"51ff3a8\" data-element_type=\"section\" data-e-type=\"section\">\n\t\t\t\t\t\t<div class=\"elementor-container elementor-column-gap-default\">\n\t\t\t\t\t<div class=\"elementor-column elementor-col-50 elementor-top-column elementor-element elementor-element-2ea0b70\" data-id=\"2ea0b70\" data-element_type=\"column\" data-e-type=\"column\">\n\t\t\t<div class=\"elementor-widget-wrap elementor-element-populated\">\n\t\t\t\t\t\t<div data-dce-background-color=\"#710B0F\" class=\"elementor-element elementor-element-41734b0 elementor-align-justify elementor-widget elementor-widget-button\" data-id=\"41734b0\" data-element_type=\"widget\" data-e-type=\"widget\" data-widget_type=\"button.default\">\n\t\t\t\t<div class=\"elementor-widget-container\">\n\t\t\t\t\t\t\t\t\t<div class=\"elementor-button-wrapper\">\n\t\t\t\t\t<a class=\"elementor-button elementor-button-link elementor-size-sm\" href=\"https:\/\/dentiststurkey.com\/\">\n\t\t\t\t\t\t<span class=\"elementor-button-content-wrapper\">\n\t\t\t\t\t\t\t\t\t<span class=\"elementor-button-text\">GET A FREE QUOTE<\/span>\n\t\t\t\t\t<\/span>\n\t\t\t\t\t<\/a>\n\t\t\t\t<\/div>\n\t\t\t\t\t\t\t\t<\/div>\n\t\t\t\t<\/div>\n\t\t\t\t\t<\/div>\n\t\t<\/div>\n\t\t\t\t<div class=\"elementor-column elementor-col-50 elementor-top-column elementor-element elementor-element-1818039\" data-id=\"1818039\" data-element_type=\"column\" data-e-type=\"column\">\n\t\t\t<div class=\"elementor-widget-wrap elementor-element-populated\">\n\t\t\t\t\t\t<div data-dce-background-color=\"#B1D866\" class=\"elementor-element elementor-element-7e65189 elementor-align-justify elementor-widget elementor-widget-button\" data-id=\"7e65189\" data-element_type=\"widget\" data-e-type=\"widget\" data-widget_type=\"button.default\">\n\t\t\t\t<div class=\"elementor-widget-container\">\n\t\t\t\t\t\t\t\t\t<div class=\"elementor-button-wrapper\">\n\t\t\t\t\t<a class=\"elementor-button elementor-button-link elementor-size-sm\" href=\"https:\/\/wa.me\/+905439646316?text=Hello,%20I%20would%20like%20to%20get%20free%20quotes%20and%20compare%20offers%20from%20the%20best%20dental%20clinics%20in%20Turkey.\">\n\t\t\t\t\t\t<span class=\"elementor-button-content-wrapper\">\n\t\t\t\t\t\t<span class=\"elementor-button-icon\">\n\t\t\t\t<i aria-hidden=\"true\" class=\"fab fa-whatsapp\"><\/i>\t\t\t<\/span>\n\t\t\t\t\t\t\t\t\t<span class=\"elementor-button-text\">GET A QUOTE VIA WHATSAPP<\/span>\n\t\t\t\t\t<\/span>\n\t\t\t\t\t<\/a>\n\t\t\t\t<\/div>\n\t\t\t\t\t\t\t\t<\/div>\n\t\t\t\t<\/div>\n\t\t\t\t\t<\/div>\n\t\t<\/div>\n\t\t\t\t\t<\/div>\n\t\t<\/section>\n\t\t\t\t<\/div>\n\t\t\n<h2>Warum Izmir f\u00fcr eine Zahnbehandlung w\u00e4hlen?<\/h2>\n<p>Izmir ist eine starke Option f\u00fcr Dentaltourismus in der T\u00fcrkei, weil die Stadt ein gutes Preis-Leistungs-Verh\u00e4ltnis, moderne Zahnmedizin und eine ruhigere Atmosph\u00e4re als einige gr\u00f6\u00dfere St\u00e4dte bietet. Viele Patienten entscheiden sich f\u00fcr Izmir, weil sie erschwingliche Behandlung und ein insgesamt entspannteres Reiseerlebnis w\u00fcnschen.<\/p>\n<p>Zahnkliniken in Izmir bieten h\u00e4ufig Behandlungspl\u00e4ne f\u00fcr internationale Patienten an, die Implantate, Kronen, Veneers oder \u00e4sthetische Smile-Makeover-Behandlungen suchen. Wie in anderen gro\u00dfen t\u00fcrkischen St\u00e4dten finden Patienten oft Pakete, die Unterst\u00fctzung bei Unterkunft und Transfers einschlie\u00dfen.<\/p>\n<ul>\n<li>Erschwingliche Zahnbehandlungen<\/li>\n<li>K\u00fcstenstadt mit entspannterer Atmosph\u00e4re<\/li>\n<li>Moderne Zahnkliniken und \u00e4sthetische Zahnmedizin<\/li>\n<li>Kostenlose Unterkunft und Transfer bei vielen Kliniken verf\u00fcgbar<\/li>\n<li>Gute Alternative zu gr\u00f6\u00dferen und gesch\u00e4ftigeren St\u00e4dten<\/li>\n<\/ul>\n<h2>Beliebte Zahnbehandlungen in Izmir<\/h2>\n<p>Patienten, die nach Izmir kommen, vergleichen Kliniken h\u00e4ufig f\u00fcr Behandlungen wie:<\/p>\n<ul>\n<li>Zahnimplantate<\/li>\n<li>All-on-4 Zahnimplantate<\/li>\n<li>All-on-6 Zahnimplantate<\/li>\n<li>Zirkonkronen<\/li>\n<li>Dentalveneers<\/li>\n<li>Smile Makeover<\/li>\n<li>Hollywood Smile<\/li>\n<li>Full-Mouth-Restauration<\/li>\n<\/ul>\n<p>Um Izmir mit Kliniken in anderen St\u00e4dten der T\u00fcrkei zu vergleichen, k\u00f6nnen Sie auch <a href=\"https:\/\/dentiststurkey.com\/de\/\">Dentists Turkey<\/a> und <a href=\"https:\/\/dentiststurkey.com\/de\/zahntourismus-tuerkei\/\">Dental Tourism Turkey<\/a> besuchen.<\/p>\n<h2>Preise von Zahnkliniken in Izmir<\/h2>\n<p>Izmir wird oft von Patienten gew\u00e4hlt, die niedrigere Behandlungskosten als im Vereinigten K\u00f6nigreich, in Deutschland, \u00d6sterreich, der Schweiz oder Frankreich suchen. Behandlungen wie Implantate, Zirkonkronen, Veneers und Full-Mouth-Rehabilitation k\u00f6nnen in Izmir oft deutlich g\u00fcnstiger sein als in vielen westeurop\u00e4ischen L\u00e4ndern.<\/p>\n<p>Die genauen Preise h\u00e4ngen von der Klinik, dem Behandlungsplan, den verwendeten Materialien und der Komplexit\u00e4t des Falls ab. Dennoch bleibt Izmir ein attraktives Reiseziel f\u00fcr Patienten, die ein Gleichgewicht zwischen Qualit\u00e4t, Preis und einer angenehmeren Behandlungsreise suchen.<\/p>\n<h2>Kostenlose Unterkunft und Flughafentransfer<\/h2>\n<p>Viele Zahnkliniken in Izmir bieten internationalen Patienten kostenlose Unterkunft und Flughafentransfer an. Das kann die gesamte Behandlungserfahrung deutlich erleichtern, besonders f\u00fcr Menschen, die aus dem Ausland f\u00fcr Implantate, Kronen oder kosmetische Zahnbehandlungen anreisen.<\/p>\n<p>Wenn diese Leistungen enthalten sind, k\u00f6nnen sich Patienten mehr auf die Behandlung und weniger auf die Reiselogistik konzentrieren.<\/p>\n\t\t<div data-elementor-type=\"section\" data-elementor-id=\"73749\" class=\"elementor elementor-73749\" data-elementor-post-type=\"elementor_library\">\n\t\t\t\t\t<section class=\"elementor-section elementor-top-section elementor-element elementor-element-51ff3a8 elementor-section-boxed elementor-section-height-default elementor-section-height-default\" data-id=\"51ff3a8\" data-element_type=\"section\" data-e-type=\"section\">\n\t\t\t\t\t\t<div class=\"elementor-container elementor-column-gap-default\">\n\t\t\t\t\t<div class=\"elementor-column elementor-col-50 elementor-top-column elementor-element elementor-element-2ea0b70\" data-id=\"2ea0b70\" data-element_type=\"column\" data-e-type=\"column\">\n\t\t\t<div class=\"elementor-widget-wrap elementor-element-populated\">\n\t\t\t\t\t\t<div data-dce-background-color=\"#710B0F\" class=\"elementor-element elementor-element-41734b0 elementor-align-justify elementor-widget elementor-widget-button\" data-id=\"41734b0\" data-element_type=\"widget\" data-e-type=\"widget\" data-widget_type=\"button.default\">\n\t\t\t\t<div class=\"elementor-widget-container\">\n\t\t\t\t\t\t\t\t\t<div class=\"elementor-button-wrapper\">\n\t\t\t\t\t<a class=\"elementor-button elementor-button-link elementor-size-sm\" href=\"https:\/\/dentiststurkey.com\/\">\n\t\t\t\t\t\t<span class=\"elementor-button-content-wrapper\">\n\t\t\t\t\t\t\t\t\t<span class=\"elementor-button-text\">GET A FREE QUOTE<\/span>\n\t\t\t\t\t<\/span>\n\t\t\t\t\t<\/a>\n\t\t\t\t<\/div>\n\t\t\t\t\t\t\t\t<\/div>\n\t\t\t\t<\/div>\n\t\t\t\t\t<\/div>\n\t\t<\/div>\n\t\t\t\t<div class=\"elementor-column elementor-col-50 elementor-top-column elementor-element elementor-element-1818039\" data-id=\"1818039\" data-element_type=\"column\" data-e-type=\"column\">\n\t\t\t<div class=\"elementor-widget-wrap elementor-element-populated\">\n\t\t\t\t\t\t<div data-dce-background-color=\"#B1D866\" class=\"elementor-element elementor-element-7e65189 elementor-align-justify elementor-widget elementor-widget-button\" data-id=\"7e65189\" data-element_type=\"widget\" data-e-type=\"widget\" data-widget_type=\"button.default\">\n\t\t\t\t<div class=\"elementor-widget-container\">\n\t\t\t\t\t\t\t\t\t<div class=\"elementor-button-wrapper\">\n\t\t\t\t\t<a class=\"elementor-button elementor-button-link elementor-size-sm\" href=\"https:\/\/wa.me\/+905439646316?text=Hello,%20I%20would%20like%20to%20get%20free%20quotes%20and%20compare%20offers%20from%20the%20best%20dental%20clinics%20in%20Turkey.\">\n\t\t\t\t\t\t<span class=\"elementor-button-content-wrapper\">\n\t\t\t\t\t\t<span class=\"elementor-button-icon\">\n\t\t\t\t<i aria-hidden=\"true\" class=\"fab fa-whatsapp\"><\/i>\t\t\t<\/span>\n\t\t\t\t\t\t\t\t\t<span class=\"elementor-button-text\">GET A QUOTE VIA WHATSAPP<\/span>\n\t\t\t\t\t<\/span>\n\t\t\t\t\t<\/a>\n\t\t\t\t<\/div>\n\t\t\t\t\t\t\t\t<\/div>\n\t\t\t\t<\/div>\n\t\t\t\t\t<\/div>\n\t\t<\/div>\n\t\t\t\t\t<\/div>\n\t\t<\/section>\n\t\t\t\t<\/div>\n\t\t\n<h2>Wie w\u00e4hlt man die richtige Zahnklinik in Izmir?<\/h2>\n<p>Die richtige Klinik in Izmir zu w\u00e4hlen bedeutet, mehr als nur den Einstiegspreis zu vergleichen. Es ist wichtig, den Behandlungsplan, die Materialien, die Erfahrung der Klinik, die Kommunikation und den Leistungsumfang des Angebots zu pr\u00fcfen.<\/p>\n<p>Bevor Sie sich entscheiden, sollten Sie Folgendes vergleichen:<\/p>\n<ul>\n<li>Behandlungsoptionen und Preise<\/li>\n<li>Enthaltene Unterkunft und Transfer<\/li>\n<li>Erfahrung mit internationalen Patienten<\/li>\n<li>Verwendete Materialien und Marken<\/li>\n<li>Gesch\u00e4tzte Behandlungsdauer<\/li>\n<\/ul>\n<h2>Zahnkliniken in Izmir vergleichen<\/h2>\n<p>Auf dieser Seite k\u00f6nnen Sie Zahnkliniken in Izmir vergleichen und sehen, welche Behandlungsoptionen zu Ihren Bed\u00fcrfnissen passen k\u00f6nnten. Ganz gleich, ob Sie Zahnimplantate, Veneers, Zirkonkronen oder ein komplettes Smile Makeover suchen \u2013 Izmir bietet internationalen Patienten mehrere attraktive Optionen.<\/p>\n<p>Mehrere Kliniken zu vergleichen ist oft der beste Weg, um das richtige Gleichgewicht zwischen Behandlungsqualit\u00e4t, Preis und enthaltenem Service zu finden.<\/p>\n<h2>Kostenlose Angebote von Zahnkliniken in Izmir erhalten<\/h2>\n<p>Vergleichen Sie verifizierte Zahnkliniken in Izmir und fordern Sie kostenlose Angebote f\u00fcr Ihre Behandlung an. Viele Kliniken bieten internationalen Patienten kostenlose Unterkunft und Flughafentransfer an.<\/p>\n<p><strong>Vergleichen Sie jetzt und erhalten Sie Ihr kostenloses Angebot.<\/strong><\/p>\n\t\t<div data-elementor-type=\"section\" data-elementor-id=\"73749\" class=\"elementor elementor-73749\" data-elementor-post-type=\"elementor_library\">\n\t\t\t\t\t<section class=\"elementor-section elementor-top-section elementor-element elementor-element-51ff3a8 elementor-section-boxed elementor-section-height-default elementor-section-height-default\" data-id=\"51ff3a8\" data-element_type=\"section\" data-e-type=\"section\">\n\t\t\t\t\t\t<div class=\"elementor-container elementor-column-gap-default\">\n\t\t\t\t\t<div class=\"elementor-column elementor-col-50 elementor-top-column elementor-element elementor-element-2ea0b70\" data-id=\"2ea0b70\" data-element_type=\"column\" data-e-type=\"column\">\n\t\t\t<div class=\"elementor-widget-wrap elementor-element-populated\">\n\t\t\t\t\t\t<div data-dce-background-color=\"#710B0F\" class=\"elementor-element elementor-element-41734b0 elementor-align-justify elementor-widget elementor-widget-button\" data-id=\"41734b0\" data-element_type=\"widget\" data-e-type=\"widget\" data-widget_type=\"button.default\">\n\t\t\t\t<div class=\"elementor-widget-container\">\n\t\t\t\t\t\t\t\t\t<div class=\"elementor-button-wrapper\">\n\t\t\t\t\t<a class=\"elementor-button elementor-button-link elementor-size-sm\" href=\"https:\/\/dentiststurkey.com\/\">\n\t\t\t\t\t\t<span class=\"elementor-button-content-wrapper\">\n\t\t\t\t\t\t\t\t\t<span class=\"elementor-button-text\">GET A FREE QUOTE<\/span>\n\t\t\t\t\t<\/span>\n\t\t\t\t\t<\/a>\n\t\t\t\t<\/div>\n\t\t\t\t\t\t\t\t<\/div>\n\t\t\t\t<\/div>\n\t\t\t\t\t<\/div>\n\t\t<\/div>\n\t\t\t\t<div class=\"elementor-column elementor-col-50 elementor-top-column elementor-element elementor-element-1818039\" data-id=\"1818039\" data-element_type=\"column\" data-e-type=\"column\">\n\t\t\t<div class=\"elementor-widget-wrap elementor-element-populated\">\n\t\t\t\t\t\t<div data-dce-background-color=\"#B1D866\" class=\"elementor-element elementor-element-7e65189 elementor-align-justify elementor-widget elementor-widget-button\" data-id=\"7e65189\" data-element_type=\"widget\" data-e-type=\"widget\" data-widget_type=\"button.default\">\n\t\t\t\t<div class=\"elementor-widget-container\">\n\t\t\t\t\t\t\t\t\t<div class=\"elementor-button-wrapper\">\n\t\t\t\t\t<a class=\"elementor-button elementor-button-link elementor-size-sm\" href=\"https:\/\/wa.me\/+905439646316?text=Hello,%20I%20would%20like%20to%20get%20free%20quotes%20and%20compare%20offers%20from%20the%20best%20dental%20clinics%20in%20Turkey.\">\n\t\t\t\t\t\t<span class=\"elementor-button-content-wrapper\">\n\t\t\t\t\t\t<span class=\"elementor-button-icon\">\n\t\t\t\t<i aria-hidden=\"true\" class=\"fab fa-whatsapp\"><\/i>\t\t\t<\/span>\n\t\t\t\t\t\t\t\t\t<span class=\"elementor-button-text\">GET A QUOTE VIA WHATSAPP<\/span>\n\t\t\t\t\t<\/span>\n\t\t\t\t\t<\/a>\n\t\t\t\t<\/div>\n\t\t\t\t\t\t\t\t<\/div>\n\t\t\t\t<\/div>\n\t\t\t\t\t<\/div>\n\t\t<\/div>\n\t\t\t\t\t<\/div>\n\t\t<\/section>\n\t\t\t\t<\/div>\n\t\t\n","protected":false},"excerpt":{"rendered":"<p>Zahnkliniken Izmir Suchen Sie nach den besten Zahnkliniken in Izmir, T\u00fcrkei? Izmir ist ein wachsendes Reiseziel f\u00fcr internationale Patienten, die erschwingliche Zahnbehandlungen, moderne Kliniken und eine entspanntere K\u00fcstenstadt im Vergleich zu gr\u00f6\u00dferen Reisezielen wie Istanbul suchen. Auf dieser Seite k\u00f6nnen Sie Zahnkliniken in Izmir f\u00fcr Behandlungen wie Zahnimplantate, Zirkonkronen, Veneers, Hollywood Smile, All-on-4, All-on-6 und [&hellip;]<\/p>\n","protected":false},"author":2,"featured_media":0,"parent":0,"menu_order":0,"comment_status":"closed","ping_status":"closed","template":"","meta":{"footnotes":""},"class_list":["post-74114","page","type-page","status-publish","hentry"],"acf":[],"yoast_head":"<!-- This site is optimized with the Yoast SEO plugin v27.4 - https:\/\/yoast.com\/product\/yoast-seo-wordpress\/ -->\n<title>Zahnkliniken Izmir - Kostenloses Angebot anfordern<\/title>\n<meta name=\"description\" content=\"Vergleichen Sie Zahnkliniken in Izmir. Kostenlose Angebote, Preise, Bewertungen, gratis Unterkunft und Flughafentransfer.\" \/>\n<meta name=\"robots\" content=\"index, follow, max-snippet:-1, max-image-preview:large, max-video-preview:-1\" \/>\n<link rel=\"canonical\" href=\"https:\/\/dentiststurkey.com\/de\/zahnkliniken-izmir\/\" \/>\n<meta property=\"og:locale\" content=\"de_DE\" \/>\n<meta property=\"og:type\" content=\"article\" \/>\n<meta property=\"og:title\" content=\"Zahnkliniken Izmir - Kostenloses Angebot anfordern\" \/>\n<meta property=\"og:description\" content=\"Vergleichen Sie Zahnkliniken in Izmir. Kostenlose Angebote, Preise, Bewertungen, gratis Unterkunft und Flughafentransfer.\" \/>\n<meta property=\"og:url\" content=\"https:\/\/dentiststurkey.com\/de\/zahnkliniken-izmir\/\" \/>\n<meta property=\"og:site_name\" content=\"Dentists Turkey\" \/>\n<meta property=\"article:modified_time\" content=\"2026-04-17T12:22:25+00:00\" \/>\n<meta name=\"twitter:card\" content=\"summary_large_image\" \/>\n<meta name=\"twitter:label1\" content=\"Gesch\u00e4tzte Lesezeit\" \/>\n\t<meta name=\"twitter:data1\" content=\"3\u00a0Minuten\" \/>\n<script type=\"application\/ld+json\" class=\"yoast-schema-graph\">{\"@context\":\"https:\\\/\\\/schema.org\",\"@graph\":[{\"@type\":\"WebPage\",\"@id\":\"https:\\\/\\\/dentiststurkey.com\\\/de\\\/zahnkliniken-izmir\\\/\",\"url\":\"https:\\\/\\\/dentiststurkey.com\\\/de\\\/zahnkliniken-izmir\\\/\",\"name\":\"Zahnkliniken Izmir - Kostenloses Angebot anfordern\",\"isPartOf\":{\"@id\":\"http:\\\/\\\/dentiststurkey.com\\\/de\\\/#website\"},\"datePublished\":\"2026-04-15T16:14:18+00:00\",\"dateModified\":\"2026-04-17T12:22:25+00:00\",\"description\":\"Vergleichen Sie Zahnkliniken in Izmir. Kostenlose Angebote, Preise, Bewertungen, gratis Unterkunft und Flughafentransfer.\",\"breadcrumb\":{\"@id\":\"https:\\\/\\\/dentiststurkey.com\\\/de\\\/zahnkliniken-izmir\\\/#breadcrumb\"},\"inLanguage\":\"de\",\"potentialAction\":[{\"@type\":\"ReadAction\",\"target\":[\"https:\\\/\\\/dentiststurkey.com\\\/de\\\/zahnkliniken-izmir\\\/\"]}]},{\"@type\":\"BreadcrumbList\",\"@id\":\"https:\\\/\\\/dentiststurkey.com\\\/de\\\/zahnkliniken-izmir\\\/#breadcrumb\",\"itemListElement\":[{\"@type\":\"ListItem\",\"position\":1,\"name\":\"Home\",\"item\":\"https:\\\/\\\/dentiststurkey.com\\\/de\\\/\"},{\"@type\":\"ListItem\",\"position\":2,\"name\":\"Zahnkliniken Izmir\"}]},{\"@type\":\"WebSite\",\"@id\":\"http:\\\/\\\/dentiststurkey.com\\\/de\\\/#website\",\"url\":\"http:\\\/\\\/dentiststurkey.com\\\/de\\\/\",\"name\":\"Dentists Turkey\",\"description\":\"Best Dental Clinics\",\"publisher\":{\"@id\":\"http:\\\/\\\/dentiststurkey.com\\\/de\\\/#organization\"},\"potentialAction\":[{\"@type\":\"SearchAction\",\"target\":{\"@type\":\"EntryPoint\",\"urlTemplate\":\"http:\\\/\\\/dentiststurkey.com\\\/de\\\/?s={search_term_string}\"},\"query-input\":{\"@type\":\"PropertyValueSpecification\",\"valueRequired\":true,\"valueName\":\"search_term_string\"}}],\"inLanguage\":\"de\"},{\"@type\":\"Organization\",\"@id\":\"http:\\\/\\\/dentiststurkey.com\\\/de\\\/#organization\",\"name\":\"Dentists Turkey\",\"url\":\"http:\\\/\\\/dentiststurkey.com\\\/de\\\/\",\"logo\":{\"@type\":\"ImageObject\",\"inLanguage\":\"de\",\"@id\":\"http:\\\/\\\/dentiststurkey.com\\\/de\\\/#\\\/schema\\\/logo\\\/image\\\/\",\"url\":\"https:\\\/\\\/dentiststurkey.com\\\/wp-content\\\/uploads\\\/2023\\\/02\\\/logo-dentists-400.webp\",\"contentUrl\":\"https:\\\/\\\/dentiststurkey.com\\\/wp-content\\\/uploads\\\/2023\\\/02\\\/logo-dentists-400.webp\",\"width\":400,\"height\":148,\"caption\":\"Dentists Turkey\"},\"image\":{\"@id\":\"http:\\\/\\\/dentiststurkey.com\\\/de\\\/#\\\/schema\\\/logo\\\/image\\\/\"}}]}<\/script>\n<!-- \/ Yoast SEO plugin. -->","yoast_head_json":{"title":"Zahnkliniken Izmir - Kostenloses Angebot anfordern","description":"Vergleichen Sie Zahnkliniken in Izmir. Kostenlose Angebote, Preise, Bewertungen, gratis Unterkunft und Flughafentransfer.","robots":{"index":"index","follow":"follow","max-snippet":"max-snippet:-1","max-image-preview":"max-image-preview:large","max-video-preview":"max-video-preview:-1"},"canonical":"https:\/\/dentiststurkey.com\/de\/zahnkliniken-izmir\/","og_locale":"de_DE","og_type":"article","og_title":"Zahnkliniken Izmir - Kostenloses Angebot anfordern","og_description":"Vergleichen Sie Zahnkliniken in Izmir. Kostenlose Angebote, Preise, Bewertungen, gratis Unterkunft und Flughafentransfer.","og_url":"https:\/\/dentiststurkey.com\/de\/zahnkliniken-izmir\/","og_site_name":"Dentists Turkey","article_modified_time":"2026-04-17T12:22:25+00:00","twitter_card":"summary_large_image","twitter_misc":{"Gesch\u00e4tzte Lesezeit":"3\u00a0Minuten"},"schema":{"@context":"https:\/\/schema.org","@graph":[{"@type":"WebPage","@id":"https:\/\/dentiststurkey.com\/de\/zahnkliniken-izmir\/","url":"https:\/\/dentiststurkey.com\/de\/zahnkliniken-izmir\/","name":"Zahnkliniken Izmir - Kostenloses Angebot anfordern","isPartOf":{"@id":"http:\/\/dentiststurkey.com\/de\/#website"},"datePublished":"2026-04-15T16:14:18+00:00","dateModified":"2026-04-17T12:22:25+00:00","description":"Vergleichen Sie Zahnkliniken in Izmir. Kostenlose Angebote, Preise, Bewertungen, gratis Unterkunft und Flughafentransfer.","breadcrumb":{"@id":"https:\/\/dentiststurkey.com\/de\/zahnkliniken-izmir\/#breadcrumb"},"inLanguage":"de","potentialAction":[{"@type":"ReadAction","target":["https:\/\/dentiststurkey.com\/de\/zahnkliniken-izmir\/"]}]},{"@type":"BreadcrumbList","@id":"https:\/\/dentiststurkey.com\/de\/zahnkliniken-izmir\/#breadcrumb","itemListElement":[{"@type":"ListItem","position":1,"name":"Home","item":"https:\/\/dentiststurkey.com\/de\/"},{"@type":"ListItem","position":2,"name":"Zahnkliniken Izmir"}]},{"@type":"WebSite","@id":"http:\/\/dentiststurkey.com\/de\/#website","url":"http:\/\/dentiststurkey.com\/de\/","name":"Dentists Turkey","description":"Best Dental Clinics","publisher":{"@id":"http:\/\/dentiststurkey.com\/de\/#organization"},"potentialAction":[{"@type":"SearchAction","target":{"@type":"EntryPoint","urlTemplate":"http:\/\/dentiststurkey.com\/de\/?s={search_term_string}"},"query-input":{"@type":"PropertyValueSpecification","valueRequired":true,"valueName":"search_term_string"}}],"inLanguage":"de"},{"@type":"Organization","@id":"http:\/\/dentiststurkey.com\/de\/#organization","name":"Dentists Turkey","url":"http:\/\/dentiststurkey.com\/de\/","logo":{"@type":"ImageObject","inLanguage":"de","@id":"http:\/\/dentiststurkey.com\/de\/#\/schema\/logo\/image\/","url":"https:\/\/dentiststurkey.com\/wp-content\/uploads\/2023\/02\/logo-dentists-400.webp","contentUrl":"https:\/\/dentiststurkey.com\/wp-content\/uploads\/2023\/02\/logo-dentists-400.webp","width":400,"height":148,"caption":"Dentists Turkey"},"image":{"@id":"http:\/\/dentiststurkey.com\/de\/#\/schema\/logo\/image\/"}}]}},"_links":{"self":[{"href":"https:\/\/dentiststurkey.com\/de\/wp-json\/wp\/v2\/pages\/74114","targetHints":{"allow":["GET"]}}],"collection":[{"href":"https:\/\/dentiststurkey.com\/de\/wp-json\/wp\/v2\/pages"}],"about":[{"href":"https:\/\/dentiststurkey.com\/de\/wp-json\/wp\/v2\/types\/page"}],"author":[{"embeddable":true,"href":"https:\/\/dentiststurkey.com\/de\/wp-json\/wp\/v2\/users\/2"}],"replies":[{"embeddable":true,"href":"https:\/\/dentiststurkey.com\/de\/wp-json\/wp\/v2\/comments?post=74114"}],"version-history":[{"count":6,"href":"https:\/\/dentiststurkey.com\/de\/wp-json\/wp\/v2\/pages\/74114\/revisions"}],"predecessor-version":[{"id":74381,"href":"https:\/\/dentiststurkey.com\/de\/wp-json\/wp\/v2\/pages\/74114\/revisions\/74381"}],"wp:attachment":[{"href":"https:\/\/dentiststurkey.com\/de\/wp-json\/wp\/v2\/media?parent=74114"}],"curies":[{"name":"wp","href":"https:\/\/api.w.org\/{rel}","templated":true}]}}