{"id":71050,"date":"2023-02-05T17:10:46","date_gmt":"2023-02-05T14:10:46","guid":{"rendered":"https:\/\/dentiststurkey.com\/dentist-turkey\/"},"modified":"2026-04-16T18:30:36","modified_gmt":"2026-04-16T15:30:36","slug":"dentiste-turquie","status":"publish","type":"page","link":"https:\/\/dentiststurkey.com\/fr\/dentiste-turquie\/","title":{"rendered":"Dentiste Turquie"},"content":{"rendered":"<p>Est-ce que vous \u00eates en train de trouver le meilleur dentiste pour prendre soin de votre sourire en Turquie ? Savoir par o\u00f9 commencer peut \u00eatre \u00e9crasant, mais ne vous inqui\u00e9tez pas \u2013 cela ne doit pas \u00eatre difficile. Avec une recherche intelligente, vous pouvez trouver un dentiste exp\u00e9riment\u00e9 et hautement qualifi\u00e9 en Turquie qui convient \u00e0 tous vos besoins.<\/p>\n<p><a href=\"#contactForm\">Nous<\/a> couvrirons les facteurs \u00e0 consid\u00e9rer lors de la recherche de dentistes afin de vous garantir une exp\u00e9rience r\u00e9ussie, en passant par l&rsquo;examen des commentaires et des qualifications sp\u00e9cifiques des services jusqu&rsquo;au type de mat\u00e9riaux qu&rsquo;ils utilisent. Avec des informations d\u00e9taill\u00e9es sur la fa\u00e7on dont les experts recommandent de trouver un fournisseur de services dentaires de premier ordre, vous vous sentirez certainement plus pr\u00e9par\u00e9 et inform\u00e9 en entrant dans ce processus de prise de d\u00e9cision important !<\/p>\n<p><strong>Recherche initiale<\/strong><\/p>\n<p>Si vous recherchez un dentiste en Turquie, il y a de nombreuses choses auxquelles il faut pr\u00eater attention pour choisir le bon dentiste. Tout d&rsquo;abord, notez que votre dentiste doit \u00eatre agr\u00e9\u00e9 et qualifi\u00e9 avec des certifications qui montrent qu&rsquo;il est form\u00e9 et qualifi\u00e9 dans son domaine. Assurez-vous de rechercher l&rsquo;\u00e9ducation et l&rsquo;exp\u00e9rience du dentiste, ainsi que de prendre le temps de lire tous les avis clients que vous trouvez en ligne. Vous pouvez trouver une pl\u00e9thore <a href=\"#testimonials\">d&rsquo;avis ici<\/a>!<\/p>\n<p>Il est \u00e9galement important de consid\u00e9rer leurs services \u2013 regardez les traitements dans lesquels ils se sp\u00e9cialisent, s&rsquo;ils offrent des services d&rsquo;urgence et des options de paiement telles que la couverture d&rsquo;assurance, afin de savoir que vous serez pris en charge chaque fois que vous en avez besoin. Enfin, assurez-vous que l&rsquo;environnement du cabinet dentaire est confortable et s\u00fbr pour vous. Cela signifie \u00e9valuer la convivialit\u00e9 du personnel, la propret\u00e9 du bureau et l&rsquo;atmosph\u00e8re g\u00e9n\u00e9rale (indice : nous le faisons pour vous). En tenant compte de tout cela, vous vous assurerez d&rsquo;obtenir le meilleur dentiste pour vos besoins en Turquie.<\/p>\n<p><strong>Obtenir de la valeur<\/strong><\/p>\n<p>Lorsqu&rsquo;il s&rsquo;agit d&rsquo;obtenir votre argent dans n&rsquo;importe quel contexte, les visites chez le dentiste ne font pas exception. Le tourisme dentaire \u00e0 l&rsquo;\u00e9tranger est une option de plus en plus populaire alors que de plus en plus de personnes cherchent un moyen d&rsquo;obtenir une excellente valeur pour leur argent durement gagn\u00e9. La Turquie est l&rsquo;une des principales destinations pour ce type de tourisme et avec sa large s\u00e9lection de <a href=\"https:\/\/dentiststurkey.com\/fr\/\">cliniques <\/a> offrant des traitements de classe mondiale \u00e0 des prix qui co\u00fbtent souvent une fraction de ce qu&rsquo;ils co\u00fbteraient dans le pays d&rsquo;o\u00f9 vous venez, il est facile de comprendre pourquoi.<\/p>\n<p>En m\u00eame temps, il y a certaines choses \u00e0 garder \u00e0 l&rsquo;esprit lors de la prise de ce type de d\u00e9cision, telles que s&rsquo;assurer que vous obtenez le meilleur service de qualit\u00e9 disponible ; rechercher les avis des clients ; visiter les cliniques si possible ; et ne choisir que des dentistes qualifi\u00e9s certifi\u00e9s par des organisations reconnues. Une fois que vous avez pris en compte ces consid\u00e9rations, vous pouvez vous assurer que vous obtenez une bonne valeur pour votre argent lorsque vous choisissez des visites chez le dentiste \u00e0 l&rsquo;\u00e9tranger.<\/p>\n<p><strong>Nos services<\/strong><\/p>\n<p>Pour les patients et les clients cherchant \u00e0 avancer dans leur recherche de dentiste en Turquie, notre \u00e9quipe d&rsquo;experts est l\u00e0 pour vous aider. Nous comprenons les d\u00e9fis et les opportunit\u00e9s incroyables auxquels vous \u00eates confront\u00e9s, et nous tirons sans \u00e9gal sur notre exp\u00e9rience et notre perspicacit\u00e9 pour vous fournir les meilleurs conseils possibles.<\/p>\n<p>Notre \u00e9quipe travaillera en collaboration avec vous pour vous assurer que chaque dentiste re\u00e7oit les bonnes informations pour prendre des d\u00e9cisions plus \u00e9clair\u00e9es afin que votre exp\u00e9rience puisse atteindre son potentiel. Contactez-nous d\u00e8s aujourd&rsquo;hui pour une combinaison imbattable d&rsquo;expertise, d&rsquo;efficacit\u00e9 et de convivialit\u00e9 de notre \u00e9quipe de premier plan (oui, nous sommes confiants \u00e0 cet \u00e9gard !).<\/p>\n","protected":false},"excerpt":{"rendered":"<p>Est-ce que vous \u00eates en train de trouver le meilleur dentiste pour prendre soin de votre sourire en Turquie ? Savoir par o\u00f9 commencer peut \u00eatre \u00e9crasant, mais ne vous inqui\u00e9tez pas \u2013 cela ne doit pas \u00eatre difficile. Avec une recherche intelligente, vous pouvez trouver un dentiste exp\u00e9riment\u00e9 et hautement qualifi\u00e9 en Turquie qui [&hellip;]<\/p>\n","protected":false},"author":1,"featured_media":0,"parent":0,"menu_order":0,"comment_status":"closed","ping_status":"closed","template":"","meta":{"footnotes":""},"class_list":["post-71050","page","type-page","status-publish","hentry"],"acf":[],"yoast_head":"<!-- This site is optimized with the Yoast SEO plugin v27.4 - https:\/\/yoast.com\/product\/yoast-seo-wordpress\/ -->\n<title>Cliniques Dentaires En Turquie - Comparez Les Devis<\/title>\n<meta name=\"description\" content=\"Cliniques Dentaires En Turquie - Meilleures Cliniques En Turquie | Devis Gratuits | H\u00e9bergement Gratuit | Transfert Gratuit\" \/>\n<meta name=\"robots\" content=\"index, follow, max-snippet:-1, max-image-preview:large, max-video-preview:-1\" \/>\n<link rel=\"canonical\" href=\"https:\/\/dentiststurkey.com\/fr\/dentiste-turquie\/\" \/>\n<meta property=\"og:locale\" content=\"fr_FR\" \/>\n<meta property=\"og:type\" content=\"article\" \/>\n<meta property=\"og:title\" content=\"Cliniques Dentaires En Turquie - Comparez Les Devis\" \/>\n<meta property=\"og:description\" content=\"Cliniques Dentaires En Turquie - Meilleures Cliniques En Turquie | Devis Gratuits | H\u00e9bergement Gratuit | Transfert Gratuit\" \/>\n<meta property=\"og:url\" content=\"https:\/\/dentiststurkey.com\/fr\/dentiste-turquie\/\" \/>\n<meta property=\"og:site_name\" content=\"Dentists Turkey\" \/>\n<meta property=\"article:modified_time\" content=\"2026-04-16T15:30:36+00:00\" \/>\n<meta name=\"twitter:card\" content=\"summary_large_image\" \/>\n<meta name=\"twitter:label1\" content=\"Dur\u00e9e de lecture estim\u00e9e\" \/>\n\t<meta name=\"twitter:data1\" content=\"3 minutes\" \/>\n<script type=\"application\/ld+json\" class=\"yoast-schema-graph\">{\"@context\":\"https:\\\/\\\/schema.org\",\"@graph\":[{\"@type\":\"WebPage\",\"@id\":\"https:\\\/\\\/dentiststurkey.com\\\/fr\\\/dentiste-turquie\\\/\",\"url\":\"https:\\\/\\\/dentiststurkey.com\\\/fr\\\/dentiste-turquie\\\/\",\"name\":\"Cliniques Dentaires En Turquie - Comparez Les Devis\",\"isPartOf\":{\"@id\":\"http:\\\/\\\/dentiststurkey.com\\\/fr\\\/#website\"},\"datePublished\":\"2023-02-05T14:10:46+00:00\",\"dateModified\":\"2026-04-16T15:30:36+00:00\",\"description\":\"Cliniques Dentaires En Turquie - Meilleures Cliniques En Turquie | Devis Gratuits | H\u00e9bergement Gratuit | Transfert Gratuit\",\"breadcrumb\":{\"@id\":\"https:\\\/\\\/dentiststurkey.com\\\/fr\\\/dentiste-turquie\\\/#breadcrumb\"},\"inLanguage\":\"fr-FR\",\"potentialAction\":[{\"@type\":\"ReadAction\",\"target\":[\"https:\\\/\\\/dentiststurkey.com\\\/fr\\\/dentiste-turquie\\\/\"]}]},{\"@type\":\"BreadcrumbList\",\"@id\":\"https:\\\/\\\/dentiststurkey.com\\\/fr\\\/dentiste-turquie\\\/#breadcrumb\",\"itemListElement\":[{\"@type\":\"ListItem\",\"position\":1,\"name\":\"Home\",\"item\":\"https:\\\/\\\/dentiststurkey.com\\\/fr\\\/\"},{\"@type\":\"ListItem\",\"position\":2,\"name\":\"Dentiste Turquie\"}]},{\"@type\":\"WebSite\",\"@id\":\"http:\\\/\\\/dentiststurkey.com\\\/fr\\\/#website\",\"url\":\"http:\\\/\\\/dentiststurkey.com\\\/fr\\\/\",\"name\":\"Dentists Turkey\",\"description\":\"Best Dental Clinics\",\"publisher\":{\"@id\":\"http:\\\/\\\/dentiststurkey.com\\\/fr\\\/#organization\"},\"potentialAction\":[{\"@type\":\"SearchAction\",\"target\":{\"@type\":\"EntryPoint\",\"urlTemplate\":\"http:\\\/\\\/dentiststurkey.com\\\/fr\\\/?s={search_term_string}\"},\"query-input\":{\"@type\":\"PropertyValueSpecification\",\"valueRequired\":true,\"valueName\":\"search_term_string\"}}],\"inLanguage\":\"fr-FR\"},{\"@type\":\"Organization\",\"@id\":\"http:\\\/\\\/dentiststurkey.com\\\/fr\\\/#organization\",\"name\":\"Dentists Turkey\",\"url\":\"http:\\\/\\\/dentiststurkey.com\\\/fr\\\/\",\"logo\":{\"@type\":\"ImageObject\",\"inLanguage\":\"fr-FR\",\"@id\":\"http:\\\/\\\/dentiststurkey.com\\\/fr\\\/#\\\/schema\\\/logo\\\/image\\\/\",\"url\":\"https:\\\/\\\/dentiststurkey.com\\\/wp-content\\\/uploads\\\/2023\\\/02\\\/logo-dentists-400.webp\",\"contentUrl\":\"https:\\\/\\\/dentiststurkey.com\\\/wp-content\\\/uploads\\\/2023\\\/02\\\/logo-dentists-400.webp\",\"width\":400,\"height\":148,\"caption\":\"Dentists Turkey\"},\"image\":{\"@id\":\"http:\\\/\\\/dentiststurkey.com\\\/fr\\\/#\\\/schema\\\/logo\\\/image\\\/\"}}]}<\/script>\n<!-- \/ Yoast SEO plugin. -->","yoast_head_json":{"title":"Cliniques Dentaires En Turquie - Comparez Les Devis","description":"Cliniques Dentaires En Turquie - Meilleures Cliniques En Turquie | Devis Gratuits | H\u00e9bergement Gratuit | Transfert Gratuit","robots":{"index":"index","follow":"follow","max-snippet":"max-snippet:-1","max-image-preview":"max-image-preview:large","max-video-preview":"max-video-preview:-1"},"canonical":"https:\/\/dentiststurkey.com\/fr\/dentiste-turquie\/","og_locale":"fr_FR","og_type":"article","og_title":"Cliniques Dentaires En Turquie - Comparez Les Devis","og_description":"Cliniques Dentaires En Turquie - Meilleures Cliniques En Turquie | Devis Gratuits | H\u00e9bergement Gratuit | Transfert Gratuit","og_url":"https:\/\/dentiststurkey.com\/fr\/dentiste-turquie\/","og_site_name":"Dentists Turkey","article_modified_time":"2026-04-16T15:30:36+00:00","twitter_card":"summary_large_image","twitter_misc":{"Dur\u00e9e de lecture estim\u00e9e":"3 minutes"},"schema":{"@context":"https:\/\/schema.org","@graph":[{"@type":"WebPage","@id":"https:\/\/dentiststurkey.com\/fr\/dentiste-turquie\/","url":"https:\/\/dentiststurkey.com\/fr\/dentiste-turquie\/","name":"Cliniques Dentaires En Turquie - Comparez Les Devis","isPartOf":{"@id":"http:\/\/dentiststurkey.com\/fr\/#website"},"datePublished":"2023-02-05T14:10:46+00:00","dateModified":"2026-04-16T15:30:36+00:00","description":"Cliniques Dentaires En Turquie - Meilleures Cliniques En Turquie | Devis Gratuits | H\u00e9bergement Gratuit | Transfert Gratuit","breadcrumb":{"@id":"https:\/\/dentiststurkey.com\/fr\/dentiste-turquie\/#breadcrumb"},"inLanguage":"fr-FR","potentialAction":[{"@type":"ReadAction","target":["https:\/\/dentiststurkey.com\/fr\/dentiste-turquie\/"]}]},{"@type":"BreadcrumbList","@id":"https:\/\/dentiststurkey.com\/fr\/dentiste-turquie\/#breadcrumb","itemListElement":[{"@type":"ListItem","position":1,"name":"Home","item":"https:\/\/dentiststurkey.com\/fr\/"},{"@type":"ListItem","position":2,"name":"Dentiste Turquie"}]},{"@type":"WebSite","@id":"http:\/\/dentiststurkey.com\/fr\/#website","url":"http:\/\/dentiststurkey.com\/fr\/","name":"Dentists Turkey","description":"Best Dental Clinics","publisher":{"@id":"http:\/\/dentiststurkey.com\/fr\/#organization"},"potentialAction":[{"@type":"SearchAction","target":{"@type":"EntryPoint","urlTemplate":"http:\/\/dentiststurkey.com\/fr\/?s={search_term_string}"},"query-input":{"@type":"PropertyValueSpecification","valueRequired":true,"valueName":"search_term_string"}}],"inLanguage":"fr-FR"},{"@type":"Organization","@id":"http:\/\/dentiststurkey.com\/fr\/#organization","name":"Dentists Turkey","url":"http:\/\/dentiststurkey.com\/fr\/","logo":{"@type":"ImageObject","inLanguage":"fr-FR","@id":"http:\/\/dentiststurkey.com\/fr\/#\/schema\/logo\/image\/","url":"https:\/\/dentiststurkey.com\/wp-content\/uploads\/2023\/02\/logo-dentists-400.webp","contentUrl":"https:\/\/dentiststurkey.com\/wp-content\/uploads\/2023\/02\/logo-dentists-400.webp","width":400,"height":148,"caption":"Dentists Turkey"},"image":{"@id":"http:\/\/dentiststurkey.com\/fr\/#\/schema\/logo\/image\/"}}]}},"_links":{"self":[{"href":"https:\/\/dentiststurkey.com\/fr\/wp-json\/wp\/v2\/pages\/71050","targetHints":{"allow":["GET"]}}],"collection":[{"href":"https:\/\/dentiststurkey.com\/fr\/wp-json\/wp\/v2\/pages"}],"about":[{"href":"https:\/\/dentiststurkey.com\/fr\/wp-json\/wp\/v2\/types\/page"}],"author":[{"embeddable":true,"href":"https:\/\/dentiststurkey.com\/fr\/wp-json\/wp\/v2\/users\/1"}],"replies":[{"embeddable":true,"href":"https:\/\/dentiststurkey.com\/fr\/wp-json\/wp\/v2\/comments?post=71050"}],"version-history":[{"count":1,"href":"https:\/\/dentiststurkey.com\/fr\/wp-json\/wp\/v2\/pages\/71050\/revisions"}],"predecessor-version":[{"id":74217,"href":"https:\/\/dentiststurkey.com\/fr\/wp-json\/wp\/v2\/pages\/71050\/revisions\/74217"}],"wp:attachment":[{"href":"https:\/\/dentiststurkey.com\/fr\/wp-json\/wp\/v2\/media?parent=71050"}],"curies":[{"name":"wp","href":"https:\/\/api.w.org\/{rel}","templated":true}]}}