{"id":71062,"date":"2023-02-05T17:08:31","date_gmt":"2023-02-05T14:08:31","guid":{"rendered":"https:\/\/dentiststurkey.com\/all-on-6-dental-implants-turkey\/"},"modified":"2026-04-16T18:43:58","modified_gmt":"2026-04-16T15:43:58","slug":"all-on-6-implants-dentaires-turquie","status":"publish","type":"page","link":"https:\/\/dentiststurkey.com\/fr\/all-on-6-implants-dentaires-turquie\/","title":{"rendered":"All On 6 Implants Dentaires Turquie"},"content":{"rendered":"<p>Voyager en Turquie pour des implants dentaires All-on-6 peut certainement \u00eatre une bonne id\u00e9e, car le pays offre des services de haute qualit\u00e9 et abordables \u2013 et certains des meilleurs dentistes du monde. Dans notre article de blog d&rsquo;aujourd&rsquo;hui, nous discuterons de ce que vous devez savoir avant de prendre rendez-vous avec un dentiste turc. En tant que l&rsquo;une des destinations de tourisme m\u00e9dical les plus populaires d&rsquo;Europe (le lien vers le texte sur la chirurgie esth\u00e9tique en Turquie), il n&rsquo;est pas \u00e9tonnant que la Turquie soit devenue connue pour son syst\u00e8me de soins de sant\u00e9 de qualit\u00e9 sup\u00e9rieure. Nous examinerons les avantages des implants dentaires All-on-6, comment d\u00e9terminer si cette option vous convient et r\u00e9pondrons \u00e0 toutes vos questions sur cette proc\u00e9dure du d\u00e9but \u00e0 la fin !<\/p>\n<p>&nbsp;<\/p>\n<p><strong>Que sont les implants dentaires All-on-6 et en quoi consistent-ils ?<\/strong><\/p>\n<p>Les implants dentaires All-on-6 sont une solution pratique et abordable pour changer votre vie et vous sentir en confiance avec votre sourire. Ils consistent \u00e0 placer six piliers en titane dans la m\u00e2choire pour fixer un pont permanent de toutes vos dents.<\/p>\n<p>Cette technologie durable peut durer des ann\u00e9es et est populaire dans le monde entier, en particulier en Turquie avec leurs technologies avanc\u00e9es modernes et des prix beaucoup plus abordables que ce qui est offert dans les pays occidentaux. Une proc\u00e9dure d&rsquo;implant dentaire All-on-6 prend g\u00e9n\u00e9ralement deux visites chez le dentiste, et vous pourrez profiter de dents saines pendant de nombreuses ann\u00e9es par la suite.<br \/>\n<strong>Les avantages d&rsquo;obtenir des implants dentaires All-on-6 en Turquie<\/strong><\/p>\n<p>La Turquie est une destination populaire pour les implants dentaires All-on-6 en raison des nombreux avantages et des avantages b\u00e9n\u00e9fiques que ces implants offrent. La proc\u00e9dure All-on-6 consiste \u00e0 placer six implants dentaires strat\u00e9giquement plac\u00e9s dans la m\u00e2choire sup\u00e9rieure ou inf\u00e9rieure, qui sont ensuite utilis\u00e9s pour ancrer une proth\u00e8se dentaire permanente. La Turquie est l&rsquo;un des meilleurs endroits pour cette proc\u00e9dure en raison de son niveau \u00e9lev\u00e9 de confort et de s\u00e9curit\u00e9, ainsi que des professionnels de la sant\u00e9 qui offrent un service de qualit\u00e9 \u00e0 un prix abordable. Lorsqu&rsquo;il s&rsquo;agit d&rsquo;obtenir des implants dentaires All-on-6, la Turquie devrait \u00eatre en t\u00eate de votre liste en raison de tous ses avantages notables \u2013 notamment la commodit\u00e9, l&rsquo;abordabilit\u00e9 et la qualit\u00e9.<br \/>\n<strong>Combien co\u00fbtent les implants dentaires All-on-6 en Turquie<\/strong><\/p>\n<p>Obtenir des implants dentaires All-on-6 en Turquie est l&rsquo;une des options les plus rentables sur le march\u00e9, et cela vient avec tous les avantages associ\u00e9s \u00e0 cette technologie r\u00e9volutionnaire. Comprendre tous les \u00e9l\u00e9ments qui contribuent \u00e0 une ventilation des prix peut \u00eatre une t\u00e2che \u00e9crasante, alors nous l&rsquo;avons tout d\u00e9compos\u00e9 pour vous.<\/p>\n<p>Que vous calculiez tous ces chiffres vous-m\u00eame ou examiniez les chiffres fournis, les implants dentaires All-on-6 en Turquie offrent certains des taux les plus bas au monde. C&rsquo;est votre chance de profiter d&rsquo;une qualit\u00e9 de premier ordre pour une fraction de ce que vous paieriez ailleurs.<br \/>\n<strong>\u00c0 quoi s&rsquo;attendre apr\u00e8s avoir obtenu des implants dentaires All-on-6 en Turquie ?<\/strong><\/p>\n<p>Obtenir des implants dentaires All-on-6 en Turquie peut \u00eatre une excellente d\u00e9cision pour ceux qui souhaitent restaurer leur sourire. Avec les implants dentaires All-on-6, un ensemble complet de dents peut \u00eatre restaur\u00e9 en une seule fois, offrant un plus grand confort et une plus grande commodit\u00e9 que les m\u00e9thodes traditionnelles.<\/p>\n<p>La p\u00e9riode de r\u00e9cup\u00e9ration est g\u00e9n\u00e9ralement assez courte et les soins postop\u00e9ratoires peuvent \u00eatre dispens\u00e9s dans de nombreuses cliniques dentaires renomm\u00e9es de Turquie. Avec les implants All-on-6, les patients auront une vari\u00e9t\u00e9 d&rsquo;options lorsqu&rsquo;il s&rsquo;agit de choisir la meilleure solution d&rsquo;implant pour leurs besoins. Et avec des professionnels exp\u00e9riment\u00e9s fournissant des conseils et des soins tout au long du processus, les implants All-on-6 peuvent restaurer votre sourire rapidement et confortablement.<\/p>\n<p>Jusqu&rsquo;au prochain article de blog, restez en contact chers lecteurs!<\/p>\n","protected":false},"excerpt":{"rendered":"<p>Voyager en Turquie pour des implants dentaires All-on-6 peut certainement \u00eatre une bonne id\u00e9e, car le pays offre des services de haute qualit\u00e9 et abordables \u2013 et certains des meilleurs dentistes du monde. Dans notre article de blog d&rsquo;aujourd&rsquo;hui, nous discuterons de ce que vous devez savoir avant de prendre rendez-vous avec un dentiste turc. [&hellip;]<\/p>\n","protected":false},"author":1,"featured_media":0,"parent":0,"menu_order":0,"comment_status":"closed","ping_status":"closed","template":"","meta":{"footnotes":""},"class_list":["post-71062","page","type-page","status-publish","hentry"],"acf":[],"yoast_head":"<!-- This site is optimized with the Yoast SEO plugin v27.4 - https:\/\/yoast.com\/product\/yoast-seo-wordpress\/ -->\n<title>Implants Dentaires All-on-6 En Turquie - \u00c0 Partir De 2800\u20ac<\/title>\n<meta name=\"description\" content=\"Implants Dentaires All-on-6 En Turquie - Meilleures Cliniques Dentaires En Turquie | Devis Gratuits | H\u00e9bergement Gratuit | Transfert Gratuit\" \/>\n<meta name=\"robots\" content=\"index, follow, max-snippet:-1, max-image-preview:large, max-video-preview:-1\" \/>\n<link rel=\"canonical\" href=\"https:\/\/dentiststurkey.com\/fr\/all-on-6-implants-dentaires-turquie\/\" \/>\n<meta property=\"og:locale\" content=\"fr_FR\" \/>\n<meta property=\"og:type\" content=\"article\" \/>\n<meta property=\"og:title\" content=\"Implants Dentaires All-on-6 En Turquie - \u00c0 Partir De 2800\u20ac\" \/>\n<meta property=\"og:description\" content=\"Implants Dentaires All-on-6 En Turquie - Meilleures Cliniques Dentaires En Turquie | Devis Gratuits | H\u00e9bergement Gratuit | Transfert Gratuit\" \/>\n<meta property=\"og:url\" content=\"https:\/\/dentiststurkey.com\/fr\/all-on-6-implants-dentaires-turquie\/\" \/>\n<meta property=\"og:site_name\" content=\"Dentists Turkey\" \/>\n<meta property=\"article:modified_time\" content=\"2026-04-16T15:43:58+00:00\" \/>\n<meta name=\"twitter:card\" content=\"summary_large_image\" \/>\n<meta name=\"twitter:label1\" content=\"Dur\u00e9e de lecture estim\u00e9e\" \/>\n\t<meta name=\"twitter:data1\" content=\"3 minutes\" \/>\n<script type=\"application\/ld+json\" class=\"yoast-schema-graph\">{\"@context\":\"https:\\\/\\\/schema.org\",\"@graph\":[{\"@type\":\"WebPage\",\"@id\":\"https:\\\/\\\/dentiststurkey.com\\\/fr\\\/all-on-6-implants-dentaires-turquie\\\/\",\"url\":\"https:\\\/\\\/dentiststurkey.com\\\/fr\\\/all-on-6-implants-dentaires-turquie\\\/\",\"name\":\"Implants Dentaires All-on-6 En Turquie - \u00c0 Partir De 2800\u20ac\",\"isPartOf\":{\"@id\":\"http:\\\/\\\/dentiststurkey.com\\\/fr\\\/#website\"},\"datePublished\":\"2023-02-05T14:08:31+00:00\",\"dateModified\":\"2026-04-16T15:43:58+00:00\",\"description\":\"Implants Dentaires All-on-6 En Turquie - Meilleures Cliniques Dentaires En Turquie | Devis Gratuits | H\u00e9bergement Gratuit | Transfert Gratuit\",\"breadcrumb\":{\"@id\":\"https:\\\/\\\/dentiststurkey.com\\\/fr\\\/all-on-6-implants-dentaires-turquie\\\/#breadcrumb\"},\"inLanguage\":\"fr-FR\",\"potentialAction\":[{\"@type\":\"ReadAction\",\"target\":[\"https:\\\/\\\/dentiststurkey.com\\\/fr\\\/all-on-6-implants-dentaires-turquie\\\/\"]}]},{\"@type\":\"BreadcrumbList\",\"@id\":\"https:\\\/\\\/dentiststurkey.com\\\/fr\\\/all-on-6-implants-dentaires-turquie\\\/#breadcrumb\",\"itemListElement\":[{\"@type\":\"ListItem\",\"position\":1,\"name\":\"Home\",\"item\":\"https:\\\/\\\/dentiststurkey.com\\\/fr\\\/\"},{\"@type\":\"ListItem\",\"position\":2,\"name\":\"All On 6 Implants Dentaires Turquie\"}]},{\"@type\":\"WebSite\",\"@id\":\"http:\\\/\\\/dentiststurkey.com\\\/fr\\\/#website\",\"url\":\"http:\\\/\\\/dentiststurkey.com\\\/fr\\\/\",\"name\":\"Dentists Turkey\",\"description\":\"Best Dental Clinics\",\"publisher\":{\"@id\":\"http:\\\/\\\/dentiststurkey.com\\\/fr\\\/#organization\"},\"potentialAction\":[{\"@type\":\"SearchAction\",\"target\":{\"@type\":\"EntryPoint\",\"urlTemplate\":\"http:\\\/\\\/dentiststurkey.com\\\/fr\\\/?s={search_term_string}\"},\"query-input\":{\"@type\":\"PropertyValueSpecification\",\"valueRequired\":true,\"valueName\":\"search_term_string\"}}],\"inLanguage\":\"fr-FR\"},{\"@type\":\"Organization\",\"@id\":\"http:\\\/\\\/dentiststurkey.com\\\/fr\\\/#organization\",\"name\":\"Dentists Turkey\",\"url\":\"http:\\\/\\\/dentiststurkey.com\\\/fr\\\/\",\"logo\":{\"@type\":\"ImageObject\",\"inLanguage\":\"fr-FR\",\"@id\":\"http:\\\/\\\/dentiststurkey.com\\\/fr\\\/#\\\/schema\\\/logo\\\/image\\\/\",\"url\":\"https:\\\/\\\/dentiststurkey.com\\\/wp-content\\\/uploads\\\/2023\\\/02\\\/logo-dentists-400.webp\",\"contentUrl\":\"https:\\\/\\\/dentiststurkey.com\\\/wp-content\\\/uploads\\\/2023\\\/02\\\/logo-dentists-400.webp\",\"width\":400,\"height\":148,\"caption\":\"Dentists Turkey\"},\"image\":{\"@id\":\"http:\\\/\\\/dentiststurkey.com\\\/fr\\\/#\\\/schema\\\/logo\\\/image\\\/\"}}]}<\/script>\n<!-- \/ Yoast SEO plugin. -->","yoast_head_json":{"title":"Implants Dentaires All-on-6 En Turquie - \u00c0 Partir De 2800\u20ac","description":"Implants Dentaires All-on-6 En Turquie - Meilleures Cliniques Dentaires En Turquie | Devis Gratuits | H\u00e9bergement Gratuit | Transfert Gratuit","robots":{"index":"index","follow":"follow","max-snippet":"max-snippet:-1","max-image-preview":"max-image-preview:large","max-video-preview":"max-video-preview:-1"},"canonical":"https:\/\/dentiststurkey.com\/fr\/all-on-6-implants-dentaires-turquie\/","og_locale":"fr_FR","og_type":"article","og_title":"Implants Dentaires All-on-6 En Turquie - \u00c0 Partir De 2800\u20ac","og_description":"Implants Dentaires All-on-6 En Turquie - Meilleures Cliniques Dentaires En Turquie | Devis Gratuits | H\u00e9bergement Gratuit | Transfert Gratuit","og_url":"https:\/\/dentiststurkey.com\/fr\/all-on-6-implants-dentaires-turquie\/","og_site_name":"Dentists Turkey","article_modified_time":"2026-04-16T15:43:58+00:00","twitter_card":"summary_large_image","twitter_misc":{"Dur\u00e9e de lecture estim\u00e9e":"3 minutes"},"schema":{"@context":"https:\/\/schema.org","@graph":[{"@type":"WebPage","@id":"https:\/\/dentiststurkey.com\/fr\/all-on-6-implants-dentaires-turquie\/","url":"https:\/\/dentiststurkey.com\/fr\/all-on-6-implants-dentaires-turquie\/","name":"Implants Dentaires All-on-6 En Turquie - \u00c0 Partir De 2800\u20ac","isPartOf":{"@id":"http:\/\/dentiststurkey.com\/fr\/#website"},"datePublished":"2023-02-05T14:08:31+00:00","dateModified":"2026-04-16T15:43:58+00:00","description":"Implants Dentaires All-on-6 En Turquie - Meilleures Cliniques Dentaires En Turquie | Devis Gratuits | H\u00e9bergement Gratuit | Transfert Gratuit","breadcrumb":{"@id":"https:\/\/dentiststurkey.com\/fr\/all-on-6-implants-dentaires-turquie\/#breadcrumb"},"inLanguage":"fr-FR","potentialAction":[{"@type":"ReadAction","target":["https:\/\/dentiststurkey.com\/fr\/all-on-6-implants-dentaires-turquie\/"]}]},{"@type":"BreadcrumbList","@id":"https:\/\/dentiststurkey.com\/fr\/all-on-6-implants-dentaires-turquie\/#breadcrumb","itemListElement":[{"@type":"ListItem","position":1,"name":"Home","item":"https:\/\/dentiststurkey.com\/fr\/"},{"@type":"ListItem","position":2,"name":"All On 6 Implants Dentaires Turquie"}]},{"@type":"WebSite","@id":"http:\/\/dentiststurkey.com\/fr\/#website","url":"http:\/\/dentiststurkey.com\/fr\/","name":"Dentists Turkey","description":"Best Dental Clinics","publisher":{"@id":"http:\/\/dentiststurkey.com\/fr\/#organization"},"potentialAction":[{"@type":"SearchAction","target":{"@type":"EntryPoint","urlTemplate":"http:\/\/dentiststurkey.com\/fr\/?s={search_term_string}"},"query-input":{"@type":"PropertyValueSpecification","valueRequired":true,"valueName":"search_term_string"}}],"inLanguage":"fr-FR"},{"@type":"Organization","@id":"http:\/\/dentiststurkey.com\/fr\/#organization","name":"Dentists Turkey","url":"http:\/\/dentiststurkey.com\/fr\/","logo":{"@type":"ImageObject","inLanguage":"fr-FR","@id":"http:\/\/dentiststurkey.com\/fr\/#\/schema\/logo\/image\/","url":"https:\/\/dentiststurkey.com\/wp-content\/uploads\/2023\/02\/logo-dentists-400.webp","contentUrl":"https:\/\/dentiststurkey.com\/wp-content\/uploads\/2023\/02\/logo-dentists-400.webp","width":400,"height":148,"caption":"Dentists Turkey"},"image":{"@id":"http:\/\/dentiststurkey.com\/fr\/#\/schema\/logo\/image\/"}}]}},"_links":{"self":[{"href":"https:\/\/dentiststurkey.com\/fr\/wp-json\/wp\/v2\/pages\/71062","targetHints":{"allow":["GET"]}}],"collection":[{"href":"https:\/\/dentiststurkey.com\/fr\/wp-json\/wp\/v2\/pages"}],"about":[{"href":"https:\/\/dentiststurkey.com\/fr\/wp-json\/wp\/v2\/types\/page"}],"author":[{"embeddable":true,"href":"https:\/\/dentiststurkey.com\/fr\/wp-json\/wp\/v2\/users\/1"}],"replies":[{"embeddable":true,"href":"https:\/\/dentiststurkey.com\/fr\/wp-json\/wp\/v2\/comments?post=71062"}],"version-history":[{"count":1,"href":"https:\/\/dentiststurkey.com\/fr\/wp-json\/wp\/v2\/pages\/71062\/revisions"}],"predecessor-version":[{"id":74210,"href":"https:\/\/dentiststurkey.com\/fr\/wp-json\/wp\/v2\/pages\/71062\/revisions\/74210"}],"wp:attachment":[{"href":"https:\/\/dentiststurkey.com\/fr\/wp-json\/wp\/v2\/media?parent=71062"}],"curies":[{"name":"wp","href":"https:\/\/api.w.org\/{rel}","templated":true}]}}