{"id":71071,"date":"2023-02-05T17:42:57","date_gmt":"2023-02-05T14:42:57","guid":{"rendered":"https:\/\/dentiststurkey.com\/hollywood-smile-turkey\/"},"modified":"2026-04-16T18:37:51","modified_gmt":"2026-04-16T15:37:51","slug":"hollywood-smile-turquie","status":"publish","type":"page","link":"https:\/\/dentiststurkey.com\/fr\/hollywood-smile-turquie\/","title":{"rendered":"Hollywood Smile Turquie"},"content":{"rendered":"<p>Sourire et profiter du moment est quelque chose que chacun d&rsquo;entre nous recherche, mais obtenir un beau sourire peut souvent \u00eatre hors de port\u00e9e. Que ce soit en raison de probl\u00e8mes de sant\u00e9 dentaire ou de contraintes financi\u00e8res, atteindre ce sourire de style Hollywood semble parfois impossible. Mais maintenant, il y a enfin de l&rsquo;espoir \u2013 le tourisme m\u00e9dical en Turquie offre une opportunit\u00e9 incroyable aux gens d&rsquo;obtenir leurs nouvelles dents \u00e0 un prix imbattable sans compromettre la qualit\u00e9 !<\/p>\n<p>Gr\u00e2ce \u00e0 nos <a href=\"#testimonials\"> services exemplaires<\/a>, nous nous assurons que vous recevez des soins dentaires de premi\u00e8re qualit\u00e9 tout en b\u00e9n\u00e9ficiant de r\u00e9ductions sur vos proc\u00e9dures, rendant la perfection de votre sourire de r\u00eave plus accessible que jamais. Lisez la suite pour d\u00e9couvrir comment vous pouvez avoir vos propres dents toutes neuves en un rien de temps !<\/p>\n<p><strong>Qu&rsquo;est-ce qu&rsquo;un sourire Hollywoodien et pourquoi les gens le veulent-ils tant ?<\/strong><\/p>\n<p>Un sourire Hollywoodien est un parfait ensemble de dents que de nombreuses c\u00e9l\u00e9brit\u00e9s arborent. Les sourires Hollywoodiens sont si populaires car ils pr\u00e9sentent des dents blanches, droites et lumineuses. Beaucoup de gens veulent obtenir un sourire Hollywoodien pour pouvoir afficher les m\u00eames belles dents que les stars.<\/p>\n<p>Les sourires d&rsquo;Hollywood sont obtenus en utilisant des facettes en porcelaine, une fine coquille en porcelaine de couleur dentaire qui s&rsquo;adapte sur vos dents naturelles pour obtenir un sourire plus sym\u00e9trique, droit et parfait. Les facettes en porcelaine sont fabriqu\u00e9es sur mesure pour chaque patient, ce qui facilite la recherche du sourire d&rsquo;Hollywood parfait pour tout le monde. Et le meilleur de tout, elles sont \u00e9tonnamment abordables, donc vous n&rsquo;avez pas \u00e0 d\u00e9penser une fortune pour obtenir le sourire d&rsquo;Hollywood parfait.<\/p>\n<p><strong>Quels sont les risques possibles ?<\/strong><\/p>\n<p>Les sourires hollywoodiens sont un excellent moyen d&rsquo;am\u00e9liorer la confiance en soi de chaque individu, et c&rsquo;est pourquoi un sourire hollywoodien en Turquie est devenu de plus en plus populaire. Cependant, malgr\u00e9 les avantages, de nombreuses personnes ne sont pas conscientes des risques associ\u00e9s \u00e0 ce type de traitement.<\/p>\n<p>Il est important de savoir que les techniques et les traitements de sourire hollywoodien utilis\u00e9s en Turquie peuvent ne pas \u00eatre \u00e0 la m\u00eame norme que ceux trouv\u00e9s dans le monde entier si vous ne choisissez pas votre expert avec soin. Il est toujours pr\u00e9f\u00e9rable de faire des recherches approfondies sur le m\u00e9decin et la clinique avant de proc\u00e9der \u00e0 toute intervention esth\u00e9tique, surtout si elle est effectu\u00e9e \u00e0 l&rsquo;\u00e9tranger. Ne vous inqui\u00e9tez pas, c&rsquo;est exactement notre objectif, vous aider \u00e0 \u00e9viter ce genre d&rsquo;erreurs !<\/p>\n<p>En plus de cela, les barri\u00e8res linguistiques peuvent \u00e9galement \u00eatre un probl\u00e8me lors de la r\u00e9ception d&rsquo;un traitement \u00e0 l&rsquo;\u00e9tranger. Le bon c\u00f4t\u00e9 des choses est que si vous prenez toutes les pr\u00e9cautions raisonnables telles que la recherche de plusieurs consultations aupr\u00e8s de diff\u00e9rents m\u00e9decins et cliniques, obtenir un sourire hollywoodien en Turquie peut encore avoir plus d&rsquo;avantages que d&rsquo;inconv\u00e9nients ! Donc&#8230;<\/p>\n<p><strong>Pourquoi devriez-vous nous contacter ?<\/strong><\/p>\n<p>Obtenir un sourire hollywoodien en Turquie est une solution de plus en plus populaire pour ceux qui cherchent \u00e0 transformer leur sourire et \u00e0 am\u00e9liorer leur confiance en soi. Les prix peuvent varier en fonction de la complexit\u00e9 de la proc\u00e9dure, mais notre \u00e9quipe peut fournir des devis d\u00e9taill\u00e9s, afin que vous obteniez la meilleure offre possible. Il vaut la peine de rechercher les prix des diff\u00e9rentes cliniques ici, mais soyez assur\u00e9 que quel que soit votre budget, notre \u00e9quipe sera en mesure de r\u00e9aliser vos r\u00eaves de sourire hollywoodien. Alors pourquoi ne pas nous appeler aujourd&rsquo;hui et r\u00e9aliser ce sourire hollywoodien ?!<\/p>\n","protected":false},"excerpt":{"rendered":"<p>Sourire et profiter du moment est quelque chose que chacun d&rsquo;entre nous recherche, mais obtenir un beau sourire peut souvent \u00eatre hors de port\u00e9e. Que ce soit en raison de probl\u00e8mes de sant\u00e9 dentaire ou de contraintes financi\u00e8res, atteindre ce sourire de style Hollywood semble parfois impossible. Mais maintenant, il y a enfin de l&rsquo;espoir [&hellip;]<\/p>\n","protected":false},"author":1,"featured_media":0,"parent":0,"menu_order":0,"comment_status":"closed","ping_status":"closed","template":"","meta":{"footnotes":""},"class_list":["post-71071","page","type-page","status-publish","hentry"],"acf":[],"yoast_head":"<!-- This site is optimized with the Yoast SEO plugin v27.4 - https:\/\/yoast.com\/product\/yoast-seo-wordpress\/ -->\n<title>Hollywood Smile En Turquie - \u00c0 Partir De 2500\u20ac<\/title>\n<meta name=\"description\" content=\"Hollywood Smile En Turquie - Meilleures Cliniques Dentaires En Turquie | Devis Gratuits | H\u00e9bergement Gratuit | Transfert Gratuit\" \/>\n<meta name=\"robots\" content=\"index, follow, max-snippet:-1, max-image-preview:large, max-video-preview:-1\" \/>\n<link rel=\"canonical\" href=\"https:\/\/dentiststurkey.com\/fr\/hollywood-smile-turquie\/\" \/>\n<meta property=\"og:locale\" content=\"fr_FR\" \/>\n<meta property=\"og:type\" content=\"article\" \/>\n<meta property=\"og:title\" content=\"Hollywood Smile En Turquie - \u00c0 Partir De 2500\u20ac\" \/>\n<meta property=\"og:description\" content=\"Hollywood Smile En Turquie - Meilleures Cliniques Dentaires En Turquie | Devis Gratuits | H\u00e9bergement Gratuit | Transfert Gratuit\" \/>\n<meta property=\"og:url\" content=\"https:\/\/dentiststurkey.com\/fr\/hollywood-smile-turquie\/\" \/>\n<meta property=\"og:site_name\" content=\"Dentists Turkey\" \/>\n<meta property=\"article:modified_time\" content=\"2026-04-16T15:37:51+00:00\" \/>\n<meta name=\"twitter:card\" content=\"summary_large_image\" \/>\n<meta name=\"twitter:label1\" content=\"Dur\u00e9e de lecture estim\u00e9e\" \/>\n\t<meta name=\"twitter:data1\" content=\"3 minutes\" \/>\n<script type=\"application\/ld+json\" class=\"yoast-schema-graph\">{\"@context\":\"https:\\\/\\\/schema.org\",\"@graph\":[{\"@type\":\"WebPage\",\"@id\":\"https:\\\/\\\/dentiststurkey.com\\\/fr\\\/hollywood-smile-turquie\\\/\",\"url\":\"https:\\\/\\\/dentiststurkey.com\\\/fr\\\/hollywood-smile-turquie\\\/\",\"name\":\"Hollywood Smile En Turquie - \u00c0 Partir De 2500\u20ac\",\"isPartOf\":{\"@id\":\"http:\\\/\\\/dentiststurkey.com\\\/fr\\\/#website\"},\"datePublished\":\"2023-02-05T14:42:57+00:00\",\"dateModified\":\"2026-04-16T15:37:51+00:00\",\"description\":\"Hollywood Smile En Turquie - Meilleures Cliniques Dentaires En Turquie | Devis Gratuits | H\u00e9bergement Gratuit | Transfert Gratuit\",\"breadcrumb\":{\"@id\":\"https:\\\/\\\/dentiststurkey.com\\\/fr\\\/hollywood-smile-turquie\\\/#breadcrumb\"},\"inLanguage\":\"fr-FR\",\"potentialAction\":[{\"@type\":\"ReadAction\",\"target\":[\"https:\\\/\\\/dentiststurkey.com\\\/fr\\\/hollywood-smile-turquie\\\/\"]}]},{\"@type\":\"BreadcrumbList\",\"@id\":\"https:\\\/\\\/dentiststurkey.com\\\/fr\\\/hollywood-smile-turquie\\\/#breadcrumb\",\"itemListElement\":[{\"@type\":\"ListItem\",\"position\":1,\"name\":\"Home\",\"item\":\"https:\\\/\\\/dentiststurkey.com\\\/fr\\\/\"},{\"@type\":\"ListItem\",\"position\":2,\"name\":\"Hollywood Smile Turquie\"}]},{\"@type\":\"WebSite\",\"@id\":\"http:\\\/\\\/dentiststurkey.com\\\/fr\\\/#website\",\"url\":\"http:\\\/\\\/dentiststurkey.com\\\/fr\\\/\",\"name\":\"Dentists Turkey\",\"description\":\"Best Dental Clinics\",\"publisher\":{\"@id\":\"http:\\\/\\\/dentiststurkey.com\\\/fr\\\/#organization\"},\"potentialAction\":[{\"@type\":\"SearchAction\",\"target\":{\"@type\":\"EntryPoint\",\"urlTemplate\":\"http:\\\/\\\/dentiststurkey.com\\\/fr\\\/?s={search_term_string}\"},\"query-input\":{\"@type\":\"PropertyValueSpecification\",\"valueRequired\":true,\"valueName\":\"search_term_string\"}}],\"inLanguage\":\"fr-FR\"},{\"@type\":\"Organization\",\"@id\":\"http:\\\/\\\/dentiststurkey.com\\\/fr\\\/#organization\",\"name\":\"Dentists Turkey\",\"url\":\"http:\\\/\\\/dentiststurkey.com\\\/fr\\\/\",\"logo\":{\"@type\":\"ImageObject\",\"inLanguage\":\"fr-FR\",\"@id\":\"http:\\\/\\\/dentiststurkey.com\\\/fr\\\/#\\\/schema\\\/logo\\\/image\\\/\",\"url\":\"https:\\\/\\\/dentiststurkey.com\\\/wp-content\\\/uploads\\\/2023\\\/02\\\/logo-dentists-400.webp\",\"contentUrl\":\"https:\\\/\\\/dentiststurkey.com\\\/wp-content\\\/uploads\\\/2023\\\/02\\\/logo-dentists-400.webp\",\"width\":400,\"height\":148,\"caption\":\"Dentists Turkey\"},\"image\":{\"@id\":\"http:\\\/\\\/dentiststurkey.com\\\/fr\\\/#\\\/schema\\\/logo\\\/image\\\/\"}}]}<\/script>\n<!-- \/ Yoast SEO plugin. -->","yoast_head_json":{"title":"Hollywood Smile En Turquie - \u00c0 Partir De 2500\u20ac","description":"Hollywood Smile En Turquie - Meilleures Cliniques Dentaires En Turquie | Devis Gratuits | H\u00e9bergement Gratuit | Transfert Gratuit","robots":{"index":"index","follow":"follow","max-snippet":"max-snippet:-1","max-image-preview":"max-image-preview:large","max-video-preview":"max-video-preview:-1"},"canonical":"https:\/\/dentiststurkey.com\/fr\/hollywood-smile-turquie\/","og_locale":"fr_FR","og_type":"article","og_title":"Hollywood Smile En Turquie - \u00c0 Partir De 2500\u20ac","og_description":"Hollywood Smile En Turquie - Meilleures Cliniques Dentaires En Turquie | Devis Gratuits | H\u00e9bergement Gratuit | Transfert Gratuit","og_url":"https:\/\/dentiststurkey.com\/fr\/hollywood-smile-turquie\/","og_site_name":"Dentists Turkey","article_modified_time":"2026-04-16T15:37:51+00:00","twitter_card":"summary_large_image","twitter_misc":{"Dur\u00e9e de lecture estim\u00e9e":"3 minutes"},"schema":{"@context":"https:\/\/schema.org","@graph":[{"@type":"WebPage","@id":"https:\/\/dentiststurkey.com\/fr\/hollywood-smile-turquie\/","url":"https:\/\/dentiststurkey.com\/fr\/hollywood-smile-turquie\/","name":"Hollywood Smile En Turquie - \u00c0 Partir De 2500\u20ac","isPartOf":{"@id":"http:\/\/dentiststurkey.com\/fr\/#website"},"datePublished":"2023-02-05T14:42:57+00:00","dateModified":"2026-04-16T15:37:51+00:00","description":"Hollywood Smile En Turquie - Meilleures Cliniques Dentaires En Turquie | Devis Gratuits | H\u00e9bergement Gratuit | Transfert Gratuit","breadcrumb":{"@id":"https:\/\/dentiststurkey.com\/fr\/hollywood-smile-turquie\/#breadcrumb"},"inLanguage":"fr-FR","potentialAction":[{"@type":"ReadAction","target":["https:\/\/dentiststurkey.com\/fr\/hollywood-smile-turquie\/"]}]},{"@type":"BreadcrumbList","@id":"https:\/\/dentiststurkey.com\/fr\/hollywood-smile-turquie\/#breadcrumb","itemListElement":[{"@type":"ListItem","position":1,"name":"Home","item":"https:\/\/dentiststurkey.com\/fr\/"},{"@type":"ListItem","position":2,"name":"Hollywood Smile Turquie"}]},{"@type":"WebSite","@id":"http:\/\/dentiststurkey.com\/fr\/#website","url":"http:\/\/dentiststurkey.com\/fr\/","name":"Dentists Turkey","description":"Best Dental Clinics","publisher":{"@id":"http:\/\/dentiststurkey.com\/fr\/#organization"},"potentialAction":[{"@type":"SearchAction","target":{"@type":"EntryPoint","urlTemplate":"http:\/\/dentiststurkey.com\/fr\/?s={search_term_string}"},"query-input":{"@type":"PropertyValueSpecification","valueRequired":true,"valueName":"search_term_string"}}],"inLanguage":"fr-FR"},{"@type":"Organization","@id":"http:\/\/dentiststurkey.com\/fr\/#organization","name":"Dentists Turkey","url":"http:\/\/dentiststurkey.com\/fr\/","logo":{"@type":"ImageObject","inLanguage":"fr-FR","@id":"http:\/\/dentiststurkey.com\/fr\/#\/schema\/logo\/image\/","url":"https:\/\/dentiststurkey.com\/wp-content\/uploads\/2023\/02\/logo-dentists-400.webp","contentUrl":"https:\/\/dentiststurkey.com\/wp-content\/uploads\/2023\/02\/logo-dentists-400.webp","width":400,"height":148,"caption":"Dentists Turkey"},"image":{"@id":"http:\/\/dentiststurkey.com\/fr\/#\/schema\/logo\/image\/"}}]}},"_links":{"self":[{"href":"https:\/\/dentiststurkey.com\/fr\/wp-json\/wp\/v2\/pages\/71071","targetHints":{"allow":["GET"]}}],"collection":[{"href":"https:\/\/dentiststurkey.com\/fr\/wp-json\/wp\/v2\/pages"}],"about":[{"href":"https:\/\/dentiststurkey.com\/fr\/wp-json\/wp\/v2\/types\/page"}],"author":[{"embeddable":true,"href":"https:\/\/dentiststurkey.com\/fr\/wp-json\/wp\/v2\/users\/1"}],"replies":[{"embeddable":true,"href":"https:\/\/dentiststurkey.com\/fr\/wp-json\/wp\/v2\/comments?post=71071"}],"version-history":[{"count":1,"href":"https:\/\/dentiststurkey.com\/fr\/wp-json\/wp\/v2\/pages\/71071\/revisions"}],"predecessor-version":[{"id":74211,"href":"https:\/\/dentiststurkey.com\/fr\/wp-json\/wp\/v2\/pages\/71071\/revisions\/74211"}],"wp:attachment":[{"href":"https:\/\/dentiststurkey.com\/fr\/wp-json\/wp\/v2\/media?parent=71071"}],"curies":[{"name":"wp","href":"https:\/\/api.w.org\/{rel}","templated":true}]}}