{"id":71074,"date":"2023-02-05T17:11:48","date_gmt":"2023-02-05T14:11:48","guid":{"rendered":"https:\/\/dentiststurkey.com\/zirconia-crowns-turkey\/"},"modified":"2026-04-16T18:38:39","modified_gmt":"2026-04-16T15:38:39","slug":"couronnes-en-zircone-turquie","status":"publish","type":"page","link":"https:\/\/dentiststurkey.com\/fr\/couronnes-en-zircone-turquie\/","title":{"rendered":"Couronnes en Zircone Turquie"},"content":{"rendered":"<p>Avez-vous cherch\u00e9 un moyen d&rsquo;obtenir des soins dentaires de haute qualit\u00e9 sans vous ruiner? Les couronnes en zircone pourraient \u00eatre la solution que vous cherchez. En combinant des mat\u00e9riaux de premi\u00e8re qualit\u00e9 avec un service personnalis\u00e9 et attentionn\u00e9, les couronnes en zircone offrent plus que de la commodit\u00e9 \u2013 elles peuvent \u00e9galement faire une \u00e9norme diff\u00e9rence pour votre sant\u00e9 bucco-dentaire globale.<\/p>\n<p>Si cela ne suffit pas comme incitation, consid\u00e9rez ces quatre excellentes raisons pour lesquelles choisir la Turquie comme destination pour les couronnes en zircone est dans votre meilleur int\u00e9r\u00eat : des dentistes hautement qualifi\u00e9s, des prix abordables, des proc\u00e9dures \u00e9prouv\u00e9es, des r\u00e9sultats plus rapides et des taux de r\u00e9ussite plus \u00e9lev\u00e9s par rapport \u00e0 d&rsquo;autres pays. Lisez la suite pour d\u00e9couvrir tout ce que la Turquie a \u00e0 offrir en mati\u00e8re de couronnes en zircone !<\/p>\n<p><strong>Les experts #1 au monde<\/strong><\/p>\n<p>La Turquie est renomm\u00e9e pour son patrimoine <a href=\"https:\/\/dentiststurkey.com\/fr\/dentiste-turquie\/\"> dentaire <\/a>, offrant des couronnes en zircone travaill\u00e9es par certains des dentistes les plus hautement qualifi\u00e9s et bien form\u00e9s du monde. Ces couronnes en zircone sont un choix populaire en Turquie car elles offrent une force et une durabilit\u00e9, ce qui signifie que vous pouvez profiter de votre sourire pendant de nombreuses ann\u00e9es \u00e0 venir !<\/p>\n<p>Les experts turcs ne portent pas seulement le manteau d&rsquo;une longue tradition de dentisterie exceptionnelle, mais leur niveau de comp\u00e9tence et leur attention aux d\u00e9tails signifient que les clients re\u00e7oivent un traitement de premi\u00e8re qualit\u00e9 des meilleurs experts du domaine. Avec des couronnes en zircone fabriqu\u00e9es en Turquie, vous choisissez une expertise et une exp\u00e9rience de confiance parmi les professionnels les plus qualifi\u00e9s du monde.<\/p>\n<p><strong>Les prix #1 au monde<\/strong><\/p>\n<p>Les couronnes en zircone deviennent rapidement la restauration dentaire de choix pour les patients et les praticiens en Turquie. Non seulement la zircone est nettement moins ch\u00e8re que son \u00e9quivalent occidental, mais elle offre \u00e9galement plus de valeur pour l&rsquo;argent que les solutions dentaires de nombreux pays en d\u00e9veloppement. Elle a \u00e9t\u00e9 prouv\u00e9e pour durer plus d&rsquo;une d\u00e9cennie, \u00eatre biocompatible, durable et esth\u00e9tiquement plaisante \u2013 faisant de la zircone un choix id\u00e9al pour les personnes cherchant des restaurations dentaires sur mesure. Les couronnes permanentes en zircone en Turquie aident les gens \u00e0 r\u00e9v\u00e9ler leur vrai sourire sans se ruiner.<\/p>\n<p><strong>L\u2019exp\u00e9rience #1 au monde<\/strong><\/p>\n<p>Les patients en Turquie ont essay\u00e9 les couronnes en zircone avec d&rsquo;excellents r\u00e9sultats. Cette proc\u00e9dure courante a \u00e9t\u00e9 r\u00e9alis\u00e9e d&rsquo;innombrables fois par des professionnels de la dentisterie dans le pays, leur donnant une exp\u00e9rience significative avec les couronnes en zircone. Les patients ayant des couronnes en zircone peuvent \u00eatre confiants que la proc\u00e9dure a \u00e9t\u00e9 r\u00e9alis\u00e9e de mani\u00e8re routini\u00e8re en Turquie et qu&rsquo;elle aboutira probablement \u00e0 une solution durable \u00e0 leurs besoins dentaires. L&rsquo;exp\u00e9rience turque avec les couronnes en zircone est une exp\u00e9rience qui offre des r\u00e9sultats positifs pour les patients dentaires dans tout le pays.<\/p>\n<p><strong>Le taux de r\u00e9ussite #1 au monde<\/strong><\/p>\n<p>Les couronnes en zircone en Turquie deviennent sans aucun doute de plus en plus populaires. Les patients obtiennent des r\u00e9sultats incroyablement rapides et avec un taux de r\u00e9ussite \u00e9tonnant. Cela \u00e9limine presque compl\u00e8tement les tracas d&rsquo;attendre pour obtenir des accessoires dentaires \u2013 les couronnes en zircone \u2013 car les patients n&rsquo;ont plus besoin d&rsquo;attendre des semaines, voire des mois. En Turquie, les couronnes en zircone ont eu un impact remarquablement positif sur les soins de sant\u00e9 dentaire avec ses r\u00e9sultats les plus rapides et ses taux de r\u00e9ussite plus \u00e9lev\u00e9s par rapport \u00e0 d&rsquo;autres mat\u00e9riaux. C&rsquo;est certainement un choix avantageux lorsqu&rsquo;il s&rsquo;agit de choisir des couronnes en zircone pour r\u00e9soudre vos probl\u00e8mes dentaires.<\/p>\n<p><strong>L\u2019\u00e9quipe #1 au monde<\/strong><\/p>\n<p>Si vous \u00eates un patient potentiel qui envisage des traitements de couronnes en zircone, n&rsquo;h\u00e9sitez pas \u00e0 nous contacter. Nous sommes plus qu&rsquo;heureux de r\u00e9pondre \u00e0 vos questions ou de vous donner des conseils sur les meilleures options de zircone concernant <a href=\"https:\/\/dentiststurkey.com\/fr\/\"> nos services en Turquie <\/a>. Alors n&rsquo;h\u00e9sitez pas \u00e0 nous contacter d\u00e8s aujourd&rsquo;hui !<\/p>\n<p>&nbsp;<\/p>\n","protected":false},"excerpt":{"rendered":"<p>Avez-vous cherch\u00e9 un moyen d&rsquo;obtenir des soins dentaires de haute qualit\u00e9 sans vous ruiner? Les couronnes en zircone pourraient \u00eatre la solution que vous cherchez. En combinant des mat\u00e9riaux de premi\u00e8re qualit\u00e9 avec un service personnalis\u00e9 et attentionn\u00e9, les couronnes en zircone offrent plus que de la commodit\u00e9 \u2013 elles peuvent \u00e9galement faire une \u00e9norme [&hellip;]<\/p>\n","protected":false},"author":1,"featured_media":0,"parent":0,"menu_order":0,"comment_status":"closed","ping_status":"closed","template":"","meta":{"footnotes":""},"class_list":["post-71074","page","type-page","status-publish","hentry"],"acf":[],"yoast_head":"<!-- This site is optimized with the Yoast SEO plugin v27.4 - https:\/\/yoast.com\/product\/yoast-seo-wordpress\/ -->\n<title>Couronnes En Zircone En Turquie - \u00c0 Partir De 130\u20ac<\/title>\n<meta name=\"description\" content=\"Couronnes En Zircone En Turquie - Meilleures Cliniques Dentaires En Turquie | Devis Gratuits | H\u00e9bergement Gratuit | Transfert Gratuit\" \/>\n<meta name=\"robots\" content=\"index, follow, max-snippet:-1, max-image-preview:large, max-video-preview:-1\" \/>\n<link rel=\"canonical\" href=\"https:\/\/dentiststurkey.com\/fr\/couronnes-en-zircone-turquie\/\" \/>\n<meta property=\"og:locale\" content=\"fr_FR\" \/>\n<meta property=\"og:type\" content=\"article\" \/>\n<meta property=\"og:title\" content=\"Couronnes En Zircone En Turquie - \u00c0 Partir De 130\u20ac\" \/>\n<meta property=\"og:description\" content=\"Couronnes En Zircone En Turquie - Meilleures Cliniques Dentaires En Turquie | Devis Gratuits | H\u00e9bergement Gratuit | Transfert Gratuit\" \/>\n<meta property=\"og:url\" content=\"https:\/\/dentiststurkey.com\/fr\/couronnes-en-zircone-turquie\/\" \/>\n<meta property=\"og:site_name\" content=\"Dentists Turkey\" \/>\n<meta property=\"article:modified_time\" content=\"2026-04-16T15:38:39+00:00\" \/>\n<meta name=\"twitter:card\" content=\"summary_large_image\" \/>\n<meta name=\"twitter:label1\" content=\"Dur\u00e9e de lecture estim\u00e9e\" \/>\n\t<meta name=\"twitter:data1\" content=\"3 minutes\" \/>\n<script type=\"application\/ld+json\" class=\"yoast-schema-graph\">{\"@context\":\"https:\\\/\\\/schema.org\",\"@graph\":[{\"@type\":\"WebPage\",\"@id\":\"https:\\\/\\\/dentiststurkey.com\\\/fr\\\/couronnes-en-zircone-turquie\\\/\",\"url\":\"https:\\\/\\\/dentiststurkey.com\\\/fr\\\/couronnes-en-zircone-turquie\\\/\",\"name\":\"Couronnes En Zircone En Turquie - \u00c0 Partir De 130\u20ac\",\"isPartOf\":{\"@id\":\"http:\\\/\\\/dentiststurkey.com\\\/fr\\\/#website\"},\"datePublished\":\"2023-02-05T14:11:48+00:00\",\"dateModified\":\"2026-04-16T15:38:39+00:00\",\"description\":\"Couronnes En Zircone En Turquie - Meilleures Cliniques Dentaires En Turquie | Devis Gratuits | H\u00e9bergement Gratuit | Transfert Gratuit\",\"breadcrumb\":{\"@id\":\"https:\\\/\\\/dentiststurkey.com\\\/fr\\\/couronnes-en-zircone-turquie\\\/#breadcrumb\"},\"inLanguage\":\"fr-FR\",\"potentialAction\":[{\"@type\":\"ReadAction\",\"target\":[\"https:\\\/\\\/dentiststurkey.com\\\/fr\\\/couronnes-en-zircone-turquie\\\/\"]}]},{\"@type\":\"BreadcrumbList\",\"@id\":\"https:\\\/\\\/dentiststurkey.com\\\/fr\\\/couronnes-en-zircone-turquie\\\/#breadcrumb\",\"itemListElement\":[{\"@type\":\"ListItem\",\"position\":1,\"name\":\"Home\",\"item\":\"https:\\\/\\\/dentiststurkey.com\\\/fr\\\/\"},{\"@type\":\"ListItem\",\"position\":2,\"name\":\"Couronnes en Zircone Turquie\"}]},{\"@type\":\"WebSite\",\"@id\":\"http:\\\/\\\/dentiststurkey.com\\\/fr\\\/#website\",\"url\":\"http:\\\/\\\/dentiststurkey.com\\\/fr\\\/\",\"name\":\"Dentists Turkey\",\"description\":\"Best Dental Clinics\",\"publisher\":{\"@id\":\"http:\\\/\\\/dentiststurkey.com\\\/fr\\\/#organization\"},\"potentialAction\":[{\"@type\":\"SearchAction\",\"target\":{\"@type\":\"EntryPoint\",\"urlTemplate\":\"http:\\\/\\\/dentiststurkey.com\\\/fr\\\/?s={search_term_string}\"},\"query-input\":{\"@type\":\"PropertyValueSpecification\",\"valueRequired\":true,\"valueName\":\"search_term_string\"}}],\"inLanguage\":\"fr-FR\"},{\"@type\":\"Organization\",\"@id\":\"http:\\\/\\\/dentiststurkey.com\\\/fr\\\/#organization\",\"name\":\"Dentists Turkey\",\"url\":\"http:\\\/\\\/dentiststurkey.com\\\/fr\\\/\",\"logo\":{\"@type\":\"ImageObject\",\"inLanguage\":\"fr-FR\",\"@id\":\"http:\\\/\\\/dentiststurkey.com\\\/fr\\\/#\\\/schema\\\/logo\\\/image\\\/\",\"url\":\"https:\\\/\\\/dentiststurkey.com\\\/wp-content\\\/uploads\\\/2023\\\/02\\\/logo-dentists-400.webp\",\"contentUrl\":\"https:\\\/\\\/dentiststurkey.com\\\/wp-content\\\/uploads\\\/2023\\\/02\\\/logo-dentists-400.webp\",\"width\":400,\"height\":148,\"caption\":\"Dentists Turkey\"},\"image\":{\"@id\":\"http:\\\/\\\/dentiststurkey.com\\\/fr\\\/#\\\/schema\\\/logo\\\/image\\\/\"}}]}<\/script>\n<!-- \/ Yoast SEO plugin. -->","yoast_head_json":{"title":"Couronnes En Zircone En Turquie - \u00c0 Partir De 130\u20ac","description":"Couronnes En Zircone En Turquie - Meilleures Cliniques Dentaires En Turquie | Devis Gratuits | H\u00e9bergement Gratuit | Transfert Gratuit","robots":{"index":"index","follow":"follow","max-snippet":"max-snippet:-1","max-image-preview":"max-image-preview:large","max-video-preview":"max-video-preview:-1"},"canonical":"https:\/\/dentiststurkey.com\/fr\/couronnes-en-zircone-turquie\/","og_locale":"fr_FR","og_type":"article","og_title":"Couronnes En Zircone En Turquie - \u00c0 Partir De 130\u20ac","og_description":"Couronnes En Zircone En Turquie - Meilleures Cliniques Dentaires En Turquie | Devis Gratuits | H\u00e9bergement Gratuit | Transfert Gratuit","og_url":"https:\/\/dentiststurkey.com\/fr\/couronnes-en-zircone-turquie\/","og_site_name":"Dentists Turkey","article_modified_time":"2026-04-16T15:38:39+00:00","twitter_card":"summary_large_image","twitter_misc":{"Dur\u00e9e de lecture estim\u00e9e":"3 minutes"},"schema":{"@context":"https:\/\/schema.org","@graph":[{"@type":"WebPage","@id":"https:\/\/dentiststurkey.com\/fr\/couronnes-en-zircone-turquie\/","url":"https:\/\/dentiststurkey.com\/fr\/couronnes-en-zircone-turquie\/","name":"Couronnes En Zircone En Turquie - \u00c0 Partir De 130\u20ac","isPartOf":{"@id":"http:\/\/dentiststurkey.com\/fr\/#website"},"datePublished":"2023-02-05T14:11:48+00:00","dateModified":"2026-04-16T15:38:39+00:00","description":"Couronnes En Zircone En Turquie - Meilleures Cliniques Dentaires En Turquie | Devis Gratuits | H\u00e9bergement Gratuit | Transfert Gratuit","breadcrumb":{"@id":"https:\/\/dentiststurkey.com\/fr\/couronnes-en-zircone-turquie\/#breadcrumb"},"inLanguage":"fr-FR","potentialAction":[{"@type":"ReadAction","target":["https:\/\/dentiststurkey.com\/fr\/couronnes-en-zircone-turquie\/"]}]},{"@type":"BreadcrumbList","@id":"https:\/\/dentiststurkey.com\/fr\/couronnes-en-zircone-turquie\/#breadcrumb","itemListElement":[{"@type":"ListItem","position":1,"name":"Home","item":"https:\/\/dentiststurkey.com\/fr\/"},{"@type":"ListItem","position":2,"name":"Couronnes en Zircone Turquie"}]},{"@type":"WebSite","@id":"http:\/\/dentiststurkey.com\/fr\/#website","url":"http:\/\/dentiststurkey.com\/fr\/","name":"Dentists Turkey","description":"Best Dental Clinics","publisher":{"@id":"http:\/\/dentiststurkey.com\/fr\/#organization"},"potentialAction":[{"@type":"SearchAction","target":{"@type":"EntryPoint","urlTemplate":"http:\/\/dentiststurkey.com\/fr\/?s={search_term_string}"},"query-input":{"@type":"PropertyValueSpecification","valueRequired":true,"valueName":"search_term_string"}}],"inLanguage":"fr-FR"},{"@type":"Organization","@id":"http:\/\/dentiststurkey.com\/fr\/#organization","name":"Dentists Turkey","url":"http:\/\/dentiststurkey.com\/fr\/","logo":{"@type":"ImageObject","inLanguage":"fr-FR","@id":"http:\/\/dentiststurkey.com\/fr\/#\/schema\/logo\/image\/","url":"https:\/\/dentiststurkey.com\/wp-content\/uploads\/2023\/02\/logo-dentists-400.webp","contentUrl":"https:\/\/dentiststurkey.com\/wp-content\/uploads\/2023\/02\/logo-dentists-400.webp","width":400,"height":148,"caption":"Dentists Turkey"},"image":{"@id":"http:\/\/dentiststurkey.com\/fr\/#\/schema\/logo\/image\/"}}]}},"_links":{"self":[{"href":"https:\/\/dentiststurkey.com\/fr\/wp-json\/wp\/v2\/pages\/71074","targetHints":{"allow":["GET"]}}],"collection":[{"href":"https:\/\/dentiststurkey.com\/fr\/wp-json\/wp\/v2\/pages"}],"about":[{"href":"https:\/\/dentiststurkey.com\/fr\/wp-json\/wp\/v2\/types\/page"}],"author":[{"embeddable":true,"href":"https:\/\/dentiststurkey.com\/fr\/wp-json\/wp\/v2\/users\/1"}],"replies":[{"embeddable":true,"href":"https:\/\/dentiststurkey.com\/fr\/wp-json\/wp\/v2\/comments?post=71074"}],"version-history":[{"count":1,"href":"https:\/\/dentiststurkey.com\/fr\/wp-json\/wp\/v2\/pages\/71074\/revisions"}],"predecessor-version":[{"id":74218,"href":"https:\/\/dentiststurkey.com\/fr\/wp-json\/wp\/v2\/pages\/71074\/revisions\/74218"}],"wp:attachment":[{"href":"https:\/\/dentiststurkey.com\/fr\/wp-json\/wp\/v2\/media?parent=71074"}],"curies":[{"name":"wp","href":"https:\/\/api.w.org\/{rel}","templated":true}]}}