{"id":71079,"date":"2023-02-05T17:05:33","date_gmt":"2023-02-05T14:05:33","guid":{"rendered":"https:\/\/dentiststurkey.com\/dental-veneers-turkey\/"},"modified":"2026-04-16T18:24:25","modified_gmt":"2026-04-16T15:24:25","slug":"facettes-dentaires-turquie","status":"publish","type":"page","link":"https:\/\/dentiststurkey.com\/fr\/facettes-dentaires-turquie\/","title":{"rendered":"Facettes Dentaires Turquie"},"content":{"rendered":"<p>Envisagez-vous de vous faire poser des facettes dentaires mais ne savez pas par o\u00f9 commencer ? Ne cherchez plus. Obtenir vos facettes dentaires en Turquie est le meilleur choix pour un sourire parfait sans vous ruiner. Avec son haut niveau <a href=\"https:\/\/dentiststurkey.com\/fr\/tourisme-dentaire-turquie\/\">d&rsquo;expertise et de technologie <\/a>, les cabinets dentaires turcs peuvent offrir des r\u00e9sultats impressionnants qui rivalisent avec les meilleures cliniques d&rsquo;Europe \u00e0 des prix comp\u00e9titifs. Lisez la suite pour en savoir pourquoi les services dentaires turcs sont consid\u00e9r\u00e9s par les patients du monde entier comme l&rsquo;un des meilleurs !<\/p>\n<p><strong>Une br\u00e8ve introduction <\/strong><\/p>\n<p>Saviez-vous que les facettes dentaires sont une proc\u00e9dure dentaire populaire originaire de Californie ? Les dentistes du monde entier utilisent des facettes dentaires pour r\u00e9soudre et am\u00e9liorer les imperfections dentaires, comme les fissures, les \u00e9clats, la d\u00e9coloration et les malpositions. Les facettes sont une couverture mince sur mesure en porcelaine ou en mat\u00e9riau composite qui est plac\u00e9e sur la face avant de la dent. Cela ajoute une couche de protection tout en \u00e9claircissant et en blanchissant vos dents.<\/p>\n<p>De plus, les facettes dentaires peuvent m\u00eame vous donner l&rsquo;apparence de dents droites sans avoir besoin de bagues ou de chirurgie. En d&rsquo;autres termes, les facettes dentaires pourraient \u00eatre exactement ce dont vous avez besoin pour vous offrir le sourire parfait !<\/p>\n<p><strong>Pourquoi opter pour des facettes dentaires ?<\/strong><\/p>\n<p>Les facettes dentaires sont un choix id\u00e9al pour ceux qui cherchent \u00e0 am\u00e9liorer leur apparence dentaire. Contrairement \u00e0 d&rsquo;autres traitements dentaires, les facettes dentaires en Turquie offrent une solution incroyablement fiable et durable sans risque de d\u00e9coloration au fil du temps.<\/p>\n<p>Non seulement cela, mais les professionnels dentaires hautement exp\u00e9riment\u00e9s en Turquie veillent \u00e0 ce que les r\u00e9sultats soient \u00e0 la fois naturels et s\u00fbrs, faisant des facettes dentaires un choix id\u00e9al pour quiconque cherche \u00e0 am\u00e9liorer son sourire. Mieux encore, les facettes dentaires sont propos\u00e9es \u00e0 des prix assez abordables en Turquie par rapport \u00e0 d&rsquo;autres pays. Que vous cherchiez une petite retouche ou une transformation compl\u00e8te, les facettes dentaires offrent de nombreux avantages, alors soyez assur\u00e9 que c&rsquo;est un bon choix pour vos besoins dentaires.<\/p>\n<p><strong>Pourquoi obtenir des facettes en Turquie ?<\/strong><\/p>\n<p>Une facette dentaire est une excellente option de restauration pour une am\u00e9lioration instantan\u00e9e de l&rsquo;esth\u00e9tique dentaire et de la sant\u00e9 bucco-dentaire. Si vous cherchez \u00e0 avoir des facettes dentaires pos\u00e9es, alors la Turquie devrait \u00eatre en t\u00eate de votre liste. La pose de facettes dentaires en Turquie pr\u00e9sente de nombreux avantages, notamment en termes de prix ; c&rsquo;est significativement moins cher qu&rsquo;en Occident tout en offrant une meilleure qualit\u00e9 que certaines cliniques dentaires de l&rsquo;Est. Par cons\u00e9quent, si vous envisagez des facettes dentaires, la Turquie offre une excellente combinaison d&rsquo;\u00e9conomies de co\u00fbts et de traitement de qualit\u00e9 sup\u00e9rieure.<\/p>\n<p><strong>Pourquoi nous ?<\/strong><\/p>\n<p>Si vous cherchez des facettes dentaires en Turquie, vous \u00eates au bon endroit. Nos cliniques dentaires fournissent des dentistes fiables et exp\u00e9riment\u00e9s, vous pouvez donc avoir confiance que les meilleurs r\u00e9sultats dentaires possibles seront obtenus avec nos services de facettes. Notre \u00e9quipe dentaire est compos\u00e9e de nombreux experts de toute la Turquie qui ont des ann\u00e9es d&rsquo;exp\u00e9rience \u00e0 leur actif, nous pouvons donc garantir d&rsquo;excellents soins dentaires.<\/p>\n<p>Pour rendre votre processus de s\u00e9lection plus facile, nous fournissons des informations d\u00e9taill\u00e9es sur tout service dentaire dont vous pourriez avoir besoin pour trouver la meilleure option pour vos besoins dentaires. Lorsque vous choisissez notre clinique, cela garantit une exp\u00e9rience dentaire sans stress et s\u00fbre. Alors n&rsquo;h\u00e9sitez pas <a href=\"#contactForm\"> \u00e0 nous contacter<\/a> si vous voulez faire les prochains pas vers les belles dents d\u00e8s aujourd&rsquo;hui.<\/p>\n","protected":false},"excerpt":{"rendered":"<p>Envisagez-vous de vous faire poser des facettes dentaires mais ne savez pas par o\u00f9 commencer ? Ne cherchez plus. Obtenir vos facettes dentaires en Turquie est le meilleur choix pour un sourire parfait sans vous ruiner. Avec son haut niveau d&rsquo;expertise et de technologie , les cabinets dentaires turcs peuvent offrir des r\u00e9sultats impressionnants qui [&hellip;]<\/p>\n","protected":false},"author":1,"featured_media":0,"parent":0,"menu_order":0,"comment_status":"closed","ping_status":"closed","template":"","meta":{"footnotes":""},"class_list":["post-71079","page","type-page","status-publish","hentry"],"acf":[],"yoast_head":"<!-- This site is optimized with the Yoast SEO plugin v27.4 - https:\/\/yoast.com\/product\/yoast-seo-wordpress\/ -->\n<title>Facettes dentaires en Turquie - \u00c0 partir de 150\u20ac<\/title>\n<meta name=\"description\" content=\"Facettes dentaires en Turquie - Meilleures cliniques dentaires en Turquie | Devis gratuits | H\u00e9bergement gratuit | Transfert gratuit\" \/>\n<meta name=\"robots\" content=\"index, follow, max-snippet:-1, max-image-preview:large, max-video-preview:-1\" \/>\n<link rel=\"canonical\" href=\"https:\/\/dentiststurkey.com\/fr\/facettes-dentaires-turquie\/\" \/>\n<meta property=\"og:locale\" content=\"fr_FR\" \/>\n<meta property=\"og:type\" content=\"article\" \/>\n<meta property=\"og:title\" content=\"Facettes dentaires en Turquie - \u00c0 partir de 150\u20ac\" \/>\n<meta property=\"og:description\" content=\"Facettes dentaires en Turquie - Meilleures cliniques dentaires en Turquie | Devis gratuits | H\u00e9bergement gratuit | Transfert gratuit\" \/>\n<meta property=\"og:url\" content=\"https:\/\/dentiststurkey.com\/fr\/facettes-dentaires-turquie\/\" \/>\n<meta property=\"og:site_name\" content=\"Dentists Turkey\" \/>\n<meta property=\"article:modified_time\" content=\"2026-04-16T15:24:25+00:00\" \/>\n<meta name=\"twitter:card\" content=\"summary_large_image\" \/>\n<meta name=\"twitter:label1\" content=\"Dur\u00e9e de lecture estim\u00e9e\" \/>\n\t<meta name=\"twitter:data1\" content=\"3 minutes\" \/>\n<script type=\"application\/ld+json\" class=\"yoast-schema-graph\">{\"@context\":\"https:\\\/\\\/schema.org\",\"@graph\":[{\"@type\":\"WebPage\",\"@id\":\"https:\\\/\\\/dentiststurkey.com\\\/fr\\\/facettes-dentaires-turquie\\\/\",\"url\":\"https:\\\/\\\/dentiststurkey.com\\\/fr\\\/facettes-dentaires-turquie\\\/\",\"name\":\"Facettes dentaires en Turquie - \u00c0 partir de 150\u20ac\",\"isPartOf\":{\"@id\":\"http:\\\/\\\/dentiststurkey.com\\\/fr\\\/#website\"},\"datePublished\":\"2023-02-05T14:05:33+00:00\",\"dateModified\":\"2026-04-16T15:24:25+00:00\",\"description\":\"Facettes dentaires en Turquie - Meilleures cliniques dentaires en Turquie | Devis gratuits | H\u00e9bergement gratuit | Transfert gratuit\",\"breadcrumb\":{\"@id\":\"https:\\\/\\\/dentiststurkey.com\\\/fr\\\/facettes-dentaires-turquie\\\/#breadcrumb\"},\"inLanguage\":\"fr-FR\",\"potentialAction\":[{\"@type\":\"ReadAction\",\"target\":[\"https:\\\/\\\/dentiststurkey.com\\\/fr\\\/facettes-dentaires-turquie\\\/\"]}]},{\"@type\":\"BreadcrumbList\",\"@id\":\"https:\\\/\\\/dentiststurkey.com\\\/fr\\\/facettes-dentaires-turquie\\\/#breadcrumb\",\"itemListElement\":[{\"@type\":\"ListItem\",\"position\":1,\"name\":\"Home\",\"item\":\"https:\\\/\\\/dentiststurkey.com\\\/fr\\\/\"},{\"@type\":\"ListItem\",\"position\":2,\"name\":\"Facettes Dentaires Turquie\"}]},{\"@type\":\"WebSite\",\"@id\":\"http:\\\/\\\/dentiststurkey.com\\\/fr\\\/#website\",\"url\":\"http:\\\/\\\/dentiststurkey.com\\\/fr\\\/\",\"name\":\"Dentists Turkey\",\"description\":\"Best Dental Clinics\",\"publisher\":{\"@id\":\"http:\\\/\\\/dentiststurkey.com\\\/fr\\\/#organization\"},\"potentialAction\":[{\"@type\":\"SearchAction\",\"target\":{\"@type\":\"EntryPoint\",\"urlTemplate\":\"http:\\\/\\\/dentiststurkey.com\\\/fr\\\/?s={search_term_string}\"},\"query-input\":{\"@type\":\"PropertyValueSpecification\",\"valueRequired\":true,\"valueName\":\"search_term_string\"}}],\"inLanguage\":\"fr-FR\"},{\"@type\":\"Organization\",\"@id\":\"http:\\\/\\\/dentiststurkey.com\\\/fr\\\/#organization\",\"name\":\"Dentists Turkey\",\"url\":\"http:\\\/\\\/dentiststurkey.com\\\/fr\\\/\",\"logo\":{\"@type\":\"ImageObject\",\"inLanguage\":\"fr-FR\",\"@id\":\"http:\\\/\\\/dentiststurkey.com\\\/fr\\\/#\\\/schema\\\/logo\\\/image\\\/\",\"url\":\"https:\\\/\\\/dentiststurkey.com\\\/wp-content\\\/uploads\\\/2023\\\/02\\\/logo-dentists-400.webp\",\"contentUrl\":\"https:\\\/\\\/dentiststurkey.com\\\/wp-content\\\/uploads\\\/2023\\\/02\\\/logo-dentists-400.webp\",\"width\":400,\"height\":148,\"caption\":\"Dentists Turkey\"},\"image\":{\"@id\":\"http:\\\/\\\/dentiststurkey.com\\\/fr\\\/#\\\/schema\\\/logo\\\/image\\\/\"}}]}<\/script>\n<!-- \/ Yoast SEO plugin. -->","yoast_head_json":{"title":"Facettes dentaires en Turquie - \u00c0 partir de 150\u20ac","description":"Facettes dentaires en Turquie - Meilleures cliniques dentaires en Turquie | Devis gratuits | H\u00e9bergement gratuit | Transfert gratuit","robots":{"index":"index","follow":"follow","max-snippet":"max-snippet:-1","max-image-preview":"max-image-preview:large","max-video-preview":"max-video-preview:-1"},"canonical":"https:\/\/dentiststurkey.com\/fr\/facettes-dentaires-turquie\/","og_locale":"fr_FR","og_type":"article","og_title":"Facettes dentaires en Turquie - \u00c0 partir de 150\u20ac","og_description":"Facettes dentaires en Turquie - Meilleures cliniques dentaires en Turquie | Devis gratuits | H\u00e9bergement gratuit | Transfert gratuit","og_url":"https:\/\/dentiststurkey.com\/fr\/facettes-dentaires-turquie\/","og_site_name":"Dentists Turkey","article_modified_time":"2026-04-16T15:24:25+00:00","twitter_card":"summary_large_image","twitter_misc":{"Dur\u00e9e de lecture estim\u00e9e":"3 minutes"},"schema":{"@context":"https:\/\/schema.org","@graph":[{"@type":"WebPage","@id":"https:\/\/dentiststurkey.com\/fr\/facettes-dentaires-turquie\/","url":"https:\/\/dentiststurkey.com\/fr\/facettes-dentaires-turquie\/","name":"Facettes dentaires en Turquie - \u00c0 partir de 150\u20ac","isPartOf":{"@id":"http:\/\/dentiststurkey.com\/fr\/#website"},"datePublished":"2023-02-05T14:05:33+00:00","dateModified":"2026-04-16T15:24:25+00:00","description":"Facettes dentaires en Turquie - Meilleures cliniques dentaires en Turquie | Devis gratuits | H\u00e9bergement gratuit | Transfert gratuit","breadcrumb":{"@id":"https:\/\/dentiststurkey.com\/fr\/facettes-dentaires-turquie\/#breadcrumb"},"inLanguage":"fr-FR","potentialAction":[{"@type":"ReadAction","target":["https:\/\/dentiststurkey.com\/fr\/facettes-dentaires-turquie\/"]}]},{"@type":"BreadcrumbList","@id":"https:\/\/dentiststurkey.com\/fr\/facettes-dentaires-turquie\/#breadcrumb","itemListElement":[{"@type":"ListItem","position":1,"name":"Home","item":"https:\/\/dentiststurkey.com\/fr\/"},{"@type":"ListItem","position":2,"name":"Facettes Dentaires Turquie"}]},{"@type":"WebSite","@id":"http:\/\/dentiststurkey.com\/fr\/#website","url":"http:\/\/dentiststurkey.com\/fr\/","name":"Dentists Turkey","description":"Best Dental Clinics","publisher":{"@id":"http:\/\/dentiststurkey.com\/fr\/#organization"},"potentialAction":[{"@type":"SearchAction","target":{"@type":"EntryPoint","urlTemplate":"http:\/\/dentiststurkey.com\/fr\/?s={search_term_string}"},"query-input":{"@type":"PropertyValueSpecification","valueRequired":true,"valueName":"search_term_string"}}],"inLanguage":"fr-FR"},{"@type":"Organization","@id":"http:\/\/dentiststurkey.com\/fr\/#organization","name":"Dentists Turkey","url":"http:\/\/dentiststurkey.com\/fr\/","logo":{"@type":"ImageObject","inLanguage":"fr-FR","@id":"http:\/\/dentiststurkey.com\/fr\/#\/schema\/logo\/image\/","url":"https:\/\/dentiststurkey.com\/wp-content\/uploads\/2023\/02\/logo-dentists-400.webp","contentUrl":"https:\/\/dentiststurkey.com\/wp-content\/uploads\/2023\/02\/logo-dentists-400.webp","width":400,"height":148,"caption":"Dentists Turkey"},"image":{"@id":"http:\/\/dentiststurkey.com\/fr\/#\/schema\/logo\/image\/"}}]}},"_links":{"self":[{"href":"https:\/\/dentiststurkey.com\/fr\/wp-json\/wp\/v2\/pages\/71079","targetHints":{"allow":["GET"]}}],"collection":[{"href":"https:\/\/dentiststurkey.com\/fr\/wp-json\/wp\/v2\/pages"}],"about":[{"href":"https:\/\/dentiststurkey.com\/fr\/wp-json\/wp\/v2\/types\/page"}],"author":[{"embeddable":true,"href":"https:\/\/dentiststurkey.com\/fr\/wp-json\/wp\/v2\/users\/1"}],"replies":[{"embeddable":true,"href":"https:\/\/dentiststurkey.com\/fr\/wp-json\/wp\/v2\/comments?post=71079"}],"version-history":[{"count":1,"href":"https:\/\/dentiststurkey.com\/fr\/wp-json\/wp\/v2\/pages\/71079\/revisions"}],"predecessor-version":[{"id":74212,"href":"https:\/\/dentiststurkey.com\/fr\/wp-json\/wp\/v2\/pages\/71079\/revisions\/74212"}],"wp:attachment":[{"href":"https:\/\/dentiststurkey.com\/fr\/wp-json\/wp\/v2\/media?parent=71079"}],"curies":[{"name":"wp","href":"https:\/\/api.w.org\/{rel}","templated":true}]}}