{"id":71086,"date":"2023-02-05T17:44:38","date_gmt":"2023-02-05T14:44:38","guid":{"rendered":"https:\/\/dentiststurkey.com\/full-mouth-dental-implants-turkey\/"},"modified":"2026-04-16T18:40:37","modified_gmt":"2026-04-16T15:40:37","slug":"implants-dentaires-complets-turquie","status":"publish","type":"page","link":"https:\/\/dentiststurkey.com\/fr\/implants-dentaires-complets-turquie\/","title":{"rendered":"Implants Dentaires Complets Turquie"},"content":{"rendered":"<p>Lorsqu&rsquo;il s&rsquo;agit d&rsquo;obtenir des dents saines et belles, de nombreuses personnes optent pour un implant dentaire complet \u00e0 l&rsquo;\u00e9tranger. Les implants complets peuvent aider \u00e0 am\u00e9liorer l&rsquo;apparence de votre sourire tout en offrant une sant\u00e9 bucco-dentaire sup\u00e9rieure. La Turquie devient une destination de plus en plus populaire pour ceux qui recherchent des traitements dentaires abordables mais de qualit\u00e9 sup\u00e9rieure, et plus pr\u00e9cis\u00e9ment la ville d&rsquo;Istanbul est en demande pour ses dentistes de classe mondiale offrant une grande valeur.<\/p>\n<p>La large gamme de services du pays signifie que vous pouvez trouver exactement ce dont vous avez besoin \u00e0 un prix qui convient \u00e0 votre budget, du remplacement d&rsquo;une seule dent \u00e0 la restauration compl\u00e8te de l&rsquo;arcade dentaire. Et avec des sp\u00e9cialistes exp\u00e9riment\u00e9s (indice : c&rsquo;est nous !) \u00e0 port\u00e9e de main pour aider \u00e0 chaque \u00e9tape de votre voyage \u2013 des arrangements de voyage \u00e0 la p\u00e9riode de gu\u00e9rison \u2013 il n&rsquo;y a jamais eu de meilleur moment que maintenant pour ceux qui s&rsquo;int\u00e9ressent aux implants dentaires complets de haute qualit\u00e9 \u00e0 l&rsquo;\u00e9tranger.<\/p>\n<p>La qualit\u00e9 et les soins fournis par les dentistes turcs sont aussi bons, voire meilleurs, que ceux offerts ailleurs dans le monde \u2013 \u00e0 une fraction du co\u00fbt. En plus d&rsquo;\u00e9conomiser de l&rsquo;argent, il y a de nombreux autres avantages \u00e0 se faire poser des implants dentaires complets en Turquie qui contribuent \u00e0 en faire un choix de plus en plus populaire pour ceux qui cherchent une alternative pour acqu\u00e9rir de belles dents neuves.<\/p>\n<p>Dans cet article de blog, nous explorerons pourquoi ces implants dentaires peuvent offrir une valeur impressionnante et donnerons des conseils sur la meilleure fa\u00e7on de trouver la bonne clinique afin que vous obteniez le meilleur traitement possible en gardant vos finances \u00e0 l&rsquo;esprit.<\/p>\n<p><strong>Qu&rsquo;est-ce que les implants dentaires ?<\/strong><\/p>\n<p>Les implants dentaires sont un excellent moyen de remplacer les dents manquantes. Ils sont une solution dentaire moderne pour la perte de dents et peuvent ressentir comme des dents naturelles lorsqu&rsquo;ils sont correctement install\u00e9s. Pour toute personne cherchant \u00e0 retrouver confiance en son sourire, les implants dentaires sont le choix parfait en reproduisant des dents naturelles tout en am\u00e9liorant la sant\u00e9 dentaire.<\/p>\n<p>De plus, les implants dentaires pr\u00e9sentent de nombreux avantages comme offrir la m\u00eame force que des dents saines et \u00eatre facilement nettoy\u00e9s comme d&rsquo;autres dispositifs dentaires, tout en contribuant m\u00eame \u00e0 maintenir la densit\u00e9 de votre os de la m\u00e2choire car ils se fixent directement \u00e0 votre os de la m\u00e2choire. Donc, si vous avez envisag\u00e9 des implants dentaires, pourquoi ne pas saisir l&rsquo;occasion de restaurer votre sourire en Turquie ?<\/p>\n<p><strong>Pourquoi les implants dentaires complets sont-ils le meilleur choix ?<\/strong><\/p>\n<p>Les implants dentaires complets offrent la meilleure option en Turquie pour ceux qui cherchent \u00e0 d\u00e9penser pour un aspect et une sensation plus naturels. Cette approche luxueuse peut faire toute la diff\u00e9rence, car les implants dentaires complets imitent mieux l&rsquo;apparence des vraies dents que toute autre m\u00e9thode. En plus de reproduire efficacement la nature, la construction d&rsquo;implants dentaires complets n\u00e9cessite une grande comp\u00e9tence, connaissance et pr\u00e9cision.<\/p>\n<p>Avec des implants complets fabriqu\u00e9s par des mains expertes dans un environnement st\u00e9rile, vous pouvez \u00eatre s\u00fbr que vos dents dureront des ann\u00e9es. De plus, les implants dentaires complets sont tout aussi faciles \u00e0 entretenir que les vraies dents \u2013 ce qui signifie que vous n&rsquo;aurez pas \u00e0 compromettre la commodit\u00e9 ou le confort en am\u00e9liorant votre sourire.<\/p>\n<p><strong>Pourquoi nous contacter ?<\/strong><\/p>\n<p>Si les implants dentaires complets sont ce que vous recherchez, la Turquie devrait \u00eatre en haut de votre liste. Le pays est connu pour offrir certains des meilleurs implants dentaires complets de qualit\u00e9 sur le march\u00e9 \u00e0 une fraction du co\u00fbt que vous trouveriez dans d&rsquo;autres pays. De plus, avec leur syst\u00e8me de sant\u00e9 exceptionnel et leur technologie moderne, les implants dentaires complets en Turquie vous donneront des r\u00e9sultats incroyables sans vous ruiner. N&rsquo;h\u00e9sitez pas \u00e0 en savoir plus sur notre site web \u2013 vous ne le regretterez pas !<\/p>\n","protected":false},"excerpt":{"rendered":"<p>Lorsqu&rsquo;il s&rsquo;agit d&rsquo;obtenir des dents saines et belles, de nombreuses personnes optent pour un implant dentaire complet \u00e0 l&rsquo;\u00e9tranger. Les implants complets peuvent aider \u00e0 am\u00e9liorer l&rsquo;apparence de votre sourire tout en offrant une sant\u00e9 bucco-dentaire sup\u00e9rieure. La Turquie devient une destination de plus en plus populaire pour ceux qui recherchent des traitements dentaires abordables [&hellip;]<\/p>\n","protected":false},"author":1,"featured_media":0,"parent":0,"menu_order":0,"comment_status":"closed","ping_status":"closed","template":"","meta":{"footnotes":""},"class_list":["post-71086","page","type-page","status-publish","hentry"],"acf":[],"yoast_head":"<!-- This site is optimized with the Yoast SEO plugin v27.4 - https:\/\/yoast.com\/product\/yoast-seo-wordpress\/ -->\n<title>Implants Dentaires Full Mouth En Turquie - \u00c0 Partir De 5000\u20ac<\/title>\n<meta name=\"description\" content=\"Implants Dentaires Full Mouth En Turquie - Meilleures Cliniques En Turquie | Devis Gratuits | H\u00e9bergement Gratuit | Transfert Gratuit\" \/>\n<meta name=\"robots\" content=\"index, follow, max-snippet:-1, max-image-preview:large, max-video-preview:-1\" \/>\n<link rel=\"canonical\" href=\"https:\/\/dentiststurkey.com\/fr\/implants-dentaires-complets-turquie\/\" \/>\n<meta property=\"og:locale\" content=\"fr_FR\" \/>\n<meta property=\"og:type\" content=\"article\" \/>\n<meta property=\"og:title\" content=\"Implants Dentaires Full Mouth En Turquie - \u00c0 Partir De 5000\u20ac\" \/>\n<meta property=\"og:description\" content=\"Implants Dentaires Full Mouth En Turquie - Meilleures Cliniques En Turquie | Devis Gratuits | H\u00e9bergement Gratuit | Transfert Gratuit\" \/>\n<meta property=\"og:url\" content=\"https:\/\/dentiststurkey.com\/fr\/implants-dentaires-complets-turquie\/\" \/>\n<meta property=\"og:site_name\" content=\"Dentists Turkey\" \/>\n<meta property=\"article:modified_time\" content=\"2026-04-16T15:40:37+00:00\" \/>\n<meta name=\"twitter:card\" content=\"summary_large_image\" \/>\n<meta name=\"twitter:label1\" content=\"Dur\u00e9e de lecture estim\u00e9e\" \/>\n\t<meta name=\"twitter:data1\" content=\"3 minutes\" \/>\n<script type=\"application\/ld+json\" class=\"yoast-schema-graph\">{\"@context\":\"https:\\\/\\\/schema.org\",\"@graph\":[{\"@type\":\"WebPage\",\"@id\":\"https:\\\/\\\/dentiststurkey.com\\\/fr\\\/implants-dentaires-complets-turquie\\\/\",\"url\":\"https:\\\/\\\/dentiststurkey.com\\\/fr\\\/implants-dentaires-complets-turquie\\\/\",\"name\":\"Implants Dentaires Full Mouth En Turquie - \u00c0 Partir De 5000\u20ac\",\"isPartOf\":{\"@id\":\"http:\\\/\\\/dentiststurkey.com\\\/fr\\\/#website\"},\"datePublished\":\"2023-02-05T14:44:38+00:00\",\"dateModified\":\"2026-04-16T15:40:37+00:00\",\"description\":\"Implants Dentaires Full Mouth En Turquie - Meilleures Cliniques En Turquie | Devis Gratuits | H\u00e9bergement Gratuit | Transfert Gratuit\",\"breadcrumb\":{\"@id\":\"https:\\\/\\\/dentiststurkey.com\\\/fr\\\/implants-dentaires-complets-turquie\\\/#breadcrumb\"},\"inLanguage\":\"fr-FR\",\"potentialAction\":[{\"@type\":\"ReadAction\",\"target\":[\"https:\\\/\\\/dentiststurkey.com\\\/fr\\\/implants-dentaires-complets-turquie\\\/\"]}]},{\"@type\":\"BreadcrumbList\",\"@id\":\"https:\\\/\\\/dentiststurkey.com\\\/fr\\\/implants-dentaires-complets-turquie\\\/#breadcrumb\",\"itemListElement\":[{\"@type\":\"ListItem\",\"position\":1,\"name\":\"Home\",\"item\":\"https:\\\/\\\/dentiststurkey.com\\\/fr\\\/\"},{\"@type\":\"ListItem\",\"position\":2,\"name\":\"Implants Dentaires Complets Turquie\"}]},{\"@type\":\"WebSite\",\"@id\":\"http:\\\/\\\/dentiststurkey.com\\\/fr\\\/#website\",\"url\":\"http:\\\/\\\/dentiststurkey.com\\\/fr\\\/\",\"name\":\"Dentists Turkey\",\"description\":\"Best Dental Clinics\",\"publisher\":{\"@id\":\"http:\\\/\\\/dentiststurkey.com\\\/fr\\\/#organization\"},\"potentialAction\":[{\"@type\":\"SearchAction\",\"target\":{\"@type\":\"EntryPoint\",\"urlTemplate\":\"http:\\\/\\\/dentiststurkey.com\\\/fr\\\/?s={search_term_string}\"},\"query-input\":{\"@type\":\"PropertyValueSpecification\",\"valueRequired\":true,\"valueName\":\"search_term_string\"}}],\"inLanguage\":\"fr-FR\"},{\"@type\":\"Organization\",\"@id\":\"http:\\\/\\\/dentiststurkey.com\\\/fr\\\/#organization\",\"name\":\"Dentists Turkey\",\"url\":\"http:\\\/\\\/dentiststurkey.com\\\/fr\\\/\",\"logo\":{\"@type\":\"ImageObject\",\"inLanguage\":\"fr-FR\",\"@id\":\"http:\\\/\\\/dentiststurkey.com\\\/fr\\\/#\\\/schema\\\/logo\\\/image\\\/\",\"url\":\"https:\\\/\\\/dentiststurkey.com\\\/wp-content\\\/uploads\\\/2023\\\/02\\\/logo-dentists-400.webp\",\"contentUrl\":\"https:\\\/\\\/dentiststurkey.com\\\/wp-content\\\/uploads\\\/2023\\\/02\\\/logo-dentists-400.webp\",\"width\":400,\"height\":148,\"caption\":\"Dentists Turkey\"},\"image\":{\"@id\":\"http:\\\/\\\/dentiststurkey.com\\\/fr\\\/#\\\/schema\\\/logo\\\/image\\\/\"}}]}<\/script>\n<!-- \/ Yoast SEO plugin. -->","yoast_head_json":{"title":"Implants Dentaires Full Mouth En Turquie - \u00c0 Partir De 5000\u20ac","description":"Implants Dentaires Full Mouth En Turquie - Meilleures Cliniques En Turquie | Devis Gratuits | H\u00e9bergement Gratuit | Transfert Gratuit","robots":{"index":"index","follow":"follow","max-snippet":"max-snippet:-1","max-image-preview":"max-image-preview:large","max-video-preview":"max-video-preview:-1"},"canonical":"https:\/\/dentiststurkey.com\/fr\/implants-dentaires-complets-turquie\/","og_locale":"fr_FR","og_type":"article","og_title":"Implants Dentaires Full Mouth En Turquie - \u00c0 Partir De 5000\u20ac","og_description":"Implants Dentaires Full Mouth En Turquie - Meilleures Cliniques En Turquie | Devis Gratuits | H\u00e9bergement Gratuit | Transfert Gratuit","og_url":"https:\/\/dentiststurkey.com\/fr\/implants-dentaires-complets-turquie\/","og_site_name":"Dentists Turkey","article_modified_time":"2026-04-16T15:40:37+00:00","twitter_card":"summary_large_image","twitter_misc":{"Dur\u00e9e de lecture estim\u00e9e":"3 minutes"},"schema":{"@context":"https:\/\/schema.org","@graph":[{"@type":"WebPage","@id":"https:\/\/dentiststurkey.com\/fr\/implants-dentaires-complets-turquie\/","url":"https:\/\/dentiststurkey.com\/fr\/implants-dentaires-complets-turquie\/","name":"Implants Dentaires Full Mouth En Turquie - \u00c0 Partir De 5000\u20ac","isPartOf":{"@id":"http:\/\/dentiststurkey.com\/fr\/#website"},"datePublished":"2023-02-05T14:44:38+00:00","dateModified":"2026-04-16T15:40:37+00:00","description":"Implants Dentaires Full Mouth En Turquie - Meilleures Cliniques En Turquie | Devis Gratuits | H\u00e9bergement Gratuit | Transfert Gratuit","breadcrumb":{"@id":"https:\/\/dentiststurkey.com\/fr\/implants-dentaires-complets-turquie\/#breadcrumb"},"inLanguage":"fr-FR","potentialAction":[{"@type":"ReadAction","target":["https:\/\/dentiststurkey.com\/fr\/implants-dentaires-complets-turquie\/"]}]},{"@type":"BreadcrumbList","@id":"https:\/\/dentiststurkey.com\/fr\/implants-dentaires-complets-turquie\/#breadcrumb","itemListElement":[{"@type":"ListItem","position":1,"name":"Home","item":"https:\/\/dentiststurkey.com\/fr\/"},{"@type":"ListItem","position":2,"name":"Implants Dentaires Complets Turquie"}]},{"@type":"WebSite","@id":"http:\/\/dentiststurkey.com\/fr\/#website","url":"http:\/\/dentiststurkey.com\/fr\/","name":"Dentists Turkey","description":"Best Dental Clinics","publisher":{"@id":"http:\/\/dentiststurkey.com\/fr\/#organization"},"potentialAction":[{"@type":"SearchAction","target":{"@type":"EntryPoint","urlTemplate":"http:\/\/dentiststurkey.com\/fr\/?s={search_term_string}"},"query-input":{"@type":"PropertyValueSpecification","valueRequired":true,"valueName":"search_term_string"}}],"inLanguage":"fr-FR"},{"@type":"Organization","@id":"http:\/\/dentiststurkey.com\/fr\/#organization","name":"Dentists Turkey","url":"http:\/\/dentiststurkey.com\/fr\/","logo":{"@type":"ImageObject","inLanguage":"fr-FR","@id":"http:\/\/dentiststurkey.com\/fr\/#\/schema\/logo\/image\/","url":"https:\/\/dentiststurkey.com\/wp-content\/uploads\/2023\/02\/logo-dentists-400.webp","contentUrl":"https:\/\/dentiststurkey.com\/wp-content\/uploads\/2023\/02\/logo-dentists-400.webp","width":400,"height":148,"caption":"Dentists Turkey"},"image":{"@id":"http:\/\/dentiststurkey.com\/fr\/#\/schema\/logo\/image\/"}}]}},"_links":{"self":[{"href":"https:\/\/dentiststurkey.com\/fr\/wp-json\/wp\/v2\/pages\/71086","targetHints":{"allow":["GET"]}}],"collection":[{"href":"https:\/\/dentiststurkey.com\/fr\/wp-json\/wp\/v2\/pages"}],"about":[{"href":"https:\/\/dentiststurkey.com\/fr\/wp-json\/wp\/v2\/types\/page"}],"author":[{"embeddable":true,"href":"https:\/\/dentiststurkey.com\/fr\/wp-json\/wp\/v2\/users\/1"}],"replies":[{"embeddable":true,"href":"https:\/\/dentiststurkey.com\/fr\/wp-json\/wp\/v2\/comments?post=71086"}],"version-history":[{"count":1,"href":"https:\/\/dentiststurkey.com\/fr\/wp-json\/wp\/v2\/pages\/71086\/revisions"}],"predecessor-version":[{"id":74214,"href":"https:\/\/dentiststurkey.com\/fr\/wp-json\/wp\/v2\/pages\/71086\/revisions\/74214"}],"wp:attachment":[{"href":"https:\/\/dentiststurkey.com\/fr\/wp-json\/wp\/v2\/media?parent=71086"}],"curies":[{"name":"wp","href":"https:\/\/api.w.org\/{rel}","templated":true}]}}