{"id":71089,"date":"2023-02-05T17:09:35","date_gmt":"2023-02-05T14:09:35","guid":{"rendered":"https:\/\/dentiststurkey.com\/dental-tourism-turkey\/"},"modified":"2026-04-16T18:41:34","modified_gmt":"2026-04-16T15:41:34","slug":"tourisme-dentaire-turquie","status":"publish","type":"page","link":"https:\/\/dentiststurkey.com\/fr\/tourisme-dentaire-turquie\/","title":{"rendered":"Tourisme Dentaire Turquie"},"content":{"rendered":"<p>Envisagez-vous une intervention dentaire \u00e0 l&rsquo;\u00e9tranger ? Ne cherchez pas plus loin que la Turquie, o\u00f9 la combinaison de la technologie de pointe et des prix imbattables font de ce beau pays une destination id\u00e9ale pour le tourisme m\u00e9dical et dentaire \u2013 surtout si vous cherchez \u00e0 vivre une exp\u00e9rience de dentisterie de classe mondiale \u00e0 des tarifs abordables.<\/p>\n<p>Ces derni\u00e8res ann\u00e9es, la Turquie s&rsquo;est impos\u00e9e comme une destination de premier plan pour ceux qui cherchent des traitements et des proc\u00e9dures de haute qualit\u00e9 \u00e0 faible co\u00fbt dans des sp\u00e9cialit\u00e9s allant de la chirurgie g\u00e9n\u00e9rale \u00e0 l&rsquo;ophtalmologie, mais elle est \u00e9galement devenue c\u00e9l\u00e8bre comme l&rsquo;un des meilleurs endroits au monde pour s&rsquo;assurer que vos dents soient bien blanches. Rejoignez-nous maintenant pour d\u00e9couvrir pourquoi tant de personnes choisissent la Turquie pour leurs besoins dentaires !<\/p>\n<p><strong>Avantages<\/strong><\/p>\n<p>Le tourisme dentaire en Turquie gagne en popularit\u00e9 \u00e0 mesure que de plus en plus de personnes d\u00e9couvrent les avantages de voyager \u00e0 l&rsquo;\u00e9tranger pour des soins dentaires. Pour beaucoup de gens, les traitements dentaires repr\u00e9sentent un investissement financier important, ils pr\u00e9f\u00e8rent donc recevoir la m\u00eame qualit\u00e9 de service \u00e0 des co\u00fbts beaucoup plus bas en Turquie. Avec des professionnels de la dentisterie et de la m\u00e9decine de haute qualit\u00e9 offrant une technologie avanc\u00e9e ainsi que des \u00e9quipements dentaires modernes, les touristes dentaires peuvent s&rsquo;attendre \u00e0 une exp\u00e9rience s\u00fbre et agr\u00e9able avec d&rsquo;excellents r\u00e9sultats.<\/p>\n<p>De plus, le tourisme dentaire en Turquie offre \u00e9galement aux personnes vivant loin des cliniques dentaires l&rsquo;occasion de d\u00e9couvrir de nouvelles cultures et de nouveaux paysages dans le cadre de leur visite. Quels que soient les besoins dentaires de chacun, les avantages pratiques tels qu&rsquo;un temps de traitement plus rapide ou des heures d&rsquo;ouverture plus longues combin\u00e9s \u00e0 la commodit\u00e9 du voyage font du tourisme dentaire en Turquie une excellente option pour les voyageurs avertis !<\/p>\n<p><strong>Pr\u00e9paratifs<\/strong><\/p>\n<p>En tant que l&rsquo;un des principaux centres de tourisme dentaire dans le monde, la Turquie offre de nombreuses <a href=\"https:\/\/dentiststurkey.com\/fr\/\">cliniques dentaires<\/a> et des dentistes hautement qualifi\u00e9s qui rendent la visite pour les besoins dentaires facile et b\u00e9n\u00e9fique. Avant de vous lancer dans votre voyage dentaire, il est utile de garder \u00e0 l&rsquo;esprit quelques conseils pour vous assurer une bonne exp\u00e9rience dentaire.<\/p>\n<p>Il est important de faire des petites recherches sur la clinique et le dentiste avec qui vous travaillerez, assurez-vous qu&rsquo;ils utilisent un \u00e9quipement moderne, ainsi que de v\u00e9rifier les avis avant votre arriv\u00e9e. De plus, il est conseill\u00e9 de souscrire une assurance voyage lorsqu&rsquo;on se rend \u00e0 l&rsquo;\u00e9tranger pour des proc\u00e9dures m\u00e9dicales telles que des traitements dentaires. Pendant vos vacances en Turquie, vous pouvez vous attendre \u00e0 des soins dentaires exceptionnels \u00e0 des prix raisonnables tout en profitant de la riche culture du pays et de son hospitalit\u00e9 chaleureuse, \u00e0 la fois pendant et apr\u00e8s votre incroyable exp\u00e9rience dentaire.<\/p>\n<p><strong>P\u00e9riode post-op\u00e9ratoire<\/strong><\/p>\n<p>Une fois que vous \u00eates rentr\u00e9 chez vous apr\u00e8s votre tourisme dentaire en Turquie, il ne faut pas n\u00e9gliger l&rsquo;importance d&rsquo;un plan de soins dentaires et post-op\u00e9ratoires. Le suivi des traitements dentaires est tout aussi important que leur r\u00e9alisation, il est donc important que les touristes dentaires parlent \u00e0 leur dentiste en Turquie des soins dont ils auront besoin apr\u00e8s le traitement.<\/p>\n<p>En faisant cela, les touristes dentaires ont l&rsquo;esprit tranquille en sachant que leur sant\u00e9 dentaire est prise au s\u00e9rieux et que des rendez-vous de suivi et des informations sont disponibles apr\u00e8s leur retour \u00e0 la maison. Les conseils post-traitement et les plans de soins dentaires doivent \u00eatre pris en consid\u00e9ration avant les traitements dentaires en Turquie pour s&rsquo;assurer que les traitements sont r\u00e9ussis et durables.<\/p>\n<p>Nous esp\u00e9rons que cet article vous a \u00e9t\u00e9 utile ! Si vous avez des questions ou des doutes suppl\u00e9mentaires, n&rsquo;h\u00e9sitez pas \u00e0 nous contacter !<\/p>\n","protected":false},"excerpt":{"rendered":"<p>Envisagez-vous une intervention dentaire \u00e0 l&rsquo;\u00e9tranger ? Ne cherchez pas plus loin que la Turquie, o\u00f9 la combinaison de la technologie de pointe et des prix imbattables font de ce beau pays une destination id\u00e9ale pour le tourisme m\u00e9dical et dentaire \u2013 surtout si vous cherchez \u00e0 vivre une exp\u00e9rience de dentisterie de classe mondiale [&hellip;]<\/p>\n","protected":false},"author":1,"featured_media":0,"parent":0,"menu_order":0,"comment_status":"closed","ping_status":"closed","template":"","meta":{"footnotes":""},"class_list":["post-71089","page","type-page","status-publish","hentry"],"acf":[],"yoast_head":"<!-- This site is optimized with the Yoast SEO plugin v27.4 - https:\/\/yoast.com\/product\/yoast-seo-wordpress\/ -->\n<title>Tourisme Dentaire En Turquie - Meilleures Cliniques En Turquie<\/title>\n<meta name=\"description\" content=\"Tourisme Dentaire En Turquie - Meilleures Cliniques En Turquie | Devis Gratuits | H\u00e9bergement Gratuit | Transfert Gratuit Depuis L\u2019a\u00e9roport\" \/>\n<meta name=\"robots\" content=\"index, follow, max-snippet:-1, max-image-preview:large, max-video-preview:-1\" \/>\n<link rel=\"canonical\" href=\"https:\/\/dentiststurkey.com\/fr\/tourisme-dentaire-turquie\/\" \/>\n<meta property=\"og:locale\" content=\"fr_FR\" \/>\n<meta property=\"og:type\" content=\"article\" \/>\n<meta property=\"og:title\" content=\"Tourisme Dentaire En Turquie - Meilleures Cliniques En Turquie\" \/>\n<meta property=\"og:description\" content=\"Tourisme Dentaire En Turquie - Meilleures Cliniques En Turquie | Devis Gratuits | H\u00e9bergement Gratuit | Transfert Gratuit Depuis L\u2019a\u00e9roport\" \/>\n<meta property=\"og:url\" content=\"https:\/\/dentiststurkey.com\/fr\/tourisme-dentaire-turquie\/\" \/>\n<meta property=\"og:site_name\" content=\"Dentists Turkey\" \/>\n<meta property=\"article:modified_time\" content=\"2026-04-16T15:41:34+00:00\" \/>\n<meta name=\"twitter:card\" content=\"summary_large_image\" \/>\n<meta name=\"twitter:label1\" content=\"Dur\u00e9e de lecture estim\u00e9e\" \/>\n\t<meta name=\"twitter:data1\" content=\"3 minutes\" \/>\n<script type=\"application\/ld+json\" class=\"yoast-schema-graph\">{\"@context\":\"https:\\\/\\\/schema.org\",\"@graph\":[{\"@type\":\"WebPage\",\"@id\":\"https:\\\/\\\/dentiststurkey.com\\\/fr\\\/tourisme-dentaire-turquie\\\/\",\"url\":\"https:\\\/\\\/dentiststurkey.com\\\/fr\\\/tourisme-dentaire-turquie\\\/\",\"name\":\"Tourisme Dentaire En Turquie - Meilleures Cliniques En Turquie\",\"isPartOf\":{\"@id\":\"http:\\\/\\\/dentiststurkey.com\\\/fr\\\/#website\"},\"datePublished\":\"2023-02-05T14:09:35+00:00\",\"dateModified\":\"2026-04-16T15:41:34+00:00\",\"description\":\"Tourisme Dentaire En Turquie - Meilleures Cliniques En Turquie | Devis Gratuits | H\u00e9bergement Gratuit | Transfert Gratuit Depuis L\u2019a\u00e9roport\",\"breadcrumb\":{\"@id\":\"https:\\\/\\\/dentiststurkey.com\\\/fr\\\/tourisme-dentaire-turquie\\\/#breadcrumb\"},\"inLanguage\":\"fr-FR\",\"potentialAction\":[{\"@type\":\"ReadAction\",\"target\":[\"https:\\\/\\\/dentiststurkey.com\\\/fr\\\/tourisme-dentaire-turquie\\\/\"]}]},{\"@type\":\"BreadcrumbList\",\"@id\":\"https:\\\/\\\/dentiststurkey.com\\\/fr\\\/tourisme-dentaire-turquie\\\/#breadcrumb\",\"itemListElement\":[{\"@type\":\"ListItem\",\"position\":1,\"name\":\"Home\",\"item\":\"https:\\\/\\\/dentiststurkey.com\\\/fr\\\/\"},{\"@type\":\"ListItem\",\"position\":2,\"name\":\"Tourisme Dentaire Turquie\"}]},{\"@type\":\"WebSite\",\"@id\":\"http:\\\/\\\/dentiststurkey.com\\\/fr\\\/#website\",\"url\":\"http:\\\/\\\/dentiststurkey.com\\\/fr\\\/\",\"name\":\"Dentists Turkey\",\"description\":\"Best Dental Clinics\",\"publisher\":{\"@id\":\"http:\\\/\\\/dentiststurkey.com\\\/fr\\\/#organization\"},\"potentialAction\":[{\"@type\":\"SearchAction\",\"target\":{\"@type\":\"EntryPoint\",\"urlTemplate\":\"http:\\\/\\\/dentiststurkey.com\\\/fr\\\/?s={search_term_string}\"},\"query-input\":{\"@type\":\"PropertyValueSpecification\",\"valueRequired\":true,\"valueName\":\"search_term_string\"}}],\"inLanguage\":\"fr-FR\"},{\"@type\":\"Organization\",\"@id\":\"http:\\\/\\\/dentiststurkey.com\\\/fr\\\/#organization\",\"name\":\"Dentists Turkey\",\"url\":\"http:\\\/\\\/dentiststurkey.com\\\/fr\\\/\",\"logo\":{\"@type\":\"ImageObject\",\"inLanguage\":\"fr-FR\",\"@id\":\"http:\\\/\\\/dentiststurkey.com\\\/fr\\\/#\\\/schema\\\/logo\\\/image\\\/\",\"url\":\"https:\\\/\\\/dentiststurkey.com\\\/wp-content\\\/uploads\\\/2023\\\/02\\\/logo-dentists-400.webp\",\"contentUrl\":\"https:\\\/\\\/dentiststurkey.com\\\/wp-content\\\/uploads\\\/2023\\\/02\\\/logo-dentists-400.webp\",\"width\":400,\"height\":148,\"caption\":\"Dentists Turkey\"},\"image\":{\"@id\":\"http:\\\/\\\/dentiststurkey.com\\\/fr\\\/#\\\/schema\\\/logo\\\/image\\\/\"}}]}<\/script>\n<!-- \/ Yoast SEO plugin. -->","yoast_head_json":{"title":"Tourisme Dentaire En Turquie - Meilleures Cliniques En Turquie","description":"Tourisme Dentaire En Turquie - Meilleures Cliniques En Turquie | Devis Gratuits | H\u00e9bergement Gratuit | Transfert Gratuit Depuis L\u2019a\u00e9roport","robots":{"index":"index","follow":"follow","max-snippet":"max-snippet:-1","max-image-preview":"max-image-preview:large","max-video-preview":"max-video-preview:-1"},"canonical":"https:\/\/dentiststurkey.com\/fr\/tourisme-dentaire-turquie\/","og_locale":"fr_FR","og_type":"article","og_title":"Tourisme Dentaire En Turquie - Meilleures Cliniques En Turquie","og_description":"Tourisme Dentaire En Turquie - Meilleures Cliniques En Turquie | Devis Gratuits | H\u00e9bergement Gratuit | Transfert Gratuit Depuis L\u2019a\u00e9roport","og_url":"https:\/\/dentiststurkey.com\/fr\/tourisme-dentaire-turquie\/","og_site_name":"Dentists Turkey","article_modified_time":"2026-04-16T15:41:34+00:00","twitter_card":"summary_large_image","twitter_misc":{"Dur\u00e9e de lecture estim\u00e9e":"3 minutes"},"schema":{"@context":"https:\/\/schema.org","@graph":[{"@type":"WebPage","@id":"https:\/\/dentiststurkey.com\/fr\/tourisme-dentaire-turquie\/","url":"https:\/\/dentiststurkey.com\/fr\/tourisme-dentaire-turquie\/","name":"Tourisme Dentaire En Turquie - Meilleures Cliniques En Turquie","isPartOf":{"@id":"http:\/\/dentiststurkey.com\/fr\/#website"},"datePublished":"2023-02-05T14:09:35+00:00","dateModified":"2026-04-16T15:41:34+00:00","description":"Tourisme Dentaire En Turquie - Meilleures Cliniques En Turquie | Devis Gratuits | H\u00e9bergement Gratuit | Transfert Gratuit Depuis L\u2019a\u00e9roport","breadcrumb":{"@id":"https:\/\/dentiststurkey.com\/fr\/tourisme-dentaire-turquie\/#breadcrumb"},"inLanguage":"fr-FR","potentialAction":[{"@type":"ReadAction","target":["https:\/\/dentiststurkey.com\/fr\/tourisme-dentaire-turquie\/"]}]},{"@type":"BreadcrumbList","@id":"https:\/\/dentiststurkey.com\/fr\/tourisme-dentaire-turquie\/#breadcrumb","itemListElement":[{"@type":"ListItem","position":1,"name":"Home","item":"https:\/\/dentiststurkey.com\/fr\/"},{"@type":"ListItem","position":2,"name":"Tourisme Dentaire Turquie"}]},{"@type":"WebSite","@id":"http:\/\/dentiststurkey.com\/fr\/#website","url":"http:\/\/dentiststurkey.com\/fr\/","name":"Dentists Turkey","description":"Best Dental Clinics","publisher":{"@id":"http:\/\/dentiststurkey.com\/fr\/#organization"},"potentialAction":[{"@type":"SearchAction","target":{"@type":"EntryPoint","urlTemplate":"http:\/\/dentiststurkey.com\/fr\/?s={search_term_string}"},"query-input":{"@type":"PropertyValueSpecification","valueRequired":true,"valueName":"search_term_string"}}],"inLanguage":"fr-FR"},{"@type":"Organization","@id":"http:\/\/dentiststurkey.com\/fr\/#organization","name":"Dentists Turkey","url":"http:\/\/dentiststurkey.com\/fr\/","logo":{"@type":"ImageObject","inLanguage":"fr-FR","@id":"http:\/\/dentiststurkey.com\/fr\/#\/schema\/logo\/image\/","url":"https:\/\/dentiststurkey.com\/wp-content\/uploads\/2023\/02\/logo-dentists-400.webp","contentUrl":"https:\/\/dentiststurkey.com\/wp-content\/uploads\/2023\/02\/logo-dentists-400.webp","width":400,"height":148,"caption":"Dentists Turkey"},"image":{"@id":"http:\/\/dentiststurkey.com\/fr\/#\/schema\/logo\/image\/"}}]}},"_links":{"self":[{"href":"https:\/\/dentiststurkey.com\/fr\/wp-json\/wp\/v2\/pages\/71089","targetHints":{"allow":["GET"]}}],"collection":[{"href":"https:\/\/dentiststurkey.com\/fr\/wp-json\/wp\/v2\/pages"}],"about":[{"href":"https:\/\/dentiststurkey.com\/fr\/wp-json\/wp\/v2\/types\/page"}],"author":[{"embeddable":true,"href":"https:\/\/dentiststurkey.com\/fr\/wp-json\/wp\/v2\/users\/1"}],"replies":[{"embeddable":true,"href":"https:\/\/dentiststurkey.com\/fr\/wp-json\/wp\/v2\/comments?post=71089"}],"version-history":[{"count":1,"href":"https:\/\/dentiststurkey.com\/fr\/wp-json\/wp\/v2\/pages\/71089\/revisions"}],"predecessor-version":[{"id":74219,"href":"https:\/\/dentiststurkey.com\/fr\/wp-json\/wp\/v2\/pages\/71089\/revisions\/74219"}],"wp:attachment":[{"href":"https:\/\/dentiststurkey.com\/fr\/wp-json\/wp\/v2\/media?parent=71089"}],"curies":[{"name":"wp","href":"https:\/\/api.w.org\/{rel}","templated":true}]}}