{"id":72731,"date":"2025-04-15T14:56:15","date_gmt":"2025-04-15T11:56:15","guid":{"rendered":"https:\/\/dentiststurkey.com\/?page_id=72731"},"modified":"2025-05-09T02:44:05","modified_gmt":"2025-05-08T23:44:05","slug":"conditions-d-utilisation","status":"publish","type":"page","link":"https:\/\/dentiststurkey.com\/fr\/conditions-d-utilisation\/","title":{"rendered":"CONDITIONS D\u2019UTILISATION"},"content":{"rendered":"\t\t<div data-elementor-type=\"wp-page\" data-elementor-id=\"72731\" class=\"elementor elementor-72731 elementor-72654\" data-elementor-post-type=\"page\">\n\t\t\t\t\t\t<section class=\"elementor-section elementor-top-section elementor-element elementor-element-866659a elementor-section-boxed elementor-section-height-default elementor-section-height-default\" data-id=\"866659a\" data-element_type=\"section\" data-e-type=\"section\">\n\t\t\t\t\t\t<div class=\"elementor-container elementor-column-gap-default\">\n\t\t\t\t\t<div class=\"elementor-column elementor-col-100 elementor-top-column elementor-element elementor-element-ee27b0f\" data-id=\"ee27b0f\" data-element_type=\"column\" data-e-type=\"column\">\n\t\t\t<div class=\"elementor-widget-wrap elementor-element-populated\">\n\t\t\t\t\t\t<div class=\"elementor-element elementor-element-a7c4510 elementor-widget elementor-widget-text-editor\" data-id=\"a7c4510\" data-element_type=\"widget\" data-e-type=\"widget\" data-widget_type=\"text-editor.default\">\n\t\t\t\t<div class=\"elementor-widget-container\">\n\t\t\t\t\t\t\t\t\t<h3>CONDITIONS D\u2019UTILISATION<\/h3><p><strong><em><i>Derni<\/i><\/em><em><i>\u00e8<\/i><\/em><em><i>re mise <\/i><\/em><em><i>\u00e0 <\/i><\/em><em><i>jour :<\/i><\/em><\/strong><br \/>05.11.2024<\/p><p>Bienvenue sur <a href=\"http:\/\/www.dentiststurkey.com\/\"><u>www.dentiststurkey.com<\/u><\/a>\u00a0(\u00ab Site web \u00bb). Ce site est la propri\u00e9t\u00e9 de Marko Cviji\u0107 PR AGENCY FOR WEB MARKETING WCS.COM (\u00ab nous \u00bb, \u00ab notre \u00bb ou \u00ab nos \u00bb). En utilisant notre site, vous acceptez les pr\u00e9sentes Conditions d\u2019utilisation. Si vous n\u2019acceptez pas une partie quelconque de ces conditions, veuillez ne pas utiliser le site.<\/p><ol><li><strong><b> Utilisation du site<\/b><\/strong><\/li><\/ol><p>Vous vous engagez \u00e0 utiliser le site uniquement \u00e0 des fins l\u00e9gales et de mani\u00e8re \u00e0 ne pas enfreindre les droits de tiers ni entraver leur utilisation du site. Toute utilisation abusive du site, y compris l\u2019introduction de logiciels malveillants ou de contenus nuisibles, est strictement interdite.<\/p><ol start=\"2\"><li><strong><b> Services propos<\/b><\/strong><strong><b>\u00e9<\/b><\/strong><strong><b>s<\/b><\/strong><\/li><\/ol><p>Notre site permet de mettre les utilisateurs en relation avec des cliniques dentaires en Turquie en fournissant des informations g\u00e9n\u00e9rales, des profils et pr\u00e9sentations de cliniques, des tarifs, des avis et des contenus promotionnels. Nous agissons en tant qu\u2019interm\u00e9diaires et transmettons les demandes des patients aux cliniques dentaires. Tous les accords et services finaux sont conclus directement entre le patient et la clinique choisie.<br \/>Toutes les informations disponibles sur le site sont fournies \u00e0 titre informatif uniquement. Nous ne garantissons ni l\u2019exactitude ni l\u2019exhaustivit\u00e9 des contenus publi\u00e9s. Les seules conditions juridiquement contraignantes sont celles convenues directement entre le patient et la clinique dentaire.<br \/>Nous nous r\u00e9servons le droit de contacter les utilisateurs qui soumettent une demande via le site afin de savoir s\u2019ils ont fix\u00e9 un rendez-vous, quand ils pr\u00e9voient de venir, et s\u2019ils sont satisfaits de l\u2019offre propos\u00e9e par la clinique.<br \/>Nous ne sommes pas une clinique dentaire et ne fournissons pas de soins. Par cons\u00e9quent, nous ne pouvons \u00eatre tenus responsables si un patient est insatisfait du traitement ou rencontre des probl\u00e8mes li\u00e9s aux services fournis par la clinique.<\/p><ol start=\"3\"><li><strong><b> Aucun conseil m<\/b><\/strong><strong><b>\u00e9<\/b><\/strong><strong><b>dical<\/b><\/strong><\/li><\/ol><p>Le contenu du site ne constitue pas un avis m\u00e9dical, un diagnostic ou un traitement. Veuillez consulter un professionnel de sant\u00e9 qualifi\u00e9 pour toute question m\u00e9dicale.<\/p><ol start=\"4\"><li><strong><b> Contenus des utilisateurs et communication<\/b><\/strong><\/li><\/ol><p>Les avis et t\u00e9moignages des patients peuvent \u00eatre affich\u00e9s sur le site et dans les profils des cliniques. Ces contenus sont obtenus directement aupr\u00e8s des patients ou dans le cadre de nos communications.<br \/>Le num\u00e9ro de t\u00e9l\u00e9phone affich\u00e9 sur les profils des cliniques et sur le site appartient au centre d\u2019appels de l\u2019agence. En appelant, en envoyant une demande ou un message via le site, vous acceptez que vos donn\u00e9es soient transmises \u00e0 une ou plusieurs cliniques partenaires afin de traiter votre demande. Vous \u00eates responsable de l\u2019exactitude des informations que vous fournissez.<\/p><ol start=\"5\"><li><strong><b> Propri<\/b><\/strong><strong><b>\u00e9<\/b><\/strong><strong><b>t<\/b><\/strong><strong><b>\u00e9 <\/b><\/strong><strong><b>intellectuelle<\/b><\/strong><\/li><\/ol><p>Tout le contenu du site \u2013 y compris les textes, images, graphiques, logos, vid\u00e9os et logiciels \u2013 est la propri\u00e9t\u00e9 de WCS.COM ou de ses partenaires de contenu (cliniques dentaires), et est prot\u00e9g\u00e9 par les lois sur le droit d\u2019auteur et la propri\u00e9t\u00e9 intellectuelle. Il est strictement interdit de copier, distribuer, modifier ou utiliser tout ou partie du site sans autorisation \u00e9crite pr\u00e9alable.<\/p><ol start=\"6\"><li><strong><b> Liens vers des sites tiers<\/b><\/strong><\/li><\/ol><p>Le site peut contenir des liens vers des sites web de tiers. Nous ne sommes pas responsables du contenu, des conditions d&rsquo;utilisation ou des politiques de confidentialit\u00e9 de ces sites externes.<\/p><ol start=\"7\"><li><strong><b> Limitation de responsabilit<\/b><\/strong><strong><b>\u00e9<\/b><\/strong><\/li><\/ol><p>Nous ne garantissons pas l\u2019exactitude, l\u2019exhaustivit\u00e9 ou l\u2019utilit\u00e9 des informations publi\u00e9es sur le site. En aucun cas, nous ne pourrons \u00eatre tenus responsables de dommages directs, indirects, accessoires ou cons\u00e9cutifs r\u00e9sultant de l\u2019utilisation du site ou des services propos\u00e9s par les cliniques dentaires. Tout litige ou r\u00e9clamation concernant des traitements dentaires doit \u00eatre r\u00e9gl\u00e9 exclusivement entre le patient et la clinique choisie.<\/p><ol start=\"8\"><li><strong><b> Modifications des conditions<\/b><\/strong><\/li><\/ol><p>Nous nous r\u00e9servons le droit de mettre \u00e0 jour ou de modifier les pr\u00e9sentes Conditions d\u2019utilisation \u00e0 tout moment sans pr\u00e9avis. En continuant \u00e0 utiliser le site apr\u00e8s la publication des modifications, vous acceptez les conditions mises \u00e0 jour.<\/p><ol start=\"9\"><li><strong><b> Loi applicable<\/b><\/strong><\/li><\/ol><p>Les pr\u00e9sentes Conditions d\u2019utilisation sont r\u00e9gies par le droit de la R\u00e9publique de Serbie. Tout litige rel\u00e8vera de la comp\u00e9tence exclusive des tribunaux de Belgrade.<\/p><ol start=\"10\"><li><strong><b> Contact<\/b><\/strong><\/li><\/ol><p>Pour toute question concernant ces conditions, vous pouvez nous contacter \u00e0 :<\/p><p><strong><b>E-mail :<\/b><\/strong>\u00a0<a href=\"mailto:info@dentiststurkey.com\">info@dentiststurkey.com<\/a><br \/><strong><b>T<\/b><\/strong><strong><b>\u00e9<\/b><\/strong><strong><b>l<\/b><\/strong><strong><b>\u00e9<\/b><\/strong><strong><b>phone :<\/b><\/strong>\u00a0<a href=\"tel:+381607032481\">+381 60 70 32 481<\/a><br \/><strong><b>Site web :<\/b><\/strong>\u00a0<a href=\"http:\/\/www.dentiststurkey.com\/\"><u>www.dentiststurkey.com<\/u><\/a><\/p>\t\t\t\t\t\t\t\t<\/div>\n\t\t\t\t<\/div>\n\t\t\t\t\t<\/div>\n\t\t<\/div>\n\t\t\t\t\t<\/div>\n\t\t<\/section>\n\t\t\t\t<\/div>\n\t\t","protected":false},"excerpt":{"rendered":"<p>CONDITIONS D\u2019UTILISATION Derni\u00e8re mise \u00e0 jour :05.11.2024 Bienvenue sur www.dentiststurkey.com\u00a0(\u00ab Site web \u00bb). Ce site est la propri\u00e9t\u00e9 de Marko Cviji\u0107 PR AGENCY FOR WEB MARKETING WCS.COM (\u00ab nous \u00bb, \u00ab notre \u00bb ou \u00ab nos \u00bb). En utilisant notre site, vous acceptez les pr\u00e9sentes Conditions d\u2019utilisation. Si vous n\u2019acceptez pas une partie quelconque de [&hellip;]<\/p>\n","protected":false},"author":2,"featured_media":0,"parent":0,"menu_order":0,"comment_status":"closed","ping_status":"closed","template":"","meta":{"footnotes":""},"class_list":["post-72731","page","type-page","status-publish","hentry"],"acf":[],"yoast_head":"<!-- This site is optimized with the Yoast SEO plugin v27.4 - https:\/\/yoast.com\/product\/yoast-seo-wordpress\/ -->\n<title>CONDITIONS D\u2019UTILISATION - Dentists Turkey<\/title>\n<meta name=\"robots\" content=\"index, follow, max-snippet:-1, max-image-preview:large, max-video-preview:-1\" \/>\n<link rel=\"canonical\" href=\"https:\/\/dentiststurkey.com\/fr\/conditions-d-utilisation\/\" \/>\n<meta property=\"og:locale\" content=\"fr_FR\" \/>\n<meta property=\"og:type\" content=\"article\" \/>\n<meta property=\"og:title\" content=\"CONDITIONS D\u2019UTILISATION - Dentists Turkey\" \/>\n<meta property=\"og:description\" content=\"CONDITIONS D\u2019UTILISATION Derni\u00e8re mise \u00e0 jour :05.11.2024 Bienvenue sur www.dentiststurkey.com\u00a0(\u00ab Site web \u00bb). Ce site est la propri\u00e9t\u00e9 de Marko Cviji\u0107 PR AGENCY FOR WEB MARKETING WCS.COM (\u00ab nous \u00bb, \u00ab notre \u00bb ou \u00ab nos \u00bb). En utilisant notre site, vous acceptez les pr\u00e9sentes Conditions d\u2019utilisation. Si vous n\u2019acceptez pas une partie quelconque de [&hellip;]\" \/>\n<meta property=\"og:url\" content=\"https:\/\/dentiststurkey.com\/fr\/conditions-d-utilisation\/\" \/>\n<meta property=\"og:site_name\" content=\"Dentists Turkey\" \/>\n<meta property=\"article:modified_time\" content=\"2025-05-08T23:44:05+00:00\" \/>\n<meta name=\"twitter:card\" content=\"summary_large_image\" \/>\n<meta name=\"twitter:label1\" content=\"Dur\u00e9e de lecture estim\u00e9e\" \/>\n\t<meta name=\"twitter:data1\" content=\"4 minutes\" \/>\n<script type=\"application\/ld+json\" class=\"yoast-schema-graph\">{\"@context\":\"https:\\\/\\\/schema.org\",\"@graph\":[{\"@type\":\"WebPage\",\"@id\":\"https:\\\/\\\/dentiststurkey.com\\\/fr\\\/conditions-d-utilisation\\\/\",\"url\":\"https:\\\/\\\/dentiststurkey.com\\\/fr\\\/conditions-d-utilisation\\\/\",\"name\":\"CONDITIONS D\u2019UTILISATION - Dentists Turkey\",\"isPartOf\":{\"@id\":\"http:\\\/\\\/dentiststurkey.com\\\/fr\\\/#website\"},\"datePublished\":\"2025-04-15T11:56:15+00:00\",\"dateModified\":\"2025-05-08T23:44:05+00:00\",\"breadcrumb\":{\"@id\":\"https:\\\/\\\/dentiststurkey.com\\\/fr\\\/conditions-d-utilisation\\\/#breadcrumb\"},\"inLanguage\":\"fr-FR\",\"potentialAction\":[{\"@type\":\"ReadAction\",\"target\":[\"https:\\\/\\\/dentiststurkey.com\\\/fr\\\/conditions-d-utilisation\\\/\"]}]},{\"@type\":\"BreadcrumbList\",\"@id\":\"https:\\\/\\\/dentiststurkey.com\\\/fr\\\/conditions-d-utilisation\\\/#breadcrumb\",\"itemListElement\":[{\"@type\":\"ListItem\",\"position\":1,\"name\":\"Home\",\"item\":\"https:\\\/\\\/dentiststurkey.com\\\/fr\\\/\"},{\"@type\":\"ListItem\",\"position\":2,\"name\":\"CONDITIONS D\u2019UTILISATION\"}]},{\"@type\":\"WebSite\",\"@id\":\"http:\\\/\\\/dentiststurkey.com\\\/fr\\\/#website\",\"url\":\"http:\\\/\\\/dentiststurkey.com\\\/fr\\\/\",\"name\":\"Dentists Turkey\",\"description\":\"Best Dental Clinics\",\"publisher\":{\"@id\":\"http:\\\/\\\/dentiststurkey.com\\\/fr\\\/#organization\"},\"potentialAction\":[{\"@type\":\"SearchAction\",\"target\":{\"@type\":\"EntryPoint\",\"urlTemplate\":\"http:\\\/\\\/dentiststurkey.com\\\/fr\\\/?s={search_term_string}\"},\"query-input\":{\"@type\":\"PropertyValueSpecification\",\"valueRequired\":true,\"valueName\":\"search_term_string\"}}],\"inLanguage\":\"fr-FR\"},{\"@type\":\"Organization\",\"@id\":\"http:\\\/\\\/dentiststurkey.com\\\/fr\\\/#organization\",\"name\":\"Dentists Turkey\",\"url\":\"http:\\\/\\\/dentiststurkey.com\\\/fr\\\/\",\"logo\":{\"@type\":\"ImageObject\",\"inLanguage\":\"fr-FR\",\"@id\":\"http:\\\/\\\/dentiststurkey.com\\\/fr\\\/#\\\/schema\\\/logo\\\/image\\\/\",\"url\":\"https:\\\/\\\/dentiststurkey.com\\\/wp-content\\\/uploads\\\/2023\\\/02\\\/logo-dentists-400.webp\",\"contentUrl\":\"https:\\\/\\\/dentiststurkey.com\\\/wp-content\\\/uploads\\\/2023\\\/02\\\/logo-dentists-400.webp\",\"width\":400,\"height\":148,\"caption\":\"Dentists Turkey\"},\"image\":{\"@id\":\"http:\\\/\\\/dentiststurkey.com\\\/fr\\\/#\\\/schema\\\/logo\\\/image\\\/\"}}]}<\/script>\n<!-- \/ Yoast SEO plugin. -->","yoast_head_json":{"title":"CONDITIONS D\u2019UTILISATION - Dentists Turkey","robots":{"index":"index","follow":"follow","max-snippet":"max-snippet:-1","max-image-preview":"max-image-preview:large","max-video-preview":"max-video-preview:-1"},"canonical":"https:\/\/dentiststurkey.com\/fr\/conditions-d-utilisation\/","og_locale":"fr_FR","og_type":"article","og_title":"CONDITIONS D\u2019UTILISATION - Dentists Turkey","og_description":"CONDITIONS D\u2019UTILISATION Derni\u00e8re mise \u00e0 jour :05.11.2024 Bienvenue sur www.dentiststurkey.com\u00a0(\u00ab Site web \u00bb). Ce site est la propri\u00e9t\u00e9 de Marko Cviji\u0107 PR AGENCY FOR WEB MARKETING WCS.COM (\u00ab nous \u00bb, \u00ab notre \u00bb ou \u00ab nos \u00bb). En utilisant notre site, vous acceptez les pr\u00e9sentes Conditions d\u2019utilisation. Si vous n\u2019acceptez pas une partie quelconque de [&hellip;]","og_url":"https:\/\/dentiststurkey.com\/fr\/conditions-d-utilisation\/","og_site_name":"Dentists Turkey","article_modified_time":"2025-05-08T23:44:05+00:00","twitter_card":"summary_large_image","twitter_misc":{"Dur\u00e9e de lecture estim\u00e9e":"4 minutes"},"schema":{"@context":"https:\/\/schema.org","@graph":[{"@type":"WebPage","@id":"https:\/\/dentiststurkey.com\/fr\/conditions-d-utilisation\/","url":"https:\/\/dentiststurkey.com\/fr\/conditions-d-utilisation\/","name":"CONDITIONS D\u2019UTILISATION - Dentists Turkey","isPartOf":{"@id":"http:\/\/dentiststurkey.com\/fr\/#website"},"datePublished":"2025-04-15T11:56:15+00:00","dateModified":"2025-05-08T23:44:05+00:00","breadcrumb":{"@id":"https:\/\/dentiststurkey.com\/fr\/conditions-d-utilisation\/#breadcrumb"},"inLanguage":"fr-FR","potentialAction":[{"@type":"ReadAction","target":["https:\/\/dentiststurkey.com\/fr\/conditions-d-utilisation\/"]}]},{"@type":"BreadcrumbList","@id":"https:\/\/dentiststurkey.com\/fr\/conditions-d-utilisation\/#breadcrumb","itemListElement":[{"@type":"ListItem","position":1,"name":"Home","item":"https:\/\/dentiststurkey.com\/fr\/"},{"@type":"ListItem","position":2,"name":"CONDITIONS D\u2019UTILISATION"}]},{"@type":"WebSite","@id":"http:\/\/dentiststurkey.com\/fr\/#website","url":"http:\/\/dentiststurkey.com\/fr\/","name":"Dentists Turkey","description":"Best Dental Clinics","publisher":{"@id":"http:\/\/dentiststurkey.com\/fr\/#organization"},"potentialAction":[{"@type":"SearchAction","target":{"@type":"EntryPoint","urlTemplate":"http:\/\/dentiststurkey.com\/fr\/?s={search_term_string}"},"query-input":{"@type":"PropertyValueSpecification","valueRequired":true,"valueName":"search_term_string"}}],"inLanguage":"fr-FR"},{"@type":"Organization","@id":"http:\/\/dentiststurkey.com\/fr\/#organization","name":"Dentists Turkey","url":"http:\/\/dentiststurkey.com\/fr\/","logo":{"@type":"ImageObject","inLanguage":"fr-FR","@id":"http:\/\/dentiststurkey.com\/fr\/#\/schema\/logo\/image\/","url":"https:\/\/dentiststurkey.com\/wp-content\/uploads\/2023\/02\/logo-dentists-400.webp","contentUrl":"https:\/\/dentiststurkey.com\/wp-content\/uploads\/2023\/02\/logo-dentists-400.webp","width":400,"height":148,"caption":"Dentists Turkey"},"image":{"@id":"http:\/\/dentiststurkey.com\/fr\/#\/schema\/logo\/image\/"}}]}},"_links":{"self":[{"href":"https:\/\/dentiststurkey.com\/fr\/wp-json\/wp\/v2\/pages\/72731","targetHints":{"allow":["GET"]}}],"collection":[{"href":"https:\/\/dentiststurkey.com\/fr\/wp-json\/wp\/v2\/pages"}],"about":[{"href":"https:\/\/dentiststurkey.com\/fr\/wp-json\/wp\/v2\/types\/page"}],"author":[{"embeddable":true,"href":"https:\/\/dentiststurkey.com\/fr\/wp-json\/wp\/v2\/users\/2"}],"replies":[{"embeddable":true,"href":"https:\/\/dentiststurkey.com\/fr\/wp-json\/wp\/v2\/comments?post=72731"}],"version-history":[{"count":0,"href":"https:\/\/dentiststurkey.com\/fr\/wp-json\/wp\/v2\/pages\/72731\/revisions"}],"wp:attachment":[{"href":"https:\/\/dentiststurkey.com\/fr\/wp-json\/wp\/v2\/media?parent=72731"}],"curies":[{"name":"wp","href":"https:\/\/api.w.org\/{rel}","templated":true}]}}