{"id":74123,"date":"2026-04-15T19:12:59","date_gmt":"2026-04-15T16:12:59","guid":{"rendered":"https:\/\/dentiststurkey.com\/dental-clinics-antalya\/"},"modified":"2026-04-17T15:19:16","modified_gmt":"2026-04-17T12:19:16","slug":"cliniques-dentaires-antalya","status":"publish","type":"page","link":"https:\/\/dentiststurkey.com\/fr\/cliniques-dentaires-antalya\/","title":{"rendered":"Cliniques Dentaires Antalya"},"content":{"rendered":"<h1>Cliniques Dentaires \u00e0 Antalya<\/h1>\n<p>Vous recherchez les meilleures cliniques dentaires \u00e0 Antalya, en Turquie ? Antalya est l\u2019une des destinations les plus attractives pour les patients internationaux qui souhaitent des soins dentaires abordables, des cliniques modernes et la possibilit\u00e9 de combiner leur traitement avec un s\u00e9jour sur la c\u00f4te turque.<\/p>\n<p>Sur cette page, vous pouvez comparer les cliniques dentaires \u00e0 Antalya pour des traitements tels que les implants dentaires, les couronnes en zircone, les facettes, le Hollywood Smile, l\u2019All-on-4, l\u2019All-on-6 et la restauration compl\u00e8te de la bouche. De nombreuses cliniques dentaires \u00e0 Antalya proposent \u00e9galement un h\u00e9bergement gratuit et un transfert depuis l\u2019a\u00e9roport, ce qui facilite l\u2019organisation du traitement pour les patients venant de l\u2019\u00e9tranger.<\/p>\n\t\t<div data-elementor-type=\"section\" data-elementor-id=\"73749\" class=\"elementor elementor-73749\" data-elementor-post-type=\"elementor_library\">\n\t\t\t\t\t<section class=\"elementor-section elementor-top-section elementor-element elementor-element-51ff3a8 elementor-section-boxed elementor-section-height-default elementor-section-height-default\" data-id=\"51ff3a8\" data-element_type=\"section\" data-e-type=\"section\">\n\t\t\t\t\t\t<div class=\"elementor-container elementor-column-gap-default\">\n\t\t\t\t\t<div class=\"elementor-column elementor-col-50 elementor-top-column elementor-element elementor-element-2ea0b70\" data-id=\"2ea0b70\" data-element_type=\"column\" data-e-type=\"column\">\n\t\t\t<div class=\"elementor-widget-wrap elementor-element-populated\">\n\t\t\t\t\t\t<div data-dce-background-color=\"#710B0F\" class=\"elementor-element elementor-element-41734b0 elementor-align-justify elementor-widget elementor-widget-button\" data-id=\"41734b0\" data-element_type=\"widget\" data-e-type=\"widget\" data-widget_type=\"button.default\">\n\t\t\t\t<div class=\"elementor-widget-container\">\n\t\t\t\t\t\t\t\t\t<div class=\"elementor-button-wrapper\">\n\t\t\t\t\t<a class=\"elementor-button elementor-button-link elementor-size-sm\" href=\"https:\/\/dentiststurkey.com\/\">\n\t\t\t\t\t\t<span class=\"elementor-button-content-wrapper\">\n\t\t\t\t\t\t\t\t\t<span class=\"elementor-button-text\">GET A FREE QUOTE<\/span>\n\t\t\t\t\t<\/span>\n\t\t\t\t\t<\/a>\n\t\t\t\t<\/div>\n\t\t\t\t\t\t\t\t<\/div>\n\t\t\t\t<\/div>\n\t\t\t\t\t<\/div>\n\t\t<\/div>\n\t\t\t\t<div class=\"elementor-column elementor-col-50 elementor-top-column elementor-element elementor-element-1818039\" data-id=\"1818039\" data-element_type=\"column\" data-e-type=\"column\">\n\t\t\t<div class=\"elementor-widget-wrap elementor-element-populated\">\n\t\t\t\t\t\t<div data-dce-background-color=\"#B1D866\" class=\"elementor-element elementor-element-7e65189 elementor-align-justify elementor-widget elementor-widget-button\" data-id=\"7e65189\" data-element_type=\"widget\" data-e-type=\"widget\" data-widget_type=\"button.default\">\n\t\t\t\t<div class=\"elementor-widget-container\">\n\t\t\t\t\t\t\t\t\t<div class=\"elementor-button-wrapper\">\n\t\t\t\t\t<a class=\"elementor-button elementor-button-link elementor-size-sm\" href=\"https:\/\/wa.me\/+905439646316?text=Hello,%20I%20would%20like%20to%20get%20free%20quotes%20and%20compare%20offers%20from%20the%20best%20dental%20clinics%20in%20Turkey.\">\n\t\t\t\t\t\t<span class=\"elementor-button-content-wrapper\">\n\t\t\t\t\t\t<span class=\"elementor-button-icon\">\n\t\t\t\t<i aria-hidden=\"true\" class=\"fab fa-whatsapp\"><\/i>\t\t\t<\/span>\n\t\t\t\t\t\t\t\t\t<span class=\"elementor-button-text\">GET A QUOTE VIA WHATSAPP<\/span>\n\t\t\t\t\t<\/span>\n\t\t\t\t\t<\/a>\n\t\t\t\t<\/div>\n\t\t\t\t\t\t\t\t<\/div>\n\t\t\t\t<\/div>\n\t\t\t\t\t<\/div>\n\t\t<\/div>\n\t\t\t\t\t<\/div>\n\t\t<\/section>\n\t\t\t\t<\/div>\n\t\t\n<h2>Pourquoi choisir Antalya pour un traitement dentaire?<\/h2>\n<p>Antalya est l\u2019une des principales villes du tourisme dentaire en Turquie, car elle combine des prix abordables avec un environnement c\u00f4tier plus d\u00e9tendu. De nombreux patients pr\u00e9f\u00e8rent Antalya parce qu\u2019ils peuvent y recevoir des soins dentaires de haute qualit\u00e9 tout en s\u00e9journant dans une destination touristique r\u00e9put\u00e9e.<\/p>\n<p>Les cliniques dentaires \u00e0 Antalya travaillent souvent avec des patients internationaux et apportent un soutien tout au long du processus, du premier devis \u00e0 l\u2019h\u00e9bergement et aux transferts. Cela fait d\u2019Antalya une option tr\u00e8s attractive pour les patients qui recherchent \u00e0 la fois bon rapport qualit\u00e9-prix et confort.<\/p>\n<ul>\n<li>Soins dentaires abordables<\/li>\n<li>Destination populaire pour les patients internationaux<\/li>\n<li>Cliniques modernes avec options en dentisterie esth\u00e9tique et restauratrice<\/li>\n<li>H\u00e9bergement gratuit et transfert disponibles dans de nombreuses cliniques<\/li>\n<li>Id\u00e9al pour combiner traitement et court s\u00e9jour en Turquie<\/li>\n<\/ul>\n<h2>Traitements dentaires populaires \u00e0 Antalya<\/h2>\n<p>Les patients qui se rendent \u00e0 Antalya comparent g\u00e9n\u00e9ralement les cliniques pour les traitements suivants :<\/p>\n<ul>\n<li>Implants dentaires<\/li>\n<li>Implants dentaires All-on-4<\/li>\n<li>Implants dentaires All-on-6<\/li>\n<li>Couronnes en zircone<\/li>\n<li>Facettes dentaires<\/li>\n<li>Smile makeover<\/li>\n<li>Hollywood Smile<\/li>\n<li>Restauration compl\u00e8te de la bouche<\/li>\n<\/ul>\n<p>Si vous souhaitez comparer les cliniques d\u2019Antalya avec des options dans d\u2019autres villes, vous pouvez \u00e9galement consulter <a href=\"https:\/\/dentiststurkey.com\/it\/\">Dentists Turkey<\/a> et <a href=\"https:\/\/dentiststurkey.com\/fr\/tourisme-dentaire-turquie\/\">Dental Tourism Turkey<\/a>.<\/p>\n<h2>Prix des cliniques dentaires \u00e0 Antalya<\/h2>\n<p>Antalya est connue pour proposer des prix de traitement plus bas que dans de nombreux pays d\u2019Europe occidentale. Des patients du Royaume-Uni, d\u2019Allemagne, de Suisse, d\u2019Italie et de France se rendent souvent \u00e0 Antalya parce qu\u2019ils peuvent \u00e9conomiser une somme importante sur des traitements tels que les implants, les couronnes, les facettes et les restaurations dentaires compl\u00e8tes.<\/p>\n<p>Les prix finaux d\u00e9pendent de la clinique, de la complexit\u00e9 du traitement, du nombre de dents, des mat\u00e9riaux utilis\u00e9s et de la n\u00e9cessit\u00e9 \u00e9ventuelle de proc\u00e9dures suppl\u00e9mentaires. Malgr\u00e9 cela, Antalya est souvent consid\u00e9r\u00e9e comme l\u2019une des meilleures destinations en termes de rapport qualit\u00e9-prix pour le tourisme dentaire en Turquie.<\/p>\n<h2>H\u00e9bergement et transfert<\/h2>\n<p>De nombreuses cliniques dentaires \u00e0 Antalya offrent un h\u00e9bergement gratuit et un transfert depuis l\u2019a\u00e9roport aux patients internationaux. C\u2019est particuli\u00e8rement attractif pour les personnes qui souhaitent une exp\u00e9rience de voyage plus simple et un forfait plus complet au lieu de tout organiser s\u00e9par\u00e9ment.<\/p>\n<p>Pour beaucoup de patients, ce type de service fait d\u2019Antalya une option pratique, car il r\u00e9duit le stress li\u00e9 au voyage et aide \u00e0 mieux organiser le s\u00e9jour de traitement.<\/p>\n\t\t<div data-elementor-type=\"section\" data-elementor-id=\"73749\" class=\"elementor elementor-73749\" data-elementor-post-type=\"elementor_library\">\n\t\t\t\t\t<section class=\"elementor-section elementor-top-section elementor-element elementor-element-51ff3a8 elementor-section-boxed elementor-section-height-default elementor-section-height-default\" data-id=\"51ff3a8\" data-element_type=\"section\" data-e-type=\"section\">\n\t\t\t\t\t\t<div class=\"elementor-container elementor-column-gap-default\">\n\t\t\t\t\t<div class=\"elementor-column elementor-col-50 elementor-top-column elementor-element elementor-element-2ea0b70\" data-id=\"2ea0b70\" data-element_type=\"column\" data-e-type=\"column\">\n\t\t\t<div class=\"elementor-widget-wrap elementor-element-populated\">\n\t\t\t\t\t\t<div data-dce-background-color=\"#710B0F\" class=\"elementor-element elementor-element-41734b0 elementor-align-justify elementor-widget elementor-widget-button\" data-id=\"41734b0\" data-element_type=\"widget\" data-e-type=\"widget\" data-widget_type=\"button.default\">\n\t\t\t\t<div class=\"elementor-widget-container\">\n\t\t\t\t\t\t\t\t\t<div class=\"elementor-button-wrapper\">\n\t\t\t\t\t<a class=\"elementor-button elementor-button-link elementor-size-sm\" href=\"https:\/\/dentiststurkey.com\/\">\n\t\t\t\t\t\t<span class=\"elementor-button-content-wrapper\">\n\t\t\t\t\t\t\t\t\t<span class=\"elementor-button-text\">GET A FREE QUOTE<\/span>\n\t\t\t\t\t<\/span>\n\t\t\t\t\t<\/a>\n\t\t\t\t<\/div>\n\t\t\t\t\t\t\t\t<\/div>\n\t\t\t\t<\/div>\n\t\t\t\t\t<\/div>\n\t\t<\/div>\n\t\t\t\t<div class=\"elementor-column elementor-col-50 elementor-top-column elementor-element elementor-element-1818039\" data-id=\"1818039\" data-element_type=\"column\" data-e-type=\"column\">\n\t\t\t<div class=\"elementor-widget-wrap elementor-element-populated\">\n\t\t\t\t\t\t<div data-dce-background-color=\"#B1D866\" class=\"elementor-element elementor-element-7e65189 elementor-align-justify elementor-widget elementor-widget-button\" data-id=\"7e65189\" data-element_type=\"widget\" data-e-type=\"widget\" data-widget_type=\"button.default\">\n\t\t\t\t<div class=\"elementor-widget-container\">\n\t\t\t\t\t\t\t\t\t<div class=\"elementor-button-wrapper\">\n\t\t\t\t\t<a class=\"elementor-button elementor-button-link elementor-size-sm\" href=\"https:\/\/wa.me\/+905439646316?text=Hello,%20I%20would%20like%20to%20get%20free%20quotes%20and%20compare%20offers%20from%20the%20best%20dental%20clinics%20in%20Turkey.\">\n\t\t\t\t\t\t<span class=\"elementor-button-content-wrapper\">\n\t\t\t\t\t\t<span class=\"elementor-button-icon\">\n\t\t\t\t<i aria-hidden=\"true\" class=\"fab fa-whatsapp\"><\/i>\t\t\t<\/span>\n\t\t\t\t\t\t\t\t\t<span class=\"elementor-button-text\">GET A QUOTE VIA WHATSAPP<\/span>\n\t\t\t\t\t<\/span>\n\t\t\t\t\t<\/a>\n\t\t\t\t<\/div>\n\t\t\t\t\t\t\t\t<\/div>\n\t\t\t\t<\/div>\n\t\t\t\t\t<\/div>\n\t\t<\/div>\n\t\t\t\t\t<\/div>\n\t\t<\/section>\n\t\t\t\t<\/div>\n\t\t\n<h2>Comment choisir la bonne clinique dentaire \u00e0 Antalya?<\/h2>\n<p>Lorsque vous comparez des cliniques dentaires \u00e0 Antalya, il est important de ne pas se limiter au prix de d\u00e9part. La meilleure approche consiste \u00e0 comparer le plan de traitement, les mat\u00e9riaux, l\u2019exp\u00e9rience de la clinique, la communication et ce qui est inclus dans le forfait.<\/p>\n<p>Avant de choisir une clinique \u00e0 Antalya, il est utile de demander :<\/p>\n<ul>\n<li>Qu\u2019est-ce qui est exactement inclus dans le devis ?<\/li>\n<li>L\u2019h\u00e9bergement et les transferts sont-ils inclus ?<\/li>\n<li>Quels mat\u00e9riaux et quelles marques sont utilis\u00e9s ?<\/li>\n<li>La clinique a-t-elle de l\u2019exp\u00e9rience avec les patients internationaux ?<\/li>\n<li>Combien de temps durera le traitement ?<\/li>\n<\/ul>\n<h2>Comparer les cliniques dentaires \u00e0 Antalya<\/h2>\n<p>Sur cette page, vous pouvez comparer les cliniques dentaires \u00e0 Antalya et examiner diff\u00e9rentes options de traitement pour votre sourire et votre budget. Que vous recherchiez des facettes abordables, des couronnes en zircone, des implants ou une restauration compl\u00e8te, Antalya offre un large choix de cliniques pour les patients internationaux.<\/p>\n<p>Comparer plusieurs cliniques est souvent la meilleure fa\u00e7on d\u2019avoir une vision plus claire de vos options de traitement et du co\u00fbt total.<\/p>\n<h2>Obtenez des devis gratuits de cliniques dentaires \u00e0 Antalya<\/h2>\n<p>Comparez des cliniques dentaires v\u00e9rifi\u00e9es \u00e0 Antalya et demandez des devis gratuits pour votre traitement. De nombreuses cliniques offrent un h\u00e9bergement gratuit et un transfert depuis l\u2019a\u00e9roport pour les patients internationaux.<\/p>\n<p><strong>Commencez \u00e0 comparer d\u00e8s maintenant et recevez votre devis gratuit.<\/strong><\/p>\n\t\t<div data-elementor-type=\"section\" data-elementor-id=\"73749\" class=\"elementor elementor-73749\" data-elementor-post-type=\"elementor_library\">\n\t\t\t\t\t<section class=\"elementor-section elementor-top-section elementor-element elementor-element-51ff3a8 elementor-section-boxed elementor-section-height-default elementor-section-height-default\" data-id=\"51ff3a8\" data-element_type=\"section\" data-e-type=\"section\">\n\t\t\t\t\t\t<div class=\"elementor-container elementor-column-gap-default\">\n\t\t\t\t\t<div class=\"elementor-column elementor-col-50 elementor-top-column elementor-element elementor-element-2ea0b70\" data-id=\"2ea0b70\" data-element_type=\"column\" data-e-type=\"column\">\n\t\t\t<div class=\"elementor-widget-wrap elementor-element-populated\">\n\t\t\t\t\t\t<div data-dce-background-color=\"#710B0F\" class=\"elementor-element elementor-element-41734b0 elementor-align-justify elementor-widget elementor-widget-button\" data-id=\"41734b0\" data-element_type=\"widget\" data-e-type=\"widget\" data-widget_type=\"button.default\">\n\t\t\t\t<div class=\"elementor-widget-container\">\n\t\t\t\t\t\t\t\t\t<div class=\"elementor-button-wrapper\">\n\t\t\t\t\t<a class=\"elementor-button elementor-button-link elementor-size-sm\" href=\"https:\/\/dentiststurkey.com\/\">\n\t\t\t\t\t\t<span class=\"elementor-button-content-wrapper\">\n\t\t\t\t\t\t\t\t\t<span class=\"elementor-button-text\">GET A FREE QUOTE<\/span>\n\t\t\t\t\t<\/span>\n\t\t\t\t\t<\/a>\n\t\t\t\t<\/div>\n\t\t\t\t\t\t\t\t<\/div>\n\t\t\t\t<\/div>\n\t\t\t\t\t<\/div>\n\t\t<\/div>\n\t\t\t\t<div class=\"elementor-column elementor-col-50 elementor-top-column elementor-element elementor-element-1818039\" data-id=\"1818039\" data-element_type=\"column\" data-e-type=\"column\">\n\t\t\t<div class=\"elementor-widget-wrap elementor-element-populated\">\n\t\t\t\t\t\t<div data-dce-background-color=\"#B1D866\" class=\"elementor-element elementor-element-7e65189 elementor-align-justify elementor-widget elementor-widget-button\" data-id=\"7e65189\" data-element_type=\"widget\" data-e-type=\"widget\" data-widget_type=\"button.default\">\n\t\t\t\t<div class=\"elementor-widget-container\">\n\t\t\t\t\t\t\t\t\t<div class=\"elementor-button-wrapper\">\n\t\t\t\t\t<a class=\"elementor-button elementor-button-link elementor-size-sm\" href=\"https:\/\/wa.me\/+905439646316?text=Hello,%20I%20would%20like%20to%20get%20free%20quotes%20and%20compare%20offers%20from%20the%20best%20dental%20clinics%20in%20Turkey.\">\n\t\t\t\t\t\t<span class=\"elementor-button-content-wrapper\">\n\t\t\t\t\t\t<span class=\"elementor-button-icon\">\n\t\t\t\t<i aria-hidden=\"true\" class=\"fab fa-whatsapp\"><\/i>\t\t\t<\/span>\n\t\t\t\t\t\t\t\t\t<span class=\"elementor-button-text\">GET A QUOTE VIA WHATSAPP<\/span>\n\t\t\t\t\t<\/span>\n\t\t\t\t\t<\/a>\n\t\t\t\t<\/div>\n\t\t\t\t\t\t\t\t<\/div>\n\t\t\t\t<\/div>\n\t\t\t\t\t<\/div>\n\t\t<\/div>\n\t\t\t\t\t<\/div>\n\t\t<\/section>\n\t\t\t\t<\/div>\n\t\t\n","protected":false},"excerpt":{"rendered":"<p>Cliniques Dentaires \u00e0 Antalya Vous recherchez les meilleures cliniques dentaires \u00e0 Antalya, en Turquie ? Antalya est l\u2019une des destinations les plus attractives pour les patients internationaux qui souhaitent des soins dentaires abordables, des cliniques modernes et la possibilit\u00e9 de combiner leur traitement avec un s\u00e9jour sur la c\u00f4te turque. Sur cette page, vous pouvez [&hellip;]<\/p>\n","protected":false},"author":2,"featured_media":0,"parent":0,"menu_order":0,"comment_status":"closed","ping_status":"closed","template":"","meta":{"footnotes":""},"class_list":["post-74123","page","type-page","status-publish","hentry"],"acf":[],"yoast_head":"<!-- This site is optimized with the Yoast SEO plugin v27.4 - https:\/\/yoast.com\/product\/yoast-seo-wordpress\/ -->\n<title>Cliniques Dentaires Antalya - Demandez un devis gratuit<\/title>\n<meta name=\"description\" content=\"Comparez les cliniques dentaires \u00e0 Antalya. Devis gratuits, prix, avis, h\u00e9bergement et transfert a\u00e9roport gratuits.\" \/>\n<meta name=\"robots\" content=\"index, follow, max-snippet:-1, max-image-preview:large, max-video-preview:-1\" \/>\n<link rel=\"canonical\" href=\"https:\/\/dentiststurkey.com\/fr\/cliniques-dentaires-antalya\/\" \/>\n<meta property=\"og:locale\" content=\"fr_FR\" \/>\n<meta property=\"og:type\" content=\"article\" \/>\n<meta property=\"og:title\" content=\"Cliniques Dentaires Antalya - Demandez un devis gratuit\" \/>\n<meta property=\"og:description\" content=\"Comparez les cliniques dentaires \u00e0 Antalya. Devis gratuits, prix, avis, h\u00e9bergement et transfert a\u00e9roport gratuits.\" \/>\n<meta property=\"og:url\" content=\"https:\/\/dentiststurkey.com\/fr\/cliniques-dentaires-antalya\/\" \/>\n<meta property=\"og:site_name\" content=\"Dentists Turkey\" \/>\n<meta property=\"article:modified_time\" content=\"2026-04-17T12:19:16+00:00\" \/>\n<meta name=\"twitter:card\" content=\"summary_large_image\" \/>\n<meta name=\"twitter:label1\" content=\"Dur\u00e9e de lecture estim\u00e9e\" \/>\n\t<meta name=\"twitter:data1\" content=\"4 minutes\" \/>\n<script type=\"application\/ld+json\" class=\"yoast-schema-graph\">{\"@context\":\"https:\\\/\\\/schema.org\",\"@graph\":[{\"@type\":\"WebPage\",\"@id\":\"https:\\\/\\\/dentiststurkey.com\\\/fr\\\/cliniques-dentaires-antalya\\\/\",\"url\":\"https:\\\/\\\/dentiststurkey.com\\\/fr\\\/cliniques-dentaires-antalya\\\/\",\"name\":\"Cliniques Dentaires Antalya - Demandez un devis gratuit\",\"isPartOf\":{\"@id\":\"http:\\\/\\\/dentiststurkey.com\\\/fr\\\/#website\"},\"datePublished\":\"2026-04-15T16:12:59+00:00\",\"dateModified\":\"2026-04-17T12:19:16+00:00\",\"description\":\"Comparez les cliniques dentaires \u00e0 Antalya. Devis gratuits, prix, avis, h\u00e9bergement et transfert a\u00e9roport gratuits.\",\"breadcrumb\":{\"@id\":\"https:\\\/\\\/dentiststurkey.com\\\/fr\\\/cliniques-dentaires-antalya\\\/#breadcrumb\"},\"inLanguage\":\"fr-FR\",\"potentialAction\":[{\"@type\":\"ReadAction\",\"target\":[\"https:\\\/\\\/dentiststurkey.com\\\/fr\\\/cliniques-dentaires-antalya\\\/\"]}]},{\"@type\":\"BreadcrumbList\",\"@id\":\"https:\\\/\\\/dentiststurkey.com\\\/fr\\\/cliniques-dentaires-antalya\\\/#breadcrumb\",\"itemListElement\":[{\"@type\":\"ListItem\",\"position\":1,\"name\":\"Home\",\"item\":\"https:\\\/\\\/dentiststurkey.com\\\/fr\\\/\"},{\"@type\":\"ListItem\",\"position\":2,\"name\":\"Cliniques Dentaires Antalya\"}]},{\"@type\":\"WebSite\",\"@id\":\"http:\\\/\\\/dentiststurkey.com\\\/fr\\\/#website\",\"url\":\"http:\\\/\\\/dentiststurkey.com\\\/fr\\\/\",\"name\":\"Dentists Turkey\",\"description\":\"Best Dental Clinics\",\"publisher\":{\"@id\":\"http:\\\/\\\/dentiststurkey.com\\\/fr\\\/#organization\"},\"potentialAction\":[{\"@type\":\"SearchAction\",\"target\":{\"@type\":\"EntryPoint\",\"urlTemplate\":\"http:\\\/\\\/dentiststurkey.com\\\/fr\\\/?s={search_term_string}\"},\"query-input\":{\"@type\":\"PropertyValueSpecification\",\"valueRequired\":true,\"valueName\":\"search_term_string\"}}],\"inLanguage\":\"fr-FR\"},{\"@type\":\"Organization\",\"@id\":\"http:\\\/\\\/dentiststurkey.com\\\/fr\\\/#organization\",\"name\":\"Dentists Turkey\",\"url\":\"http:\\\/\\\/dentiststurkey.com\\\/fr\\\/\",\"logo\":{\"@type\":\"ImageObject\",\"inLanguage\":\"fr-FR\",\"@id\":\"http:\\\/\\\/dentiststurkey.com\\\/fr\\\/#\\\/schema\\\/logo\\\/image\\\/\",\"url\":\"https:\\\/\\\/dentiststurkey.com\\\/wp-content\\\/uploads\\\/2023\\\/02\\\/logo-dentists-400.webp\",\"contentUrl\":\"https:\\\/\\\/dentiststurkey.com\\\/wp-content\\\/uploads\\\/2023\\\/02\\\/logo-dentists-400.webp\",\"width\":400,\"height\":148,\"caption\":\"Dentists Turkey\"},\"image\":{\"@id\":\"http:\\\/\\\/dentiststurkey.com\\\/fr\\\/#\\\/schema\\\/logo\\\/image\\\/\"}}]}<\/script>\n<!-- \/ Yoast SEO plugin. -->","yoast_head_json":{"title":"Cliniques Dentaires Antalya - Demandez un devis gratuit","description":"Comparez les cliniques dentaires \u00e0 Antalya. Devis gratuits, prix, avis, h\u00e9bergement et transfert a\u00e9roport gratuits.","robots":{"index":"index","follow":"follow","max-snippet":"max-snippet:-1","max-image-preview":"max-image-preview:large","max-video-preview":"max-video-preview:-1"},"canonical":"https:\/\/dentiststurkey.com\/fr\/cliniques-dentaires-antalya\/","og_locale":"fr_FR","og_type":"article","og_title":"Cliniques Dentaires Antalya - Demandez un devis gratuit","og_description":"Comparez les cliniques dentaires \u00e0 Antalya. Devis gratuits, prix, avis, h\u00e9bergement et transfert a\u00e9roport gratuits.","og_url":"https:\/\/dentiststurkey.com\/fr\/cliniques-dentaires-antalya\/","og_site_name":"Dentists Turkey","article_modified_time":"2026-04-17T12:19:16+00:00","twitter_card":"summary_large_image","twitter_misc":{"Dur\u00e9e de lecture estim\u00e9e":"4 minutes"},"schema":{"@context":"https:\/\/schema.org","@graph":[{"@type":"WebPage","@id":"https:\/\/dentiststurkey.com\/fr\/cliniques-dentaires-antalya\/","url":"https:\/\/dentiststurkey.com\/fr\/cliniques-dentaires-antalya\/","name":"Cliniques Dentaires Antalya - Demandez un devis gratuit","isPartOf":{"@id":"http:\/\/dentiststurkey.com\/fr\/#website"},"datePublished":"2026-04-15T16:12:59+00:00","dateModified":"2026-04-17T12:19:16+00:00","description":"Comparez les cliniques dentaires \u00e0 Antalya. Devis gratuits, prix, avis, h\u00e9bergement et transfert a\u00e9roport gratuits.","breadcrumb":{"@id":"https:\/\/dentiststurkey.com\/fr\/cliniques-dentaires-antalya\/#breadcrumb"},"inLanguage":"fr-FR","potentialAction":[{"@type":"ReadAction","target":["https:\/\/dentiststurkey.com\/fr\/cliniques-dentaires-antalya\/"]}]},{"@type":"BreadcrumbList","@id":"https:\/\/dentiststurkey.com\/fr\/cliniques-dentaires-antalya\/#breadcrumb","itemListElement":[{"@type":"ListItem","position":1,"name":"Home","item":"https:\/\/dentiststurkey.com\/fr\/"},{"@type":"ListItem","position":2,"name":"Cliniques Dentaires Antalya"}]},{"@type":"WebSite","@id":"http:\/\/dentiststurkey.com\/fr\/#website","url":"http:\/\/dentiststurkey.com\/fr\/","name":"Dentists Turkey","description":"Best Dental Clinics","publisher":{"@id":"http:\/\/dentiststurkey.com\/fr\/#organization"},"potentialAction":[{"@type":"SearchAction","target":{"@type":"EntryPoint","urlTemplate":"http:\/\/dentiststurkey.com\/fr\/?s={search_term_string}"},"query-input":{"@type":"PropertyValueSpecification","valueRequired":true,"valueName":"search_term_string"}}],"inLanguage":"fr-FR"},{"@type":"Organization","@id":"http:\/\/dentiststurkey.com\/fr\/#organization","name":"Dentists Turkey","url":"http:\/\/dentiststurkey.com\/fr\/","logo":{"@type":"ImageObject","inLanguage":"fr-FR","@id":"http:\/\/dentiststurkey.com\/fr\/#\/schema\/logo\/image\/","url":"https:\/\/dentiststurkey.com\/wp-content\/uploads\/2023\/02\/logo-dentists-400.webp","contentUrl":"https:\/\/dentiststurkey.com\/wp-content\/uploads\/2023\/02\/logo-dentists-400.webp","width":400,"height":148,"caption":"Dentists Turkey"},"image":{"@id":"http:\/\/dentiststurkey.com\/fr\/#\/schema\/logo\/image\/"}}]}},"_links":{"self":[{"href":"https:\/\/dentiststurkey.com\/fr\/wp-json\/wp\/v2\/pages\/74123","targetHints":{"allow":["GET"]}}],"collection":[{"href":"https:\/\/dentiststurkey.com\/fr\/wp-json\/wp\/v2\/pages"}],"about":[{"href":"https:\/\/dentiststurkey.com\/fr\/wp-json\/wp\/v2\/types\/page"}],"author":[{"embeddable":true,"href":"https:\/\/dentiststurkey.com\/fr\/wp-json\/wp\/v2\/users\/2"}],"replies":[{"embeddable":true,"href":"https:\/\/dentiststurkey.com\/fr\/wp-json\/wp\/v2\/comments?post=74123"}],"version-history":[{"count":6,"href":"https:\/\/dentiststurkey.com\/fr\/wp-json\/wp\/v2\/pages\/74123\/revisions"}],"predecessor-version":[{"id":74379,"href":"https:\/\/dentiststurkey.com\/fr\/wp-json\/wp\/v2\/pages\/74123\/revisions\/74379"}],"wp:attachment":[{"href":"https:\/\/dentiststurkey.com\/fr\/wp-json\/wp\/v2\/media?parent=74123"}],"curies":[{"name":"wp","href":"https:\/\/api.w.org\/{rel}","templated":true}]}}