{"id":74125,"date":"2026-04-15T19:14:18","date_gmt":"2026-04-15T16:14:18","guid":{"rendered":"https:\/\/dentiststurkey.com\/dental-clinics-izmir\/"},"modified":"2026-04-17T15:23:33","modified_gmt":"2026-04-17T12:23:33","slug":"cliniques-dentaires-izmir","status":"publish","type":"page","link":"https:\/\/dentiststurkey.com\/fr\/cliniques-dentaires-izmir\/","title":{"rendered":"Cliniques Dentaires Izmir"},"content":{"rendered":"<h1>Cliniques Dentaires \u00e0 Izmir<\/h1>\n<p>Vous recherchez les meilleures cliniques dentaires \u00e0 Izmir, en Turquie ? Izmir est une destination en plein d\u00e9veloppement pour les patients internationaux qui souhaitent des soins dentaires abordables, des cliniques modernes et une ville c\u00f4ti\u00e8re plus d\u00e9tendue par rapport \u00e0 des destinations plus grandes comme Istanbul.<\/p>\n<p>Sur cette page, vous pouvez comparer les cliniques dentaires \u00e0 Izmir pour des traitements tels que les implants dentaires, les couronnes en zircone, les facettes, le Hollywood Smile, l\u2019All-on-4, l\u2019All-on-6 et la restauration compl\u00e8te de la bouche. De nombreuses cliniques \u00e0 Izmir proposent \u00e9galement un h\u00e9bergement gratuit et un transfert depuis l\u2019a\u00e9roport pour les patients venant de l\u2019\u00e9tranger.<\/p>\n\t\t<div data-elementor-type=\"section\" data-elementor-id=\"73749\" class=\"elementor elementor-73749\" data-elementor-post-type=\"elementor_library\">\n\t\t\t\t\t<section class=\"elementor-section elementor-top-section elementor-element elementor-element-51ff3a8 elementor-section-boxed elementor-section-height-default elementor-section-height-default\" data-id=\"51ff3a8\" data-element_type=\"section\" data-e-type=\"section\">\n\t\t\t\t\t\t<div class=\"elementor-container elementor-column-gap-default\">\n\t\t\t\t\t<div class=\"elementor-column elementor-col-50 elementor-top-column elementor-element elementor-element-2ea0b70\" data-id=\"2ea0b70\" data-element_type=\"column\" data-e-type=\"column\">\n\t\t\t<div class=\"elementor-widget-wrap elementor-element-populated\">\n\t\t\t\t\t\t<div data-dce-background-color=\"#710B0F\" class=\"elementor-element elementor-element-41734b0 elementor-align-justify elementor-widget elementor-widget-button\" data-id=\"41734b0\" data-element_type=\"widget\" data-e-type=\"widget\" data-widget_type=\"button.default\">\n\t\t\t\t<div class=\"elementor-widget-container\">\n\t\t\t\t\t\t\t\t\t<div class=\"elementor-button-wrapper\">\n\t\t\t\t\t<a class=\"elementor-button elementor-button-link elementor-size-sm\" href=\"https:\/\/dentiststurkey.com\/\">\n\t\t\t\t\t\t<span class=\"elementor-button-content-wrapper\">\n\t\t\t\t\t\t\t\t\t<span class=\"elementor-button-text\">GET A FREE QUOTE<\/span>\n\t\t\t\t\t<\/span>\n\t\t\t\t\t<\/a>\n\t\t\t\t<\/div>\n\t\t\t\t\t\t\t\t<\/div>\n\t\t\t\t<\/div>\n\t\t\t\t\t<\/div>\n\t\t<\/div>\n\t\t\t\t<div class=\"elementor-column elementor-col-50 elementor-top-column elementor-element elementor-element-1818039\" data-id=\"1818039\" data-element_type=\"column\" data-e-type=\"column\">\n\t\t\t<div class=\"elementor-widget-wrap elementor-element-populated\">\n\t\t\t\t\t\t<div data-dce-background-color=\"#B1D866\" class=\"elementor-element elementor-element-7e65189 elementor-align-justify elementor-widget elementor-widget-button\" data-id=\"7e65189\" data-element_type=\"widget\" data-e-type=\"widget\" data-widget_type=\"button.default\">\n\t\t\t\t<div class=\"elementor-widget-container\">\n\t\t\t\t\t\t\t\t\t<div class=\"elementor-button-wrapper\">\n\t\t\t\t\t<a class=\"elementor-button elementor-button-link elementor-size-sm\" href=\"https:\/\/wa.me\/+905439646316?text=Hello,%20I%20would%20like%20to%20get%20free%20quotes%20and%20compare%20offers%20from%20the%20best%20dental%20clinics%20in%20Turkey.\">\n\t\t\t\t\t\t<span class=\"elementor-button-content-wrapper\">\n\t\t\t\t\t\t<span class=\"elementor-button-icon\">\n\t\t\t\t<i aria-hidden=\"true\" class=\"fab fa-whatsapp\"><\/i>\t\t\t<\/span>\n\t\t\t\t\t\t\t\t\t<span class=\"elementor-button-text\">GET A QUOTE VIA WHATSAPP<\/span>\n\t\t\t\t\t<\/span>\n\t\t\t\t\t<\/a>\n\t\t\t\t<\/div>\n\t\t\t\t\t\t\t\t<\/div>\n\t\t\t\t<\/div>\n\t\t\t\t\t<\/div>\n\t\t<\/div>\n\t\t\t\t\t<\/div>\n\t\t<\/section>\n\t\t\t\t<\/div>\n\t\t\n<h2>Pourquoi choisir Izmir pour un traitement dentaire ?<\/h2>\n<p>Izmir est une excellente option pour le tourisme dentaire en Turquie, car la ville offre un bon rapport qualit\u00e9-prix, des soins dentaires modernes et une ambiance plus calme que certaines grandes villes. De nombreux patients choisissent Izmir parce qu\u2019ils recherchent un traitement abordable et une exp\u00e9rience de voyage globalement plus d\u00e9tendue.<\/p>\n<p>Les cliniques dentaires \u00e0 Izmir proposent souvent des plans de traitement pour les patients internationaux \u00e0 la recherche d\u2019implants, de couronnes, de facettes ou de proc\u00e9dures esth\u00e9tiques de relooking du sourire. Comme dans d\u2019autres grandes villes turques, les patients peuvent souvent trouver des forfaits incluant une aide pour l\u2019h\u00e9bergement et les transferts.<\/p>\n<ul>\n<li>Soins dentaires abordables<\/li>\n<li>Ville c\u00f4ti\u00e8re avec une atmosph\u00e8re plus d\u00e9tendue<\/li>\n<li>Cliniques dentaires modernes et options de dentisterie esth\u00e9tique<\/li>\n<li>H\u00e9bergement gratuit et transfert disponibles dans de nombreuses cliniques<\/li>\n<li>Bonne alternative aux villes plus grandes et plus anim\u00e9es<\/li>\n<\/ul>\n<h2>Traitements dentaires populaires \u00e0 Izmir<\/h2>\n<p>Les patients qui viennent \u00e0 Izmir comparent souvent les cliniques pour des traitements tels que :<\/p>\n<ul>\n<li>Implants dentaires<\/li>\n<li>Implants dentaires All-on-4<\/li>\n<li>Implants dentaires All-on-6<\/li>\n<li>Couronnes en zircone<\/li>\n<li>Facettes dentaires<\/li>\n<li>Smile makeover<\/li>\n<li>Hollywood Smile<\/li>\n<li>Restauration compl\u00e8te de la bouche<\/li>\n<\/ul>\n<p>Pour comparer Izmir avec des cliniques dans d\u2019autres villes de Turquie, vous pouvez \u00e9galement consulter <a href=\"https:\/\/dentiststurkey.com\/it\/\">Dentists Turkey<\/a> et <a href=\"https:\/\/dentiststurkey.com\/fr\/tourisme-dentaire-turquie\/\">Dental Tourism Turkey<\/a>.<\/p>\n<h2>Prix des cliniques dentaires \u00e0 Izmir<\/h2>\n<p>Izmir est souvent choisie par les patients qui souhaitent des traitements moins co\u00fbteux qu\u2019au Royaume-Uni, en Allemagne, en Autriche, en Suisse ou en France. Des traitements tels que les implants, les couronnes en zircone, les facettes et la r\u00e9habilitation compl\u00e8te de la bouche peuvent souvent \u00eatre beaucoup plus abordables \u00e0 Izmir que dans de nombreux pays d\u2019Europe occidentale.<\/p>\n<p>Les prix exacts d\u00e9pendent de la clinique, du plan de traitement, des mat\u00e9riaux utilis\u00e9s et de la complexit\u00e9 du cas. Malgr\u00e9 cela, Izmir reste une destination attractive pour les patients qui recherchent un \u00e9quilibre entre qualit\u00e9, prix et s\u00e9jour de traitement plus confortable.<\/p>\n<h2>H\u00e9bergement gratuit et transfert depuis l\u2019a\u00e9roport<\/h2>\n<p>De nombreuses cliniques dentaires \u00e0 Izmir offrent un h\u00e9bergement gratuit et un transfert depuis l\u2019a\u00e9roport aux patients internationaux. Cela peut rendre l\u2019ensemble de l\u2019exp\u00e9rience de traitement beaucoup plus simple, surtout pour les personnes venant de l\u2019\u00e9tranger pour des implants, des couronnes ou des soins dentaires esth\u00e9tiques.<\/p>\n<p>Lorsque ces services sont inclus, les patients peuvent se concentrer davantage sur le traitement et moins sur la logistique du voyage.<\/p>\n\t\t<div data-elementor-type=\"section\" data-elementor-id=\"73749\" class=\"elementor elementor-73749\" data-elementor-post-type=\"elementor_library\">\n\t\t\t\t\t<section class=\"elementor-section elementor-top-section elementor-element elementor-element-51ff3a8 elementor-section-boxed elementor-section-height-default elementor-section-height-default\" data-id=\"51ff3a8\" data-element_type=\"section\" data-e-type=\"section\">\n\t\t\t\t\t\t<div class=\"elementor-container elementor-column-gap-default\">\n\t\t\t\t\t<div class=\"elementor-column elementor-col-50 elementor-top-column elementor-element elementor-element-2ea0b70\" data-id=\"2ea0b70\" data-element_type=\"column\" data-e-type=\"column\">\n\t\t\t<div class=\"elementor-widget-wrap elementor-element-populated\">\n\t\t\t\t\t\t<div data-dce-background-color=\"#710B0F\" class=\"elementor-element elementor-element-41734b0 elementor-align-justify elementor-widget elementor-widget-button\" data-id=\"41734b0\" data-element_type=\"widget\" data-e-type=\"widget\" data-widget_type=\"button.default\">\n\t\t\t\t<div class=\"elementor-widget-container\">\n\t\t\t\t\t\t\t\t\t<div class=\"elementor-button-wrapper\">\n\t\t\t\t\t<a class=\"elementor-button elementor-button-link elementor-size-sm\" href=\"https:\/\/dentiststurkey.com\/\">\n\t\t\t\t\t\t<span class=\"elementor-button-content-wrapper\">\n\t\t\t\t\t\t\t\t\t<span class=\"elementor-button-text\">GET A FREE QUOTE<\/span>\n\t\t\t\t\t<\/span>\n\t\t\t\t\t<\/a>\n\t\t\t\t<\/div>\n\t\t\t\t\t\t\t\t<\/div>\n\t\t\t\t<\/div>\n\t\t\t\t\t<\/div>\n\t\t<\/div>\n\t\t\t\t<div class=\"elementor-column elementor-col-50 elementor-top-column elementor-element elementor-element-1818039\" data-id=\"1818039\" data-element_type=\"column\" data-e-type=\"column\">\n\t\t\t<div class=\"elementor-widget-wrap elementor-element-populated\">\n\t\t\t\t\t\t<div data-dce-background-color=\"#B1D866\" class=\"elementor-element elementor-element-7e65189 elementor-align-justify elementor-widget elementor-widget-button\" data-id=\"7e65189\" data-element_type=\"widget\" data-e-type=\"widget\" data-widget_type=\"button.default\">\n\t\t\t\t<div class=\"elementor-widget-container\">\n\t\t\t\t\t\t\t\t\t<div class=\"elementor-button-wrapper\">\n\t\t\t\t\t<a class=\"elementor-button elementor-button-link elementor-size-sm\" href=\"https:\/\/wa.me\/+905439646316?text=Hello,%20I%20would%20like%20to%20get%20free%20quotes%20and%20compare%20offers%20from%20the%20best%20dental%20clinics%20in%20Turkey.\">\n\t\t\t\t\t\t<span class=\"elementor-button-content-wrapper\">\n\t\t\t\t\t\t<span class=\"elementor-button-icon\">\n\t\t\t\t<i aria-hidden=\"true\" class=\"fab fa-whatsapp\"><\/i>\t\t\t<\/span>\n\t\t\t\t\t\t\t\t\t<span class=\"elementor-button-text\">GET A QUOTE VIA WHATSAPP<\/span>\n\t\t\t\t\t<\/span>\n\t\t\t\t\t<\/a>\n\t\t\t\t<\/div>\n\t\t\t\t\t\t\t\t<\/div>\n\t\t\t\t<\/div>\n\t\t\t\t\t<\/div>\n\t\t<\/div>\n\t\t\t\t\t<\/div>\n\t\t<\/section>\n\t\t\t\t<\/div>\n\t\t\n<h2>Comment choisir la bonne clinique dentaire \u00e0 Izmir ?<\/h2>\n<p>Choisir la bonne clinique \u00e0 Izmir signifie comparer plus que le simple prix de d\u00e9part. Il est important d\u2019examiner le plan de traitement, les mat\u00e9riaux, l\u2019exp\u00e9rience de la clinique, la communication et ce qui est inclus dans le devis.<\/p>\n<p>Avant de prendre une d\u00e9cision, il est judicieux de comparer :<\/p>\n<ul>\n<li>Les options de traitement et les prix<\/li>\n<li>L\u2019h\u00e9bergement et le transfert inclus<\/li>\n<li>L\u2019exp\u00e9rience avec les patients internationaux<\/li>\n<li>Les mat\u00e9riaux et les marques utilis\u00e9s<\/li>\n<li>La dur\u00e9e estim\u00e9e du traitement<\/li>\n<\/ul>\n<h2>Comparer les cliniques dentaires \u00e0 Izmir<\/h2>\n<p>Sur cette page, vous pouvez comparer les cliniques dentaires \u00e0 Izmir et voir quelles options de traitement peuvent correspondre \u00e0 vos besoins. Que vous recherchiez des implants dentaires, des facettes, des couronnes en zircone ou un relooking complet du sourire, Izmir offre plusieurs options attractives pour les patients internationaux.<\/p>\n<p>Comparer plusieurs cliniques avant de prendre une d\u00e9cision est souvent la meilleure mani\u00e8re de trouver le bon \u00e9quilibre entre qualit\u00e9 du traitement, prix et services inclus.<\/p>\n<h2>Obtenez des devis gratuits de cliniques dentaires \u00e0 Izmir<\/h2>\n<p>Comparez des cliniques dentaires v\u00e9rifi\u00e9es \u00e0 Izmir et demandez des devis gratuits pour votre traitement. De nombreuses cliniques offrent un h\u00e9bergement gratuit et un transfert depuis l\u2019a\u00e9roport pour les patients internationaux.<\/p>\n<p><strong>Commencez \u00e0 comparer d\u00e8s maintenant et recevez votre devis gratuit.<\/strong><\/p>\n\t\t<div data-elementor-type=\"section\" data-elementor-id=\"73749\" class=\"elementor elementor-73749\" data-elementor-post-type=\"elementor_library\">\n\t\t\t\t\t<section class=\"elementor-section elementor-top-section elementor-element elementor-element-51ff3a8 elementor-section-boxed elementor-section-height-default elementor-section-height-default\" data-id=\"51ff3a8\" data-element_type=\"section\" data-e-type=\"section\">\n\t\t\t\t\t\t<div class=\"elementor-container elementor-column-gap-default\">\n\t\t\t\t\t<div class=\"elementor-column elementor-col-50 elementor-top-column elementor-element elementor-element-2ea0b70\" data-id=\"2ea0b70\" data-element_type=\"column\" data-e-type=\"column\">\n\t\t\t<div class=\"elementor-widget-wrap elementor-element-populated\">\n\t\t\t\t\t\t<div data-dce-background-color=\"#710B0F\" class=\"elementor-element elementor-element-41734b0 elementor-align-justify elementor-widget elementor-widget-button\" data-id=\"41734b0\" data-element_type=\"widget\" data-e-type=\"widget\" data-widget_type=\"button.default\">\n\t\t\t\t<div class=\"elementor-widget-container\">\n\t\t\t\t\t\t\t\t\t<div class=\"elementor-button-wrapper\">\n\t\t\t\t\t<a class=\"elementor-button elementor-button-link elementor-size-sm\" href=\"https:\/\/dentiststurkey.com\/\">\n\t\t\t\t\t\t<span class=\"elementor-button-content-wrapper\">\n\t\t\t\t\t\t\t\t\t<span class=\"elementor-button-text\">GET A FREE QUOTE<\/span>\n\t\t\t\t\t<\/span>\n\t\t\t\t\t<\/a>\n\t\t\t\t<\/div>\n\t\t\t\t\t\t\t\t<\/div>\n\t\t\t\t<\/div>\n\t\t\t\t\t<\/div>\n\t\t<\/div>\n\t\t\t\t<div class=\"elementor-column elementor-col-50 elementor-top-column elementor-element elementor-element-1818039\" data-id=\"1818039\" data-element_type=\"column\" data-e-type=\"column\">\n\t\t\t<div class=\"elementor-widget-wrap elementor-element-populated\">\n\t\t\t\t\t\t<div data-dce-background-color=\"#B1D866\" class=\"elementor-element elementor-element-7e65189 elementor-align-justify elementor-widget elementor-widget-button\" data-id=\"7e65189\" data-element_type=\"widget\" data-e-type=\"widget\" data-widget_type=\"button.default\">\n\t\t\t\t<div class=\"elementor-widget-container\">\n\t\t\t\t\t\t\t\t\t<div class=\"elementor-button-wrapper\">\n\t\t\t\t\t<a class=\"elementor-button elementor-button-link elementor-size-sm\" href=\"https:\/\/wa.me\/+905439646316?text=Hello,%20I%20would%20like%20to%20get%20free%20quotes%20and%20compare%20offers%20from%20the%20best%20dental%20clinics%20in%20Turkey.\">\n\t\t\t\t\t\t<span class=\"elementor-button-content-wrapper\">\n\t\t\t\t\t\t<span class=\"elementor-button-icon\">\n\t\t\t\t<i aria-hidden=\"true\" class=\"fab fa-whatsapp\"><\/i>\t\t\t<\/span>\n\t\t\t\t\t\t\t\t\t<span class=\"elementor-button-text\">GET A QUOTE VIA WHATSAPP<\/span>\n\t\t\t\t\t<\/span>\n\t\t\t\t\t<\/a>\n\t\t\t\t<\/div>\n\t\t\t\t\t\t\t\t<\/div>\n\t\t\t\t<\/div>\n\t\t\t\t\t<\/div>\n\t\t<\/div>\n\t\t\t\t\t<\/div>\n\t\t<\/section>\n\t\t\t\t<\/div>\n\t\t\n","protected":false},"excerpt":{"rendered":"<p>Cliniques Dentaires \u00e0 Izmir Vous recherchez les meilleures cliniques dentaires \u00e0 Izmir, en Turquie ? Izmir est une destination en plein d\u00e9veloppement pour les patients internationaux qui souhaitent des soins dentaires abordables, des cliniques modernes et une ville c\u00f4ti\u00e8re plus d\u00e9tendue par rapport \u00e0 des destinations plus grandes comme Istanbul. Sur cette page, vous pouvez [&hellip;]<\/p>\n","protected":false},"author":2,"featured_media":0,"parent":0,"menu_order":0,"comment_status":"closed","ping_status":"closed","template":"","meta":{"footnotes":""},"class_list":["post-74125","page","type-page","status-publish","hentry"],"acf":[],"yoast_head":"<!-- This site is optimized with the Yoast SEO plugin v27.4 - https:\/\/yoast.com\/product\/yoast-seo-wordpress\/ -->\n<title>Cliniques Dentaires Izmir - Demandez un devis gratuit<\/title>\n<meta name=\"description\" content=\"Comparez les cliniques dentaires \u00e0 Izmir. Devis gratuits, prix, avis, h\u00e9bergement et transfert a\u00e9roport gratuits.\" \/>\n<meta name=\"robots\" content=\"index, follow, max-snippet:-1, max-image-preview:large, max-video-preview:-1\" \/>\n<link rel=\"canonical\" href=\"https:\/\/dentiststurkey.com\/fr\/cliniques-dentaires-izmir\/\" \/>\n<meta property=\"og:locale\" content=\"fr_FR\" \/>\n<meta property=\"og:type\" content=\"article\" \/>\n<meta property=\"og:title\" content=\"Cliniques Dentaires Izmir - Demandez un devis gratuit\" \/>\n<meta property=\"og:description\" content=\"Comparez les cliniques dentaires \u00e0 Izmir. Devis gratuits, prix, avis, h\u00e9bergement et transfert a\u00e9roport gratuits.\" \/>\n<meta property=\"og:url\" content=\"https:\/\/dentiststurkey.com\/fr\/cliniques-dentaires-izmir\/\" \/>\n<meta property=\"og:site_name\" content=\"Dentists Turkey\" \/>\n<meta property=\"article:modified_time\" content=\"2026-04-17T12:23:33+00:00\" \/>\n<meta name=\"twitter:card\" content=\"summary_large_image\" \/>\n<meta name=\"twitter:label1\" content=\"Dur\u00e9e de lecture estim\u00e9e\" \/>\n\t<meta name=\"twitter:data1\" content=\"4 minutes\" \/>\n<script type=\"application\/ld+json\" class=\"yoast-schema-graph\">{\"@context\":\"https:\\\/\\\/schema.org\",\"@graph\":[{\"@type\":\"WebPage\",\"@id\":\"https:\\\/\\\/dentiststurkey.com\\\/fr\\\/cliniques-dentaires-izmir\\\/\",\"url\":\"https:\\\/\\\/dentiststurkey.com\\\/fr\\\/cliniques-dentaires-izmir\\\/\",\"name\":\"Cliniques Dentaires Izmir - Demandez un devis gratuit\",\"isPartOf\":{\"@id\":\"http:\\\/\\\/dentiststurkey.com\\\/fr\\\/#website\"},\"datePublished\":\"2026-04-15T16:14:18+00:00\",\"dateModified\":\"2026-04-17T12:23:33+00:00\",\"description\":\"Comparez les cliniques dentaires \u00e0 Izmir. Devis gratuits, prix, avis, h\u00e9bergement et transfert a\u00e9roport gratuits.\",\"breadcrumb\":{\"@id\":\"https:\\\/\\\/dentiststurkey.com\\\/fr\\\/cliniques-dentaires-izmir\\\/#breadcrumb\"},\"inLanguage\":\"fr-FR\",\"potentialAction\":[{\"@type\":\"ReadAction\",\"target\":[\"https:\\\/\\\/dentiststurkey.com\\\/fr\\\/cliniques-dentaires-izmir\\\/\"]}]},{\"@type\":\"BreadcrumbList\",\"@id\":\"https:\\\/\\\/dentiststurkey.com\\\/fr\\\/cliniques-dentaires-izmir\\\/#breadcrumb\",\"itemListElement\":[{\"@type\":\"ListItem\",\"position\":1,\"name\":\"Home\",\"item\":\"https:\\\/\\\/dentiststurkey.com\\\/fr\\\/\"},{\"@type\":\"ListItem\",\"position\":2,\"name\":\"Cliniques Dentaires Izmir\"}]},{\"@type\":\"WebSite\",\"@id\":\"http:\\\/\\\/dentiststurkey.com\\\/fr\\\/#website\",\"url\":\"http:\\\/\\\/dentiststurkey.com\\\/fr\\\/\",\"name\":\"Dentists Turkey\",\"description\":\"Best Dental Clinics\",\"publisher\":{\"@id\":\"http:\\\/\\\/dentiststurkey.com\\\/fr\\\/#organization\"},\"potentialAction\":[{\"@type\":\"SearchAction\",\"target\":{\"@type\":\"EntryPoint\",\"urlTemplate\":\"http:\\\/\\\/dentiststurkey.com\\\/fr\\\/?s={search_term_string}\"},\"query-input\":{\"@type\":\"PropertyValueSpecification\",\"valueRequired\":true,\"valueName\":\"search_term_string\"}}],\"inLanguage\":\"fr-FR\"},{\"@type\":\"Organization\",\"@id\":\"http:\\\/\\\/dentiststurkey.com\\\/fr\\\/#organization\",\"name\":\"Dentists Turkey\",\"url\":\"http:\\\/\\\/dentiststurkey.com\\\/fr\\\/\",\"logo\":{\"@type\":\"ImageObject\",\"inLanguage\":\"fr-FR\",\"@id\":\"http:\\\/\\\/dentiststurkey.com\\\/fr\\\/#\\\/schema\\\/logo\\\/image\\\/\",\"url\":\"https:\\\/\\\/dentiststurkey.com\\\/wp-content\\\/uploads\\\/2023\\\/02\\\/logo-dentists-400.webp\",\"contentUrl\":\"https:\\\/\\\/dentiststurkey.com\\\/wp-content\\\/uploads\\\/2023\\\/02\\\/logo-dentists-400.webp\",\"width\":400,\"height\":148,\"caption\":\"Dentists Turkey\"},\"image\":{\"@id\":\"http:\\\/\\\/dentiststurkey.com\\\/fr\\\/#\\\/schema\\\/logo\\\/image\\\/\"}}]}<\/script>\n<!-- \/ Yoast SEO plugin. -->","yoast_head_json":{"title":"Cliniques Dentaires Izmir - Demandez un devis gratuit","description":"Comparez les cliniques dentaires \u00e0 Izmir. Devis gratuits, prix, avis, h\u00e9bergement et transfert a\u00e9roport gratuits.","robots":{"index":"index","follow":"follow","max-snippet":"max-snippet:-1","max-image-preview":"max-image-preview:large","max-video-preview":"max-video-preview:-1"},"canonical":"https:\/\/dentiststurkey.com\/fr\/cliniques-dentaires-izmir\/","og_locale":"fr_FR","og_type":"article","og_title":"Cliniques Dentaires Izmir - Demandez un devis gratuit","og_description":"Comparez les cliniques dentaires \u00e0 Izmir. Devis gratuits, prix, avis, h\u00e9bergement et transfert a\u00e9roport gratuits.","og_url":"https:\/\/dentiststurkey.com\/fr\/cliniques-dentaires-izmir\/","og_site_name":"Dentists Turkey","article_modified_time":"2026-04-17T12:23:33+00:00","twitter_card":"summary_large_image","twitter_misc":{"Dur\u00e9e de lecture estim\u00e9e":"4 minutes"},"schema":{"@context":"https:\/\/schema.org","@graph":[{"@type":"WebPage","@id":"https:\/\/dentiststurkey.com\/fr\/cliniques-dentaires-izmir\/","url":"https:\/\/dentiststurkey.com\/fr\/cliniques-dentaires-izmir\/","name":"Cliniques Dentaires Izmir - Demandez un devis gratuit","isPartOf":{"@id":"http:\/\/dentiststurkey.com\/fr\/#website"},"datePublished":"2026-04-15T16:14:18+00:00","dateModified":"2026-04-17T12:23:33+00:00","description":"Comparez les cliniques dentaires \u00e0 Izmir. Devis gratuits, prix, avis, h\u00e9bergement et transfert a\u00e9roport gratuits.","breadcrumb":{"@id":"https:\/\/dentiststurkey.com\/fr\/cliniques-dentaires-izmir\/#breadcrumb"},"inLanguage":"fr-FR","potentialAction":[{"@type":"ReadAction","target":["https:\/\/dentiststurkey.com\/fr\/cliniques-dentaires-izmir\/"]}]},{"@type":"BreadcrumbList","@id":"https:\/\/dentiststurkey.com\/fr\/cliniques-dentaires-izmir\/#breadcrumb","itemListElement":[{"@type":"ListItem","position":1,"name":"Home","item":"https:\/\/dentiststurkey.com\/fr\/"},{"@type":"ListItem","position":2,"name":"Cliniques Dentaires Izmir"}]},{"@type":"WebSite","@id":"http:\/\/dentiststurkey.com\/fr\/#website","url":"http:\/\/dentiststurkey.com\/fr\/","name":"Dentists Turkey","description":"Best Dental Clinics","publisher":{"@id":"http:\/\/dentiststurkey.com\/fr\/#organization"},"potentialAction":[{"@type":"SearchAction","target":{"@type":"EntryPoint","urlTemplate":"http:\/\/dentiststurkey.com\/fr\/?s={search_term_string}"},"query-input":{"@type":"PropertyValueSpecification","valueRequired":true,"valueName":"search_term_string"}}],"inLanguage":"fr-FR"},{"@type":"Organization","@id":"http:\/\/dentiststurkey.com\/fr\/#organization","name":"Dentists Turkey","url":"http:\/\/dentiststurkey.com\/fr\/","logo":{"@type":"ImageObject","inLanguage":"fr-FR","@id":"http:\/\/dentiststurkey.com\/fr\/#\/schema\/logo\/image\/","url":"https:\/\/dentiststurkey.com\/wp-content\/uploads\/2023\/02\/logo-dentists-400.webp","contentUrl":"https:\/\/dentiststurkey.com\/wp-content\/uploads\/2023\/02\/logo-dentists-400.webp","width":400,"height":148,"caption":"Dentists Turkey"},"image":{"@id":"http:\/\/dentiststurkey.com\/fr\/#\/schema\/logo\/image\/"}}]}},"_links":{"self":[{"href":"https:\/\/dentiststurkey.com\/fr\/wp-json\/wp\/v2\/pages\/74125","targetHints":{"allow":["GET"]}}],"collection":[{"href":"https:\/\/dentiststurkey.com\/fr\/wp-json\/wp\/v2\/pages"}],"about":[{"href":"https:\/\/dentiststurkey.com\/fr\/wp-json\/wp\/v2\/types\/page"}],"author":[{"embeddable":true,"href":"https:\/\/dentiststurkey.com\/fr\/wp-json\/wp\/v2\/users\/2"}],"replies":[{"embeddable":true,"href":"https:\/\/dentiststurkey.com\/fr\/wp-json\/wp\/v2\/comments?post=74125"}],"version-history":[{"count":4,"href":"https:\/\/dentiststurkey.com\/fr\/wp-json\/wp\/v2\/pages\/74125\/revisions"}],"predecessor-version":[{"id":74382,"href":"https:\/\/dentiststurkey.com\/fr\/wp-json\/wp\/v2\/pages\/74125\/revisions\/74382"}],"wp:attachment":[{"href":"https:\/\/dentiststurkey.com\/fr\/wp-json\/wp\/v2\/media?parent=74125"}],"curies":[{"name":"wp","href":"https:\/\/api.w.org\/{rel}","templated":true}]}}