{"id":74129,"date":"2026-04-15T19:02:12","date_gmt":"2026-04-15T16:02:12","guid":{"rendered":"https:\/\/dentiststurkey.com\/dental-clinics-istanbul\/"},"modified":"2026-04-17T15:14:22","modified_gmt":"2026-04-17T12:14:22","slug":"cliniques-dentaires-istanbul","status":"publish","type":"page","link":"https:\/\/dentiststurkey.com\/fr\/cliniques-dentaires-istanbul\/","title":{"rendered":"Cliniques Dentaires Istanbul"},"content":{"rendered":"<h1>Cliniques Dentaires \u00e0 Istanbul<\/h1>\n<p>Vous recherchez les meilleures cliniques dentaires \u00e0 Istanbul, en Turquie ? Istanbul est l\u2019une des principales destinations pour les patients internationaux qui souhaitent des soins dentaires de haute qualit\u00e9, des dentistes exp\u00e9riment\u00e9s et des prix plus abordables qu\u2019au Royaume-Uni, en Allemagne, en France ou dans d\u2019autres pays europ\u00e9ens.<\/p>\n<p>Sur cette page, vous pouvez comparer les cliniques dentaires \u00e0 Istanbul pour des traitements tels que les <a href=\"https:\/\/dentiststurkey.com\/fr\/tourisme-dentaire-turquie\/\">implants dentaires<\/a>, les couronnes en zircone, les facettes, le Hollywood Smile, l\u2019All-on-4 et la restauration compl\u00e8te de la bouche. De nombreuses cliniques dentaires \u00e0 Istanbul proposent \u00e9galement l\u2019h\u00e9bergement gratuit et le transfert depuis l\u2019a\u00e9roport pour les patients internationaux, ce qui rend l\u2019ensemble du processus plus simple et plus \u00e9conomique.<\/p>\n\t\t<div data-elementor-type=\"section\" data-elementor-id=\"73749\" class=\"elementor elementor-73749\" data-elementor-post-type=\"elementor_library\">\n\t\t\t\t\t<section class=\"elementor-section elementor-top-section elementor-element elementor-element-51ff3a8 elementor-section-boxed elementor-section-height-default elementor-section-height-default\" data-id=\"51ff3a8\" data-element_type=\"section\" data-e-type=\"section\">\n\t\t\t\t\t\t<div class=\"elementor-container elementor-column-gap-default\">\n\t\t\t\t\t<div class=\"elementor-column elementor-col-50 elementor-top-column elementor-element elementor-element-2ea0b70\" data-id=\"2ea0b70\" data-element_type=\"column\" data-e-type=\"column\">\n\t\t\t<div class=\"elementor-widget-wrap elementor-element-populated\">\n\t\t\t\t\t\t<div data-dce-background-color=\"#710B0F\" class=\"elementor-element elementor-element-41734b0 elementor-align-justify elementor-widget elementor-widget-button\" data-id=\"41734b0\" data-element_type=\"widget\" data-e-type=\"widget\" data-widget_type=\"button.default\">\n\t\t\t\t<div class=\"elementor-widget-container\">\n\t\t\t\t\t\t\t\t\t<div class=\"elementor-button-wrapper\">\n\t\t\t\t\t<a class=\"elementor-button elementor-button-link elementor-size-sm\" href=\"https:\/\/dentiststurkey.com\/\">\n\t\t\t\t\t\t<span class=\"elementor-button-content-wrapper\">\n\t\t\t\t\t\t\t\t\t<span class=\"elementor-button-text\">GET A FREE QUOTE<\/span>\n\t\t\t\t\t<\/span>\n\t\t\t\t\t<\/a>\n\t\t\t\t<\/div>\n\t\t\t\t\t\t\t\t<\/div>\n\t\t\t\t<\/div>\n\t\t\t\t\t<\/div>\n\t\t<\/div>\n\t\t\t\t<div class=\"elementor-column elementor-col-50 elementor-top-column elementor-element elementor-element-1818039\" data-id=\"1818039\" data-element_type=\"column\" data-e-type=\"column\">\n\t\t\t<div class=\"elementor-widget-wrap elementor-element-populated\">\n\t\t\t\t\t\t<div data-dce-background-color=\"#B1D866\" class=\"elementor-element elementor-element-7e65189 elementor-align-justify elementor-widget elementor-widget-button\" data-id=\"7e65189\" data-element_type=\"widget\" data-e-type=\"widget\" data-widget_type=\"button.default\">\n\t\t\t\t<div class=\"elementor-widget-container\">\n\t\t\t\t\t\t\t\t\t<div class=\"elementor-button-wrapper\">\n\t\t\t\t\t<a class=\"elementor-button elementor-button-link elementor-size-sm\" href=\"https:\/\/wa.me\/+905439646316?text=Hello,%20I%20would%20like%20to%20get%20free%20quotes%20and%20compare%20offers%20from%20the%20best%20dental%20clinics%20in%20Turkey.\">\n\t\t\t\t\t\t<span class=\"elementor-button-content-wrapper\">\n\t\t\t\t\t\t<span class=\"elementor-button-icon\">\n\t\t\t\t<i aria-hidden=\"true\" class=\"fab fa-whatsapp\"><\/i>\t\t\t<\/span>\n\t\t\t\t\t\t\t\t\t<span class=\"elementor-button-text\">GET A QUOTE VIA WHATSAPP<\/span>\n\t\t\t\t\t<\/span>\n\t\t\t\t\t<\/a>\n\t\t\t\t<\/div>\n\t\t\t\t\t\t\t\t<\/div>\n\t\t\t\t<\/div>\n\t\t\t\t\t<\/div>\n\t\t<\/div>\n\t\t\t\t\t<\/div>\n\t\t<\/section>\n\t\t\t\t<\/div>\n\t\t\n<h2>Pourquoi choisir Istanbul pour un traitement dentaire?<\/h2>\n<p>Istanbul est la ville la plus populaire de Turquie pour le tourisme dentaire, car elle combine un grand nombre de cliniques dentaires modernes, d\u2019excellentes connexions a\u00e9riennes, des prix comp\u00e9titifs et une forte orientation vers les patients internationaux. De nombreuses personnes choisissent Istanbul parce qu\u2019elles peuvent comparer plusieurs cliniques dans une seule ville et recevoir leur traitement sans longs d\u00e9lais d\u2019attente.<\/p>\n<p>Les cliniques dentaires \u00e0 Istanbul utilisent souvent des marques d\u2019implants reconnues \u00e0 l\u2019international et des technologies modernes pour le digital smile design, l\u2019imagerie panoramique et la dentisterie esth\u00e9tique avanc\u00e9e. Pour de nombreux patients, le principal avantage est de pouvoir recevoir des soins dentaires priv\u00e9s \u00e0 un co\u00fbt bien inf\u00e9rieur \u00e0 celui de leur pays d\u2019origine.<\/p>\n<ul>\n<li>Large choix de cliniques dentaires<\/li>\n<li>Prix comp\u00e9titifs pour les implants, couronnes et facettes<\/li>\n<li>Acc\u00e8s facile depuis l\u2019Europe et d\u2019autres destinations internationales<\/li>\n<li>Cliniques modernes avec exp\u00e9rience des patients \u00e9trangers<\/li>\n<li>H\u00e9bergement gratuit et transfert disponibles dans de nombreuses cliniques<\/li>\n<\/ul>\n<h2>Traitements dentaires populaires \u00e0 Istanbul<\/h2>\n<p>Les patients qui se rendent \u00e0 Istanbul comparent souvent les cliniques pour les traitements suivants :<\/p>\n<ul>\n<li>Implants dentaires<\/li>\n<li>Implants dentaires All-on-4<\/li>\n<li>Implants dentaires All-on-6<\/li>\n<li>Couronnes en zircone<\/li>\n<li>Facettes dentaires<\/li>\n<li>Hollywood Smile<\/li>\n<li>Restauration dentaire compl\u00e8te<\/li>\n<li>Smile makeover<\/li>\n<\/ul>\n<p>Si vous souhaitez \u00e9galement comparer des cliniques dans toute la Turquie, vous pouvez visiter <a href=\"https:\/\/dentiststurkey.com\/fr\/\">Dentists Turkey<\/a> ou voir davantage d\u2019options de traitement sur <a href=\"https:\/\/dentiststurkey.com\/fr\/tourisme-dentaire-turquie\/\">Dental Tourism Turkey<\/a>.<\/p>\n<h2>Prix des cliniques dentaires \u00e0 Istanbul<\/h2>\n<p>L\u2019une des principales raisons pour lesquelles les patients choisissent Istanbul est le prix. Les soins dentaires \u00e0 Istanbul sont souvent nettement moins chers qu\u2019au Royaume-Uni, en Allemagne, en Suisse ou en France, alors que de nombreuses cliniques proposent toujours des mat\u00e9riaux modernes, des dentistes exp\u00e9riment\u00e9s et un accompagnement complet des patients.<\/p>\n<p>Les prix exacts d\u00e9pendent de la clinique, du type de traitement, de la marque d\u2019implant, du nombre de dents et de la n\u00e9cessit\u00e9 \u00e9ventuelle d\u2019actes suppl\u00e9mentaires. En g\u00e9n\u00e9ral, les patients internationaux choisissent souvent Istanbul parce qu\u2019ils peuvent r\u00e9aliser d\u2019importantes \u00e9conomies sur des traitements tels que les implants, les couronnes, les facettes et les restaurations compl\u00e8tes.<\/p>\n<h2>H\u00e9bergement gratuit et transfert depuis l\u2019a\u00e9roport<\/h2>\n<p>De nombreuses cliniques dentaires \u00e0 Istanbul offrent un h\u00e9bergement gratuit et un transfert depuis l\u2019a\u00e9roport aux patients venant de l\u2019\u00e9tranger. C\u2019est l\u2019un des plus grands avantages du tourisme dentaire en Turquie. Au lieu de tout organiser s\u00e9par\u00e9ment, les patients peuvent souvent b\u00e9n\u00e9ficier du traitement avec assistance h\u00f4teli\u00e8re et transport entre l\u2019a\u00e9roport, l\u2019h\u00f4tel et la clinique.<\/p>\n<p>Cela fait d\u2019Istanbul une option pratique pour les patients qui souhaitent une exp\u00e9rience de voyage plus fluide et un processus de traitement mieux organis\u00e9.<\/p>\n\t\t<div data-elementor-type=\"section\" data-elementor-id=\"73749\" class=\"elementor elementor-73749\" data-elementor-post-type=\"elementor_library\">\n\t\t\t\t\t<section class=\"elementor-section elementor-top-section elementor-element elementor-element-51ff3a8 elementor-section-boxed elementor-section-height-default elementor-section-height-default\" data-id=\"51ff3a8\" data-element_type=\"section\" data-e-type=\"section\">\n\t\t\t\t\t\t<div class=\"elementor-container elementor-column-gap-default\">\n\t\t\t\t\t<div class=\"elementor-column elementor-col-50 elementor-top-column elementor-element elementor-element-2ea0b70\" data-id=\"2ea0b70\" data-element_type=\"column\" data-e-type=\"column\">\n\t\t\t<div class=\"elementor-widget-wrap elementor-element-populated\">\n\t\t\t\t\t\t<div data-dce-background-color=\"#710B0F\" class=\"elementor-element elementor-element-41734b0 elementor-align-justify elementor-widget elementor-widget-button\" data-id=\"41734b0\" data-element_type=\"widget\" data-e-type=\"widget\" data-widget_type=\"button.default\">\n\t\t\t\t<div class=\"elementor-widget-container\">\n\t\t\t\t\t\t\t\t\t<div class=\"elementor-button-wrapper\">\n\t\t\t\t\t<a class=\"elementor-button elementor-button-link elementor-size-sm\" href=\"https:\/\/dentiststurkey.com\/\">\n\t\t\t\t\t\t<span class=\"elementor-button-content-wrapper\">\n\t\t\t\t\t\t\t\t\t<span class=\"elementor-button-text\">GET A FREE QUOTE<\/span>\n\t\t\t\t\t<\/span>\n\t\t\t\t\t<\/a>\n\t\t\t\t<\/div>\n\t\t\t\t\t\t\t\t<\/div>\n\t\t\t\t<\/div>\n\t\t\t\t\t<\/div>\n\t\t<\/div>\n\t\t\t\t<div class=\"elementor-column elementor-col-50 elementor-top-column elementor-element elementor-element-1818039\" data-id=\"1818039\" data-element_type=\"column\" data-e-type=\"column\">\n\t\t\t<div class=\"elementor-widget-wrap elementor-element-populated\">\n\t\t\t\t\t\t<div data-dce-background-color=\"#B1D866\" class=\"elementor-element elementor-element-7e65189 elementor-align-justify elementor-widget elementor-widget-button\" data-id=\"7e65189\" data-element_type=\"widget\" data-e-type=\"widget\" data-widget_type=\"button.default\">\n\t\t\t\t<div class=\"elementor-widget-container\">\n\t\t\t\t\t\t\t\t\t<div class=\"elementor-button-wrapper\">\n\t\t\t\t\t<a class=\"elementor-button elementor-button-link elementor-size-sm\" href=\"https:\/\/wa.me\/+905439646316?text=Hello,%20I%20would%20like%20to%20get%20free%20quotes%20and%20compare%20offers%20from%20the%20best%20dental%20clinics%20in%20Turkey.\">\n\t\t\t\t\t\t<span class=\"elementor-button-content-wrapper\">\n\t\t\t\t\t\t<span class=\"elementor-button-icon\">\n\t\t\t\t<i aria-hidden=\"true\" class=\"fab fa-whatsapp\"><\/i>\t\t\t<\/span>\n\t\t\t\t\t\t\t\t\t<span class=\"elementor-button-text\">GET A QUOTE VIA WHATSAPP<\/span>\n\t\t\t\t\t<\/span>\n\t\t\t\t\t<\/a>\n\t\t\t\t<\/div>\n\t\t\t\t\t\t\t\t<\/div>\n\t\t\t\t<\/div>\n\t\t\t\t\t<\/div>\n\t\t<\/div>\n\t\t\t\t\t<\/div>\n\t\t<\/section>\n\t\t\t\t<\/div>\n\t\t\n<h2>Comment choisir la bonne clinique dentaire \u00e0 Istanbul?<\/h2>\n<p>Choisir la bonne clinique ne consiste pas seulement \u00e0 trouver le prix le plus bas. Il est important de comparer les plans de traitement, les mat\u00e9riaux, l\u2019exp\u00e9rience de la clinique, la communication et ce qui est inclus dans l\u2019offre.<\/p>\n<p>Avant de choisir une clinique dentaire \u00e0 Istanbul, il est judicieux de v\u00e9rifier :<\/p>\n<ul>\n<li>Quels traitements la clinique propose<\/li>\n<li>Si l\u2019h\u00e9bergement et le transfert sont inclus<\/li>\n<li>Si la clinique a de l\u2019exp\u00e9rience avec les patients internationaux<\/li>\n<li>Si le plan de traitement est clairement expliqu\u00e9<\/li>\n<li>Ce qui est inclus dans le devis final<\/li>\n<\/ul>\n<h2>Comparer les cliniques dentaires \u00e0 Istanbul<\/h2>\n<p>Sur cette page, vous pouvez consulter les cliniques dentaires \u00e0 Istanbul et comparer leurs options de traitement, leurs prix et leurs services. Que vous recherchiez des implants dentaires, des facettes, des couronnes en zircone ou un relooking complet du sourire, Istanbul offre un large choix d\u2019options pour les patients internationaux.<\/p>\n<p>Si vous ne savez pas quelle clinique vous convient le mieux, vous pouvez \u00e9galement demander et comparer plusieurs offres avant de prendre une d\u00e9cision.<\/p>\n<h2>Obtenez des devis gratuits de cliniques dentaires \u00e0 Istanbul<\/h2>\n<p>Comparez des cliniques dentaires v\u00e9rifi\u00e9es \u00e0 Istanbul et trouvez l\u2019option de traitement qui correspond \u00e0 vos besoins et \u00e0 votre budget. De nombreuses cliniques proposent des devis gratuits, un h\u00e9bergement gratuit et un transfert depuis l\u2019a\u00e9roport pour les patients internationaux.<\/p>\n<p><strong>Commencez \u00e0 comparer d\u00e8s maintenant et demandez votre devis gratuit.<\/strong><\/p>\n\t\t<div data-elementor-type=\"section\" data-elementor-id=\"73749\" class=\"elementor elementor-73749\" data-elementor-post-type=\"elementor_library\">\n\t\t\t\t\t<section class=\"elementor-section elementor-top-section elementor-element elementor-element-51ff3a8 elementor-section-boxed elementor-section-height-default elementor-section-height-default\" data-id=\"51ff3a8\" data-element_type=\"section\" data-e-type=\"section\">\n\t\t\t\t\t\t<div class=\"elementor-container elementor-column-gap-default\">\n\t\t\t\t\t<div class=\"elementor-column elementor-col-50 elementor-top-column elementor-element elementor-element-2ea0b70\" data-id=\"2ea0b70\" data-element_type=\"column\" data-e-type=\"column\">\n\t\t\t<div class=\"elementor-widget-wrap elementor-element-populated\">\n\t\t\t\t\t\t<div data-dce-background-color=\"#710B0F\" class=\"elementor-element elementor-element-41734b0 elementor-align-justify elementor-widget elementor-widget-button\" data-id=\"41734b0\" data-element_type=\"widget\" data-e-type=\"widget\" data-widget_type=\"button.default\">\n\t\t\t\t<div class=\"elementor-widget-container\">\n\t\t\t\t\t\t\t\t\t<div class=\"elementor-button-wrapper\">\n\t\t\t\t\t<a class=\"elementor-button elementor-button-link elementor-size-sm\" href=\"https:\/\/dentiststurkey.com\/\">\n\t\t\t\t\t\t<span class=\"elementor-button-content-wrapper\">\n\t\t\t\t\t\t\t\t\t<span class=\"elementor-button-text\">GET A FREE QUOTE<\/span>\n\t\t\t\t\t<\/span>\n\t\t\t\t\t<\/a>\n\t\t\t\t<\/div>\n\t\t\t\t\t\t\t\t<\/div>\n\t\t\t\t<\/div>\n\t\t\t\t\t<\/div>\n\t\t<\/div>\n\t\t\t\t<div class=\"elementor-column elementor-col-50 elementor-top-column elementor-element elementor-element-1818039\" data-id=\"1818039\" data-element_type=\"column\" data-e-type=\"column\">\n\t\t\t<div class=\"elementor-widget-wrap elementor-element-populated\">\n\t\t\t\t\t\t<div data-dce-background-color=\"#B1D866\" class=\"elementor-element elementor-element-7e65189 elementor-align-justify elementor-widget elementor-widget-button\" data-id=\"7e65189\" data-element_type=\"widget\" data-e-type=\"widget\" data-widget_type=\"button.default\">\n\t\t\t\t<div class=\"elementor-widget-container\">\n\t\t\t\t\t\t\t\t\t<div class=\"elementor-button-wrapper\">\n\t\t\t\t\t<a class=\"elementor-button elementor-button-link elementor-size-sm\" href=\"https:\/\/wa.me\/+905439646316?text=Hello,%20I%20would%20like%20to%20get%20free%20quotes%20and%20compare%20offers%20from%20the%20best%20dental%20clinics%20in%20Turkey.\">\n\t\t\t\t\t\t<span class=\"elementor-button-content-wrapper\">\n\t\t\t\t\t\t<span class=\"elementor-button-icon\">\n\t\t\t\t<i aria-hidden=\"true\" class=\"fab fa-whatsapp\"><\/i>\t\t\t<\/span>\n\t\t\t\t\t\t\t\t\t<span class=\"elementor-button-text\">GET A QUOTE VIA WHATSAPP<\/span>\n\t\t\t\t\t<\/span>\n\t\t\t\t\t<\/a>\n\t\t\t\t<\/div>\n\t\t\t\t\t\t\t\t<\/div>\n\t\t\t\t<\/div>\n\t\t\t\t\t<\/div>\n\t\t<\/div>\n\t\t\t\t\t<\/div>\n\t\t<\/section>\n\t\t\t\t<\/div>\n\t\t\n","protected":false},"excerpt":{"rendered":"<p>Cliniques Dentaires \u00e0 Istanbul Vous recherchez les meilleures cliniques dentaires \u00e0 Istanbul, en Turquie ? Istanbul est l\u2019une des principales destinations pour les patients internationaux qui souhaitent des soins dentaires de haute qualit\u00e9, des dentistes exp\u00e9riment\u00e9s et des prix plus abordables qu\u2019au Royaume-Uni, en Allemagne, en France ou dans d\u2019autres pays europ\u00e9ens. Sur cette page, [&hellip;]<\/p>\n","protected":false},"author":2,"featured_media":0,"parent":0,"menu_order":0,"comment_status":"closed","ping_status":"closed","template":"","meta":{"footnotes":""},"class_list":["post-74129","page","type-page","status-publish","hentry"],"acf":[],"yoast_head":"<!-- This site is optimized with the Yoast SEO plugin v27.4 - https:\/\/yoast.com\/product\/yoast-seo-wordpress\/ -->\n<title>Cliniques Dentaires Istanbul - Demandez un devis gratuit<\/title>\n<meta name=\"description\" content=\"Comparez les cliniques dentaires \u00e0 Istanbul. Devis gratuits, prix, avis, h\u00e9bergement et transfert a\u00e9roport gratuits.\" \/>\n<meta name=\"robots\" content=\"index, follow, max-snippet:-1, max-image-preview:large, max-video-preview:-1\" \/>\n<link rel=\"canonical\" href=\"https:\/\/dentiststurkey.com\/fr\/cliniques-dentaires-istanbul\/\" \/>\n<meta property=\"og:locale\" content=\"fr_FR\" \/>\n<meta property=\"og:type\" content=\"article\" \/>\n<meta property=\"og:title\" content=\"Cliniques Dentaires Istanbul - Demandez un devis gratuit\" \/>\n<meta property=\"og:description\" content=\"Comparez les cliniques dentaires \u00e0 Istanbul. Devis gratuits, prix, avis, h\u00e9bergement et transfert a\u00e9roport gratuits.\" \/>\n<meta property=\"og:url\" content=\"https:\/\/dentiststurkey.com\/fr\/cliniques-dentaires-istanbul\/\" \/>\n<meta property=\"og:site_name\" content=\"Dentists Turkey\" \/>\n<meta property=\"article:modified_time\" content=\"2026-04-17T12:14:22+00:00\" \/>\n<meta name=\"twitter:card\" content=\"summary_large_image\" \/>\n<meta name=\"twitter:label1\" content=\"Dur\u00e9e de lecture estim\u00e9e\" \/>\n\t<meta name=\"twitter:data1\" content=\"4 minutes\" \/>\n<script type=\"application\/ld+json\" class=\"yoast-schema-graph\">{\"@context\":\"https:\\\/\\\/schema.org\",\"@graph\":[{\"@type\":\"WebPage\",\"@id\":\"https:\\\/\\\/dentiststurkey.com\\\/fr\\\/cliniques-dentaires-istanbul\\\/\",\"url\":\"https:\\\/\\\/dentiststurkey.com\\\/fr\\\/cliniques-dentaires-istanbul\\\/\",\"name\":\"Cliniques Dentaires Istanbul - Demandez un devis gratuit\",\"isPartOf\":{\"@id\":\"http:\\\/\\\/dentiststurkey.com\\\/fr\\\/#website\"},\"datePublished\":\"2026-04-15T16:02:12+00:00\",\"dateModified\":\"2026-04-17T12:14:22+00:00\",\"description\":\"Comparez les cliniques dentaires \u00e0 Istanbul. Devis gratuits, prix, avis, h\u00e9bergement et transfert a\u00e9roport gratuits.\",\"breadcrumb\":{\"@id\":\"https:\\\/\\\/dentiststurkey.com\\\/fr\\\/cliniques-dentaires-istanbul\\\/#breadcrumb\"},\"inLanguage\":\"fr-FR\",\"potentialAction\":[{\"@type\":\"ReadAction\",\"target\":[\"https:\\\/\\\/dentiststurkey.com\\\/fr\\\/cliniques-dentaires-istanbul\\\/\"]}]},{\"@type\":\"BreadcrumbList\",\"@id\":\"https:\\\/\\\/dentiststurkey.com\\\/fr\\\/cliniques-dentaires-istanbul\\\/#breadcrumb\",\"itemListElement\":[{\"@type\":\"ListItem\",\"position\":1,\"name\":\"Home\",\"item\":\"https:\\\/\\\/dentiststurkey.com\\\/fr\\\/\"},{\"@type\":\"ListItem\",\"position\":2,\"name\":\"Cliniques Dentaires Istanbul\"}]},{\"@type\":\"WebSite\",\"@id\":\"http:\\\/\\\/dentiststurkey.com\\\/fr\\\/#website\",\"url\":\"http:\\\/\\\/dentiststurkey.com\\\/fr\\\/\",\"name\":\"Dentists Turkey\",\"description\":\"Best Dental Clinics\",\"publisher\":{\"@id\":\"http:\\\/\\\/dentiststurkey.com\\\/fr\\\/#organization\"},\"potentialAction\":[{\"@type\":\"SearchAction\",\"target\":{\"@type\":\"EntryPoint\",\"urlTemplate\":\"http:\\\/\\\/dentiststurkey.com\\\/fr\\\/?s={search_term_string}\"},\"query-input\":{\"@type\":\"PropertyValueSpecification\",\"valueRequired\":true,\"valueName\":\"search_term_string\"}}],\"inLanguage\":\"fr-FR\"},{\"@type\":\"Organization\",\"@id\":\"http:\\\/\\\/dentiststurkey.com\\\/fr\\\/#organization\",\"name\":\"Dentists Turkey\",\"url\":\"http:\\\/\\\/dentiststurkey.com\\\/fr\\\/\",\"logo\":{\"@type\":\"ImageObject\",\"inLanguage\":\"fr-FR\",\"@id\":\"http:\\\/\\\/dentiststurkey.com\\\/fr\\\/#\\\/schema\\\/logo\\\/image\\\/\",\"url\":\"https:\\\/\\\/dentiststurkey.com\\\/wp-content\\\/uploads\\\/2023\\\/02\\\/logo-dentists-400.webp\",\"contentUrl\":\"https:\\\/\\\/dentiststurkey.com\\\/wp-content\\\/uploads\\\/2023\\\/02\\\/logo-dentists-400.webp\",\"width\":400,\"height\":148,\"caption\":\"Dentists Turkey\"},\"image\":{\"@id\":\"http:\\\/\\\/dentiststurkey.com\\\/fr\\\/#\\\/schema\\\/logo\\\/image\\\/\"}}]}<\/script>\n<!-- \/ Yoast SEO plugin. -->","yoast_head_json":{"title":"Cliniques Dentaires Istanbul - Demandez un devis gratuit","description":"Comparez les cliniques dentaires \u00e0 Istanbul. Devis gratuits, prix, avis, h\u00e9bergement et transfert a\u00e9roport gratuits.","robots":{"index":"index","follow":"follow","max-snippet":"max-snippet:-1","max-image-preview":"max-image-preview:large","max-video-preview":"max-video-preview:-1"},"canonical":"https:\/\/dentiststurkey.com\/fr\/cliniques-dentaires-istanbul\/","og_locale":"fr_FR","og_type":"article","og_title":"Cliniques Dentaires Istanbul - Demandez un devis gratuit","og_description":"Comparez les cliniques dentaires \u00e0 Istanbul. Devis gratuits, prix, avis, h\u00e9bergement et transfert a\u00e9roport gratuits.","og_url":"https:\/\/dentiststurkey.com\/fr\/cliniques-dentaires-istanbul\/","og_site_name":"Dentists Turkey","article_modified_time":"2026-04-17T12:14:22+00:00","twitter_card":"summary_large_image","twitter_misc":{"Dur\u00e9e de lecture estim\u00e9e":"4 minutes"},"schema":{"@context":"https:\/\/schema.org","@graph":[{"@type":"WebPage","@id":"https:\/\/dentiststurkey.com\/fr\/cliniques-dentaires-istanbul\/","url":"https:\/\/dentiststurkey.com\/fr\/cliniques-dentaires-istanbul\/","name":"Cliniques Dentaires Istanbul - Demandez un devis gratuit","isPartOf":{"@id":"http:\/\/dentiststurkey.com\/fr\/#website"},"datePublished":"2026-04-15T16:02:12+00:00","dateModified":"2026-04-17T12:14:22+00:00","description":"Comparez les cliniques dentaires \u00e0 Istanbul. Devis gratuits, prix, avis, h\u00e9bergement et transfert a\u00e9roport gratuits.","breadcrumb":{"@id":"https:\/\/dentiststurkey.com\/fr\/cliniques-dentaires-istanbul\/#breadcrumb"},"inLanguage":"fr-FR","potentialAction":[{"@type":"ReadAction","target":["https:\/\/dentiststurkey.com\/fr\/cliniques-dentaires-istanbul\/"]}]},{"@type":"BreadcrumbList","@id":"https:\/\/dentiststurkey.com\/fr\/cliniques-dentaires-istanbul\/#breadcrumb","itemListElement":[{"@type":"ListItem","position":1,"name":"Home","item":"https:\/\/dentiststurkey.com\/fr\/"},{"@type":"ListItem","position":2,"name":"Cliniques Dentaires Istanbul"}]},{"@type":"WebSite","@id":"http:\/\/dentiststurkey.com\/fr\/#website","url":"http:\/\/dentiststurkey.com\/fr\/","name":"Dentists Turkey","description":"Best Dental Clinics","publisher":{"@id":"http:\/\/dentiststurkey.com\/fr\/#organization"},"potentialAction":[{"@type":"SearchAction","target":{"@type":"EntryPoint","urlTemplate":"http:\/\/dentiststurkey.com\/fr\/?s={search_term_string}"},"query-input":{"@type":"PropertyValueSpecification","valueRequired":true,"valueName":"search_term_string"}}],"inLanguage":"fr-FR"},{"@type":"Organization","@id":"http:\/\/dentiststurkey.com\/fr\/#organization","name":"Dentists Turkey","url":"http:\/\/dentiststurkey.com\/fr\/","logo":{"@type":"ImageObject","inLanguage":"fr-FR","@id":"http:\/\/dentiststurkey.com\/fr\/#\/schema\/logo\/image\/","url":"https:\/\/dentiststurkey.com\/wp-content\/uploads\/2023\/02\/logo-dentists-400.webp","contentUrl":"https:\/\/dentiststurkey.com\/wp-content\/uploads\/2023\/02\/logo-dentists-400.webp","width":400,"height":148,"caption":"Dentists Turkey"},"image":{"@id":"http:\/\/dentiststurkey.com\/fr\/#\/schema\/logo\/image\/"}}]}},"_links":{"self":[{"href":"https:\/\/dentiststurkey.com\/fr\/wp-json\/wp\/v2\/pages\/74129","targetHints":{"allow":["GET"]}}],"collection":[{"href":"https:\/\/dentiststurkey.com\/fr\/wp-json\/wp\/v2\/pages"}],"about":[{"href":"https:\/\/dentiststurkey.com\/fr\/wp-json\/wp\/v2\/types\/page"}],"author":[{"embeddable":true,"href":"https:\/\/dentiststurkey.com\/fr\/wp-json\/wp\/v2\/users\/2"}],"replies":[{"embeddable":true,"href":"https:\/\/dentiststurkey.com\/fr\/wp-json\/wp\/v2\/comments?post=74129"}],"version-history":[{"count":5,"href":"https:\/\/dentiststurkey.com\/fr\/wp-json\/wp\/v2\/pages\/74129\/revisions"}],"predecessor-version":[{"id":74376,"href":"https:\/\/dentiststurkey.com\/fr\/wp-json\/wp\/v2\/pages\/74129\/revisions\/74376"}],"wp:attachment":[{"href":"https:\/\/dentiststurkey.com\/fr\/wp-json\/wp\/v2\/media?parent=74129"}],"curies":[{"name":"wp","href":"https:\/\/api.w.org\/{rel}","templated":true}]}}