{"id":68405,"date":"2023-02-05T17:44:38","date_gmt":"2023-02-05T14:44:38","guid":{"rendered":"https:\/\/dentiststurkey.com\/full-mouth-dental-implants-turkey\/"},"modified":"2026-04-16T19:09:00","modified_gmt":"2026-04-16T16:09:00","slug":"impianti-dentali-a-bocca-completa-turchia","status":"publish","type":"page","link":"https:\/\/dentiststurkey.com\/it\/impianti-dentali-a-bocca-completa-turchia\/","title":{"rendered":"Impianti Dentali a Bocca Completa Turchia"},"content":{"rendered":"<p><strong>Perch\u00e9 gli impianti dentali a bocca intera in Turchia sono un\u2019ottima opzione per chi ha bisogno di nuovi denti?<\/strong><\/p>\n<p>Quando si tratta di avere denti sani e belli, molte persone optano per un impianto dentale all\u2019estero. Gli impianti a bocca intera possono aiutare a migliorare l\u2019aspetto del tuo sorriso fornendo allo stesso tempo una salute orale superiore. La Turchia sta diventando una destinazione sempre pi\u00f9 popolare per coloro che cercano trattamenti dentistici convenienti ma di alta qualit\u00e0, e in particolare la citt\u00e0 di Istanbul \u00e8 molto richiesta per i suoi dentisti di livello mondiale che offrono un grande valore.<\/p>\n<p>L&#8217;ampia gamma di servizi del Paese significa che puoi trovare esattamente ci\u00f2 di cui hai bisogno ad un prezzo adatto al tuo budget, dalla sostituzione di un singolo dente al restauro dell&#8217;intera arcata. E con specialisti esperti (suggerimento: siamo noi!) a disposizione per assisterti in ogni fase del tuo viaggio &#8211; dall&#8217;organizzazione del viaggio alla tempistica della guarigione &#8211; non c&#8217;\u00e8 mai stato momento migliore di adesso per coloro che sono interessati ad avere impianti dentali a bocca piena di alta qualit\u00e0 all&#8217;estero.<\/p>\n<p>La qualit\u00e0 e le cure fornite dai dentisti turchi sono altrettanto buone, se non migliori, di quelle offerte in altre parti del mondo, a una frazione del costo. Oltre al risparmio di denaro, ci sono molti altri vantaggi nell\u2019effettuare impianti dentali a bocca intera in Turchia che contribuiscono a renderla una scelta sempre pi\u00f9 popolare per coloro che cercano un modo alternativo per acquisire bellissimi denti nuovi.<br \/>\n(tabela sa uporednim cenama)<\/p>\n<p>In questo post del blog esploreremo il motivo per cui questi impianti dentali possono offrire un valore impressionante e offriremo consigli sul modo migliore per trovare la clinica giusta in modo da ottenere il miglior trattamento possibile tenendo ben presenti le vostre finanze.<\/p>\n<p><strong>Cosa sono gli impianti dentali?<\/strong><\/p>\n<p>Gli impianti dentali sono un ottimo modo per sostituire i denti mancanti. Sono una moderna soluzione dentale per la perdita dei denti e possono sembrare proprio come i denti naturali se installati correttamente. Per chiunque desideri sentirsi di nuovo sicuro del proprio sorriso, gli impianti dentali sono la scelta perfetta poich\u00e9 replicano i denti naturali e migliorano anche la salute dentale.<br \/>\nInoltre, gli impianti dentali presentano molti vantaggi, come fornire la stessa forza dei denti sani e poter essere puliti senza sforzo come altri apparecchi dentali, mentre contribuiscono anche a mantenere la densit\u00e0 dell\u2019osso mascellare poich\u00e9 si legano direttamente alla mascella. Quindi, se stai considerando gli impianti dentali, perch\u00e9 non cogliere l\u2019occasione per ripristinare il tuo sorriso in Turchia (link ka smile makeover Turkey)?<\/p>\n<p><strong>Perch\u00e9 gli impianti dentali a bocca intera sono la scelta migliore?<\/strong><br \/>\nGli impianti dentali a bocca intera rappresentano la migliore opzione della Turchia per coloro che desiderano concedersi il lusso di un aspetto pi\u00f9 naturale. Questo approccio lussuoso pu\u00f2 fare la differenza, poich\u00e9 gli impianti dentali a bocca intera imitano l\u2019aspetto dei denti veri meglio di qualsiasi altro metodo. Oltre a imitare efficacemente la natura, la costruzione di impianti dentali a bocca intera richiede grande abilit\u00e0, conoscenza e precisione.<br \/>\nCon gli impianti per tutta la bocca realizzati da mani esperte in un ambiente sterile, puoi avere la certezza che i tuoi denti dureranno per anni. Inoltre, gli impianti dentali per tutta la bocca sono facili da mantenere quanto i denti veri, il che significa che non dovrai scendere a compromessi in termini di comodit\u00e0 o comfort quando migliorerai il tuo sorriso.<\/p>\n<p><strong>Perch\u00e9 dovresti contattarci?<\/strong><br \/>\nSe stai cercando impianti dentali a bocca intera, la Turchia dovrebbe essere in cima alla tua lista. Il paese \u00e8 noto per offrire alcuni degli impianti dentali a bocca intera della migliore qualit\u00e0 sul mercato a una frazione del costo che potresti trovare in altri paesi. Inoltre, con il loro eccezionale sistema sanitario e la tecnologia moderna, gli impianti dentali a bocca intera in Turchia ti daranno risultati sorprendenti senza spendere una fortuna. Non esitate a dare un&#8217;occhiata di pi\u00f9 al nostro sito web (link ka stranici sa ponudama): non ve ne pentirete!<\/p>\n","protected":false},"excerpt":{"rendered":"<p>Perch\u00e9 gli impianti dentali a bocca intera in Turchia sono un\u2019ottima opzione per chi ha bisogno di nuovi denti? Quando si tratta di avere denti sani e belli, molte persone optano per un impianto dentale all\u2019estero. Gli impianti a bocca intera possono aiutare a migliorare l\u2019aspetto del tuo sorriso fornendo allo stesso tempo una salute [&hellip;]<\/p>\n","protected":false},"author":1,"featured_media":0,"parent":0,"menu_order":0,"comment_status":"closed","ping_status":"closed","template":"","meta":{"footnotes":""},"class_list":["post-68405","page","type-page","status-publish","hentry"],"acf":[],"yoast_head":"<!-- This site is optimized with the Yoast SEO plugin v27.4 - https:\/\/yoast.com\/product\/yoast-seo-wordpress\/ -->\n<title>Impianti dentali a bocca intera Turchia - Da 5000\u20ac | Migliori Cliniche<\/title>\n<meta name=\"description\" content=\"Impianti dentali a bocca intera Turchia - Le migliori cliniche in Turchia | Preventivi gratuiti | Alloggio gratuito | Trasferimento gratuito\" \/>\n<meta name=\"robots\" content=\"index, follow, max-snippet:-1, max-image-preview:large, max-video-preview:-1\" \/>\n<link rel=\"canonical\" href=\"https:\/\/dentiststurkey.com\/it\/impianti-dentali-a-bocca-completa-turchia\/\" \/>\n<meta property=\"og:locale\" content=\"it_IT\" \/>\n<meta property=\"og:type\" content=\"article\" \/>\n<meta property=\"og:title\" content=\"Impianti dentali a bocca intera Turchia - Da 5000\u20ac | Migliori Cliniche\" \/>\n<meta property=\"og:description\" content=\"Impianti dentali a bocca intera Turchia - Le migliori cliniche in Turchia | Preventivi gratuiti | Alloggio gratuito | Trasferimento gratuito\" \/>\n<meta property=\"og:url\" content=\"https:\/\/dentiststurkey.com\/it\/impianti-dentali-a-bocca-completa-turchia\/\" \/>\n<meta property=\"og:site_name\" content=\"Dentists Turkey\" \/>\n<meta property=\"article:modified_time\" content=\"2026-04-16T16:09:00+00:00\" \/>\n<meta name=\"twitter:card\" content=\"summary_large_image\" \/>\n<meta name=\"twitter:label1\" content=\"Tempo di lettura stimato\" \/>\n\t<meta name=\"twitter:data1\" content=\"3 minuti\" \/>\n<script type=\"application\/ld+json\" class=\"yoast-schema-graph\">{\"@context\":\"https:\\\/\\\/schema.org\",\"@graph\":[{\"@type\":\"WebPage\",\"@id\":\"https:\\\/\\\/dentiststurkey.com\\\/it\\\/impianti-dentali-a-bocca-completa-turchia\\\/\",\"url\":\"https:\\\/\\\/dentiststurkey.com\\\/it\\\/impianti-dentali-a-bocca-completa-turchia\\\/\",\"name\":\"Impianti dentali a bocca intera Turchia - Da 5000\u20ac | Migliori Cliniche\",\"isPartOf\":{\"@id\":\"http:\\\/\\\/dentiststurkey.com\\\/it\\\/#website\"},\"datePublished\":\"2023-02-05T14:44:38+00:00\",\"dateModified\":\"2026-04-16T16:09:00+00:00\",\"description\":\"Impianti dentali a bocca intera Turchia - Le migliori cliniche in Turchia | Preventivi gratuiti | Alloggio gratuito | Trasferimento gratuito\",\"breadcrumb\":{\"@id\":\"https:\\\/\\\/dentiststurkey.com\\\/it\\\/impianti-dentali-a-bocca-completa-turchia\\\/#breadcrumb\"},\"inLanguage\":\"it-IT\",\"potentialAction\":[{\"@type\":\"ReadAction\",\"target\":[\"https:\\\/\\\/dentiststurkey.com\\\/it\\\/impianti-dentali-a-bocca-completa-turchia\\\/\"]}]},{\"@type\":\"BreadcrumbList\",\"@id\":\"https:\\\/\\\/dentiststurkey.com\\\/it\\\/impianti-dentali-a-bocca-completa-turchia\\\/#breadcrumb\",\"itemListElement\":[{\"@type\":\"ListItem\",\"position\":1,\"name\":\"Home\",\"item\":\"https:\\\/\\\/dentiststurkey.com\\\/it\\\/\"},{\"@type\":\"ListItem\",\"position\":2,\"name\":\"Impianti Dentali a Bocca Completa Turchia\"}]},{\"@type\":\"WebSite\",\"@id\":\"http:\\\/\\\/dentiststurkey.com\\\/it\\\/#website\",\"url\":\"http:\\\/\\\/dentiststurkey.com\\\/it\\\/\",\"name\":\"Dentists Turkey\",\"description\":\"Best Dental Clinics\",\"publisher\":{\"@id\":\"http:\\\/\\\/dentiststurkey.com\\\/it\\\/#organization\"},\"potentialAction\":[{\"@type\":\"SearchAction\",\"target\":{\"@type\":\"EntryPoint\",\"urlTemplate\":\"http:\\\/\\\/dentiststurkey.com\\\/it\\\/?s={search_term_string}\"},\"query-input\":{\"@type\":\"PropertyValueSpecification\",\"valueRequired\":true,\"valueName\":\"search_term_string\"}}],\"inLanguage\":\"it-IT\"},{\"@type\":\"Organization\",\"@id\":\"http:\\\/\\\/dentiststurkey.com\\\/it\\\/#organization\",\"name\":\"Dentists Turkey\",\"url\":\"http:\\\/\\\/dentiststurkey.com\\\/it\\\/\",\"logo\":{\"@type\":\"ImageObject\",\"inLanguage\":\"it-IT\",\"@id\":\"http:\\\/\\\/dentiststurkey.com\\\/it\\\/#\\\/schema\\\/logo\\\/image\\\/\",\"url\":\"https:\\\/\\\/dentiststurkey.com\\\/wp-content\\\/uploads\\\/2023\\\/02\\\/logo-dentists-400.webp\",\"contentUrl\":\"https:\\\/\\\/dentiststurkey.com\\\/wp-content\\\/uploads\\\/2023\\\/02\\\/logo-dentists-400.webp\",\"width\":400,\"height\":148,\"caption\":\"Dentists Turkey\"},\"image\":{\"@id\":\"http:\\\/\\\/dentiststurkey.com\\\/it\\\/#\\\/schema\\\/logo\\\/image\\\/\"}}]}<\/script>\n<!-- \/ Yoast SEO plugin. -->","yoast_head_json":{"title":"Impianti dentali a bocca intera Turchia - Da 5000\u20ac | Migliori Cliniche","description":"Impianti dentali a bocca intera Turchia - Le migliori cliniche in Turchia | Preventivi gratuiti | Alloggio gratuito | Trasferimento gratuito","robots":{"index":"index","follow":"follow","max-snippet":"max-snippet:-1","max-image-preview":"max-image-preview:large","max-video-preview":"max-video-preview:-1"},"canonical":"https:\/\/dentiststurkey.com\/it\/impianti-dentali-a-bocca-completa-turchia\/","og_locale":"it_IT","og_type":"article","og_title":"Impianti dentali a bocca intera Turchia - Da 5000\u20ac | Migliori Cliniche","og_description":"Impianti dentali a bocca intera Turchia - Le migliori cliniche in Turchia | Preventivi gratuiti | Alloggio gratuito | Trasferimento gratuito","og_url":"https:\/\/dentiststurkey.com\/it\/impianti-dentali-a-bocca-completa-turchia\/","og_site_name":"Dentists Turkey","article_modified_time":"2026-04-16T16:09:00+00:00","twitter_card":"summary_large_image","twitter_misc":{"Tempo di lettura stimato":"3 minuti"},"schema":{"@context":"https:\/\/schema.org","@graph":[{"@type":"WebPage","@id":"https:\/\/dentiststurkey.com\/it\/impianti-dentali-a-bocca-completa-turchia\/","url":"https:\/\/dentiststurkey.com\/it\/impianti-dentali-a-bocca-completa-turchia\/","name":"Impianti dentali a bocca intera Turchia - Da 5000\u20ac | Migliori Cliniche","isPartOf":{"@id":"http:\/\/dentiststurkey.com\/it\/#website"},"datePublished":"2023-02-05T14:44:38+00:00","dateModified":"2026-04-16T16:09:00+00:00","description":"Impianti dentali a bocca intera Turchia - Le migliori cliniche in Turchia | Preventivi gratuiti | Alloggio gratuito | Trasferimento gratuito","breadcrumb":{"@id":"https:\/\/dentiststurkey.com\/it\/impianti-dentali-a-bocca-completa-turchia\/#breadcrumb"},"inLanguage":"it-IT","potentialAction":[{"@type":"ReadAction","target":["https:\/\/dentiststurkey.com\/it\/impianti-dentali-a-bocca-completa-turchia\/"]}]},{"@type":"BreadcrumbList","@id":"https:\/\/dentiststurkey.com\/it\/impianti-dentali-a-bocca-completa-turchia\/#breadcrumb","itemListElement":[{"@type":"ListItem","position":1,"name":"Home","item":"https:\/\/dentiststurkey.com\/it\/"},{"@type":"ListItem","position":2,"name":"Impianti Dentali a Bocca Completa Turchia"}]},{"@type":"WebSite","@id":"http:\/\/dentiststurkey.com\/it\/#website","url":"http:\/\/dentiststurkey.com\/it\/","name":"Dentists Turkey","description":"Best Dental Clinics","publisher":{"@id":"http:\/\/dentiststurkey.com\/it\/#organization"},"potentialAction":[{"@type":"SearchAction","target":{"@type":"EntryPoint","urlTemplate":"http:\/\/dentiststurkey.com\/it\/?s={search_term_string}"},"query-input":{"@type":"PropertyValueSpecification","valueRequired":true,"valueName":"search_term_string"}}],"inLanguage":"it-IT"},{"@type":"Organization","@id":"http:\/\/dentiststurkey.com\/it\/#organization","name":"Dentists Turkey","url":"http:\/\/dentiststurkey.com\/it\/","logo":{"@type":"ImageObject","inLanguage":"it-IT","@id":"http:\/\/dentiststurkey.com\/it\/#\/schema\/logo\/image\/","url":"https:\/\/dentiststurkey.com\/wp-content\/uploads\/2023\/02\/logo-dentists-400.webp","contentUrl":"https:\/\/dentiststurkey.com\/wp-content\/uploads\/2023\/02\/logo-dentists-400.webp","width":400,"height":148,"caption":"Dentists Turkey"},"image":{"@id":"http:\/\/dentiststurkey.com\/it\/#\/schema\/logo\/image\/"}}]}},"_links":{"self":[{"href":"https:\/\/dentiststurkey.com\/it\/wp-json\/wp\/v2\/pages\/68405","targetHints":{"allow":["GET"]}}],"collection":[{"href":"https:\/\/dentiststurkey.com\/it\/wp-json\/wp\/v2\/pages"}],"about":[{"href":"https:\/\/dentiststurkey.com\/it\/wp-json\/wp\/v2\/types\/page"}],"author":[{"embeddable":true,"href":"https:\/\/dentiststurkey.com\/it\/wp-json\/wp\/v2\/users\/1"}],"replies":[{"embeddable":true,"href":"https:\/\/dentiststurkey.com\/it\/wp-json\/wp\/v2\/comments?post=68405"}],"version-history":[{"count":1,"href":"https:\/\/dentiststurkey.com\/it\/wp-json\/wp\/v2\/pages\/68405\/revisions"}],"predecessor-version":[{"id":74228,"href":"https:\/\/dentiststurkey.com\/it\/wp-json\/wp\/v2\/pages\/68405\/revisions\/74228"}],"wp:attachment":[{"href":"https:\/\/dentiststurkey.com\/it\/wp-json\/wp\/v2\/media?parent=68405"}],"curies":[{"name":"wp","href":"https:\/\/api.w.org\/{rel}","templated":true}]}}