{"id":70461,"date":"2023-02-05T17:42:57","date_gmt":"2023-02-05T14:42:57","guid":{"rendered":"https:\/\/dentiststurkey.com\/hollywood-smile-turkey\/"},"modified":"2026-04-16T19:04:51","modified_gmt":"2026-04-16T16:04:51","slug":"hollywood-smile-turchia","status":"publish","type":"page","link":"https:\/\/dentiststurkey.com\/it\/hollywood-smile-turchia\/","title":{"rendered":"Hollywood  Smile Turchia"},"content":{"rendered":"<p><strong>Il sorriso di Hollywood in Turchia- il posto migliore di ottenere i nuovi denti<\/strong><\/p>\n<p>Sorridere e godersi il momento \u00e8 qualcosa a cui ognuno di noi aspira, ma ottenere un bel sorriso spesso pu\u00f2 essere irraggiungibile. Che sia dovuto a problemi di salute dentale o a vincoli finanziari, a volte ottenere quel sorriso in stile hollywoodiano sembra impossibile. Ma ora c\u2019\u00e8 finalmente speranza: il turismo medico in Turchia offre alle persone un\u2019incredibile opportunit\u00e0 di farsi nuovi denti a un prezzo imbattibile senza compromettere la qualit\u00e0!<\/p>\n<p>Attraverso i nostri servizi esemplari (link ka testimonialsima), ci assicuriamo che tu riceva cure dentistiche di prim&#8217;ordine e sconti sulle procedure, rendendo il perfezionamento del sorriso dei tuoi sogni pi\u00f9 accessibile che mai. Continua a leggere per scoprire come puoi avere dei denti nuovi di zecca in pochissimo tempo!<\/p>\n<p><strong>Cos&#8217;\u00e8 un sorriso hollywoodiano e perch\u00e9 la gente lo desidera cos\u00ec tanto?<\/strong><\/p>\n<p>Un sorriso hollywoodiano \u00e8 una dentatura perfetta che molte celebrit\u00e0 hanno visto sfoggiare. I sorrisi di Hollywood sono cos\u00ec popolari perch\u00e9 presentano denti luminosi, bianchi e dritti. Molte persone vogliono ottenere sorrisi hollywoodiani in modo da poter sfoggiare gli stessi bellissimi denti delle star.<\/p>\n<p>I sorrisi hollywoodiani si ottengono utilizzando faccette in porcellana, un guscio sottile realizzato in porcellana dello stesso colore dei denti che si adatta ai denti naturali per ottenere un sorriso pi\u00f9 simmetrico, dritto e perfetto. Le faccette in porcellana sono realizzate su misura per ogni paziente, rendendo facile trovare il sorriso perfetto di Hollywood per tutti. E soprattutto, sono sorprendentemente convenienti, quindi non devi spendere una fortuna per ottenere il perfetto sorriso hollywoodiano.<\/p>\n<p><strong>Quali sono alcuni possibili rischi?<\/strong><\/p>\n<p>I sorrisi di Hollywood sono un ottimo modo per aumentare la fiducia in se stessi di ogni individuo, ed \u00e8 per questo che un sorriso di Hollywood in Turchia \u00e8 diventato sempre pi\u00f9 popolare. Tuttavia, nonostante i vantaggi, molte persone non sono consapevoli dei rischi associati a questo tipo di trattamento.<\/p>\n<p>In primo luogo, \u00e8 importante essere consapevoli che le tecniche e i trattamenti del sorriso Hollywoodiano utilizzati in Turchia potrebbero non essere all\u2019altezza di quelli presenti in tutto il mondo se non si sceglie attentamente il proprio esperto. \u00c8 sempre meglio ricercare il medico e la clinica accuratamente prima di procedere con qualsiasi tipo di procedura cosmetica, soprattutto se eseguita all&#8217;estero. Non preoccuparti: questo \u00e8 esattamente il nostro scopo, aiutarti a evitare questo tipo di errori!<\/p>\n<p>Inoltre, anche le barriere linguistiche possono rappresentare un problema quando si riceve un trattamento all\u2019estero. Il lato positivo \u00e8 che se prendi tutte le precauzioni ragionevoli, come cercare diverse consultazioni da diversi medici e cliniche, ottenere un sorriso hollywoodiano in Turchia potrebbe ancora avere pi\u00f9 vantaggi che svantaggi! Allora!!!&#8230;.<\/p>\n<p><strong>Perch\u00e9 dovresti contattarci?<\/strong><\/p>\n<p>Ottenere un sorriso hollywoodiano in Turchia \u00e8 una soluzione sempre pi\u00f9 popolare per coloro che desiderano trasformare il proprio sorriso e aumentare la propria sicurezza. I prezzi possono variare a seconda della complessit\u00e0 della procedura, ma il nostro team pu\u00f2 fornire preventivi dettagliati, in modo da ottenere il miglior accordo possibile. Vale la pena ricercare i prezzi di diverse cliniche qui, ma stai certo che qualunque sia il tuo budget, il nostro team sar\u00e0 in grado di trasformare i tuoi sogni di Hollywood Smile in realt\u00e0. Allora perch\u00e9 non chiamarci oggi e trasformare il sorriso di Hollywood in realt\u00e0?!<\/p>\n","protected":false},"excerpt":{"rendered":"<p>Il sorriso di Hollywood in Turchia- il posto migliore di ottenere i nuovi denti Sorridere e godersi il momento \u00e8 qualcosa a cui ognuno di noi aspira, ma ottenere un bel sorriso spesso pu\u00f2 essere irraggiungibile. Che sia dovuto a problemi di salute dentale o a vincoli finanziari, a volte ottenere quel sorriso in stile [&hellip;]<\/p>\n","protected":false},"author":1,"featured_media":0,"parent":0,"menu_order":0,"comment_status":"closed","ping_status":"closed","template":"","meta":{"footnotes":""},"class_list":["post-70461","page","type-page","status-publish","hentry"],"acf":[],"yoast_head":"<!-- This site is optimized with the Yoast SEO plugin v27.4 - https:\/\/yoast.com\/product\/yoast-seo-wordpress\/ -->\n<title>Hollywood Smile In Turchia - A Partire Da 2500\u20ac<\/title>\n<meta name=\"description\" content=\"Hollywood Smile In Turchia - Migliori Cliniche Dentali In Turchia | Preventivi Gratuiti | Alloggio Gratuito | Trasferimento Gratuito\" \/>\n<meta name=\"robots\" content=\"index, follow, max-snippet:-1, max-image-preview:large, max-video-preview:-1\" \/>\n<link rel=\"canonical\" href=\"https:\/\/dentiststurkey.com\/it\/hollywood-smile-turchia\/\" \/>\n<meta property=\"og:locale\" content=\"it_IT\" \/>\n<meta property=\"og:type\" content=\"article\" \/>\n<meta property=\"og:title\" content=\"Hollywood Smile In Turchia - A Partire Da 2500\u20ac\" \/>\n<meta property=\"og:description\" content=\"Hollywood Smile In Turchia - Migliori Cliniche Dentali In Turchia | Preventivi Gratuiti | Alloggio Gratuito | Trasferimento Gratuito\" \/>\n<meta property=\"og:url\" content=\"https:\/\/dentiststurkey.com\/it\/hollywood-smile-turchia\/\" \/>\n<meta property=\"og:site_name\" content=\"Dentists Turkey\" \/>\n<meta property=\"article:modified_time\" content=\"2026-04-16T16:04:51+00:00\" \/>\n<meta name=\"twitter:card\" content=\"summary_large_image\" \/>\n<meta name=\"twitter:label1\" content=\"Tempo di lettura stimato\" \/>\n\t<meta name=\"twitter:data1\" content=\"3 minuti\" \/>\n<script type=\"application\/ld+json\" class=\"yoast-schema-graph\">{\"@context\":\"https:\\\/\\\/schema.org\",\"@graph\":[{\"@type\":\"WebPage\",\"@id\":\"https:\\\/\\\/dentiststurkey.com\\\/it\\\/hollywood-smile-turchia\\\/\",\"url\":\"https:\\\/\\\/dentiststurkey.com\\\/it\\\/hollywood-smile-turchia\\\/\",\"name\":\"Hollywood Smile In Turchia - A Partire Da 2500\u20ac\",\"isPartOf\":{\"@id\":\"http:\\\/\\\/dentiststurkey.com\\\/it\\\/#website\"},\"datePublished\":\"2023-02-05T14:42:57+00:00\",\"dateModified\":\"2026-04-16T16:04:51+00:00\",\"description\":\"Hollywood Smile In Turchia - Migliori Cliniche Dentali In Turchia | Preventivi Gratuiti | Alloggio Gratuito | Trasferimento Gratuito\",\"breadcrumb\":{\"@id\":\"https:\\\/\\\/dentiststurkey.com\\\/it\\\/hollywood-smile-turchia\\\/#breadcrumb\"},\"inLanguage\":\"it-IT\",\"potentialAction\":[{\"@type\":\"ReadAction\",\"target\":[\"https:\\\/\\\/dentiststurkey.com\\\/it\\\/hollywood-smile-turchia\\\/\"]}]},{\"@type\":\"BreadcrumbList\",\"@id\":\"https:\\\/\\\/dentiststurkey.com\\\/it\\\/hollywood-smile-turchia\\\/#breadcrumb\",\"itemListElement\":[{\"@type\":\"ListItem\",\"position\":1,\"name\":\"Home\",\"item\":\"https:\\\/\\\/dentiststurkey.com\\\/it\\\/\"},{\"@type\":\"ListItem\",\"position\":2,\"name\":\"Hollywood Smile Turchia\"}]},{\"@type\":\"WebSite\",\"@id\":\"http:\\\/\\\/dentiststurkey.com\\\/it\\\/#website\",\"url\":\"http:\\\/\\\/dentiststurkey.com\\\/it\\\/\",\"name\":\"Dentists Turkey\",\"description\":\"Best Dental Clinics\",\"publisher\":{\"@id\":\"http:\\\/\\\/dentiststurkey.com\\\/it\\\/#organization\"},\"potentialAction\":[{\"@type\":\"SearchAction\",\"target\":{\"@type\":\"EntryPoint\",\"urlTemplate\":\"http:\\\/\\\/dentiststurkey.com\\\/it\\\/?s={search_term_string}\"},\"query-input\":{\"@type\":\"PropertyValueSpecification\",\"valueRequired\":true,\"valueName\":\"search_term_string\"}}],\"inLanguage\":\"it-IT\"},{\"@type\":\"Organization\",\"@id\":\"http:\\\/\\\/dentiststurkey.com\\\/it\\\/#organization\",\"name\":\"Dentists Turkey\",\"url\":\"http:\\\/\\\/dentiststurkey.com\\\/it\\\/\",\"logo\":{\"@type\":\"ImageObject\",\"inLanguage\":\"it-IT\",\"@id\":\"http:\\\/\\\/dentiststurkey.com\\\/it\\\/#\\\/schema\\\/logo\\\/image\\\/\",\"url\":\"https:\\\/\\\/dentiststurkey.com\\\/wp-content\\\/uploads\\\/2023\\\/02\\\/logo-dentists-400.webp\",\"contentUrl\":\"https:\\\/\\\/dentiststurkey.com\\\/wp-content\\\/uploads\\\/2023\\\/02\\\/logo-dentists-400.webp\",\"width\":400,\"height\":148,\"caption\":\"Dentists Turkey\"},\"image\":{\"@id\":\"http:\\\/\\\/dentiststurkey.com\\\/it\\\/#\\\/schema\\\/logo\\\/image\\\/\"}}]}<\/script>\n<!-- \/ Yoast SEO plugin. -->","yoast_head_json":{"title":"Hollywood Smile In Turchia - A Partire Da 2500\u20ac","description":"Hollywood Smile In Turchia - Migliori Cliniche Dentali In Turchia | Preventivi Gratuiti | Alloggio Gratuito | Trasferimento Gratuito","robots":{"index":"index","follow":"follow","max-snippet":"max-snippet:-1","max-image-preview":"max-image-preview:large","max-video-preview":"max-video-preview:-1"},"canonical":"https:\/\/dentiststurkey.com\/it\/hollywood-smile-turchia\/","og_locale":"it_IT","og_type":"article","og_title":"Hollywood Smile In Turchia - A Partire Da 2500\u20ac","og_description":"Hollywood Smile In Turchia - Migliori Cliniche Dentali In Turchia | Preventivi Gratuiti | Alloggio Gratuito | Trasferimento Gratuito","og_url":"https:\/\/dentiststurkey.com\/it\/hollywood-smile-turchia\/","og_site_name":"Dentists Turkey","article_modified_time":"2026-04-16T16:04:51+00:00","twitter_card":"summary_large_image","twitter_misc":{"Tempo di lettura stimato":"3 minuti"},"schema":{"@context":"https:\/\/schema.org","@graph":[{"@type":"WebPage","@id":"https:\/\/dentiststurkey.com\/it\/hollywood-smile-turchia\/","url":"https:\/\/dentiststurkey.com\/it\/hollywood-smile-turchia\/","name":"Hollywood Smile In Turchia - A Partire Da 2500\u20ac","isPartOf":{"@id":"http:\/\/dentiststurkey.com\/it\/#website"},"datePublished":"2023-02-05T14:42:57+00:00","dateModified":"2026-04-16T16:04:51+00:00","description":"Hollywood Smile In Turchia - Migliori Cliniche Dentali In Turchia | Preventivi Gratuiti | Alloggio Gratuito | Trasferimento Gratuito","breadcrumb":{"@id":"https:\/\/dentiststurkey.com\/it\/hollywood-smile-turchia\/#breadcrumb"},"inLanguage":"it-IT","potentialAction":[{"@type":"ReadAction","target":["https:\/\/dentiststurkey.com\/it\/hollywood-smile-turchia\/"]}]},{"@type":"BreadcrumbList","@id":"https:\/\/dentiststurkey.com\/it\/hollywood-smile-turchia\/#breadcrumb","itemListElement":[{"@type":"ListItem","position":1,"name":"Home","item":"https:\/\/dentiststurkey.com\/it\/"},{"@type":"ListItem","position":2,"name":"Hollywood Smile Turchia"}]},{"@type":"WebSite","@id":"http:\/\/dentiststurkey.com\/it\/#website","url":"http:\/\/dentiststurkey.com\/it\/","name":"Dentists Turkey","description":"Best Dental Clinics","publisher":{"@id":"http:\/\/dentiststurkey.com\/it\/#organization"},"potentialAction":[{"@type":"SearchAction","target":{"@type":"EntryPoint","urlTemplate":"http:\/\/dentiststurkey.com\/it\/?s={search_term_string}"},"query-input":{"@type":"PropertyValueSpecification","valueRequired":true,"valueName":"search_term_string"}}],"inLanguage":"it-IT"},{"@type":"Organization","@id":"http:\/\/dentiststurkey.com\/it\/#organization","name":"Dentists Turkey","url":"http:\/\/dentiststurkey.com\/it\/","logo":{"@type":"ImageObject","inLanguage":"it-IT","@id":"http:\/\/dentiststurkey.com\/it\/#\/schema\/logo\/image\/","url":"https:\/\/dentiststurkey.com\/wp-content\/uploads\/2023\/02\/logo-dentists-400.webp","contentUrl":"https:\/\/dentiststurkey.com\/wp-content\/uploads\/2023\/02\/logo-dentists-400.webp","width":400,"height":148,"caption":"Dentists Turkey"},"image":{"@id":"http:\/\/dentiststurkey.com\/it\/#\/schema\/logo\/image\/"}}]}},"_links":{"self":[{"href":"https:\/\/dentiststurkey.com\/it\/wp-json\/wp\/v2\/pages\/70461","targetHints":{"allow":["GET"]}}],"collection":[{"href":"https:\/\/dentiststurkey.com\/it\/wp-json\/wp\/v2\/pages"}],"about":[{"href":"https:\/\/dentiststurkey.com\/it\/wp-json\/wp\/v2\/types\/page"}],"author":[{"embeddable":true,"href":"https:\/\/dentiststurkey.com\/it\/wp-json\/wp\/v2\/users\/1"}],"replies":[{"embeddable":true,"href":"https:\/\/dentiststurkey.com\/it\/wp-json\/wp\/v2\/comments?post=70461"}],"version-history":[{"count":2,"href":"https:\/\/dentiststurkey.com\/it\/wp-json\/wp\/v2\/pages\/70461\/revisions"}],"predecessor-version":[{"id":74237,"href":"https:\/\/dentiststurkey.com\/it\/wp-json\/wp\/v2\/pages\/70461\/revisions\/74237"}],"wp:attachment":[{"href":"https:\/\/dentiststurkey.com\/it\/wp-json\/wp\/v2\/media?parent=70461"}],"curies":[{"name":"wp","href":"https:\/\/api.w.org\/{rel}","templated":true}]}}