{"id":70604,"date":"2023-02-05T17:11:48","date_gmt":"2023-02-05T14:11:48","guid":{"rendered":"https:\/\/dentiststurkey.com\/zirconia-crowns-turkey\/"},"modified":"2026-04-16T18:49:26","modified_gmt":"2026-04-16T15:49:26","slug":"corone-in-zirconio-turchia","status":"publish","type":"page","link":"https:\/\/dentiststurkey.com\/it\/corone-in-zirconio-turchia\/","title":{"rendered":"Corone in Zirconio Turchia"},"content":{"rendered":"<p>Hai cercato di trovare un modo per ottenere cure dentistiche di alta qualit\u00e0 senza spendere una fortuna? Le corone in zirconio potrebbero essere la soluzione che stavi cercando. Combinando materiali di prima qualit\u00e0 con un servizio personalizzato e attento, le corone in zirconio offrono molto pi\u00f9 che semplice comodit\u00e0: possono anche fare un&#8217;enorme differenza nella salute orale generale.<\/p>\n<p>Se questo non \u00e8 un incentivo sufficiente, allora considera questi quattro ottimi motivi per cui scegliere la Turchia come destinazione per le corone in zirconio \u00e8 nel tuo interesse: dentisti altamente qualificati, convenienza, procedure collaudate, risultati pi\u00f9 rapidi e tassi di successo pi\u00f9 elevati. rispetto ad altri paesi. Continua a leggere per scoprire tutto ci\u00f2 che la Turchia ha da offrire quando si tratta di corone in zirconio!<\/p>\n<p><strong>#1 esperti nel mondo <\/strong><\/p>\n<p>La Turchia \u00e8 rinomata per la sua tradizione odontoiatrica (link ka tekstu dentist Turkey), che offre corone in zirconio lavorate da alcuni dei dentisti pi\u00f9 altamente qualificati e formati in circolazione. Queste corone in zirconio sono una scelta popolare in Turchia poich\u00e9 forniscono resistenza e durata, il che significa che potrai goderti il tuo sorriso per molti anni a venire!<\/p>\n<p>Gli esperti turchi non solo portano il mantello di una lunga tradizione di eccezionale odontoiatria, ma il loro livello di competenza e attenzione ai dettagli fanno s\u00ec che i clienti ricevano un trattamento di prim&#8217;ordine dai migliori esperti del settore. Con le corone in zirconio realizzate in Turchia, scegli competenza ed esperienza fidate tra i professionisti pi\u00f9 qualificati in circolazione.<\/p>\n<p><strong>#1 prezzi nel mondo<\/strong><\/p>\n<p>Le corone in zirconio stanno rapidamente diventando il restauro dentale preferito sia dai pazienti che dai professionisti in Turchia. Non solo la zirconia \u00e8 decisamente pi\u00f9 economica rispetto al suo equivalente occidentale, ma offre anche un miglior rapporto qualit\u00e0-prezzo rispetto alle soluzioni dentali di molti paesi in via di sviluppo. \u00c8 stato dimostrato che dura oltre un decennio, \u00e8 biocompatibile, durevole ed esteticamente gradevole, rendendo la zirconia la scelta ideale per chi cerca restauri dentali su misura. Le corone permanenti in zirconio in Turchia aiutano le persone a rivelare il loro vero sorriso senza spendere una fortuna.<\/p>\n<p><strong>#1 esperienze nel mondo<\/strong><\/p>\n<p>I pazienti in Turchia hanno provato corone in zirconio con risultati eccellenti. Questa procedura di routine \u00e8 stata eseguita innumerevoli volte da professionisti dentali nel paese, offrendo loro una significativa esperienza con le corone in zirconio. I pazienti che hanno inserito corone in zirconio possono essere certi che la procedura \u00e8 stata eseguita di routine in Turchia e probabilmente si tradurr\u00e0 in una soluzione duratura alle loro esigenze dentali. L\u2019esperienza turca con le corone in zirconio fornisce risultati positivi per i pazienti odontoiatrici in tutto il paese.<\/p>\n<p><strong>#1 tasso del successo nel mondo<\/strong><\/p>\n<p>Le corone in zirconio in Turchia stanno senza dubbio diventando sempre pi\u00f9 popolari. I pazienti ricevono risultati sorprendentemente rapidi e con un tasso di successo sorprendente. Ci\u00f2 elimina quasi completamente il fastidio di aspettare per ottenere gli accessori dentali &#8211; corone in zirconio &#8211; poich\u00e9 i pazienti non devono pi\u00f9 aspettare settimane o addirittura mesi. In Turchia, le corone in zirconio hanno avuto un impatto notevolmente positivo sull\u2019assistenza sanitaria dentale con risultati pi\u00f9 rapidi e tassi di successo pi\u00f9 elevati rispetto ad altri materiali. \u00c8 sicuramente una scelta vantaggiosa quando si considerano le corone in zirconio per risolvere i propri problemi dentali.<\/p>\n<p><strong>#1 team nel mondo<\/strong><\/p>\n<p>Se sei un potenziale paziente che sta prendendo in considerazione trattamenti con corone in zirconio, contattaci. Siamo pi\u00f9 che felici di rispondere a domande o dare consigli sulle migliori opzioni di zirconia relative ai nostri servizi in Turchia (link ka ponudi klinika). Quindi non esitate a contattarci oggi!<\/p>\n","protected":false},"excerpt":{"rendered":"<p>Hai cercato di trovare un modo per ottenere cure dentistiche di alta qualit\u00e0 senza spendere una fortuna? Le corone in zirconio potrebbero essere la soluzione che stavi cercando. Combinando materiali di prima qualit\u00e0 con un servizio personalizzato e attento, le corone in zirconio offrono molto pi\u00f9 che semplice comodit\u00e0: possono anche fare un&#8217;enorme differenza nella [&hellip;]<\/p>\n","protected":false},"author":1,"featured_media":0,"parent":0,"menu_order":0,"comment_status":"closed","ping_status":"closed","template":"","meta":{"footnotes":""},"class_list":["post-70604","page","type-page","status-publish","hentry"],"acf":[],"yoast_head":"<!-- This site is optimized with the Yoast SEO plugin v27.4 - https:\/\/yoast.com\/product\/yoast-seo-wordpress\/ -->\n<title>Corone in Zirconio Turchia - Da 130\u20ac<\/title>\n<meta name=\"description\" content=\"Zirconia Crowns Turkey - Best Dental Clinics in Turkey | Free Quotes | Free Accommodation | Free Transfer From the Airport | High Quality |\" \/>\n<meta name=\"robots\" content=\"index, follow, max-snippet:-1, max-image-preview:large, max-video-preview:-1\" \/>\n<link rel=\"canonical\" href=\"https:\/\/dentiststurkey.com\/it\/corone-in-zirconio-turchia\/\" \/>\n<meta property=\"og:locale\" content=\"it_IT\" \/>\n<meta property=\"og:type\" content=\"article\" \/>\n<meta property=\"og:title\" content=\"Corone in Zirconio Turchia - Da 130\u20ac\" \/>\n<meta property=\"og:description\" content=\"Zirconia Crowns Turkey - Best Dental Clinics in Turkey | Free Quotes | Free Accommodation | Free Transfer From the Airport | High Quality |\" \/>\n<meta property=\"og:url\" content=\"https:\/\/dentiststurkey.com\/it\/corone-in-zirconio-turchia\/\" \/>\n<meta property=\"og:site_name\" content=\"Dentists Turkey\" \/>\n<meta property=\"article:modified_time\" content=\"2026-04-16T15:49:26+00:00\" \/>\n<meta name=\"twitter:card\" content=\"summary_large_image\" \/>\n<meta name=\"twitter:label1\" content=\"Tempo di lettura stimato\" \/>\n\t<meta name=\"twitter:data1\" content=\"3 minuti\" \/>\n<script type=\"application\/ld+json\" class=\"yoast-schema-graph\">{\"@context\":\"https:\\\/\\\/schema.org\",\"@graph\":[{\"@type\":\"WebPage\",\"@id\":\"https:\\\/\\\/dentiststurkey.com\\\/it\\\/corone-in-zirconio-turchia\\\/\",\"url\":\"https:\\\/\\\/dentiststurkey.com\\\/it\\\/corone-in-zirconio-turchia\\\/\",\"name\":\"Corone in Zirconio Turchia - Da 130\u20ac\",\"isPartOf\":{\"@id\":\"http:\\\/\\\/dentiststurkey.com\\\/it\\\/#website\"},\"datePublished\":\"2023-02-05T14:11:48+00:00\",\"dateModified\":\"2026-04-16T15:49:26+00:00\",\"description\":\"Zirconia Crowns Turkey - Best Dental Clinics in Turkey | Free Quotes | Free Accommodation | Free Transfer From the Airport | High Quality |\",\"breadcrumb\":{\"@id\":\"https:\\\/\\\/dentiststurkey.com\\\/it\\\/corone-in-zirconio-turchia\\\/#breadcrumb\"},\"inLanguage\":\"it-IT\",\"potentialAction\":[{\"@type\":\"ReadAction\",\"target\":[\"https:\\\/\\\/dentiststurkey.com\\\/it\\\/corone-in-zirconio-turchia\\\/\"]}]},{\"@type\":\"BreadcrumbList\",\"@id\":\"https:\\\/\\\/dentiststurkey.com\\\/it\\\/corone-in-zirconio-turchia\\\/#breadcrumb\",\"itemListElement\":[{\"@type\":\"ListItem\",\"position\":1,\"name\":\"Home\",\"item\":\"https:\\\/\\\/dentiststurkey.com\\\/it\\\/\"},{\"@type\":\"ListItem\",\"position\":2,\"name\":\"Corone in Zirconio Turchia\"}]},{\"@type\":\"WebSite\",\"@id\":\"http:\\\/\\\/dentiststurkey.com\\\/it\\\/#website\",\"url\":\"http:\\\/\\\/dentiststurkey.com\\\/it\\\/\",\"name\":\"Dentists Turkey\",\"description\":\"Best Dental Clinics\",\"publisher\":{\"@id\":\"http:\\\/\\\/dentiststurkey.com\\\/it\\\/#organization\"},\"potentialAction\":[{\"@type\":\"SearchAction\",\"target\":{\"@type\":\"EntryPoint\",\"urlTemplate\":\"http:\\\/\\\/dentiststurkey.com\\\/it\\\/?s={search_term_string}\"},\"query-input\":{\"@type\":\"PropertyValueSpecification\",\"valueRequired\":true,\"valueName\":\"search_term_string\"}}],\"inLanguage\":\"it-IT\"},{\"@type\":\"Organization\",\"@id\":\"http:\\\/\\\/dentiststurkey.com\\\/it\\\/#organization\",\"name\":\"Dentists Turkey\",\"url\":\"http:\\\/\\\/dentiststurkey.com\\\/it\\\/\",\"logo\":{\"@type\":\"ImageObject\",\"inLanguage\":\"it-IT\",\"@id\":\"http:\\\/\\\/dentiststurkey.com\\\/it\\\/#\\\/schema\\\/logo\\\/image\\\/\",\"url\":\"https:\\\/\\\/dentiststurkey.com\\\/wp-content\\\/uploads\\\/2023\\\/02\\\/logo-dentists-400.webp\",\"contentUrl\":\"https:\\\/\\\/dentiststurkey.com\\\/wp-content\\\/uploads\\\/2023\\\/02\\\/logo-dentists-400.webp\",\"width\":400,\"height\":148,\"caption\":\"Dentists Turkey\"},\"image\":{\"@id\":\"http:\\\/\\\/dentiststurkey.com\\\/it\\\/#\\\/schema\\\/logo\\\/image\\\/\"}}]}<\/script>\n<!-- \/ Yoast SEO plugin. -->","yoast_head_json":{"title":"Corone in Zirconio Turchia - Da 130\u20ac","description":"Zirconia Crowns Turkey - Best Dental Clinics in Turkey | Free Quotes | Free Accommodation | Free Transfer From the Airport | High Quality |","robots":{"index":"index","follow":"follow","max-snippet":"max-snippet:-1","max-image-preview":"max-image-preview:large","max-video-preview":"max-video-preview:-1"},"canonical":"https:\/\/dentiststurkey.com\/it\/corone-in-zirconio-turchia\/","og_locale":"it_IT","og_type":"article","og_title":"Corone in Zirconio Turchia - Da 130\u20ac","og_description":"Zirconia Crowns Turkey - Best Dental Clinics in Turkey | Free Quotes | Free Accommodation | Free Transfer From the Airport | High Quality |","og_url":"https:\/\/dentiststurkey.com\/it\/corone-in-zirconio-turchia\/","og_site_name":"Dentists Turkey","article_modified_time":"2026-04-16T15:49:26+00:00","twitter_card":"summary_large_image","twitter_misc":{"Tempo di lettura stimato":"3 minuti"},"schema":{"@context":"https:\/\/schema.org","@graph":[{"@type":"WebPage","@id":"https:\/\/dentiststurkey.com\/it\/corone-in-zirconio-turchia\/","url":"https:\/\/dentiststurkey.com\/it\/corone-in-zirconio-turchia\/","name":"Corone in Zirconio Turchia - Da 130\u20ac","isPartOf":{"@id":"http:\/\/dentiststurkey.com\/it\/#website"},"datePublished":"2023-02-05T14:11:48+00:00","dateModified":"2026-04-16T15:49:26+00:00","description":"Zirconia Crowns Turkey - Best Dental Clinics in Turkey | Free Quotes | Free Accommodation | Free Transfer From the Airport | High Quality |","breadcrumb":{"@id":"https:\/\/dentiststurkey.com\/it\/corone-in-zirconio-turchia\/#breadcrumb"},"inLanguage":"it-IT","potentialAction":[{"@type":"ReadAction","target":["https:\/\/dentiststurkey.com\/it\/corone-in-zirconio-turchia\/"]}]},{"@type":"BreadcrumbList","@id":"https:\/\/dentiststurkey.com\/it\/corone-in-zirconio-turchia\/#breadcrumb","itemListElement":[{"@type":"ListItem","position":1,"name":"Home","item":"https:\/\/dentiststurkey.com\/it\/"},{"@type":"ListItem","position":2,"name":"Corone in Zirconio Turchia"}]},{"@type":"WebSite","@id":"http:\/\/dentiststurkey.com\/it\/#website","url":"http:\/\/dentiststurkey.com\/it\/","name":"Dentists Turkey","description":"Best Dental Clinics","publisher":{"@id":"http:\/\/dentiststurkey.com\/it\/#organization"},"potentialAction":[{"@type":"SearchAction","target":{"@type":"EntryPoint","urlTemplate":"http:\/\/dentiststurkey.com\/it\/?s={search_term_string}"},"query-input":{"@type":"PropertyValueSpecification","valueRequired":true,"valueName":"search_term_string"}}],"inLanguage":"it-IT"},{"@type":"Organization","@id":"http:\/\/dentiststurkey.com\/it\/#organization","name":"Dentists Turkey","url":"http:\/\/dentiststurkey.com\/it\/","logo":{"@type":"ImageObject","inLanguage":"it-IT","@id":"http:\/\/dentiststurkey.com\/it\/#\/schema\/logo\/image\/","url":"https:\/\/dentiststurkey.com\/wp-content\/uploads\/2023\/02\/logo-dentists-400.webp","contentUrl":"https:\/\/dentiststurkey.com\/wp-content\/uploads\/2023\/02\/logo-dentists-400.webp","width":400,"height":148,"caption":"Dentists Turkey"},"image":{"@id":"http:\/\/dentiststurkey.com\/it\/#\/schema\/logo\/image\/"}}]}},"_links":{"self":[{"href":"https:\/\/dentiststurkey.com\/it\/wp-json\/wp\/v2\/pages\/70604","targetHints":{"allow":["GET"]}}],"collection":[{"href":"https:\/\/dentiststurkey.com\/it\/wp-json\/wp\/v2\/pages"}],"about":[{"href":"https:\/\/dentiststurkey.com\/it\/wp-json\/wp\/v2\/types\/page"}],"author":[{"embeddable":true,"href":"https:\/\/dentiststurkey.com\/it\/wp-json\/wp\/v2\/users\/1"}],"replies":[{"embeddable":true,"href":"https:\/\/dentiststurkey.com\/it\/wp-json\/wp\/v2\/comments?post=70604"}],"version-history":[{"count":1,"href":"https:\/\/dentiststurkey.com\/it\/wp-json\/wp\/v2\/pages\/70604\/revisions"}],"predecessor-version":[{"id":74225,"href":"https:\/\/dentiststurkey.com\/it\/wp-json\/wp\/v2\/pages\/70604\/revisions\/74225"}],"wp:attachment":[{"href":"https:\/\/dentiststurkey.com\/it\/wp-json\/wp\/v2\/media?parent=70604"}],"curies":[{"name":"wp","href":"https:\/\/api.w.org\/{rel}","templated":true}]}}