{"id":70607,"date":"2023-02-05T17:10:46","date_gmt":"2023-02-05T14:10:46","guid":{"rendered":"https:\/\/dentiststurkey.com\/dentist-turkey\/"},"modified":"2026-04-16T19:00:33","modified_gmt":"2026-04-16T16:00:33","slug":"dentista-turchia","status":"publish","type":"page","link":"https:\/\/dentiststurkey.com\/it\/dentista-turchia\/","title":{"rendered":"Dentista Turchia"},"content":{"rendered":"<p><strong>Come trovare il miglior dentista in Turchia?<\/strong><\/p>\n<p>Stai cercando il miglior dentista che si prenda cura del tuo sorriso in Turchia? Sapere da dove cominciare pu\u00f2 essere difficile, ma non preoccuparti: non deve esserlo. Con un po\u2019 di ricerca intelligente, puoi trovare un dentista esperto e altamente qualificato in Turchia che si adatta a tutte le tue esigenze.<\/p>\n<p><a href=\"#contactForm\">Noi\u00a0<\/a> tratteremo quali fattori considerare quando si ricercano dentisti per garantirsi un&#8217;esperienza di successo, dal prendere in considerazione le recensioni e l&#8217;esame delle loro qualifiche attraverso servizi specifici fino al tipo di materiali che utilizzano. Con informazioni dettagliate su come gli esperti consigliano di trovare un fornitore di servizi dentistici di prim&#8217;ordine, ti sentirai sicuramente pi\u00f9 preparato e informato durante questo importante processo decisionale!<\/p>\n<p><strong>Ricerca iniziale<\/strong><\/p>\n<p>Se stai cercando un dentista in Turchia, ci sono molte cose a cui prestare attenzione quando scegli il dentista giusto. Innanzitutto, tieni presente che il tuo dentista dovrebbe essere autorizzato e qualificato con certificazioni che dimostrano che \u00e8 formato e qualificato nel suo campo. Assicurati di ricercare la formazione e l&#8217;esperienza del dentista e prenditi il tempo per leggere le recensioni dei clienti che trovi online. Qui puoi trovare <a href=\"#testimonials\">tantissime recensioni<\/a>!<\/p>\n<p>\u00c8 anche importante considerare i loro servizi: guarda in quali trattamenti sono specializzati, se offrono servizi di emergenza e opzioni di pagamento come la copertura assicurativa, cos\u00ec sai che sarai curato ogni volta che ne avrai bisogno. Infine, assicurati che l\u2019ambiente dello studio del dentista sia comodo e sicuro per te. Ci\u00f2 significa valutare la cordialit\u00e0 del personale, la pulizia dell&#8217;ufficio e l&#8217;atmosfera generale (suggerimento: lo facciamo per te). Tenere conto di tutto ci\u00f2 ti garantir\u00e0 di ottenere il miglior dentista per le tue esigenze in Turchia.<\/p>\n<p><strong>Ottenere valore<\/strong><\/p>\n<p>Quando si tratta di ottenere il valore dei propri soldi in qualsiasi contesto, le visite dal dentista non fanno eccezione. Andare all&#8217;estero per il turismo dentale \u00e8 un&#8217;opzione sempre pi\u00f9 popolare poich\u00e9 sempre pi\u00f9 persone cercano un modo per ottenere un eccellente rapporto qualit\u00e0-prezzo per i loro soldi duramente guadagnati. La Turchia \u00e8 una delle principali destinazioni per questo tipo di turismo e con la sua vasta selezione di cliniche (link ka dental clinics Turkey tekstu) che offrono trattamenti di prima classe a prezzi che spesso arrivano ad una frazione di quello che costerebbero nel paese in cui ti trovi. da dove vieni, \u00e8 facile capire perch\u00e9.<\/p>\n<p>Allo stesso tempo, ci sono alcune cose da tenere a mente quando si prende questo tipo di decisione, come assicurarsi di ottenere il miglior servizio di qualit\u00e0 disponibile; ricercare le recensioni dei clienti; visitare cliniche se possibile; e utilizzando solo dentisti qualificati e certificati da organizzazioni riconosciute. Una volta prese in considerazione queste considerazioni, puoi assicurarti di ottenere un buon rapporto qualit\u00e0-prezzo quando scegli le visite dentistiche all&#8217;estero.<\/p>\n<p><strong>I nostri servizi<\/strong><\/p>\n<p>Per i pazienti e i clienti che desiderano andare avanti nella ricerca di un dentista in Turchia, il nostro team di esperti \u00e8 qui per aiutare. Comprendiamo le incredibili sfide e opportunit\u00e0 che dovete affrontare e attingiamo ineguagliabile alla nostra esperienza e conoscenza per fornirvi la migliore consulenza possibile.<\/p>\n<p>Il nostro team collaborer\u00e0 con te per garantire che ogni dentista riceva le giuste informazioni per prendere decisioni pi\u00f9 informate in modo che la tua esperienza possa raggiungere il suo potenziale. Contattaci oggi per una combinazione imbattibile di competenza, efficienza e cordialit\u00e0 da parte del nostro team di alto livello (s\u00ec, siamo COS\u00cc fiduciosi!).<\/p>\n","protected":false},"excerpt":{"rendered":"<p>Come trovare il miglior dentista in Turchia? Stai cercando il miglior dentista che si prenda cura del tuo sorriso in Turchia? Sapere da dove cominciare pu\u00f2 essere difficile, ma non preoccuparti: non deve esserlo. Con un po\u2019 di ricerca intelligente, puoi trovare un dentista esperto e altamente qualificato in Turchia che si adatta a tutte [&hellip;]<\/p>\n","protected":false},"author":1,"featured_media":0,"parent":0,"menu_order":0,"comment_status":"closed","ping_status":"closed","template":"","meta":{"footnotes":""},"class_list":["post-70607","page","type-page","status-publish","hentry"],"acf":[],"yoast_head":"<!-- This site is optimized with the Yoast SEO plugin v27.4 - https:\/\/yoast.com\/product\/yoast-seo-wordpress\/ -->\n<title>I Migliori Dentisti In Turchia | Confronta I Preventivi<\/title>\n<meta name=\"description\" content=\"Dentista In Turchia - Migliori Cliniche Dentali In Turchia | Preventivi Gratuiti | Alloggio Gratuito | Trasferimento Gratuito Dall\u2019aeroporto |\" \/>\n<meta name=\"robots\" content=\"index, follow, max-snippet:-1, max-image-preview:large, max-video-preview:-1\" \/>\n<link rel=\"canonical\" href=\"https:\/\/dentiststurkey.com\/it\/dentista-turchia\/\" \/>\n<meta property=\"og:locale\" content=\"it_IT\" \/>\n<meta property=\"og:type\" content=\"article\" \/>\n<meta property=\"og:title\" content=\"I Migliori Dentisti In Turchia | Confronta I Preventivi\" \/>\n<meta property=\"og:description\" content=\"Dentista In Turchia - Migliori Cliniche Dentali In Turchia | Preventivi Gratuiti | Alloggio Gratuito | Trasferimento Gratuito Dall\u2019aeroporto |\" \/>\n<meta property=\"og:url\" content=\"https:\/\/dentiststurkey.com\/it\/dentista-turchia\/\" \/>\n<meta property=\"og:site_name\" content=\"Dentists Turkey\" \/>\n<meta property=\"article:modified_time\" content=\"2026-04-16T16:00:33+00:00\" \/>\n<meta name=\"twitter:card\" content=\"summary_large_image\" \/>\n<meta name=\"twitter:label1\" content=\"Tempo di lettura stimato\" \/>\n\t<meta name=\"twitter:data1\" content=\"3 minuti\" \/>\n<script type=\"application\/ld+json\" class=\"yoast-schema-graph\">{\"@context\":\"https:\\\/\\\/schema.org\",\"@graph\":[{\"@type\":\"WebPage\",\"@id\":\"https:\\\/\\\/dentiststurkey.com\\\/it\\\/dentista-turchia\\\/\",\"url\":\"https:\\\/\\\/dentiststurkey.com\\\/it\\\/dentista-turchia\\\/\",\"name\":\"I Migliori Dentisti In Turchia | Confronta I Preventivi\",\"isPartOf\":{\"@id\":\"http:\\\/\\\/dentiststurkey.com\\\/it\\\/#website\"},\"datePublished\":\"2023-02-05T14:10:46+00:00\",\"dateModified\":\"2026-04-16T16:00:33+00:00\",\"description\":\"Dentista In Turchia - Migliori Cliniche Dentali In Turchia | Preventivi Gratuiti | Alloggio Gratuito | Trasferimento Gratuito Dall\u2019aeroporto |\",\"breadcrumb\":{\"@id\":\"https:\\\/\\\/dentiststurkey.com\\\/it\\\/dentista-turchia\\\/#breadcrumb\"},\"inLanguage\":\"it-IT\",\"potentialAction\":[{\"@type\":\"ReadAction\",\"target\":[\"https:\\\/\\\/dentiststurkey.com\\\/it\\\/dentista-turchia\\\/\"]}]},{\"@type\":\"BreadcrumbList\",\"@id\":\"https:\\\/\\\/dentiststurkey.com\\\/it\\\/dentista-turchia\\\/#breadcrumb\",\"itemListElement\":[{\"@type\":\"ListItem\",\"position\":1,\"name\":\"Home\",\"item\":\"https:\\\/\\\/dentiststurkey.com\\\/it\\\/\"},{\"@type\":\"ListItem\",\"position\":2,\"name\":\"Dentista Turchia\"}]},{\"@type\":\"WebSite\",\"@id\":\"http:\\\/\\\/dentiststurkey.com\\\/it\\\/#website\",\"url\":\"http:\\\/\\\/dentiststurkey.com\\\/it\\\/\",\"name\":\"Dentists Turkey\",\"description\":\"Best Dental Clinics\",\"publisher\":{\"@id\":\"http:\\\/\\\/dentiststurkey.com\\\/it\\\/#organization\"},\"potentialAction\":[{\"@type\":\"SearchAction\",\"target\":{\"@type\":\"EntryPoint\",\"urlTemplate\":\"http:\\\/\\\/dentiststurkey.com\\\/it\\\/?s={search_term_string}\"},\"query-input\":{\"@type\":\"PropertyValueSpecification\",\"valueRequired\":true,\"valueName\":\"search_term_string\"}}],\"inLanguage\":\"it-IT\"},{\"@type\":\"Organization\",\"@id\":\"http:\\\/\\\/dentiststurkey.com\\\/it\\\/#organization\",\"name\":\"Dentists Turkey\",\"url\":\"http:\\\/\\\/dentiststurkey.com\\\/it\\\/\",\"logo\":{\"@type\":\"ImageObject\",\"inLanguage\":\"it-IT\",\"@id\":\"http:\\\/\\\/dentiststurkey.com\\\/it\\\/#\\\/schema\\\/logo\\\/image\\\/\",\"url\":\"https:\\\/\\\/dentiststurkey.com\\\/wp-content\\\/uploads\\\/2023\\\/02\\\/logo-dentists-400.webp\",\"contentUrl\":\"https:\\\/\\\/dentiststurkey.com\\\/wp-content\\\/uploads\\\/2023\\\/02\\\/logo-dentists-400.webp\",\"width\":400,\"height\":148,\"caption\":\"Dentists Turkey\"},\"image\":{\"@id\":\"http:\\\/\\\/dentiststurkey.com\\\/it\\\/#\\\/schema\\\/logo\\\/image\\\/\"}}]}<\/script>\n<!-- \/ Yoast SEO plugin. -->","yoast_head_json":{"title":"I Migliori Dentisti In Turchia | Confronta I Preventivi","description":"Dentista In Turchia - Migliori Cliniche Dentali In Turchia | Preventivi Gratuiti | Alloggio Gratuito | Trasferimento Gratuito Dall\u2019aeroporto |","robots":{"index":"index","follow":"follow","max-snippet":"max-snippet:-1","max-image-preview":"max-image-preview:large","max-video-preview":"max-video-preview:-1"},"canonical":"https:\/\/dentiststurkey.com\/it\/dentista-turchia\/","og_locale":"it_IT","og_type":"article","og_title":"I Migliori Dentisti In Turchia | Confronta I Preventivi","og_description":"Dentista In Turchia - Migliori Cliniche Dentali In Turchia | Preventivi Gratuiti | Alloggio Gratuito | Trasferimento Gratuito Dall\u2019aeroporto |","og_url":"https:\/\/dentiststurkey.com\/it\/dentista-turchia\/","og_site_name":"Dentists Turkey","article_modified_time":"2026-04-16T16:00:33+00:00","twitter_card":"summary_large_image","twitter_misc":{"Tempo di lettura stimato":"3 minuti"},"schema":{"@context":"https:\/\/schema.org","@graph":[{"@type":"WebPage","@id":"https:\/\/dentiststurkey.com\/it\/dentista-turchia\/","url":"https:\/\/dentiststurkey.com\/it\/dentista-turchia\/","name":"I Migliori Dentisti In Turchia | Confronta I Preventivi","isPartOf":{"@id":"http:\/\/dentiststurkey.com\/it\/#website"},"datePublished":"2023-02-05T14:10:46+00:00","dateModified":"2026-04-16T16:00:33+00:00","description":"Dentista In Turchia - Migliori Cliniche Dentali In Turchia | Preventivi Gratuiti | Alloggio Gratuito | Trasferimento Gratuito Dall\u2019aeroporto |","breadcrumb":{"@id":"https:\/\/dentiststurkey.com\/it\/dentista-turchia\/#breadcrumb"},"inLanguage":"it-IT","potentialAction":[{"@type":"ReadAction","target":["https:\/\/dentiststurkey.com\/it\/dentista-turchia\/"]}]},{"@type":"BreadcrumbList","@id":"https:\/\/dentiststurkey.com\/it\/dentista-turchia\/#breadcrumb","itemListElement":[{"@type":"ListItem","position":1,"name":"Home","item":"https:\/\/dentiststurkey.com\/it\/"},{"@type":"ListItem","position":2,"name":"Dentista Turchia"}]},{"@type":"WebSite","@id":"http:\/\/dentiststurkey.com\/it\/#website","url":"http:\/\/dentiststurkey.com\/it\/","name":"Dentists Turkey","description":"Best Dental Clinics","publisher":{"@id":"http:\/\/dentiststurkey.com\/it\/#organization"},"potentialAction":[{"@type":"SearchAction","target":{"@type":"EntryPoint","urlTemplate":"http:\/\/dentiststurkey.com\/it\/?s={search_term_string}"},"query-input":{"@type":"PropertyValueSpecification","valueRequired":true,"valueName":"search_term_string"}}],"inLanguage":"it-IT"},{"@type":"Organization","@id":"http:\/\/dentiststurkey.com\/it\/#organization","name":"Dentists Turkey","url":"http:\/\/dentiststurkey.com\/it\/","logo":{"@type":"ImageObject","inLanguage":"it-IT","@id":"http:\/\/dentiststurkey.com\/it\/#\/schema\/logo\/image\/","url":"https:\/\/dentiststurkey.com\/wp-content\/uploads\/2023\/02\/logo-dentists-400.webp","contentUrl":"https:\/\/dentiststurkey.com\/wp-content\/uploads\/2023\/02\/logo-dentists-400.webp","width":400,"height":148,"caption":"Dentists Turkey"},"image":{"@id":"http:\/\/dentiststurkey.com\/it\/#\/schema\/logo\/image\/"}}]}},"_links":{"self":[{"href":"https:\/\/dentiststurkey.com\/it\/wp-json\/wp\/v2\/pages\/70607","targetHints":{"allow":["GET"]}}],"collection":[{"href":"https:\/\/dentiststurkey.com\/it\/wp-json\/wp\/v2\/pages"}],"about":[{"href":"https:\/\/dentiststurkey.com\/it\/wp-json\/wp\/v2\/types\/page"}],"author":[{"embeddable":true,"href":"https:\/\/dentiststurkey.com\/it\/wp-json\/wp\/v2\/users\/1"}],"replies":[{"embeddable":true,"href":"https:\/\/dentiststurkey.com\/it\/wp-json\/wp\/v2\/comments?post=70607"}],"version-history":[{"count":2,"href":"https:\/\/dentiststurkey.com\/it\/wp-json\/wp\/v2\/pages\/70607\/revisions"}],"predecessor-version":[{"id":74230,"href":"https:\/\/dentiststurkey.com\/it\/wp-json\/wp\/v2\/pages\/70607\/revisions\/74230"}],"wp:attachment":[{"href":"https:\/\/dentiststurkey.com\/it\/wp-json\/wp\/v2\/media?parent=70607"}],"curies":[{"name":"wp","href":"https:\/\/api.w.org\/{rel}","templated":true}]}}