{"id":70611,"date":"2023-02-05T17:06:33","date_gmt":"2023-02-05T14:06:33","guid":{"rendered":"https:\/\/dentiststurkey.com\/all-on-4-dental-implants-turkey\/"},"modified":"2026-04-16T19:02:51","modified_gmt":"2026-04-16T16:02:51","slug":"all-on-4-implants-dentaires-turquie","status":"publish","type":"page","link":"https:\/\/dentiststurkey.com\/it\/all-on-4-implants-dentaires-turquie\/","title":{"rendered":"All On 4 Implants Dentaires Turquie"},"content":{"rendered":"<p>Stai cercando un nuovo sorriso perfetto, ma non hai il tempo, i soldi o la sicurezza per ottenerlo nel suo paese? Ora \u00e8 il momento perfetto per prendere in considerazione l\u2019idea di sottoporsi a impianti dentali all-on-4 in Turchia. Gli impianti All-on-4 rappresentano un modo innovativo e rivoluzionario di sostituire i denti mancanti. Gli ultimi progressi nel campo dell\u2019odontoiatria significa che questa procedura potrebbe essere eseguita in modo rapido, conveniente e con un\u2019interruzione minima del tuo stile di vita.<br \/>\nOltre a regalarti un bel sorriso, gli impianti dentali all-on-4 garantiscono anche stabilit\u00e0 e sicurezza grazie al loro forte legame con il tessuto osseo; mentre le protesi convenzionali possono causare disagio e irritazione quando si mangia o si parla poich\u00e9 scivolano all&#8217;interno della bocca. All-on-4 dar\u00e0 forza e supporto ai tuoi nuovi denti, cos\u00ec potrai sperimentare le massime prestazioni nella capacit\u00e0 di parlare e di masticare, il tutto con un aspetto incredibilmente naturale! Quindi continua a leggere se sei pronto\/a per esprimere te stesso con sicurezza attraverso la straordinaria potenza della tecnologia implantare All-on-4!<\/p>\n<p><strong>Che (cosa sono)?<\/strong><\/p>\n<p>Gli impianti dentali All-on-4 sono una moderna soluzione per i denti mancanti e le protesi compressive.Il processo di impianto richiede solo 4 impianti da inserire nella mandibula per fissare i nuovi protesi dentieri, ponti o oltre opzioni di sostituzione odontriatiche. Questo significa che gli impianti dentali sono la procedura che richiede meno ivnasione rispetto alle procedure tradizionali e adatti ad una milgliore guarigione.<\/p>\n<p>Se ti mancano dei denti, tutti questi impianti potrebbero essere la soluzione perfetta per te in quanto forniscono un&#8217;alternativa pi\u00f9 semplice per risultati pi\u00f9 sicuri e dall&#8217;aspetto naturale. Sono particolarmente utili quando \u00e8 necessario sostituire tutti i denti di un&#8217;arcata poich\u00e9 il loro meccanismo \u00e8 molto pi\u00f9 rapido ed efficace rispetto a pi\u00f9 procedure di impianto eseguite una alla volta.<\/p>\n<p><strong>Dove (ottenerli)?<\/strong><\/p>\n<p>Questa procedura revoluzionare potrebbe completamente trasformare il tuo sorriso, ma \u00e8 importante capire la procedura. Innanzitutto, dovresti prenotare un appuntamento con il dentista specializzato in impanti dentali all-on-4 in Turchia. In genere, il dentista o il chirurgo<br \/>\ncompleteranno un esame completo e anche teneranno nella conisderazione le tue esigenze induviduali- il tutto per assicurare che questa procedura sia addatta per te. A seconda delle vostre esigenze particolari, la costruzione del dente sostitutivo pu\u00f2 comportare la fusione e la tecnologia CAD-CAM prima di essere inviata agli specialisti per la produzione del prodotto finale. Il tuo intervento di impianti dentali all-on-4 comporter\u00e0 in genere almeno due visite per portare a termine il tutto: posizionamento dell&#8217;impianto, periodo di guarigione e posizionamento dei denti sostitutivi. Con gli impianti dentali all-on-4 in Turchia, potrai finalmente avere il bel sorriso che meriti!<\/p>\n<p><strong>Quanto?<\/strong><\/p>\n<p>La Turchia sta rapidamente diventando una destinazione popolare per tutti gli impianti dentali all-on-4, grazie ai prezzi convenienti e all&#8217;eccellente qualit\u00e0 rispetto ai paesi occidentali. Gli impianti dentali all-on-4 in Turchia possono costare fino al 50% di quanto costerebbero normalmente in altri paesi. Esatto: puoi venire in Turchia e farti sostituire tutti i denti con impianti dentali all-on-4 per una frazione del prezzo. Con queste tecniche, tutti i tuoi denti saranno sicuri e potrai sorridere di nuovo con sicurezza.<\/p>\n<p>Tuttavia, i prezzi accessibili non significano sacrificare la qualit\u00e0; gli impianti forniti dai dentisti turchi sono di buona qualit\u00e0 quanto quelli che potresti trovare altrove. Allora perch\u00e9 aspettare? Contattaci e trasforma la tua vita con gli impianti dentali all-on-4 a un prezzo imbattibile in Turchia.<\/p>\n","protected":false},"excerpt":{"rendered":"<p>Stai cercando un nuovo sorriso perfetto, ma non hai il tempo, i soldi o la sicurezza per ottenerlo nel suo paese? Ora \u00e8 il momento perfetto per prendere in considerazione l\u2019idea di sottoporsi a impianti dentali all-on-4 in Turchia. Gli impianti All-on-4 rappresentano un modo innovativo e rivoluzionario di sostituire i denti mancanti. Gli ultimi [&hellip;]<\/p>\n","protected":false},"author":1,"featured_media":0,"parent":0,"menu_order":0,"comment_status":"closed","ping_status":"closed","template":"","meta":{"footnotes":""},"class_list":["post-70611","page","type-page","status-publish","hentry"],"acf":[],"yoast_head":"<!-- This site is optimized with the Yoast SEO plugin v27.4 - https:\/\/yoast.com\/product\/yoast-seo-wordpress\/ -->\n<title>Impianti Dentali All-on-4 In Turchia - A Partire Da 2000\u20ac<\/title>\n<meta name=\"description\" content=\"Impianti Dentali All-on-4 In Turchia - Migliori Cliniche Dentali In Turchia | Preventivi Gratuiti | Alloggio Gratuito | Trasferimento Gratuito\" \/>\n<meta name=\"robots\" content=\"index, follow, max-snippet:-1, max-image-preview:large, max-video-preview:-1\" \/>\n<link rel=\"canonical\" href=\"https:\/\/dentiststurkey.com\/it\/all-on-4-implants-dentaires-turquie\/\" \/>\n<meta property=\"og:locale\" content=\"it_IT\" \/>\n<meta property=\"og:type\" content=\"article\" \/>\n<meta property=\"og:title\" content=\"Impianti Dentali All-on-4 In Turchia - A Partire Da 2000\u20ac\" \/>\n<meta property=\"og:description\" content=\"Impianti Dentali All-on-4 In Turchia - Migliori Cliniche Dentali In Turchia | Preventivi Gratuiti | Alloggio Gratuito | Trasferimento Gratuito\" \/>\n<meta property=\"og:url\" content=\"https:\/\/dentiststurkey.com\/it\/all-on-4-implants-dentaires-turquie\/\" \/>\n<meta property=\"og:site_name\" content=\"Dentists Turkey\" \/>\n<meta property=\"article:modified_time\" content=\"2026-04-16T16:02:51+00:00\" \/>\n<meta name=\"twitter:card\" content=\"summary_large_image\" \/>\n<meta name=\"twitter:label1\" content=\"Tempo di lettura stimato\" \/>\n\t<meta name=\"twitter:data1\" content=\"3 minuti\" \/>\n<script type=\"application\/ld+json\" class=\"yoast-schema-graph\">{\"@context\":\"https:\\\/\\\/schema.org\",\"@graph\":[{\"@type\":\"WebPage\",\"@id\":\"https:\\\/\\\/dentiststurkey.com\\\/it\\\/all-on-4-implants-dentaires-turquie\\\/\",\"url\":\"https:\\\/\\\/dentiststurkey.com\\\/it\\\/all-on-4-implants-dentaires-turquie\\\/\",\"name\":\"Impianti Dentali All-on-4 In Turchia - A Partire Da 2000\u20ac\",\"isPartOf\":{\"@id\":\"http:\\\/\\\/dentiststurkey.com\\\/it\\\/#website\"},\"datePublished\":\"2023-02-05T14:06:33+00:00\",\"dateModified\":\"2026-04-16T16:02:51+00:00\",\"description\":\"Impianti Dentali All-on-4 In Turchia - Migliori Cliniche Dentali In Turchia | Preventivi Gratuiti | Alloggio Gratuito | Trasferimento Gratuito\",\"breadcrumb\":{\"@id\":\"https:\\\/\\\/dentiststurkey.com\\\/it\\\/all-on-4-implants-dentaires-turquie\\\/#breadcrumb\"},\"inLanguage\":\"it-IT\",\"potentialAction\":[{\"@type\":\"ReadAction\",\"target\":[\"https:\\\/\\\/dentiststurkey.com\\\/it\\\/all-on-4-implants-dentaires-turquie\\\/\"]}]},{\"@type\":\"BreadcrumbList\",\"@id\":\"https:\\\/\\\/dentiststurkey.com\\\/it\\\/all-on-4-implants-dentaires-turquie\\\/#breadcrumb\",\"itemListElement\":[{\"@type\":\"ListItem\",\"position\":1,\"name\":\"Home\",\"item\":\"https:\\\/\\\/dentiststurkey.com\\\/it\\\/\"},{\"@type\":\"ListItem\",\"position\":2,\"name\":\"All On 4 Implants Dentaires Turquie\"}]},{\"@type\":\"WebSite\",\"@id\":\"http:\\\/\\\/dentiststurkey.com\\\/it\\\/#website\",\"url\":\"http:\\\/\\\/dentiststurkey.com\\\/it\\\/\",\"name\":\"Dentists Turkey\",\"description\":\"Best Dental Clinics\",\"publisher\":{\"@id\":\"http:\\\/\\\/dentiststurkey.com\\\/it\\\/#organization\"},\"potentialAction\":[{\"@type\":\"SearchAction\",\"target\":{\"@type\":\"EntryPoint\",\"urlTemplate\":\"http:\\\/\\\/dentiststurkey.com\\\/it\\\/?s={search_term_string}\"},\"query-input\":{\"@type\":\"PropertyValueSpecification\",\"valueRequired\":true,\"valueName\":\"search_term_string\"}}],\"inLanguage\":\"it-IT\"},{\"@type\":\"Organization\",\"@id\":\"http:\\\/\\\/dentiststurkey.com\\\/it\\\/#organization\",\"name\":\"Dentists Turkey\",\"url\":\"http:\\\/\\\/dentiststurkey.com\\\/it\\\/\",\"logo\":{\"@type\":\"ImageObject\",\"inLanguage\":\"it-IT\",\"@id\":\"http:\\\/\\\/dentiststurkey.com\\\/it\\\/#\\\/schema\\\/logo\\\/image\\\/\",\"url\":\"https:\\\/\\\/dentiststurkey.com\\\/wp-content\\\/uploads\\\/2023\\\/02\\\/logo-dentists-400.webp\",\"contentUrl\":\"https:\\\/\\\/dentiststurkey.com\\\/wp-content\\\/uploads\\\/2023\\\/02\\\/logo-dentists-400.webp\",\"width\":400,\"height\":148,\"caption\":\"Dentists Turkey\"},\"image\":{\"@id\":\"http:\\\/\\\/dentiststurkey.com\\\/it\\\/#\\\/schema\\\/logo\\\/image\\\/\"}}]}<\/script>\n<!-- \/ Yoast SEO plugin. -->","yoast_head_json":{"title":"Impianti Dentali All-on-4 In Turchia - A Partire Da 2000\u20ac","description":"Impianti Dentali All-on-4 In Turchia - Migliori Cliniche Dentali In Turchia | Preventivi Gratuiti | Alloggio Gratuito | Trasferimento Gratuito","robots":{"index":"index","follow":"follow","max-snippet":"max-snippet:-1","max-image-preview":"max-image-preview:large","max-video-preview":"max-video-preview:-1"},"canonical":"https:\/\/dentiststurkey.com\/it\/all-on-4-implants-dentaires-turquie\/","og_locale":"it_IT","og_type":"article","og_title":"Impianti Dentali All-on-4 In Turchia - A Partire Da 2000\u20ac","og_description":"Impianti Dentali All-on-4 In Turchia - Migliori Cliniche Dentali In Turchia | Preventivi Gratuiti | Alloggio Gratuito | Trasferimento Gratuito","og_url":"https:\/\/dentiststurkey.com\/it\/all-on-4-implants-dentaires-turquie\/","og_site_name":"Dentists Turkey","article_modified_time":"2026-04-16T16:02:51+00:00","twitter_card":"summary_large_image","twitter_misc":{"Tempo di lettura stimato":"3 minuti"},"schema":{"@context":"https:\/\/schema.org","@graph":[{"@type":"WebPage","@id":"https:\/\/dentiststurkey.com\/it\/all-on-4-implants-dentaires-turquie\/","url":"https:\/\/dentiststurkey.com\/it\/all-on-4-implants-dentaires-turquie\/","name":"Impianti Dentali All-on-4 In Turchia - A Partire Da 2000\u20ac","isPartOf":{"@id":"http:\/\/dentiststurkey.com\/it\/#website"},"datePublished":"2023-02-05T14:06:33+00:00","dateModified":"2026-04-16T16:02:51+00:00","description":"Impianti Dentali All-on-4 In Turchia - Migliori Cliniche Dentali In Turchia | Preventivi Gratuiti | Alloggio Gratuito | Trasferimento Gratuito","breadcrumb":{"@id":"https:\/\/dentiststurkey.com\/it\/all-on-4-implants-dentaires-turquie\/#breadcrumb"},"inLanguage":"it-IT","potentialAction":[{"@type":"ReadAction","target":["https:\/\/dentiststurkey.com\/it\/all-on-4-implants-dentaires-turquie\/"]}]},{"@type":"BreadcrumbList","@id":"https:\/\/dentiststurkey.com\/it\/all-on-4-implants-dentaires-turquie\/#breadcrumb","itemListElement":[{"@type":"ListItem","position":1,"name":"Home","item":"https:\/\/dentiststurkey.com\/it\/"},{"@type":"ListItem","position":2,"name":"All On 4 Implants Dentaires Turquie"}]},{"@type":"WebSite","@id":"http:\/\/dentiststurkey.com\/it\/#website","url":"http:\/\/dentiststurkey.com\/it\/","name":"Dentists Turkey","description":"Best Dental Clinics","publisher":{"@id":"http:\/\/dentiststurkey.com\/it\/#organization"},"potentialAction":[{"@type":"SearchAction","target":{"@type":"EntryPoint","urlTemplate":"http:\/\/dentiststurkey.com\/it\/?s={search_term_string}"},"query-input":{"@type":"PropertyValueSpecification","valueRequired":true,"valueName":"search_term_string"}}],"inLanguage":"it-IT"},{"@type":"Organization","@id":"http:\/\/dentiststurkey.com\/it\/#organization","name":"Dentists Turkey","url":"http:\/\/dentiststurkey.com\/it\/","logo":{"@type":"ImageObject","inLanguage":"it-IT","@id":"http:\/\/dentiststurkey.com\/it\/#\/schema\/logo\/image\/","url":"https:\/\/dentiststurkey.com\/wp-content\/uploads\/2023\/02\/logo-dentists-400.webp","contentUrl":"https:\/\/dentiststurkey.com\/wp-content\/uploads\/2023\/02\/logo-dentists-400.webp","width":400,"height":148,"caption":"Dentists Turkey"},"image":{"@id":"http:\/\/dentiststurkey.com\/it\/#\/schema\/logo\/image\/"}}]}},"_links":{"self":[{"href":"https:\/\/dentiststurkey.com\/it\/wp-json\/wp\/v2\/pages\/70611","targetHints":{"allow":["GET"]}}],"collection":[{"href":"https:\/\/dentiststurkey.com\/it\/wp-json\/wp\/v2\/pages"}],"about":[{"href":"https:\/\/dentiststurkey.com\/it\/wp-json\/wp\/v2\/types\/page"}],"author":[{"embeddable":true,"href":"https:\/\/dentiststurkey.com\/it\/wp-json\/wp\/v2\/users\/1"}],"replies":[{"embeddable":true,"href":"https:\/\/dentiststurkey.com\/it\/wp-json\/wp\/v2\/comments?post=70611"}],"version-history":[{"count":2,"href":"https:\/\/dentiststurkey.com\/it\/wp-json\/wp\/v2\/pages\/70611\/revisions"}],"predecessor-version":[{"id":74231,"href":"https:\/\/dentiststurkey.com\/it\/wp-json\/wp\/v2\/pages\/70611\/revisions\/74231"}],"wp:attachment":[{"href":"https:\/\/dentiststurkey.com\/it\/wp-json\/wp\/v2\/media?parent=70611"}],"curies":[{"name":"wp","href":"https:\/\/api.w.org\/{rel}","templated":true}]}}