{"id":70802,"date":"2023-02-05T17:43:48","date_gmt":"2023-02-05T14:43:48","guid":{"rendered":"https:\/\/dentiststurkey.com\/smile-makeover-turkey\/"},"modified":"2026-04-16T19:08:43","modified_gmt":"2026-04-16T16:08:43","slug":"rinnovamento-del-sorriso-in-turchia","status":"publish","type":"page","link":"https:\/\/dentiststurkey.com\/it\/rinnovamento-del-sorriso-in-turchia\/","title":{"rendered":"Rinnovamento del Sorriso in Turchia"},"content":{"rendered":"<p><strong>I 3 vantaggi di un restyling del sorriso in Turchia<\/strong><\/p>\n<p>Vuoi migliorare notevolmente il tuo sorriso? Un restyling del sorriso in Turchia pu\u00f2 aiutare. Utilizzando le tecnologie e i trattamenti pi\u00f9 recenti, pazienti di tutte le et\u00e0 hanno visto notevoli miglioramenti nel loro sorriso con un semplice viaggio all&#8217;estero. Con cos\u00ec tanti vantaggi, tra cui prezzi convenienti, dentisti qualificati, materiali di alta qualit\u00e0 e tempi di trattamento efficienti, il restyling del sorriso turco offre qualcosa per tutti. Dagli apparecchi sottili alle ricostruzioni complete della bocca, una clinica dentistica turca ti dar\u00e0 risultati che faranno girare la testa e ti lasceranno sicuro del tuo nuovo look! Continua a leggere per scoprire i cinque vantaggi di rinnovare il sorriso in Turchia.<\/p>\n<p><strong>Nuovi inizi<\/strong><\/p>\n<p>Un restyling del sorriso pu\u00f2 essere un ottimo modo per darti pi\u00f9 sicurezza e autostima. Con questa procedura potrai trasformare l&#8217;aspetto del tuo sorriso combinando trattamenti come faccette, rimodellamento, bonding e sbiancamento dei denti. In Turchia, il restyling del sorriso \u00e8 spesso noto come &#8220;sorriso affascinante&#8221;.<br \/>\nDurante il processo di trasformazione del sorriso, il tuo dentista prender\u00e0 un&#8217;impronta dei tuoi denti e della forma delle labbra. Questa impressione li aiuta ad adattare i trattamenti alle tue esigenze e a creare un piano che ti dia un aspetto nuovo e brillante. Una volta completato, avrai un sorriso incredibile che irradia sicurezza e bellezza quando incontri persone o partecipi a eventi importanti come cene o feste. Quindi, se avere un sorriso attraente \u00e8 ci\u00f2 che stai cercando, opta per un restyling del sorriso!<\/p>\n<p><strong>Spinta psicologica<\/strong><\/p>\n<p>Oltre all&#8217;aspetto fisico, sta diventando un modo popolare per migliorare la propria autostima e acquisire fiducia in se stessi. Questo non solo pu\u00f2 essere usato come un eccellente stimolo alla fiducia, ma aiuta anche a migliorare la psiche di coloro che ricevono il trattamento. \u00c8 facile capire perch\u00e9 sempre pi\u00f9 persone in Turchia si rivolgono al restyling del sorriso, non solo per migliorare il sorriso stesso, ma anche come un modo per sentirsi meglio con se stessi. Con risultati sorprendenti, cure specialistiche e prezzi altamente competitivi, sembra certamente che il restyling del sorriso in Turchia sia qui per restare con i pazienti di tutto il mondo!<\/p>\n<p><strong>Spinta per la salute orale<\/strong><\/p>\n<p>Un restyling del sorriso in Turchia migliorer\u00e0 anche la tua salute orale e la tua bocca beneficer\u00e0 di un trattamento professionale nel comfort di un bellissimo paese. La salute della tua bocca \u00e8 della massima importanza e un restyling del sorriso garantisce che il tuo sorriso sar\u00e0 curato e migliorato abilmente da professionisti esperti. Dal ripristino di disallineamenti e carie, allo sbiancamento dei denti, puoi facilmente avere il sorriso che hai sempre sognato quando visiti la Turchia (link ka dentale turismo turchia tekstu) &#8211; il tutto beneficiando enormemente di cure dentistiche eccellenti e convenienti!<\/p>\n<p><strong>Offrendo tutto quanto sopra,<\/strong><br \/>\n\u2026. \u00e8 proprio alla tua portata (o clicca)! Non guardare oltre il nostro team in Turchia (link ka kontakt stranici)! Conosciamo tutti gli esperti e abbiamo accesso alle migliori offerte in circolazione. Mettiti in contatto con noi oggi e possiamo fornirti alcuni preventivi e consigli per assicurarti di avere il sorriso dei tuoi sogni. Il nostro team di assistenza clienti \u00e8 sempre qui per aiutare, offrendo consigli amichevoli che lo rendono facile da capire. Non aspettare oltre, rinnova subito il tuo sorriso con i nostri consigli e la nostra guida!<\/p>\n","protected":false},"excerpt":{"rendered":"<p>I 3 vantaggi di un restyling del sorriso in Turchia Vuoi migliorare notevolmente il tuo sorriso? Un restyling del sorriso in Turchia pu\u00f2 aiutare. Utilizzando le tecnologie e i trattamenti pi\u00f9 recenti, pazienti di tutte le et\u00e0 hanno visto notevoli miglioramenti nel loro sorriso con un semplice viaggio all&#8217;estero. Con cos\u00ec tanti vantaggi, tra cui [&hellip;]<\/p>\n","protected":false},"author":1,"featured_media":0,"parent":0,"menu_order":0,"comment_status":"closed","ping_status":"closed","template":"","meta":{"footnotes":""},"class_list":["post-70802","page","type-page","status-publish","hentry"],"acf":[],"yoast_head":"<!-- This site is optimized with the Yoast SEO plugin v27.4 - https:\/\/yoast.com\/product\/yoast-seo-wordpress\/ -->\n<title>Rinnovamento del Sorriso in Turchia - Da 3000\u20ac | Migliori Cliniche<\/title>\n<meta name=\"description\" content=\"Rinnovamento del Sorriso in Turchia - Migliori Cliniche Dentali In Turchia | Preventivi Gratuiti | Alloggio Gratuito | Trasferimento Gratuito\" \/>\n<meta name=\"robots\" content=\"index, follow, max-snippet:-1, max-image-preview:large, max-video-preview:-1\" \/>\n<link rel=\"canonical\" href=\"https:\/\/dentiststurkey.com\/it\/rinnovamento-del-sorriso-in-turchia\/\" \/>\n<meta property=\"og:locale\" content=\"it_IT\" \/>\n<meta property=\"og:type\" content=\"article\" \/>\n<meta property=\"og:title\" content=\"Rinnovamento del Sorriso in Turchia - Da 3000\u20ac | Migliori Cliniche\" \/>\n<meta property=\"og:description\" content=\"Rinnovamento del Sorriso in Turchia - Migliori Cliniche Dentali In Turchia | Preventivi Gratuiti | Alloggio Gratuito | Trasferimento Gratuito\" \/>\n<meta property=\"og:url\" content=\"https:\/\/dentiststurkey.com\/it\/rinnovamento-del-sorriso-in-turchia\/\" \/>\n<meta property=\"og:site_name\" content=\"Dentists Turkey\" \/>\n<meta property=\"article:modified_time\" content=\"2026-04-16T16:08:43+00:00\" \/>\n<meta name=\"twitter:card\" content=\"summary_large_image\" \/>\n<meta name=\"twitter:label1\" content=\"Tempo di lettura stimato\" \/>\n\t<meta name=\"twitter:data1\" content=\"3 minuti\" \/>\n<script type=\"application\/ld+json\" class=\"yoast-schema-graph\">{\"@context\":\"https:\\\/\\\/schema.org\",\"@graph\":[{\"@type\":\"WebPage\",\"@id\":\"https:\\\/\\\/dentiststurkey.com\\\/it\\\/rinnovamento-del-sorriso-in-turchia\\\/\",\"url\":\"https:\\\/\\\/dentiststurkey.com\\\/it\\\/rinnovamento-del-sorriso-in-turchia\\\/\",\"name\":\"Rinnovamento del Sorriso in Turchia - Da 3000\u20ac | Migliori Cliniche\",\"isPartOf\":{\"@id\":\"http:\\\/\\\/dentiststurkey.com\\\/it\\\/#website\"},\"datePublished\":\"2023-02-05T14:43:48+00:00\",\"dateModified\":\"2026-04-16T16:08:43+00:00\",\"description\":\"Rinnovamento del Sorriso in Turchia - Migliori Cliniche Dentali In Turchia | Preventivi Gratuiti | Alloggio Gratuito | Trasferimento Gratuito\",\"breadcrumb\":{\"@id\":\"https:\\\/\\\/dentiststurkey.com\\\/it\\\/rinnovamento-del-sorriso-in-turchia\\\/#breadcrumb\"},\"inLanguage\":\"it-IT\",\"potentialAction\":[{\"@type\":\"ReadAction\",\"target\":[\"https:\\\/\\\/dentiststurkey.com\\\/it\\\/rinnovamento-del-sorriso-in-turchia\\\/\"]}]},{\"@type\":\"BreadcrumbList\",\"@id\":\"https:\\\/\\\/dentiststurkey.com\\\/it\\\/rinnovamento-del-sorriso-in-turchia\\\/#breadcrumb\",\"itemListElement\":[{\"@type\":\"ListItem\",\"position\":1,\"name\":\"Home\",\"item\":\"https:\\\/\\\/dentiststurkey.com\\\/it\\\/\"},{\"@type\":\"ListItem\",\"position\":2,\"name\":\"Rinnovamento del Sorriso in Turchia\"}]},{\"@type\":\"WebSite\",\"@id\":\"http:\\\/\\\/dentiststurkey.com\\\/it\\\/#website\",\"url\":\"http:\\\/\\\/dentiststurkey.com\\\/it\\\/\",\"name\":\"Dentists Turkey\",\"description\":\"Best Dental Clinics\",\"publisher\":{\"@id\":\"http:\\\/\\\/dentiststurkey.com\\\/it\\\/#organization\"},\"potentialAction\":[{\"@type\":\"SearchAction\",\"target\":{\"@type\":\"EntryPoint\",\"urlTemplate\":\"http:\\\/\\\/dentiststurkey.com\\\/it\\\/?s={search_term_string}\"},\"query-input\":{\"@type\":\"PropertyValueSpecification\",\"valueRequired\":true,\"valueName\":\"search_term_string\"}}],\"inLanguage\":\"it-IT\"},{\"@type\":\"Organization\",\"@id\":\"http:\\\/\\\/dentiststurkey.com\\\/it\\\/#organization\",\"name\":\"Dentists Turkey\",\"url\":\"http:\\\/\\\/dentiststurkey.com\\\/it\\\/\",\"logo\":{\"@type\":\"ImageObject\",\"inLanguage\":\"it-IT\",\"@id\":\"http:\\\/\\\/dentiststurkey.com\\\/it\\\/#\\\/schema\\\/logo\\\/image\\\/\",\"url\":\"https:\\\/\\\/dentiststurkey.com\\\/wp-content\\\/uploads\\\/2023\\\/02\\\/logo-dentists-400.webp\",\"contentUrl\":\"https:\\\/\\\/dentiststurkey.com\\\/wp-content\\\/uploads\\\/2023\\\/02\\\/logo-dentists-400.webp\",\"width\":400,\"height\":148,\"caption\":\"Dentists Turkey\"},\"image\":{\"@id\":\"http:\\\/\\\/dentiststurkey.com\\\/it\\\/#\\\/schema\\\/logo\\\/image\\\/\"}}]}<\/script>\n<!-- \/ Yoast SEO plugin. -->","yoast_head_json":{"title":"Rinnovamento del Sorriso in Turchia - Da 3000\u20ac | Migliori Cliniche","description":"Rinnovamento del Sorriso in Turchia - Migliori Cliniche Dentali In Turchia | Preventivi Gratuiti | Alloggio Gratuito | Trasferimento Gratuito","robots":{"index":"index","follow":"follow","max-snippet":"max-snippet:-1","max-image-preview":"max-image-preview:large","max-video-preview":"max-video-preview:-1"},"canonical":"https:\/\/dentiststurkey.com\/it\/rinnovamento-del-sorriso-in-turchia\/","og_locale":"it_IT","og_type":"article","og_title":"Rinnovamento del Sorriso in Turchia - Da 3000\u20ac | Migliori Cliniche","og_description":"Rinnovamento del Sorriso in Turchia - Migliori Cliniche Dentali In Turchia | Preventivi Gratuiti | Alloggio Gratuito | Trasferimento Gratuito","og_url":"https:\/\/dentiststurkey.com\/it\/rinnovamento-del-sorriso-in-turchia\/","og_site_name":"Dentists Turkey","article_modified_time":"2026-04-16T16:08:43+00:00","twitter_card":"summary_large_image","twitter_misc":{"Tempo di lettura stimato":"3 minuti"},"schema":{"@context":"https:\/\/schema.org","@graph":[{"@type":"WebPage","@id":"https:\/\/dentiststurkey.com\/it\/rinnovamento-del-sorriso-in-turchia\/","url":"https:\/\/dentiststurkey.com\/it\/rinnovamento-del-sorriso-in-turchia\/","name":"Rinnovamento del Sorriso in Turchia - Da 3000\u20ac | Migliori Cliniche","isPartOf":{"@id":"http:\/\/dentiststurkey.com\/it\/#website"},"datePublished":"2023-02-05T14:43:48+00:00","dateModified":"2026-04-16T16:08:43+00:00","description":"Rinnovamento del Sorriso in Turchia - Migliori Cliniche Dentali In Turchia | Preventivi Gratuiti | Alloggio Gratuito | Trasferimento Gratuito","breadcrumb":{"@id":"https:\/\/dentiststurkey.com\/it\/rinnovamento-del-sorriso-in-turchia\/#breadcrumb"},"inLanguage":"it-IT","potentialAction":[{"@type":"ReadAction","target":["https:\/\/dentiststurkey.com\/it\/rinnovamento-del-sorriso-in-turchia\/"]}]},{"@type":"BreadcrumbList","@id":"https:\/\/dentiststurkey.com\/it\/rinnovamento-del-sorriso-in-turchia\/#breadcrumb","itemListElement":[{"@type":"ListItem","position":1,"name":"Home","item":"https:\/\/dentiststurkey.com\/it\/"},{"@type":"ListItem","position":2,"name":"Rinnovamento del Sorriso in Turchia"}]},{"@type":"WebSite","@id":"http:\/\/dentiststurkey.com\/it\/#website","url":"http:\/\/dentiststurkey.com\/it\/","name":"Dentists Turkey","description":"Best Dental Clinics","publisher":{"@id":"http:\/\/dentiststurkey.com\/it\/#organization"},"potentialAction":[{"@type":"SearchAction","target":{"@type":"EntryPoint","urlTemplate":"http:\/\/dentiststurkey.com\/it\/?s={search_term_string}"},"query-input":{"@type":"PropertyValueSpecification","valueRequired":true,"valueName":"search_term_string"}}],"inLanguage":"it-IT"},{"@type":"Organization","@id":"http:\/\/dentiststurkey.com\/it\/#organization","name":"Dentists Turkey","url":"http:\/\/dentiststurkey.com\/it\/","logo":{"@type":"ImageObject","inLanguage":"it-IT","@id":"http:\/\/dentiststurkey.com\/it\/#\/schema\/logo\/image\/","url":"https:\/\/dentiststurkey.com\/wp-content\/uploads\/2023\/02\/logo-dentists-400.webp","contentUrl":"https:\/\/dentiststurkey.com\/wp-content\/uploads\/2023\/02\/logo-dentists-400.webp","width":400,"height":148,"caption":"Dentists Turkey"},"image":{"@id":"http:\/\/dentiststurkey.com\/it\/#\/schema\/logo\/image\/"}}]}},"_links":{"self":[{"href":"https:\/\/dentiststurkey.com\/it\/wp-json\/wp\/v2\/pages\/70802","targetHints":{"allow":["GET"]}}],"collection":[{"href":"https:\/\/dentiststurkey.com\/it\/wp-json\/wp\/v2\/pages"}],"about":[{"href":"https:\/\/dentiststurkey.com\/it\/wp-json\/wp\/v2\/types\/page"}],"author":[{"embeddable":true,"href":"https:\/\/dentiststurkey.com\/it\/wp-json\/wp\/v2\/users\/1"}],"replies":[{"embeddable":true,"href":"https:\/\/dentiststurkey.com\/it\/wp-json\/wp\/v2\/comments?post=70802"}],"version-history":[{"count":1,"href":"https:\/\/dentiststurkey.com\/it\/wp-json\/wp\/v2\/pages\/70802\/revisions"}],"predecessor-version":[{"id":74227,"href":"https:\/\/dentiststurkey.com\/it\/wp-json\/wp\/v2\/pages\/70802\/revisions\/74227"}],"wp:attachment":[{"href":"https:\/\/dentiststurkey.com\/it\/wp-json\/wp\/v2\/media?parent=70802"}],"curies":[{"name":"wp","href":"https:\/\/api.w.org\/{rel}","templated":true}]}}