{"id":70804,"date":"2023-02-05T17:09:35","date_gmt":"2023-02-05T14:09:35","guid":{"rendered":"https:\/\/dentiststurkey.com\/dental-tourism-turkey-2\/"},"modified":"2026-04-16T19:09:27","modified_gmt":"2026-04-16T16:09:27","slug":"turismo-dentale-turchia-2","status":"publish","type":"page","link":"https:\/\/dentiststurkey.com\/it\/turismo-dentale-turchia-2\/","title":{"rendered":"Turismo Dentale Turchia"},"content":{"rendered":"<p><strong>Il turismo medico in Turchia: la destinazione pefetta per il turismo dentale<\/strong><\/p>\n<p>Stai pensando ad un intervento odontoiatrico all&#8217;estero? Non guardare oltre la Turchia, dove la combinazione di tecnologia innovativa e prezzi imbattibili rendono questo bellissimo paese una destinazione ideale per il turismo medico e dentale, soprattutto se tu stai cercando di avere una esperienza di odontoiatria di prim\u2019ordine a tariffe tascabili.<br \/>\nNegli ultimi anni, la Turchia si \u00e8 affermata come una delle principali destinazioni per coloro che cercano trattamenti e procedure di alta qualit\u00e0 e a basso costo in specialit\u00e0 che vanno dalla chirurgia generale all&#8217;oftalmologia, ma \u00e8 anche diventata rinomata come uno dei migliori posti al mondo quando si tratta di assicurandoti che il tuo bel sorriso \u00e8 bianco scintillante. Unisciti a noi ora mentre esploriamo perch\u00e9 cos\u00ec tante persone scelgono la Turchia per le loro esigenze dentistiche!<\/p>\n<p><strong>Benefici<\/strong><\/p>\n<p>Il turismo dentale in Turchia sta guadagnando popolarit\u00e0 poich\u00e9 sempre pi\u00f9 persone scoprono i vantaggi di viaggiare all\u2019estero per cure dentistiche. Per molti, i trattamenti dentistici rappresentano un investimento finanziario significativo, quindi preferiscono ricevere la stessa qualit\u00e0 di servizio a costi molto inferiori in Turchia. Con i professionisti medici e dentistici di alta qualit\u00e0 che offrono tecnologia avanzata insieme a moderne apparecchiature dentistiche, i turisti del settore dentale possono aspettarsi un&#8217;esperienza sicura e piacevole con risultati eccellenti.<br \/>\nInoltre, il turismo dentale in Turchia offre anche alle persone che vivono lontano dalle cliniche dentistiche l\u2019opportunit\u00e0 di familiarizzare con nuove culture e paesaggi come parte della loro visita. Non importa quali siano le proprie esigenze dentistiche, vantaggi pratici come tempi di consegna pi\u00f9 rapidi o orari di apertura pi\u00f9 lunghi combinati con la comodit\u00e0 del viaggio rendono il turismo dentale in Turchia un&#8217;ottima opzione per il viaggiatore esperto!<\/p>\n<p><strong>Preparazione<\/strong><\/p>\n<p>Essendo uno dei principali centri di turismo dentale nel mondo, la Turchia offre numerose cliniche dentistiche (link ka tekstu dental clinics Turkey) e i dentisti altamente qualificati che rendono la visita per esigenze dentistiche facile e vantaggiosa. Prima di intraprendere il vostro percorso odontoiatrico, ci sono alcuni consigli utili da tenere a mente per garantire una buona esperienza odontoiatrica.<br \/>\n\u00c8 importante effettuare piccole ricerche sulla clinica e sul dentista con cui lavorerai, assicurarti che utilizzino attrezzature moderne e controllare le recensioni prima del tuo arrivo. Inoltre, \u00e8 consigliabile stipulare un\u2019assicurazione di viaggio quando si va all\u2019estero per procedure mediche come cure dentistiche. Durante la tua vacanza in Turchia, puoi aspettarti trattamenti dentistici eccezionali a prezzi ragionevoli mentre ti godi la ricca cultura e la calda ospitalit\u00e0 del paese sia durante che dopo la tua incredibile esperienza dentale.<\/p>\n<p><strong>Periodo post operatorio<\/strong><\/p>\n<p>Una volta tornati a casa dopo il turismo dentale in Turchia, non bisogna trascurare l\u2019importanza di avere una cura dentale e un piano post operatorio. Portare a termine i trattamenti dentistici \u00e8 importante tanto quanto portarli a termine, quindi \u00e8 importante che i turisti dentali parlino con il loro dentista in Turchia delle cure di cui avranno bisogno dopo il trattamento.<br \/>\nIn questo modo, i turisti dentali hanno la tranquillit\u00e0 di sapere che la loro salute dentale viene presa sul serio e che sono disponibili appuntamenti e informazioni di follow-up dopo il ritorno a casa. I consigli post-trattamento e i piani di cura dentale dovrebbero essere presi in considerazione prima dei trattamenti dentistici in Turchia per garantire che i trattamenti abbiano successo e siano duraturi.<br \/>\nSperiamo che questo breve articolo ti sia stato di aiuto! Se hai ulteriori domande o dubbi, non esitare a contattarci!<\/p>\n","protected":false},"excerpt":{"rendered":"<p>Il turismo medico in Turchia: la destinazione pefetta per il turismo dentale Stai pensando ad un intervento odontoiatrico all&#8217;estero? Non guardare oltre la Turchia, dove la combinazione di tecnologia innovativa e prezzi imbattibili rendono questo bellissimo paese una destinazione ideale per il turismo medico e dentale, soprattutto se tu stai cercando di avere una esperienza [&hellip;]<\/p>\n","protected":false},"author":1,"featured_media":0,"parent":0,"menu_order":0,"comment_status":"closed","ping_status":"closed","template":"","meta":{"footnotes":""},"class_list":["post-70804","page","type-page","status-publish","hentry"],"acf":[],"yoast_head":"<!-- This site is optimized with the Yoast SEO plugin v27.4 - https:\/\/yoast.com\/product\/yoast-seo-wordpress\/ -->\n<title>Turismo Dentale Turchia - Cliniche Turchia | Confronta Preventivo<\/title>\n<meta name=\"description\" content=\"Turismo Dentale In Turchia - Migliori Cliniche In Turchia | Preventivi Gratuiti | Alloggio Gratuito | Trasferimento Gratuito Dall\u2019aeroporto\" \/>\n<meta name=\"robots\" content=\"index, follow, max-snippet:-1, max-image-preview:large, max-video-preview:-1\" \/>\n<link rel=\"canonical\" href=\"https:\/\/dentiststurkey.com\/it\/turismo-dentale-turchia-2\/\" \/>\n<meta property=\"og:locale\" content=\"it_IT\" \/>\n<meta property=\"og:type\" content=\"article\" \/>\n<meta property=\"og:title\" content=\"Turismo Dentale Turchia - Cliniche Turchia | Confronta Preventivo\" \/>\n<meta property=\"og:description\" content=\"Turismo Dentale In Turchia - Migliori Cliniche In Turchia | Preventivi Gratuiti | Alloggio Gratuito | Trasferimento Gratuito Dall\u2019aeroporto\" \/>\n<meta property=\"og:url\" content=\"https:\/\/dentiststurkey.com\/it\/turismo-dentale-turchia-2\/\" \/>\n<meta property=\"og:site_name\" content=\"Dentists Turkey\" \/>\n<meta property=\"article:modified_time\" content=\"2026-04-16T16:09:27+00:00\" \/>\n<meta name=\"twitter:card\" content=\"summary_large_image\" \/>\n<meta name=\"twitter:label1\" content=\"Tempo di lettura stimato\" \/>\n\t<meta name=\"twitter:data1\" content=\"3 minuti\" \/>\n<script type=\"application\/ld+json\" class=\"yoast-schema-graph\">{\"@context\":\"https:\\\/\\\/schema.org\",\"@graph\":[{\"@type\":\"WebPage\",\"@id\":\"https:\\\/\\\/dentiststurkey.com\\\/it\\\/turismo-dentale-turchia-2\\\/\",\"url\":\"https:\\\/\\\/dentiststurkey.com\\\/it\\\/turismo-dentale-turchia-2\\\/\",\"name\":\"Turismo Dentale Turchia - Cliniche Turchia | Confronta Preventivo\",\"isPartOf\":{\"@id\":\"http:\\\/\\\/dentiststurkey.com\\\/it\\\/#website\"},\"datePublished\":\"2023-02-05T14:09:35+00:00\",\"dateModified\":\"2026-04-16T16:09:27+00:00\",\"description\":\"Turismo Dentale In Turchia - Migliori Cliniche In Turchia | Preventivi Gratuiti | Alloggio Gratuito | Trasferimento Gratuito Dall\u2019aeroporto\",\"breadcrumb\":{\"@id\":\"https:\\\/\\\/dentiststurkey.com\\\/it\\\/turismo-dentale-turchia-2\\\/#breadcrumb\"},\"inLanguage\":\"it-IT\",\"potentialAction\":[{\"@type\":\"ReadAction\",\"target\":[\"https:\\\/\\\/dentiststurkey.com\\\/it\\\/turismo-dentale-turchia-2\\\/\"]}]},{\"@type\":\"BreadcrumbList\",\"@id\":\"https:\\\/\\\/dentiststurkey.com\\\/it\\\/turismo-dentale-turchia-2\\\/#breadcrumb\",\"itemListElement\":[{\"@type\":\"ListItem\",\"position\":1,\"name\":\"Home\",\"item\":\"https:\\\/\\\/dentiststurkey.com\\\/it\\\/\"},{\"@type\":\"ListItem\",\"position\":2,\"name\":\"Turismo Dentale Turchia\"}]},{\"@type\":\"WebSite\",\"@id\":\"http:\\\/\\\/dentiststurkey.com\\\/it\\\/#website\",\"url\":\"http:\\\/\\\/dentiststurkey.com\\\/it\\\/\",\"name\":\"Dentists Turkey\",\"description\":\"Best Dental Clinics\",\"publisher\":{\"@id\":\"http:\\\/\\\/dentiststurkey.com\\\/it\\\/#organization\"},\"potentialAction\":[{\"@type\":\"SearchAction\",\"target\":{\"@type\":\"EntryPoint\",\"urlTemplate\":\"http:\\\/\\\/dentiststurkey.com\\\/it\\\/?s={search_term_string}\"},\"query-input\":{\"@type\":\"PropertyValueSpecification\",\"valueRequired\":true,\"valueName\":\"search_term_string\"}}],\"inLanguage\":\"it-IT\"},{\"@type\":\"Organization\",\"@id\":\"http:\\\/\\\/dentiststurkey.com\\\/it\\\/#organization\",\"name\":\"Dentists Turkey\",\"url\":\"http:\\\/\\\/dentiststurkey.com\\\/it\\\/\",\"logo\":{\"@type\":\"ImageObject\",\"inLanguage\":\"it-IT\",\"@id\":\"http:\\\/\\\/dentiststurkey.com\\\/it\\\/#\\\/schema\\\/logo\\\/image\\\/\",\"url\":\"https:\\\/\\\/dentiststurkey.com\\\/wp-content\\\/uploads\\\/2023\\\/02\\\/logo-dentists-400.webp\",\"contentUrl\":\"https:\\\/\\\/dentiststurkey.com\\\/wp-content\\\/uploads\\\/2023\\\/02\\\/logo-dentists-400.webp\",\"width\":400,\"height\":148,\"caption\":\"Dentists Turkey\"},\"image\":{\"@id\":\"http:\\\/\\\/dentiststurkey.com\\\/it\\\/#\\\/schema\\\/logo\\\/image\\\/\"}}]}<\/script>\n<!-- \/ Yoast SEO plugin. -->","yoast_head_json":{"title":"Turismo Dentale Turchia - Cliniche Turchia | Confronta Preventivo","description":"Turismo Dentale In Turchia - Migliori Cliniche In Turchia | Preventivi Gratuiti | Alloggio Gratuito | Trasferimento Gratuito Dall\u2019aeroporto","robots":{"index":"index","follow":"follow","max-snippet":"max-snippet:-1","max-image-preview":"max-image-preview:large","max-video-preview":"max-video-preview:-1"},"canonical":"https:\/\/dentiststurkey.com\/it\/turismo-dentale-turchia-2\/","og_locale":"it_IT","og_type":"article","og_title":"Turismo Dentale Turchia - Cliniche Turchia | Confronta Preventivo","og_description":"Turismo Dentale In Turchia - Migliori Cliniche In Turchia | Preventivi Gratuiti | Alloggio Gratuito | Trasferimento Gratuito Dall\u2019aeroporto","og_url":"https:\/\/dentiststurkey.com\/it\/turismo-dentale-turchia-2\/","og_site_name":"Dentists Turkey","article_modified_time":"2026-04-16T16:09:27+00:00","twitter_card":"summary_large_image","twitter_misc":{"Tempo di lettura stimato":"3 minuti"},"schema":{"@context":"https:\/\/schema.org","@graph":[{"@type":"WebPage","@id":"https:\/\/dentiststurkey.com\/it\/turismo-dentale-turchia-2\/","url":"https:\/\/dentiststurkey.com\/it\/turismo-dentale-turchia-2\/","name":"Turismo Dentale Turchia - Cliniche Turchia | Confronta Preventivo","isPartOf":{"@id":"http:\/\/dentiststurkey.com\/it\/#website"},"datePublished":"2023-02-05T14:09:35+00:00","dateModified":"2026-04-16T16:09:27+00:00","description":"Turismo Dentale In Turchia - Migliori Cliniche In Turchia | Preventivi Gratuiti | Alloggio Gratuito | Trasferimento Gratuito Dall\u2019aeroporto","breadcrumb":{"@id":"https:\/\/dentiststurkey.com\/it\/turismo-dentale-turchia-2\/#breadcrumb"},"inLanguage":"it-IT","potentialAction":[{"@type":"ReadAction","target":["https:\/\/dentiststurkey.com\/it\/turismo-dentale-turchia-2\/"]}]},{"@type":"BreadcrumbList","@id":"https:\/\/dentiststurkey.com\/it\/turismo-dentale-turchia-2\/#breadcrumb","itemListElement":[{"@type":"ListItem","position":1,"name":"Home","item":"https:\/\/dentiststurkey.com\/it\/"},{"@type":"ListItem","position":2,"name":"Turismo Dentale Turchia"}]},{"@type":"WebSite","@id":"http:\/\/dentiststurkey.com\/it\/#website","url":"http:\/\/dentiststurkey.com\/it\/","name":"Dentists Turkey","description":"Best Dental Clinics","publisher":{"@id":"http:\/\/dentiststurkey.com\/it\/#organization"},"potentialAction":[{"@type":"SearchAction","target":{"@type":"EntryPoint","urlTemplate":"http:\/\/dentiststurkey.com\/it\/?s={search_term_string}"},"query-input":{"@type":"PropertyValueSpecification","valueRequired":true,"valueName":"search_term_string"}}],"inLanguage":"it-IT"},{"@type":"Organization","@id":"http:\/\/dentiststurkey.com\/it\/#organization","name":"Dentists Turkey","url":"http:\/\/dentiststurkey.com\/it\/","logo":{"@type":"ImageObject","inLanguage":"it-IT","@id":"http:\/\/dentiststurkey.com\/it\/#\/schema\/logo\/image\/","url":"https:\/\/dentiststurkey.com\/wp-content\/uploads\/2023\/02\/logo-dentists-400.webp","contentUrl":"https:\/\/dentiststurkey.com\/wp-content\/uploads\/2023\/02\/logo-dentists-400.webp","width":400,"height":148,"caption":"Dentists Turkey"},"image":{"@id":"http:\/\/dentiststurkey.com\/it\/#\/schema\/logo\/image\/"}}]}},"_links":{"self":[{"href":"https:\/\/dentiststurkey.com\/it\/wp-json\/wp\/v2\/pages\/70804","targetHints":{"allow":["GET"]}}],"collection":[{"href":"https:\/\/dentiststurkey.com\/it\/wp-json\/wp\/v2\/pages"}],"about":[{"href":"https:\/\/dentiststurkey.com\/it\/wp-json\/wp\/v2\/types\/page"}],"author":[{"embeddable":true,"href":"https:\/\/dentiststurkey.com\/it\/wp-json\/wp\/v2\/users\/1"}],"replies":[{"embeddable":true,"href":"https:\/\/dentiststurkey.com\/it\/wp-json\/wp\/v2\/comments?post=70804"}],"version-history":[{"count":1,"href":"https:\/\/dentiststurkey.com\/it\/wp-json\/wp\/v2\/pages\/70804\/revisions"}],"predecessor-version":[{"id":74229,"href":"https:\/\/dentiststurkey.com\/it\/wp-json\/wp\/v2\/pages\/70804\/revisions\/74229"}],"wp:attachment":[{"href":"https:\/\/dentiststurkey.com\/it\/wp-json\/wp\/v2\/media?parent=70804"}],"curies":[{"name":"wp","href":"https:\/\/api.w.org\/{rel}","templated":true}]}}