{"id":72736,"date":"2025-04-15T14:56:15","date_gmt":"2025-04-15T11:56:15","guid":{"rendered":"https:\/\/dentiststurkey.com\/?page_id=72736"},"modified":"2025-05-09T02:50:05","modified_gmt":"2025-05-08T23:50:05","slug":"termini-di-utilizzo","status":"publish","type":"page","link":"https:\/\/dentiststurkey.com\/it\/termini-di-utilizzo\/","title":{"rendered":"TERMINI DI UTILIZZO"},"content":{"rendered":"\t\t<div data-elementor-type=\"wp-page\" data-elementor-id=\"72736\" class=\"elementor elementor-72736 elementor-72654\" data-elementor-post-type=\"page\">\n\t\t\t\t\t\t<section class=\"elementor-section elementor-top-section elementor-element elementor-element-866659a elementor-section-boxed elementor-section-height-default elementor-section-height-default\" data-id=\"866659a\" data-element_type=\"section\" data-e-type=\"section\">\n\t\t\t\t\t\t<div class=\"elementor-container elementor-column-gap-default\">\n\t\t\t\t\t<div class=\"elementor-column elementor-col-100 elementor-top-column elementor-element elementor-element-ee27b0f\" data-id=\"ee27b0f\" data-element_type=\"column\" data-e-type=\"column\">\n\t\t\t<div class=\"elementor-widget-wrap elementor-element-populated\">\n\t\t\t\t\t\t<div class=\"elementor-element elementor-element-a7c4510 elementor-widget elementor-widget-text-editor\" data-id=\"a7c4510\" data-element_type=\"widget\" data-e-type=\"widget\" data-widget_type=\"text-editor.default\">\n\t\t\t\t<div class=\"elementor-widget-container\">\n\t\t\t\t\t\t\t\t\t<h3>TERMINI DI UTILIZZO<\/h3><p><strong><em><i>Ultimo aggiornamento:<\/i><\/em><\/strong><br \/>05.11.2024<\/p><p>Benvenuto su <a href=\"http:\/\/www.dentiststurkey.com\/\"><u>www.dentiststurkey.com<\/u><\/a>\u00a0(&#8220;Sito web&#8221;). Questo sito \u00e8 di propriet\u00e0 e gestito da Marko Cviji\u0107 PR AGENCY FOR WEB MARKETING WCS.COM (&#8220;noi&#8221;, &#8220;ci&#8221; o &#8220;nostro&#8221;). Utilizzando il nostro sito, accetti i presenti Termini di Utilizzo. Se non accetti una qualsiasi parte di questi termini, ti invitiamo a non utilizzare il sito.<\/p><ol><li><strong><b> Utilizzo del sito web<\/b><\/strong><\/li><\/ol><p>Accetti di utilizzare il sito esclusivamente per scopi leciti e in modo tale da non violare i diritti di terzi, n\u00e9 limitare o ostacolare l\u2019utilizzo del sito da parte di altri. Qualsiasi uso improprio del sito, inclusa l\u2019introduzione di software dannosi o contenuti pericolosi, \u00e8 severamente vietato.<\/p><ol start=\"2\"><li><strong><b> Servizi forniti<\/b><\/strong><\/li><\/ol><p>Il nostro sito ha lo scopo di mettere in contatto gli utenti con cliniche dentistiche in Turchia, fornendo informazioni generali, profili e presentazioni delle cliniche, prezzi, recensioni e contenuti promozionali. Agiamo come intermediari che trasmettono le richieste dei pazienti alle cliniche dentistiche. Tutti gli accordi e i servizi finali vengono definiti direttamente tra il paziente e la clinica scelta.<br \/>Tutte le informazioni presenti sul sito hanno esclusivamente finalit\u00e0 informative. Non garantiamo l\u2019accuratezza n\u00e9 la completezza dei contenuti pubblicati. Gli unici termini legalmente vincolanti sono quelli concordati direttamente tra il paziente e la clinica.<br \/>Ci riserviamo il diritto di contattare gli utenti che inviano una richiesta tramite il sito per verificare se hanno fissato un trattamento, quando intendono arrivare e se sono soddisfatti dell\u2019offerta ricevuta dalla clinica.<br \/>Non siamo una clinica dentistica e non forniamo servizi odontoiatrici. Pertanto, non siamo responsabili nel caso in cui un paziente non sia soddisfatto del trattamento o riscontri problemi legati ai servizi forniti dalla clinica.<\/p><ol start=\"3\"><li><strong><b> Nessun consiglio medico<\/b><\/strong><\/li><\/ol><p>I contenuti presenti sul sito non costituiscono consulenza medica, diagnosi o trattamento. Consulta sempre un professionista sanitario qualificato per qualsiasi problema medico.<\/p><ol start=\"4\"><li><strong><b> Contenuti degli utenti e comunicazioni<\/b><\/strong><\/li><\/ol><p>Le recensioni e le testimonianze dei pazienti possono essere pubblicate sul sito e nei profili delle cliniche, raccolte direttamente dai pazienti o tramite la comunicazione con la nostra agenzia.<br \/>Il numero di telefono visualizzato nei profili delle cliniche e sul sito appartiene al call center dell\u2019agenzia. Chiamando, inviando una richiesta o un messaggio tramite il sito, accetti che i tuoi dati possano essere trasmessi a una o pi\u00f9 cliniche partner per elaborare la tua richiesta. Sei responsabile dell\u2019accuratezza delle informazioni fornite.<\/p><ol start=\"5\"><li><strong><b> Propriet<\/b><\/strong><strong><b>\u00e0 <\/b><\/strong><strong><b>intellettuale<\/b><\/strong><\/li><\/ol><p>Tutti i contenuti del sito \u2013 inclusi testi, immagini, grafiche, loghi, video e software \u2013 sono di propriet\u00e0 di WCS.COM o dei suoi fornitori di contenuti (cliniche dentistiche) e sono protetti dalle leggi sul diritto d&#8217;autore e sulla propriet\u00e0 intellettuale. \u00c8 severamente vietata la copia, distribuzione, modifica o utilizzo di qualsiasi parte del sito senza autorizzazione scritta preventiva.<\/p><ol start=\"6\"><li><strong><b> Link a siti di terzi<\/b><\/strong><\/li><\/ol><p>Il sito pu\u00f2 contenere link a siti web di terzi. Non siamo responsabili per i contenuti, i termini di utilizzo o le politiche sulla privacy di tali siti esterni.<\/p><ol start=\"7\"><li><strong><b> Limitazione di responsabilit<\/b><\/strong><strong><b>\u00e0<\/b><\/strong><\/li><\/ol><p>Non garantiamo l\u2019accuratezza, la completezza o l\u2019utilit\u00e0 delle informazioni fornite sul sito. In nessun caso saremo responsabili per danni diretti, indiretti, accidentali o consequenziali derivanti dall\u2019uso del sito o dei servizi offerti dalle cliniche dentistiche. Qualsiasi reclamo o problema relativo ai trattamenti deve essere risolto esclusivamente tra il paziente e la clinica selezionata.<\/p><ol start=\"8\"><li><strong><b> Modifiche ai Termini<\/b><\/strong><\/li><\/ol><p>Ci riserviamo il diritto di aggiornare o modificare i presenti Termini di Utilizzo in qualsiasi momento senza preavviso. Continuando a utilizzare il sito dopo la pubblicazione delle modifiche, accetti i termini aggiornati.<\/p><ol start=\"9\"><li><strong><b> Legge applicabile<\/b><\/strong><\/li><\/ol><p>I presenti Termini di Utilizzo sono regolati dalle leggi della Repubblica di Serbia. Tutte le controversie saranno di competenza esclusiva dei tribunali di Belgrado.<\/p><ol start=\"10\"><li><strong><b> Contatti<\/b><\/strong><\/li><\/ol><p>Per qualsiasi domanda relativa a questi Termini, puoi contattarci a:<\/p><p><strong><b>Email:<\/b><\/strong>\u00a0<a href=\"mailto:info@dentiststurkey.com\">info@dentiststurkey.com<\/a><br \/><strong><b>Telefono:<\/b><\/strong>\u00a0<a href=\"tel:+381607032481\">+381 60 70 32 481<\/a><br \/><strong><b>Sito web:<\/b><\/strong>\u00a0<a href=\"http:\/\/www.dentiststurkey.com\/\"><u>www.dentiststurkey.com<\/u><\/a><\/p>\t\t\t\t\t\t\t\t<\/div>\n\t\t\t\t<\/div>\n\t\t\t\t\t<\/div>\n\t\t<\/div>\n\t\t\t\t\t<\/div>\n\t\t<\/section>\n\t\t\t\t<\/div>\n\t\t","protected":false},"excerpt":{"rendered":"<p>TERMINI DI UTILIZZO Ultimo aggiornamento:05.11.2024 Benvenuto su www.dentiststurkey.com\u00a0(&#8220;Sito web&#8221;). Questo sito \u00e8 di propriet\u00e0 e gestito da Marko Cviji\u0107 PR AGENCY FOR WEB MARKETING WCS.COM (&#8220;noi&#8221;, &#8220;ci&#8221; o &#8220;nostro&#8221;). Utilizzando il nostro sito, accetti i presenti Termini di Utilizzo. Se non accetti una qualsiasi parte di questi termini, ti invitiamo a non utilizzare il sito. [&hellip;]<\/p>\n","protected":false},"author":2,"featured_media":0,"parent":0,"menu_order":0,"comment_status":"closed","ping_status":"closed","template":"","meta":{"footnotes":""},"class_list":["post-72736","page","type-page","status-publish","hentry"],"acf":[],"yoast_head":"<!-- This site is optimized with the Yoast SEO plugin v27.4 - https:\/\/yoast.com\/product\/yoast-seo-wordpress\/ -->\n<title>TERMINI DI UTILIZZO - Dentists Turkey<\/title>\n<meta name=\"robots\" content=\"index, follow, max-snippet:-1, max-image-preview:large, max-video-preview:-1\" \/>\n<link rel=\"canonical\" href=\"https:\/\/dentiststurkey.com\/it\/termini-di-utilizzo\/\" \/>\n<meta property=\"og:locale\" content=\"it_IT\" \/>\n<meta property=\"og:type\" content=\"article\" \/>\n<meta property=\"og:title\" content=\"TERMINI DI UTILIZZO - Dentists Turkey\" \/>\n<meta property=\"og:description\" content=\"TERMINI DI UTILIZZO Ultimo aggiornamento:05.11.2024 Benvenuto su www.dentiststurkey.com\u00a0(&#8220;Sito web&#8221;). Questo sito \u00e8 di propriet\u00e0 e gestito da Marko Cviji\u0107 PR AGENCY FOR WEB MARKETING WCS.COM (&#8220;noi&#8221;, &#8220;ci&#8221; o &#8220;nostro&#8221;). Utilizzando il nostro sito, accetti i presenti Termini di Utilizzo. Se non accetti una qualsiasi parte di questi termini, ti invitiamo a non utilizzare il sito. [&hellip;]\" \/>\n<meta property=\"og:url\" content=\"https:\/\/dentiststurkey.com\/it\/termini-di-utilizzo\/\" \/>\n<meta property=\"og:site_name\" content=\"Dentists Turkey\" \/>\n<meta property=\"article:modified_time\" content=\"2025-05-08T23:50:05+00:00\" \/>\n<meta name=\"twitter:card\" content=\"summary_large_image\" \/>\n<meta name=\"twitter:label1\" content=\"Tempo di lettura stimato\" \/>\n\t<meta name=\"twitter:data1\" content=\"4 minuti\" \/>\n<script type=\"application\/ld+json\" class=\"yoast-schema-graph\">{\"@context\":\"https:\\\/\\\/schema.org\",\"@graph\":[{\"@type\":\"WebPage\",\"@id\":\"https:\\\/\\\/dentiststurkey.com\\\/it\\\/termini-di-utilizzo\\\/\",\"url\":\"https:\\\/\\\/dentiststurkey.com\\\/it\\\/termini-di-utilizzo\\\/\",\"name\":\"TERMINI DI UTILIZZO - Dentists Turkey\",\"isPartOf\":{\"@id\":\"http:\\\/\\\/dentiststurkey.com\\\/it\\\/#website\"},\"datePublished\":\"2025-04-15T11:56:15+00:00\",\"dateModified\":\"2025-05-08T23:50:05+00:00\",\"breadcrumb\":{\"@id\":\"https:\\\/\\\/dentiststurkey.com\\\/it\\\/termini-di-utilizzo\\\/#breadcrumb\"},\"inLanguage\":\"it-IT\",\"potentialAction\":[{\"@type\":\"ReadAction\",\"target\":[\"https:\\\/\\\/dentiststurkey.com\\\/it\\\/termini-di-utilizzo\\\/\"]}]},{\"@type\":\"BreadcrumbList\",\"@id\":\"https:\\\/\\\/dentiststurkey.com\\\/it\\\/termini-di-utilizzo\\\/#breadcrumb\",\"itemListElement\":[{\"@type\":\"ListItem\",\"position\":1,\"name\":\"Home\",\"item\":\"https:\\\/\\\/dentiststurkey.com\\\/it\\\/\"},{\"@type\":\"ListItem\",\"position\":2,\"name\":\"TERMINI DI UTILIZZO\"}]},{\"@type\":\"WebSite\",\"@id\":\"http:\\\/\\\/dentiststurkey.com\\\/it\\\/#website\",\"url\":\"http:\\\/\\\/dentiststurkey.com\\\/it\\\/\",\"name\":\"Dentists Turkey\",\"description\":\"Best Dental Clinics\",\"publisher\":{\"@id\":\"http:\\\/\\\/dentiststurkey.com\\\/it\\\/#organization\"},\"potentialAction\":[{\"@type\":\"SearchAction\",\"target\":{\"@type\":\"EntryPoint\",\"urlTemplate\":\"http:\\\/\\\/dentiststurkey.com\\\/it\\\/?s={search_term_string}\"},\"query-input\":{\"@type\":\"PropertyValueSpecification\",\"valueRequired\":true,\"valueName\":\"search_term_string\"}}],\"inLanguage\":\"it-IT\"},{\"@type\":\"Organization\",\"@id\":\"http:\\\/\\\/dentiststurkey.com\\\/it\\\/#organization\",\"name\":\"Dentists Turkey\",\"url\":\"http:\\\/\\\/dentiststurkey.com\\\/it\\\/\",\"logo\":{\"@type\":\"ImageObject\",\"inLanguage\":\"it-IT\",\"@id\":\"http:\\\/\\\/dentiststurkey.com\\\/it\\\/#\\\/schema\\\/logo\\\/image\\\/\",\"url\":\"https:\\\/\\\/dentiststurkey.com\\\/wp-content\\\/uploads\\\/2023\\\/02\\\/logo-dentists-400.webp\",\"contentUrl\":\"https:\\\/\\\/dentiststurkey.com\\\/wp-content\\\/uploads\\\/2023\\\/02\\\/logo-dentists-400.webp\",\"width\":400,\"height\":148,\"caption\":\"Dentists Turkey\"},\"image\":{\"@id\":\"http:\\\/\\\/dentiststurkey.com\\\/it\\\/#\\\/schema\\\/logo\\\/image\\\/\"}}]}<\/script>\n<!-- \/ Yoast SEO plugin. -->","yoast_head_json":{"title":"TERMINI DI UTILIZZO - Dentists Turkey","robots":{"index":"index","follow":"follow","max-snippet":"max-snippet:-1","max-image-preview":"max-image-preview:large","max-video-preview":"max-video-preview:-1"},"canonical":"https:\/\/dentiststurkey.com\/it\/termini-di-utilizzo\/","og_locale":"it_IT","og_type":"article","og_title":"TERMINI DI UTILIZZO - Dentists Turkey","og_description":"TERMINI DI UTILIZZO Ultimo aggiornamento:05.11.2024 Benvenuto su www.dentiststurkey.com\u00a0(&#8220;Sito web&#8221;). Questo sito \u00e8 di propriet\u00e0 e gestito da Marko Cviji\u0107 PR AGENCY FOR WEB MARKETING WCS.COM (&#8220;noi&#8221;, &#8220;ci&#8221; o &#8220;nostro&#8221;). Utilizzando il nostro sito, accetti i presenti Termini di Utilizzo. Se non accetti una qualsiasi parte di questi termini, ti invitiamo a non utilizzare il sito. [&hellip;]","og_url":"https:\/\/dentiststurkey.com\/it\/termini-di-utilizzo\/","og_site_name":"Dentists Turkey","article_modified_time":"2025-05-08T23:50:05+00:00","twitter_card":"summary_large_image","twitter_misc":{"Tempo di lettura stimato":"4 minuti"},"schema":{"@context":"https:\/\/schema.org","@graph":[{"@type":"WebPage","@id":"https:\/\/dentiststurkey.com\/it\/termini-di-utilizzo\/","url":"https:\/\/dentiststurkey.com\/it\/termini-di-utilizzo\/","name":"TERMINI DI UTILIZZO - Dentists Turkey","isPartOf":{"@id":"http:\/\/dentiststurkey.com\/it\/#website"},"datePublished":"2025-04-15T11:56:15+00:00","dateModified":"2025-05-08T23:50:05+00:00","breadcrumb":{"@id":"https:\/\/dentiststurkey.com\/it\/termini-di-utilizzo\/#breadcrumb"},"inLanguage":"it-IT","potentialAction":[{"@type":"ReadAction","target":["https:\/\/dentiststurkey.com\/it\/termini-di-utilizzo\/"]}]},{"@type":"BreadcrumbList","@id":"https:\/\/dentiststurkey.com\/it\/termini-di-utilizzo\/#breadcrumb","itemListElement":[{"@type":"ListItem","position":1,"name":"Home","item":"https:\/\/dentiststurkey.com\/it\/"},{"@type":"ListItem","position":2,"name":"TERMINI DI UTILIZZO"}]},{"@type":"WebSite","@id":"http:\/\/dentiststurkey.com\/it\/#website","url":"http:\/\/dentiststurkey.com\/it\/","name":"Dentists Turkey","description":"Best Dental Clinics","publisher":{"@id":"http:\/\/dentiststurkey.com\/it\/#organization"},"potentialAction":[{"@type":"SearchAction","target":{"@type":"EntryPoint","urlTemplate":"http:\/\/dentiststurkey.com\/it\/?s={search_term_string}"},"query-input":{"@type":"PropertyValueSpecification","valueRequired":true,"valueName":"search_term_string"}}],"inLanguage":"it-IT"},{"@type":"Organization","@id":"http:\/\/dentiststurkey.com\/it\/#organization","name":"Dentists Turkey","url":"http:\/\/dentiststurkey.com\/it\/","logo":{"@type":"ImageObject","inLanguage":"it-IT","@id":"http:\/\/dentiststurkey.com\/it\/#\/schema\/logo\/image\/","url":"https:\/\/dentiststurkey.com\/wp-content\/uploads\/2023\/02\/logo-dentists-400.webp","contentUrl":"https:\/\/dentiststurkey.com\/wp-content\/uploads\/2023\/02\/logo-dentists-400.webp","width":400,"height":148,"caption":"Dentists Turkey"},"image":{"@id":"http:\/\/dentiststurkey.com\/it\/#\/schema\/logo\/image\/"}}]}},"_links":{"self":[{"href":"https:\/\/dentiststurkey.com\/it\/wp-json\/wp\/v2\/pages\/72736","targetHints":{"allow":["GET"]}}],"collection":[{"href":"https:\/\/dentiststurkey.com\/it\/wp-json\/wp\/v2\/pages"}],"about":[{"href":"https:\/\/dentiststurkey.com\/it\/wp-json\/wp\/v2\/types\/page"}],"author":[{"embeddable":true,"href":"https:\/\/dentiststurkey.com\/it\/wp-json\/wp\/v2\/users\/2"}],"replies":[{"embeddable":true,"href":"https:\/\/dentiststurkey.com\/it\/wp-json\/wp\/v2\/comments?post=72736"}],"version-history":[{"count":0,"href":"https:\/\/dentiststurkey.com\/it\/wp-json\/wp\/v2\/pages\/72736\/revisions"}],"wp:attachment":[{"href":"https:\/\/dentiststurkey.com\/it\/wp-json\/wp\/v2\/media?parent=72736"}],"curies":[{"name":"wp","href":"https:\/\/api.w.org\/{rel}","templated":true}]}}