{"id":74119,"date":"2026-04-15T19:02:12","date_gmt":"2026-04-15T16:02:12","guid":{"rendered":"https:\/\/dentiststurkey.com\/dental-clinics-istanbul\/"},"modified":"2026-04-17T15:13:48","modified_gmt":"2026-04-17T12:13:48","slug":"cliniche-dentali-istanbul","status":"publish","type":"page","link":"https:\/\/dentiststurkey.com\/it\/cliniche-dentali-istanbul\/","title":{"rendered":"Cliniche Dentali Istanbul"},"content":{"rendered":"<h1>Cliniche Dentali a Istanbul<\/h1>\n<p>Stai cercando le migliori cliniche dentali a Istanbul, in Turchia? Istanbul \u00e8 una delle principali destinazioni per i pazienti internazionali che desiderano cure dentali di alta qualit\u00e0, dentisti esperti e prezzi pi\u00f9 convenienti rispetto al Regno Unito, alla Germania, alla Francia o ad altri paesi europei.<\/p>\n<p>In questa pagina puoi confrontare le cliniche dentali a Istanbul per trattamenti come gli <a href=\"https:\/\/dentiststurkey.com\/it\/turismo-dentale-turchia-2\/\">impianti dentali<\/a>, le corone in zirconio, le faccette, l\u2019Hollywood Smile, l\u2019All-on-4 e la riabilitazione completa della bocca. Molte cliniche dentali a Istanbul offrono anche alloggio gratuito e trasferimento aeroportuale per i pazienti internazionali, rendendo l\u2019intero processo pi\u00f9 semplice e conveniente.<\/p>\n\t\t<div data-elementor-type=\"section\" data-elementor-id=\"73749\" class=\"elementor elementor-73749\" data-elementor-post-type=\"elementor_library\">\n\t\t\t\t\t<section class=\"elementor-section elementor-top-section elementor-element elementor-element-51ff3a8 elementor-section-boxed elementor-section-height-default elementor-section-height-default\" data-id=\"51ff3a8\" data-element_type=\"section\" data-e-type=\"section\">\n\t\t\t\t\t\t<div class=\"elementor-container elementor-column-gap-default\">\n\t\t\t\t\t<div class=\"elementor-column elementor-col-50 elementor-top-column elementor-element elementor-element-2ea0b70\" data-id=\"2ea0b70\" data-element_type=\"column\" data-e-type=\"column\">\n\t\t\t<div class=\"elementor-widget-wrap elementor-element-populated\">\n\t\t\t\t\t\t<div data-dce-background-color=\"#710B0F\" class=\"elementor-element elementor-element-41734b0 elementor-align-justify elementor-widget elementor-widget-button\" data-id=\"41734b0\" data-element_type=\"widget\" data-e-type=\"widget\" data-widget_type=\"button.default\">\n\t\t\t\t<div class=\"elementor-widget-container\">\n\t\t\t\t\t\t\t\t\t<div class=\"elementor-button-wrapper\">\n\t\t\t\t\t<a class=\"elementor-button elementor-button-link elementor-size-sm\" href=\"https:\/\/dentiststurkey.com\/\">\n\t\t\t\t\t\t<span class=\"elementor-button-content-wrapper\">\n\t\t\t\t\t\t\t\t\t<span class=\"elementor-button-text\">GET A FREE QUOTE<\/span>\n\t\t\t\t\t<\/span>\n\t\t\t\t\t<\/a>\n\t\t\t\t<\/div>\n\t\t\t\t\t\t\t\t<\/div>\n\t\t\t\t<\/div>\n\t\t\t\t\t<\/div>\n\t\t<\/div>\n\t\t\t\t<div class=\"elementor-column elementor-col-50 elementor-top-column elementor-element elementor-element-1818039\" data-id=\"1818039\" data-element_type=\"column\" data-e-type=\"column\">\n\t\t\t<div class=\"elementor-widget-wrap elementor-element-populated\">\n\t\t\t\t\t\t<div data-dce-background-color=\"#B1D866\" class=\"elementor-element elementor-element-7e65189 elementor-align-justify elementor-widget elementor-widget-button\" data-id=\"7e65189\" data-element_type=\"widget\" data-e-type=\"widget\" data-widget_type=\"button.default\">\n\t\t\t\t<div class=\"elementor-widget-container\">\n\t\t\t\t\t\t\t\t\t<div class=\"elementor-button-wrapper\">\n\t\t\t\t\t<a class=\"elementor-button elementor-button-link elementor-size-sm\" href=\"https:\/\/wa.me\/+905439646316?text=Hello,%20I%20would%20like%20to%20get%20free%20quotes%20and%20compare%20offers%20from%20the%20best%20dental%20clinics%20in%20Turkey.\">\n\t\t\t\t\t\t<span class=\"elementor-button-content-wrapper\">\n\t\t\t\t\t\t<span class=\"elementor-button-icon\">\n\t\t\t\t<i aria-hidden=\"true\" class=\"fab fa-whatsapp\"><\/i>\t\t\t<\/span>\n\t\t\t\t\t\t\t\t\t<span class=\"elementor-button-text\">GET A QUOTE VIA WHATSAPP<\/span>\n\t\t\t\t\t<\/span>\n\t\t\t\t\t<\/a>\n\t\t\t\t<\/div>\n\t\t\t\t\t\t\t\t<\/div>\n\t\t\t\t<\/div>\n\t\t\t\t\t<\/div>\n\t\t<\/div>\n\t\t\t\t\t<\/div>\n\t\t<\/section>\n\t\t\t\t<\/div>\n\t\t\n<h2>Perch\u00e9 scegliere Istanbul per un trattamento dentale?<\/h2>\n<p>Istanbul \u00e8 la citt\u00e0 pi\u00f9 popolare in Turchia per il turismo dentale perch\u00e9 combina un gran numero di cliniche dentali moderne, ottimi collegamenti aerei, prezzi competitivi e una forte attenzione ai pazienti internazionali. Molte persone scelgono Istanbul perch\u00e9 possono confrontare diverse cliniche in un\u2019unica citt\u00e0 e ricevere il trattamento senza lunghi tempi di attesa.<\/p>\n<p>Le cliniche dentali di Istanbul utilizzano spesso marchi di impianti riconosciuti a livello internazionale e tecnologie moderne per il digital smile design, la radiografia panoramica e l\u2019odontoiatria estetica avanzata. Per molti pazienti, il vantaggio principale \u00e8 poter ricevere cure dentali private a un costo molto pi\u00f9 basso rispetto al proprio paese.<\/p>\n<ul>\n<li>Ampia scelta di cliniche dentali<\/li>\n<li>Prezzi competitivi per impianti, corone e faccette<\/li>\n<li>Facile accesso dall\u2019Europa e da altre destinazioni internazionali<\/li>\n<li>Cliniche moderne con esperienza nel trattamento di pazienti stranieri<\/li>\n<li>Alloggio gratuito e trasferimento disponibili presso molte cliniche<\/li>\n<\/ul>\n<h2>Trattamenti dentali pi\u00f9 richiesti a Istanbul<\/h2>\n<p>I pazienti che visitano Istanbul confrontano spesso le cliniche per i seguenti trattamenti:<\/p>\n<ul>\n<li>Impianti dentali<\/li>\n<li>Impianti dentali All-on-4<\/li>\n<li>Impianti dentali All-on-6<\/li>\n<li>Corone in zirconio<\/li>\n<li>Faccette dentali<\/li>\n<li>Hollywood Smile<\/li>\n<li>Riabilitazione dentale completa<\/li>\n<li>Smile makeover<\/li>\n<\/ul>\n<p>Se vuoi confrontare anche le cliniche in tutta la Turchia, puoi visitare <a href=\"https:\/\/dentiststurkey.com\/it\/\">Dentists Turkey<\/a> oppure vedere altre opzioni di trattamento su <a href=\"https:\/\/dentiststurkey.com\/it\/turismo-dentale-turchia-2\/\">Dental Tourism Turkey<\/a>.<\/p>\n<h2>Prezzi delle cliniche dentali a Istanbul<\/h2>\n<p>Uno dei motivi principali per cui i pazienti scelgono Istanbul \u00e8 il prezzo. I trattamenti dentali a Istanbul sono spesso notevolmente pi\u00f9 economici rispetto al Regno Unito, alla Germania, alla Svizzera o alla Francia, mentre molte cliniche continuano a offrire materiali moderni, dentisti esperti e un supporto completo al paziente.<\/p>\n<p>I prezzi esatti dipendono dalla clinica, dal tipo di trattamento, dal marchio dell\u2019impianto, dal numero di denti e dall\u2019eventuale necessit\u00e0 di procedure aggiuntive. In generale, i pazienti internazionali scelgono spesso Istanbul perch\u00e9 possono risparmiare una somma significativa su trattamenti come impianti, corone, faccette e riabilitazioni complete della bocca.<\/p>\n<h2>Alloggio gratuito e trasferimento aeroportuale<\/h2>\n<p>Molte cliniche dentali a Istanbul offrono alloggio gratuito e trasferimento aeroportuale ai pazienti provenienti dall\u2019estero. Questo \u00e8 uno dei maggiori vantaggi del turismo dentale in Turchia. Invece di organizzare tutto separatamente, i pazienti possono spesso ricevere il trattamento insieme al supporto alberghiero e al trasporto tra aeroporto, hotel e clinica.<\/p>\n<p>Questo rende Istanbul un\u2019opzione pratica per i pazienti che desiderano un\u2019esperienza di viaggio pi\u00f9 semplice e un processo di trattamento meglio organizzato.<\/p>\n\t\t<div data-elementor-type=\"section\" data-elementor-id=\"73749\" class=\"elementor elementor-73749\" data-elementor-post-type=\"elementor_library\">\n\t\t\t\t\t<section class=\"elementor-section elementor-top-section elementor-element elementor-element-51ff3a8 elementor-section-boxed elementor-section-height-default elementor-section-height-default\" data-id=\"51ff3a8\" data-element_type=\"section\" data-e-type=\"section\">\n\t\t\t\t\t\t<div class=\"elementor-container elementor-column-gap-default\">\n\t\t\t\t\t<div class=\"elementor-column elementor-col-50 elementor-top-column elementor-element elementor-element-2ea0b70\" data-id=\"2ea0b70\" data-element_type=\"column\" data-e-type=\"column\">\n\t\t\t<div class=\"elementor-widget-wrap elementor-element-populated\">\n\t\t\t\t\t\t<div data-dce-background-color=\"#710B0F\" class=\"elementor-element elementor-element-41734b0 elementor-align-justify elementor-widget elementor-widget-button\" data-id=\"41734b0\" data-element_type=\"widget\" data-e-type=\"widget\" data-widget_type=\"button.default\">\n\t\t\t\t<div class=\"elementor-widget-container\">\n\t\t\t\t\t\t\t\t\t<div class=\"elementor-button-wrapper\">\n\t\t\t\t\t<a class=\"elementor-button elementor-button-link elementor-size-sm\" href=\"https:\/\/dentiststurkey.com\/\">\n\t\t\t\t\t\t<span class=\"elementor-button-content-wrapper\">\n\t\t\t\t\t\t\t\t\t<span class=\"elementor-button-text\">GET A FREE QUOTE<\/span>\n\t\t\t\t\t<\/span>\n\t\t\t\t\t<\/a>\n\t\t\t\t<\/div>\n\t\t\t\t\t\t\t\t<\/div>\n\t\t\t\t<\/div>\n\t\t\t\t\t<\/div>\n\t\t<\/div>\n\t\t\t\t<div class=\"elementor-column elementor-col-50 elementor-top-column elementor-element elementor-element-1818039\" data-id=\"1818039\" data-element_type=\"column\" data-e-type=\"column\">\n\t\t\t<div class=\"elementor-widget-wrap elementor-element-populated\">\n\t\t\t\t\t\t<div data-dce-background-color=\"#B1D866\" class=\"elementor-element elementor-element-7e65189 elementor-align-justify elementor-widget elementor-widget-button\" data-id=\"7e65189\" data-element_type=\"widget\" data-e-type=\"widget\" data-widget_type=\"button.default\">\n\t\t\t\t<div class=\"elementor-widget-container\">\n\t\t\t\t\t\t\t\t\t<div class=\"elementor-button-wrapper\">\n\t\t\t\t\t<a class=\"elementor-button elementor-button-link elementor-size-sm\" href=\"https:\/\/wa.me\/+905439646316?text=Hello,%20I%20would%20like%20to%20get%20free%20quotes%20and%20compare%20offers%20from%20the%20best%20dental%20clinics%20in%20Turkey.\">\n\t\t\t\t\t\t<span class=\"elementor-button-content-wrapper\">\n\t\t\t\t\t\t<span class=\"elementor-button-icon\">\n\t\t\t\t<i aria-hidden=\"true\" class=\"fab fa-whatsapp\"><\/i>\t\t\t<\/span>\n\t\t\t\t\t\t\t\t\t<span class=\"elementor-button-text\">GET A QUOTE VIA WHATSAPP<\/span>\n\t\t\t\t\t<\/span>\n\t\t\t\t\t<\/a>\n\t\t\t\t<\/div>\n\t\t\t\t\t\t\t\t<\/div>\n\t\t\t\t<\/div>\n\t\t\t\t\t<\/div>\n\t\t<\/div>\n\t\t\t\t\t<\/div>\n\t\t<\/section>\n\t\t\t\t<\/div>\n\t\t\n<h2>Come scegliere la clinica dentale giusta a Istanbul<\/h2>\n<p>Scegliere la clinica giusta non significa soltanto trovare il prezzo pi\u00f9 basso. \u00c8 importante confrontare i piani di trattamento, i materiali, l\u2019esperienza della clinica, la comunicazione e ci\u00f2 che \u00e8 incluso nell\u2019offerta.<\/p>\n<p>Prima di scegliere una clinica dentale a Istanbul, \u00e8 utile verificare:<\/p>\n<ul>\n<li>Quali trattamenti offre la clinica<\/li>\n<li>Se alloggio e trasferimento sono inclusi<\/li>\n<li>Se la clinica ha esperienza con pazienti internazionali<\/li>\n<li>Se il piano di trattamento \u00e8 spiegato chiaramente<\/li>\n<li>Cosa \u00e8 incluso nel preventivo finale<\/li>\n<\/ul>\n<h2>Confronta le cliniche dentali a Istanbul<\/h2>\n<p>In questa pagina puoi consultare le cliniche dentali a Istanbul e confrontare le loro opzioni di trattamento, i prezzi e i servizi. Che tu stia cercando impianti dentali, faccette, corone in zirconio o un completo smile makeover, Istanbul offre una vasta gamma di opzioni per i pazienti internazionali.<\/p>\n<p>Se non sei sicuro di quale clinica sia pi\u00f9 adatta a te, puoi anche richiedere e confrontare pi\u00f9 offerte prima di prendere una decisione.<\/p>\n<h2>Richiedi preventivi gratuiti dalle cliniche dentali a Istanbul<\/h2>\n<p>Confronta cliniche dentali verificate a Istanbul e trova l\u2019opzione di trattamento pi\u00f9 adatta alle tue esigenze e al tuo budget. Molte cliniche offrono preventivi gratuiti, alloggio gratuito e trasferimento aeroportuale per i pazienti internazionali.<\/p>\n<p><strong>Inizia a confrontare ora e richiedi il tuo preventivo gratuito.<\/strong><\/p>\n\t\t<div data-elementor-type=\"section\" data-elementor-id=\"73749\" class=\"elementor elementor-73749\" data-elementor-post-type=\"elementor_library\">\n\t\t\t\t\t<section class=\"elementor-section elementor-top-section elementor-element elementor-element-51ff3a8 elementor-section-boxed elementor-section-height-default elementor-section-height-default\" data-id=\"51ff3a8\" data-element_type=\"section\" data-e-type=\"section\">\n\t\t\t\t\t\t<div class=\"elementor-container elementor-column-gap-default\">\n\t\t\t\t\t<div class=\"elementor-column elementor-col-50 elementor-top-column elementor-element elementor-element-2ea0b70\" data-id=\"2ea0b70\" data-element_type=\"column\" data-e-type=\"column\">\n\t\t\t<div class=\"elementor-widget-wrap elementor-element-populated\">\n\t\t\t\t\t\t<div data-dce-background-color=\"#710B0F\" class=\"elementor-element elementor-element-41734b0 elementor-align-justify elementor-widget elementor-widget-button\" data-id=\"41734b0\" data-element_type=\"widget\" data-e-type=\"widget\" data-widget_type=\"button.default\">\n\t\t\t\t<div class=\"elementor-widget-container\">\n\t\t\t\t\t\t\t\t\t<div class=\"elementor-button-wrapper\">\n\t\t\t\t\t<a class=\"elementor-button elementor-button-link elementor-size-sm\" href=\"https:\/\/dentiststurkey.com\/\">\n\t\t\t\t\t\t<span class=\"elementor-button-content-wrapper\">\n\t\t\t\t\t\t\t\t\t<span class=\"elementor-button-text\">GET A FREE QUOTE<\/span>\n\t\t\t\t\t<\/span>\n\t\t\t\t\t<\/a>\n\t\t\t\t<\/div>\n\t\t\t\t\t\t\t\t<\/div>\n\t\t\t\t<\/div>\n\t\t\t\t\t<\/div>\n\t\t<\/div>\n\t\t\t\t<div class=\"elementor-column elementor-col-50 elementor-top-column elementor-element elementor-element-1818039\" data-id=\"1818039\" data-element_type=\"column\" data-e-type=\"column\">\n\t\t\t<div class=\"elementor-widget-wrap elementor-element-populated\">\n\t\t\t\t\t\t<div data-dce-background-color=\"#B1D866\" class=\"elementor-element elementor-element-7e65189 elementor-align-justify elementor-widget elementor-widget-button\" data-id=\"7e65189\" data-element_type=\"widget\" data-e-type=\"widget\" data-widget_type=\"button.default\">\n\t\t\t\t<div class=\"elementor-widget-container\">\n\t\t\t\t\t\t\t\t\t<div class=\"elementor-button-wrapper\">\n\t\t\t\t\t<a class=\"elementor-button elementor-button-link elementor-size-sm\" href=\"https:\/\/wa.me\/+905439646316?text=Hello,%20I%20would%20like%20to%20get%20free%20quotes%20and%20compare%20offers%20from%20the%20best%20dental%20clinics%20in%20Turkey.\">\n\t\t\t\t\t\t<span class=\"elementor-button-content-wrapper\">\n\t\t\t\t\t\t<span class=\"elementor-button-icon\">\n\t\t\t\t<i aria-hidden=\"true\" class=\"fab fa-whatsapp\"><\/i>\t\t\t<\/span>\n\t\t\t\t\t\t\t\t\t<span class=\"elementor-button-text\">GET A QUOTE VIA WHATSAPP<\/span>\n\t\t\t\t\t<\/span>\n\t\t\t\t\t<\/a>\n\t\t\t\t<\/div>\n\t\t\t\t\t\t\t\t<\/div>\n\t\t\t\t<\/div>\n\t\t\t\t\t<\/div>\n\t\t<\/div>\n\t\t\t\t\t<\/div>\n\t\t<\/section>\n\t\t\t\t<\/div>\n\t\t\n","protected":false},"excerpt":{"rendered":"<p>Cliniche Dentali a Istanbul Stai cercando le migliori cliniche dentali a Istanbul, in Turchia? Istanbul \u00e8 una delle principali destinazioni per i pazienti internazionali che desiderano cure dentali di alta qualit\u00e0, dentisti esperti e prezzi pi\u00f9 convenienti rispetto al Regno Unito, alla Germania, alla Francia o ad altri paesi europei. In questa pagina puoi confrontare [&hellip;]<\/p>\n","protected":false},"author":2,"featured_media":0,"parent":0,"menu_order":0,"comment_status":"closed","ping_status":"closed","template":"","meta":{"footnotes":""},"class_list":["post-74119","page","type-page","status-publish","hentry"],"acf":[],"yoast_head":"<!-- This site is optimized with the Yoast SEO plugin v27.4 - https:\/\/yoast.com\/product\/yoast-seo-wordpress\/ -->\n<title>Cliniche Dentali Istanbul - Richiedi un preventivo gratuito<\/title>\n<meta name=\"description\" content=\"Confronta le cliniche dentali a Istanbul. Preventivi gratuiti, prezzi, recensioni, alloggio e transfer aeroportuale gratis.\" \/>\n<meta name=\"robots\" content=\"index, follow, max-snippet:-1, max-image-preview:large, max-video-preview:-1\" \/>\n<link rel=\"canonical\" href=\"https:\/\/dentiststurkey.com\/it\/cliniche-dentali-istanbul\/\" \/>\n<meta property=\"og:locale\" content=\"it_IT\" \/>\n<meta property=\"og:type\" content=\"article\" \/>\n<meta property=\"og:title\" content=\"Cliniche Dentali Istanbul - Richiedi un preventivo gratuito\" \/>\n<meta property=\"og:description\" content=\"Confronta le cliniche dentali a Istanbul. Preventivi gratuiti, prezzi, recensioni, alloggio e transfer aeroportuale gratis.\" \/>\n<meta property=\"og:url\" content=\"https:\/\/dentiststurkey.com\/it\/cliniche-dentali-istanbul\/\" \/>\n<meta property=\"og:site_name\" content=\"Dentists Turkey\" \/>\n<meta property=\"article:modified_time\" content=\"2026-04-17T12:13:48+00:00\" \/>\n<meta name=\"twitter:card\" content=\"summary_large_image\" \/>\n<meta name=\"twitter:label1\" content=\"Tempo di lettura stimato\" \/>\n\t<meta name=\"twitter:data1\" content=\"4 minuti\" \/>\n<script type=\"application\/ld+json\" class=\"yoast-schema-graph\">{\"@context\":\"https:\\\/\\\/schema.org\",\"@graph\":[{\"@type\":\"WebPage\",\"@id\":\"https:\\\/\\\/dentiststurkey.com\\\/it\\\/cliniche-dentali-istanbul\\\/\",\"url\":\"https:\\\/\\\/dentiststurkey.com\\\/it\\\/cliniche-dentali-istanbul\\\/\",\"name\":\"Cliniche Dentali Istanbul - Richiedi un preventivo gratuito\",\"isPartOf\":{\"@id\":\"http:\\\/\\\/dentiststurkey.com\\\/it\\\/#website\"},\"datePublished\":\"2026-04-15T16:02:12+00:00\",\"dateModified\":\"2026-04-17T12:13:48+00:00\",\"description\":\"Confronta le cliniche dentali a Istanbul. Preventivi gratuiti, prezzi, recensioni, alloggio e transfer aeroportuale gratis.\",\"breadcrumb\":{\"@id\":\"https:\\\/\\\/dentiststurkey.com\\\/it\\\/cliniche-dentali-istanbul\\\/#breadcrumb\"},\"inLanguage\":\"it-IT\",\"potentialAction\":[{\"@type\":\"ReadAction\",\"target\":[\"https:\\\/\\\/dentiststurkey.com\\\/it\\\/cliniche-dentali-istanbul\\\/\"]}]},{\"@type\":\"BreadcrumbList\",\"@id\":\"https:\\\/\\\/dentiststurkey.com\\\/it\\\/cliniche-dentali-istanbul\\\/#breadcrumb\",\"itemListElement\":[{\"@type\":\"ListItem\",\"position\":1,\"name\":\"Home\",\"item\":\"https:\\\/\\\/dentiststurkey.com\\\/it\\\/\"},{\"@type\":\"ListItem\",\"position\":2,\"name\":\"Cliniche Dentali Istanbul\"}]},{\"@type\":\"WebSite\",\"@id\":\"http:\\\/\\\/dentiststurkey.com\\\/it\\\/#website\",\"url\":\"http:\\\/\\\/dentiststurkey.com\\\/it\\\/\",\"name\":\"Dentists Turkey\",\"description\":\"Best Dental Clinics\",\"publisher\":{\"@id\":\"http:\\\/\\\/dentiststurkey.com\\\/it\\\/#organization\"},\"potentialAction\":[{\"@type\":\"SearchAction\",\"target\":{\"@type\":\"EntryPoint\",\"urlTemplate\":\"http:\\\/\\\/dentiststurkey.com\\\/it\\\/?s={search_term_string}\"},\"query-input\":{\"@type\":\"PropertyValueSpecification\",\"valueRequired\":true,\"valueName\":\"search_term_string\"}}],\"inLanguage\":\"it-IT\"},{\"@type\":\"Organization\",\"@id\":\"http:\\\/\\\/dentiststurkey.com\\\/it\\\/#organization\",\"name\":\"Dentists Turkey\",\"url\":\"http:\\\/\\\/dentiststurkey.com\\\/it\\\/\",\"logo\":{\"@type\":\"ImageObject\",\"inLanguage\":\"it-IT\",\"@id\":\"http:\\\/\\\/dentiststurkey.com\\\/it\\\/#\\\/schema\\\/logo\\\/image\\\/\",\"url\":\"https:\\\/\\\/dentiststurkey.com\\\/wp-content\\\/uploads\\\/2023\\\/02\\\/logo-dentists-400.webp\",\"contentUrl\":\"https:\\\/\\\/dentiststurkey.com\\\/wp-content\\\/uploads\\\/2023\\\/02\\\/logo-dentists-400.webp\",\"width\":400,\"height\":148,\"caption\":\"Dentists Turkey\"},\"image\":{\"@id\":\"http:\\\/\\\/dentiststurkey.com\\\/it\\\/#\\\/schema\\\/logo\\\/image\\\/\"}}]}<\/script>\n<!-- \/ Yoast SEO plugin. -->","yoast_head_json":{"title":"Cliniche Dentali Istanbul - Richiedi un preventivo gratuito","description":"Confronta le cliniche dentali a Istanbul. Preventivi gratuiti, prezzi, recensioni, alloggio e transfer aeroportuale gratis.","robots":{"index":"index","follow":"follow","max-snippet":"max-snippet:-1","max-image-preview":"max-image-preview:large","max-video-preview":"max-video-preview:-1"},"canonical":"https:\/\/dentiststurkey.com\/it\/cliniche-dentali-istanbul\/","og_locale":"it_IT","og_type":"article","og_title":"Cliniche Dentali Istanbul - Richiedi un preventivo gratuito","og_description":"Confronta le cliniche dentali a Istanbul. Preventivi gratuiti, prezzi, recensioni, alloggio e transfer aeroportuale gratis.","og_url":"https:\/\/dentiststurkey.com\/it\/cliniche-dentali-istanbul\/","og_site_name":"Dentists Turkey","article_modified_time":"2026-04-17T12:13:48+00:00","twitter_card":"summary_large_image","twitter_misc":{"Tempo di lettura stimato":"4 minuti"},"schema":{"@context":"https:\/\/schema.org","@graph":[{"@type":"WebPage","@id":"https:\/\/dentiststurkey.com\/it\/cliniche-dentali-istanbul\/","url":"https:\/\/dentiststurkey.com\/it\/cliniche-dentali-istanbul\/","name":"Cliniche Dentali Istanbul - Richiedi un preventivo gratuito","isPartOf":{"@id":"http:\/\/dentiststurkey.com\/it\/#website"},"datePublished":"2026-04-15T16:02:12+00:00","dateModified":"2026-04-17T12:13:48+00:00","description":"Confronta le cliniche dentali a Istanbul. Preventivi gratuiti, prezzi, recensioni, alloggio e transfer aeroportuale gratis.","breadcrumb":{"@id":"https:\/\/dentiststurkey.com\/it\/cliniche-dentali-istanbul\/#breadcrumb"},"inLanguage":"it-IT","potentialAction":[{"@type":"ReadAction","target":["https:\/\/dentiststurkey.com\/it\/cliniche-dentali-istanbul\/"]}]},{"@type":"BreadcrumbList","@id":"https:\/\/dentiststurkey.com\/it\/cliniche-dentali-istanbul\/#breadcrumb","itemListElement":[{"@type":"ListItem","position":1,"name":"Home","item":"https:\/\/dentiststurkey.com\/it\/"},{"@type":"ListItem","position":2,"name":"Cliniche Dentali Istanbul"}]},{"@type":"WebSite","@id":"http:\/\/dentiststurkey.com\/it\/#website","url":"http:\/\/dentiststurkey.com\/it\/","name":"Dentists Turkey","description":"Best Dental Clinics","publisher":{"@id":"http:\/\/dentiststurkey.com\/it\/#organization"},"potentialAction":[{"@type":"SearchAction","target":{"@type":"EntryPoint","urlTemplate":"http:\/\/dentiststurkey.com\/it\/?s={search_term_string}"},"query-input":{"@type":"PropertyValueSpecification","valueRequired":true,"valueName":"search_term_string"}}],"inLanguage":"it-IT"},{"@type":"Organization","@id":"http:\/\/dentiststurkey.com\/it\/#organization","name":"Dentists Turkey","url":"http:\/\/dentiststurkey.com\/it\/","logo":{"@type":"ImageObject","inLanguage":"it-IT","@id":"http:\/\/dentiststurkey.com\/it\/#\/schema\/logo\/image\/","url":"https:\/\/dentiststurkey.com\/wp-content\/uploads\/2023\/02\/logo-dentists-400.webp","contentUrl":"https:\/\/dentiststurkey.com\/wp-content\/uploads\/2023\/02\/logo-dentists-400.webp","width":400,"height":148,"caption":"Dentists Turkey"},"image":{"@id":"http:\/\/dentiststurkey.com\/it\/#\/schema\/logo\/image\/"}}]}},"_links":{"self":[{"href":"https:\/\/dentiststurkey.com\/it\/wp-json\/wp\/v2\/pages\/74119","targetHints":{"allow":["GET"]}}],"collection":[{"href":"https:\/\/dentiststurkey.com\/it\/wp-json\/wp\/v2\/pages"}],"about":[{"href":"https:\/\/dentiststurkey.com\/it\/wp-json\/wp\/v2\/types\/page"}],"author":[{"embeddable":true,"href":"https:\/\/dentiststurkey.com\/it\/wp-json\/wp\/v2\/users\/2"}],"replies":[{"embeddable":true,"href":"https:\/\/dentiststurkey.com\/it\/wp-json\/wp\/v2\/comments?post=74119"}],"version-history":[{"count":5,"href":"https:\/\/dentiststurkey.com\/it\/wp-json\/wp\/v2\/pages\/74119\/revisions"}],"predecessor-version":[{"id":74377,"href":"https:\/\/dentiststurkey.com\/it\/wp-json\/wp\/v2\/pages\/74119\/revisions\/74377"}],"wp:attachment":[{"href":"https:\/\/dentiststurkey.com\/it\/wp-json\/wp\/v2\/media?parent=74119"}],"curies":[{"name":"wp","href":"https:\/\/api.w.org\/{rel}","templated":true}]}}