{"id":74131,"date":"2026-04-15T19:12:59","date_gmt":"2026-04-15T16:12:59","guid":{"rendered":"https:\/\/dentiststurkey.com\/dental-clinics-antalya\/"},"modified":"2026-04-17T15:20:47","modified_gmt":"2026-04-17T12:20:47","slug":"cliniche-dentali-antalya","status":"publish","type":"page","link":"https:\/\/dentiststurkey.com\/it\/cliniche-dentali-antalya\/","title":{"rendered":"Cliniche Dentali Antalya"},"content":{"rendered":"<h1>Cliniche Dentali ad Antalya<\/h1>\n<p>Stai cercando le migliori cliniche dentali ad Antalya, in Turchia? Antalya \u00e8 una delle destinazioni pi\u00f9 attraenti per i pazienti internazionali che desiderano trattamenti dentali convenienti, cliniche moderne e la possibilit\u00e0 di combinare il trattamento con un soggiorno sulla costa turca.<\/p>\n<p>In questa pagina puoi confrontare le cliniche dentali ad Antalya per trattamenti come impianti dentali, corone in zirconio, faccette, Hollywood Smile, All-on-4, All-on-6 e riabilitazione completa della bocca. Molte cliniche dentali ad Antalya offrono anche alloggio gratuito e trasferimento aeroportuale, rendendo pi\u00f9 semplice la pianificazione del trattamento per i pazienti che arrivano dall\u2019estero.<\/p>\n\t\t<div data-elementor-type=\"section\" data-elementor-id=\"73749\" class=\"elementor elementor-73749\" data-elementor-post-type=\"elementor_library\">\n\t\t\t\t\t<section class=\"elementor-section elementor-top-section elementor-element elementor-element-51ff3a8 elementor-section-boxed elementor-section-height-default elementor-section-height-default\" data-id=\"51ff3a8\" data-element_type=\"section\" data-e-type=\"section\">\n\t\t\t\t\t\t<div class=\"elementor-container elementor-column-gap-default\">\n\t\t\t\t\t<div class=\"elementor-column elementor-col-50 elementor-top-column elementor-element elementor-element-2ea0b70\" data-id=\"2ea0b70\" data-element_type=\"column\" data-e-type=\"column\">\n\t\t\t<div class=\"elementor-widget-wrap elementor-element-populated\">\n\t\t\t\t\t\t<div data-dce-background-color=\"#710B0F\" class=\"elementor-element elementor-element-41734b0 elementor-align-justify elementor-widget elementor-widget-button\" data-id=\"41734b0\" data-element_type=\"widget\" data-e-type=\"widget\" data-widget_type=\"button.default\">\n\t\t\t\t<div class=\"elementor-widget-container\">\n\t\t\t\t\t\t\t\t\t<div class=\"elementor-button-wrapper\">\n\t\t\t\t\t<a class=\"elementor-button elementor-button-link elementor-size-sm\" href=\"https:\/\/dentiststurkey.com\/\">\n\t\t\t\t\t\t<span class=\"elementor-button-content-wrapper\">\n\t\t\t\t\t\t\t\t\t<span class=\"elementor-button-text\">GET A FREE QUOTE<\/span>\n\t\t\t\t\t<\/span>\n\t\t\t\t\t<\/a>\n\t\t\t\t<\/div>\n\t\t\t\t\t\t\t\t<\/div>\n\t\t\t\t<\/div>\n\t\t\t\t\t<\/div>\n\t\t<\/div>\n\t\t\t\t<div class=\"elementor-column elementor-col-50 elementor-top-column elementor-element elementor-element-1818039\" data-id=\"1818039\" data-element_type=\"column\" data-e-type=\"column\">\n\t\t\t<div class=\"elementor-widget-wrap elementor-element-populated\">\n\t\t\t\t\t\t<div data-dce-background-color=\"#B1D866\" class=\"elementor-element elementor-element-7e65189 elementor-align-justify elementor-widget elementor-widget-button\" data-id=\"7e65189\" data-element_type=\"widget\" data-e-type=\"widget\" data-widget_type=\"button.default\">\n\t\t\t\t<div class=\"elementor-widget-container\">\n\t\t\t\t\t\t\t\t\t<div class=\"elementor-button-wrapper\">\n\t\t\t\t\t<a class=\"elementor-button elementor-button-link elementor-size-sm\" href=\"https:\/\/wa.me\/+905439646316?text=Hello,%20I%20would%20like%20to%20get%20free%20quotes%20and%20compare%20offers%20from%20the%20best%20dental%20clinics%20in%20Turkey.\">\n\t\t\t\t\t\t<span class=\"elementor-button-content-wrapper\">\n\t\t\t\t\t\t<span class=\"elementor-button-icon\">\n\t\t\t\t<i aria-hidden=\"true\" class=\"fab fa-whatsapp\"><\/i>\t\t\t<\/span>\n\t\t\t\t\t\t\t\t\t<span class=\"elementor-button-text\">GET A QUOTE VIA WHATSAPP<\/span>\n\t\t\t\t\t<\/span>\n\t\t\t\t\t<\/a>\n\t\t\t\t<\/div>\n\t\t\t\t\t\t\t\t<\/div>\n\t\t\t\t<\/div>\n\t\t\t\t\t<\/div>\n\t\t<\/div>\n\t\t\t\t\t<\/div>\n\t\t<\/section>\n\t\t\t\t<\/div>\n\t\t\n<h2>Perch\u00e9 scegliere Antalya per un trattamento dentale?<\/h2>\n<p>Antalya \u00e8 una delle citt\u00e0 leader del turismo dentale in Turchia perch\u00e9 combina prezzi accessibili con un ambiente costiero pi\u00f9 rilassato. Molti pazienti preferiscono Antalya perch\u00e9 possono ricevere cure dentali di alta qualit\u00e0 soggiornando allo stesso tempo in una nota destinazione turistica.<\/p>\n<p>Le cliniche dentali ad Antalya lavorano spesso con pazienti internazionali e offrono supporto durante tutto il processo, dal primo preventivo fino all\u2019alloggio e ai trasferimenti. Questo rende Antalya un\u2019opzione molto interessante per i pazienti che cercano sia convenienza sia comodit\u00e0.<\/p>\n<ul>\n<li>Trattamenti dentali convenienti<\/li>\n<li>Destinazione popolare per i pazienti internazionali<\/li>\n<li>Cliniche moderne con opzioni di odontoiatria estetica e restaurativa<\/li>\n<li>Alloggio gratuito e trasferimento disponibili presso molte cliniche<\/li>\n<li>Ideale per combinare trattamento e breve soggiorno in Turchia<\/li>\n<\/ul>\n<h2>Trattamenti dentali pi\u00f9 richiesti ad Antalya<\/h2>\n<p>I pazienti che visitano Antalya confrontano di solito le cliniche per trattamenti come:<\/p>\n<ul>\n<li>Impianti dentali<\/li>\n<li>Impianti dentali All-on-4<\/li>\n<li>Impianti dentali All-on-6<\/li>\n<li>Corone in zirconio<\/li>\n<li>Faccette dentali<\/li>\n<li>Smile makeover<\/li>\n<li>Hollywood Smile<\/li>\n<li>Riabilitazione completa della bocca<\/li>\n<\/ul>\n<p>Se vuoi confrontare le cliniche di Antalya con opzioni in altre citt\u00e0, puoi visitare anche <a href=\"https:\/\/dentiststurkey.com\/it\/\">Dentists Turkey<\/a> e <a href=\"https:\/\/dentiststurkey.com\/it\/turismo-dentale-turchia-2\/\">Dental Tourism Turkey<\/a>.<\/p>\n<h2>Prezzi delle cliniche dentali ad Antalya<\/h2>\n<p>Antalya \u00e8 nota per offrire prezzi di trattamento pi\u00f9 bassi rispetto a molti paesi dell\u2019Europa occidentale. Pazienti dal Regno Unito, dalla Germania, dalla Svizzera, dall\u2019Italia e dalla Francia viaggiano spesso ad Antalya perch\u00e9 possono risparmiare notevolmente su trattamenti come impianti, corone, faccette e riabilitazioni dentali complete.<\/p>\n<p>I prezzi finali dipendono dalla clinica, dalla complessit\u00e0 del trattamento, dal numero di denti, dai materiali utilizzati e dall\u2019eventuale necessit\u00e0 di procedure aggiuntive. Anche cos\u00ec, Antalya \u00e8 spesso considerata una delle migliori destinazioni per il turismo dentale in Turchia in termini di rapporto qualit\u00e0-prezzo.<\/p>\n<h2>Supporto per alloggio e trasferimento<\/h2>\n<p>Molte cliniche dentali ad Antalya offrono alloggio gratuito e trasferimento aeroportuale ai pazienti internazionali. Questo \u00e8 particolarmente interessante per chi desidera un\u2019esperienza di viaggio pi\u00f9 semplice e un pacchetto pi\u00f9 completo invece di organizzare tutto separatamente.<\/p>\n<p>Per molti pazienti, questo tipo di supporto rende Antalya una scelta pratica perch\u00e9 riduce lo stress complessivo del viaggio e aiuta a mantenere il soggiorno di trattamento pi\u00f9 organizzato.<\/p>\n\t\t<div data-elementor-type=\"section\" data-elementor-id=\"73749\" class=\"elementor elementor-73749\" data-elementor-post-type=\"elementor_library\">\n\t\t\t\t\t<section class=\"elementor-section elementor-top-section elementor-element elementor-element-51ff3a8 elementor-section-boxed elementor-section-height-default elementor-section-height-default\" data-id=\"51ff3a8\" data-element_type=\"section\" data-e-type=\"section\">\n\t\t\t\t\t\t<div class=\"elementor-container elementor-column-gap-default\">\n\t\t\t\t\t<div class=\"elementor-column elementor-col-50 elementor-top-column elementor-element elementor-element-2ea0b70\" data-id=\"2ea0b70\" data-element_type=\"column\" data-e-type=\"column\">\n\t\t\t<div class=\"elementor-widget-wrap elementor-element-populated\">\n\t\t\t\t\t\t<div data-dce-background-color=\"#710B0F\" class=\"elementor-element elementor-element-41734b0 elementor-align-justify elementor-widget elementor-widget-button\" data-id=\"41734b0\" data-element_type=\"widget\" data-e-type=\"widget\" data-widget_type=\"button.default\">\n\t\t\t\t<div class=\"elementor-widget-container\">\n\t\t\t\t\t\t\t\t\t<div class=\"elementor-button-wrapper\">\n\t\t\t\t\t<a class=\"elementor-button elementor-button-link elementor-size-sm\" href=\"https:\/\/dentiststurkey.com\/\">\n\t\t\t\t\t\t<span class=\"elementor-button-content-wrapper\">\n\t\t\t\t\t\t\t\t\t<span class=\"elementor-button-text\">GET A FREE QUOTE<\/span>\n\t\t\t\t\t<\/span>\n\t\t\t\t\t<\/a>\n\t\t\t\t<\/div>\n\t\t\t\t\t\t\t\t<\/div>\n\t\t\t\t<\/div>\n\t\t\t\t\t<\/div>\n\t\t<\/div>\n\t\t\t\t<div class=\"elementor-column elementor-col-50 elementor-top-column elementor-element elementor-element-1818039\" data-id=\"1818039\" data-element_type=\"column\" data-e-type=\"column\">\n\t\t\t<div class=\"elementor-widget-wrap elementor-element-populated\">\n\t\t\t\t\t\t<div data-dce-background-color=\"#B1D866\" class=\"elementor-element elementor-element-7e65189 elementor-align-justify elementor-widget elementor-widget-button\" data-id=\"7e65189\" data-element_type=\"widget\" data-e-type=\"widget\" data-widget_type=\"button.default\">\n\t\t\t\t<div class=\"elementor-widget-container\">\n\t\t\t\t\t\t\t\t\t<div class=\"elementor-button-wrapper\">\n\t\t\t\t\t<a class=\"elementor-button elementor-button-link elementor-size-sm\" href=\"https:\/\/wa.me\/+905439646316?text=Hello,%20I%20would%20like%20to%20get%20free%20quotes%20and%20compare%20offers%20from%20the%20best%20dental%20clinics%20in%20Turkey.\">\n\t\t\t\t\t\t<span class=\"elementor-button-content-wrapper\">\n\t\t\t\t\t\t<span class=\"elementor-button-icon\">\n\t\t\t\t<i aria-hidden=\"true\" class=\"fab fa-whatsapp\"><\/i>\t\t\t<\/span>\n\t\t\t\t\t\t\t\t\t<span class=\"elementor-button-text\">GET A QUOTE VIA WHATSAPP<\/span>\n\t\t\t\t\t<\/span>\n\t\t\t\t\t<\/a>\n\t\t\t\t<\/div>\n\t\t\t\t\t\t\t\t<\/div>\n\t\t\t\t<\/div>\n\t\t\t\t\t<\/div>\n\t\t<\/div>\n\t\t\t\t\t<\/div>\n\t\t<\/section>\n\t\t\t\t<\/div>\n\t\t\n<h2>Come scegliere la clinica dentale giusta ad Antalya<\/h2>\n<p>Quando si confrontano le cliniche dentali ad Antalya, \u00e8 importante guardare oltre il prezzo iniziale. L\u2019approccio migliore \u00e8 confrontare il piano di trattamento, i materiali, l\u2019esperienza della clinica, la comunicazione e ci\u00f2 che \u00e8 incluso nel pacchetto.<\/p>\n<p>Prima di scegliere una clinica ad Antalya, \u00e8 utile chiedere:<\/p>\n<ul>\n<li>Cosa \u00e8 incluso esattamente nel preventivo?<\/li>\n<li>Alloggio e trasferimenti sono inclusi?<\/li>\n<li>Quali materiali e marchi vengono utilizzati?<\/li>\n<li>La clinica ha esperienza con pazienti internazionali?<\/li>\n<li>Quanto durer\u00e0 il trattamento?<\/li>\n<\/ul>\n<h2>Confronta le cliniche dentali ad Antalya<\/h2>\n<p>In questa pagina puoi confrontare le cliniche dentali ad Antalya e valutare diverse opzioni di trattamento per il tuo sorriso e il tuo budget. Che tu stia cercando faccette convenienti, corone in zirconio, impianti o una riabilitazione completa della bocca, Antalya offre una vasta gamma di cliniche per i pazienti internazionali.<\/p>\n<p>Confrontare pi\u00f9 di una clinica \u00e8 spesso il modo migliore per avere un quadro pi\u00f9 chiaro delle tue opzioni di trattamento e del costo totale.<\/p>\n<h2>Richiedi preventivi gratuiti dalle cliniche dentali ad Antalya<\/h2>\n<p>Confronta cliniche dentali verificate ad Antalya e richiedi preventivi gratuiti per il tuo trattamento. Molte cliniche offrono alloggio gratuito e trasferimento aeroportuale per i pazienti internazionali.<\/p>\n<p><strong>Inizia a confrontare ora e ricevi il tuo preventivo gratuito.<\/strong><\/p>\n\t\t<div data-elementor-type=\"section\" data-elementor-id=\"73749\" class=\"elementor elementor-73749\" data-elementor-post-type=\"elementor_library\">\n\t\t\t\t\t<section class=\"elementor-section elementor-top-section elementor-element elementor-element-51ff3a8 elementor-section-boxed elementor-section-height-default elementor-section-height-default\" data-id=\"51ff3a8\" data-element_type=\"section\" data-e-type=\"section\">\n\t\t\t\t\t\t<div class=\"elementor-container elementor-column-gap-default\">\n\t\t\t\t\t<div class=\"elementor-column elementor-col-50 elementor-top-column elementor-element elementor-element-2ea0b70\" data-id=\"2ea0b70\" data-element_type=\"column\" data-e-type=\"column\">\n\t\t\t<div class=\"elementor-widget-wrap elementor-element-populated\">\n\t\t\t\t\t\t<div data-dce-background-color=\"#710B0F\" class=\"elementor-element elementor-element-41734b0 elementor-align-justify elementor-widget elementor-widget-button\" data-id=\"41734b0\" data-element_type=\"widget\" data-e-type=\"widget\" data-widget_type=\"button.default\">\n\t\t\t\t<div class=\"elementor-widget-container\">\n\t\t\t\t\t\t\t\t\t<div class=\"elementor-button-wrapper\">\n\t\t\t\t\t<a class=\"elementor-button elementor-button-link elementor-size-sm\" href=\"https:\/\/dentiststurkey.com\/\">\n\t\t\t\t\t\t<span class=\"elementor-button-content-wrapper\">\n\t\t\t\t\t\t\t\t\t<span class=\"elementor-button-text\">GET A FREE QUOTE<\/span>\n\t\t\t\t\t<\/span>\n\t\t\t\t\t<\/a>\n\t\t\t\t<\/div>\n\t\t\t\t\t\t\t\t<\/div>\n\t\t\t\t<\/div>\n\t\t\t\t\t<\/div>\n\t\t<\/div>\n\t\t\t\t<div class=\"elementor-column elementor-col-50 elementor-top-column elementor-element elementor-element-1818039\" data-id=\"1818039\" data-element_type=\"column\" data-e-type=\"column\">\n\t\t\t<div class=\"elementor-widget-wrap elementor-element-populated\">\n\t\t\t\t\t\t<div data-dce-background-color=\"#B1D866\" class=\"elementor-element elementor-element-7e65189 elementor-align-justify elementor-widget elementor-widget-button\" data-id=\"7e65189\" data-element_type=\"widget\" data-e-type=\"widget\" data-widget_type=\"button.default\">\n\t\t\t\t<div class=\"elementor-widget-container\">\n\t\t\t\t\t\t\t\t\t<div class=\"elementor-button-wrapper\">\n\t\t\t\t\t<a class=\"elementor-button elementor-button-link elementor-size-sm\" href=\"https:\/\/wa.me\/+905439646316?text=Hello,%20I%20would%20like%20to%20get%20free%20quotes%20and%20compare%20offers%20from%20the%20best%20dental%20clinics%20in%20Turkey.\">\n\t\t\t\t\t\t<span class=\"elementor-button-content-wrapper\">\n\t\t\t\t\t\t<span class=\"elementor-button-icon\">\n\t\t\t\t<i aria-hidden=\"true\" class=\"fab fa-whatsapp\"><\/i>\t\t\t<\/span>\n\t\t\t\t\t\t\t\t\t<span class=\"elementor-button-text\">GET A QUOTE VIA WHATSAPP<\/span>\n\t\t\t\t\t<\/span>\n\t\t\t\t\t<\/a>\n\t\t\t\t<\/div>\n\t\t\t\t\t\t\t\t<\/div>\n\t\t\t\t<\/div>\n\t\t\t\t\t<\/div>\n\t\t<\/div>\n\t\t\t\t\t<\/div>\n\t\t<\/section>\n\t\t\t\t<\/div>\n\t\t\n","protected":false},"excerpt":{"rendered":"<p>Cliniche Dentali ad Antalya Stai cercando le migliori cliniche dentali ad Antalya, in Turchia? Antalya \u00e8 una delle destinazioni pi\u00f9 attraenti per i pazienti internazionali che desiderano trattamenti dentali convenienti, cliniche moderne e la possibilit\u00e0 di combinare il trattamento con un soggiorno sulla costa turca. In questa pagina puoi confrontare le cliniche dentali ad Antalya [&hellip;]<\/p>\n","protected":false},"author":2,"featured_media":0,"parent":0,"menu_order":0,"comment_status":"closed","ping_status":"closed","template":"","meta":{"footnotes":""},"class_list":["post-74131","page","type-page","status-publish","hentry"],"acf":[],"yoast_head":"<!-- This site is optimized with the Yoast SEO plugin v27.4 - https:\/\/yoast.com\/product\/yoast-seo-wordpress\/ -->\n<title>Cliniche Dentali Antalya - Richiedi un preventivo gratuito<\/title>\n<meta name=\"description\" content=\"Confronta le cliniche dentali a Antalya. Preventivi gratuiti, prezzi, recensioni, alloggio e transfer aeroportuale gratis.\" \/>\n<meta name=\"robots\" content=\"index, follow, max-snippet:-1, max-image-preview:large, max-video-preview:-1\" \/>\n<link rel=\"canonical\" href=\"https:\/\/dentiststurkey.com\/it\/cliniche-dentali-antalya\/\" \/>\n<meta property=\"og:locale\" content=\"it_IT\" \/>\n<meta property=\"og:type\" content=\"article\" \/>\n<meta property=\"og:title\" content=\"Cliniche Dentali Antalya - Richiedi un preventivo gratuito\" \/>\n<meta property=\"og:description\" content=\"Confronta le cliniche dentali a Antalya. Preventivi gratuiti, prezzi, recensioni, alloggio e transfer aeroportuale gratis.\" \/>\n<meta property=\"og:url\" content=\"https:\/\/dentiststurkey.com\/it\/cliniche-dentali-antalya\/\" \/>\n<meta property=\"og:site_name\" content=\"Dentists Turkey\" \/>\n<meta property=\"article:modified_time\" content=\"2026-04-17T12:20:47+00:00\" \/>\n<meta name=\"twitter:card\" content=\"summary_large_image\" \/>\n<meta name=\"twitter:label1\" content=\"Tempo di lettura stimato\" \/>\n\t<meta name=\"twitter:data1\" content=\"3 minuti\" \/>\n<script type=\"application\/ld+json\" class=\"yoast-schema-graph\">{\"@context\":\"https:\\\/\\\/schema.org\",\"@graph\":[{\"@type\":\"WebPage\",\"@id\":\"https:\\\/\\\/dentiststurkey.com\\\/it\\\/cliniche-dentali-antalya\\\/\",\"url\":\"https:\\\/\\\/dentiststurkey.com\\\/it\\\/cliniche-dentali-antalya\\\/\",\"name\":\"Cliniche Dentali Antalya - Richiedi un preventivo gratuito\",\"isPartOf\":{\"@id\":\"http:\\\/\\\/dentiststurkey.com\\\/it\\\/#website\"},\"datePublished\":\"2026-04-15T16:12:59+00:00\",\"dateModified\":\"2026-04-17T12:20:47+00:00\",\"description\":\"Confronta le cliniche dentali a Antalya. Preventivi gratuiti, prezzi, recensioni, alloggio e transfer aeroportuale gratis.\",\"breadcrumb\":{\"@id\":\"https:\\\/\\\/dentiststurkey.com\\\/it\\\/cliniche-dentali-antalya\\\/#breadcrumb\"},\"inLanguage\":\"it-IT\",\"potentialAction\":[{\"@type\":\"ReadAction\",\"target\":[\"https:\\\/\\\/dentiststurkey.com\\\/it\\\/cliniche-dentali-antalya\\\/\"]}]},{\"@type\":\"BreadcrumbList\",\"@id\":\"https:\\\/\\\/dentiststurkey.com\\\/it\\\/cliniche-dentali-antalya\\\/#breadcrumb\",\"itemListElement\":[{\"@type\":\"ListItem\",\"position\":1,\"name\":\"Home\",\"item\":\"https:\\\/\\\/dentiststurkey.com\\\/it\\\/\"},{\"@type\":\"ListItem\",\"position\":2,\"name\":\"Cliniche Dentali Antalya\"}]},{\"@type\":\"WebSite\",\"@id\":\"http:\\\/\\\/dentiststurkey.com\\\/it\\\/#website\",\"url\":\"http:\\\/\\\/dentiststurkey.com\\\/it\\\/\",\"name\":\"Dentists Turkey\",\"description\":\"Best Dental Clinics\",\"publisher\":{\"@id\":\"http:\\\/\\\/dentiststurkey.com\\\/it\\\/#organization\"},\"potentialAction\":[{\"@type\":\"SearchAction\",\"target\":{\"@type\":\"EntryPoint\",\"urlTemplate\":\"http:\\\/\\\/dentiststurkey.com\\\/it\\\/?s={search_term_string}\"},\"query-input\":{\"@type\":\"PropertyValueSpecification\",\"valueRequired\":true,\"valueName\":\"search_term_string\"}}],\"inLanguage\":\"it-IT\"},{\"@type\":\"Organization\",\"@id\":\"http:\\\/\\\/dentiststurkey.com\\\/it\\\/#organization\",\"name\":\"Dentists Turkey\",\"url\":\"http:\\\/\\\/dentiststurkey.com\\\/it\\\/\",\"logo\":{\"@type\":\"ImageObject\",\"inLanguage\":\"it-IT\",\"@id\":\"http:\\\/\\\/dentiststurkey.com\\\/it\\\/#\\\/schema\\\/logo\\\/image\\\/\",\"url\":\"https:\\\/\\\/dentiststurkey.com\\\/wp-content\\\/uploads\\\/2023\\\/02\\\/logo-dentists-400.webp\",\"contentUrl\":\"https:\\\/\\\/dentiststurkey.com\\\/wp-content\\\/uploads\\\/2023\\\/02\\\/logo-dentists-400.webp\",\"width\":400,\"height\":148,\"caption\":\"Dentists Turkey\"},\"image\":{\"@id\":\"http:\\\/\\\/dentiststurkey.com\\\/it\\\/#\\\/schema\\\/logo\\\/image\\\/\"}}]}<\/script>\n<!-- \/ Yoast SEO plugin. -->","yoast_head_json":{"title":"Cliniche Dentali Antalya - Richiedi un preventivo gratuito","description":"Confronta le cliniche dentali a Antalya. Preventivi gratuiti, prezzi, recensioni, alloggio e transfer aeroportuale gratis.","robots":{"index":"index","follow":"follow","max-snippet":"max-snippet:-1","max-image-preview":"max-image-preview:large","max-video-preview":"max-video-preview:-1"},"canonical":"https:\/\/dentiststurkey.com\/it\/cliniche-dentali-antalya\/","og_locale":"it_IT","og_type":"article","og_title":"Cliniche Dentali Antalya - Richiedi un preventivo gratuito","og_description":"Confronta le cliniche dentali a Antalya. Preventivi gratuiti, prezzi, recensioni, alloggio e transfer aeroportuale gratis.","og_url":"https:\/\/dentiststurkey.com\/it\/cliniche-dentali-antalya\/","og_site_name":"Dentists Turkey","article_modified_time":"2026-04-17T12:20:47+00:00","twitter_card":"summary_large_image","twitter_misc":{"Tempo di lettura stimato":"3 minuti"},"schema":{"@context":"https:\/\/schema.org","@graph":[{"@type":"WebPage","@id":"https:\/\/dentiststurkey.com\/it\/cliniche-dentali-antalya\/","url":"https:\/\/dentiststurkey.com\/it\/cliniche-dentali-antalya\/","name":"Cliniche Dentali Antalya - Richiedi un preventivo gratuito","isPartOf":{"@id":"http:\/\/dentiststurkey.com\/it\/#website"},"datePublished":"2026-04-15T16:12:59+00:00","dateModified":"2026-04-17T12:20:47+00:00","description":"Confronta le cliniche dentali a Antalya. Preventivi gratuiti, prezzi, recensioni, alloggio e transfer aeroportuale gratis.","breadcrumb":{"@id":"https:\/\/dentiststurkey.com\/it\/cliniche-dentali-antalya\/#breadcrumb"},"inLanguage":"it-IT","potentialAction":[{"@type":"ReadAction","target":["https:\/\/dentiststurkey.com\/it\/cliniche-dentali-antalya\/"]}]},{"@type":"BreadcrumbList","@id":"https:\/\/dentiststurkey.com\/it\/cliniche-dentali-antalya\/#breadcrumb","itemListElement":[{"@type":"ListItem","position":1,"name":"Home","item":"https:\/\/dentiststurkey.com\/it\/"},{"@type":"ListItem","position":2,"name":"Cliniche Dentali Antalya"}]},{"@type":"WebSite","@id":"http:\/\/dentiststurkey.com\/it\/#website","url":"http:\/\/dentiststurkey.com\/it\/","name":"Dentists Turkey","description":"Best Dental Clinics","publisher":{"@id":"http:\/\/dentiststurkey.com\/it\/#organization"},"potentialAction":[{"@type":"SearchAction","target":{"@type":"EntryPoint","urlTemplate":"http:\/\/dentiststurkey.com\/it\/?s={search_term_string}"},"query-input":{"@type":"PropertyValueSpecification","valueRequired":true,"valueName":"search_term_string"}}],"inLanguage":"it-IT"},{"@type":"Organization","@id":"http:\/\/dentiststurkey.com\/it\/#organization","name":"Dentists Turkey","url":"http:\/\/dentiststurkey.com\/it\/","logo":{"@type":"ImageObject","inLanguage":"it-IT","@id":"http:\/\/dentiststurkey.com\/it\/#\/schema\/logo\/image\/","url":"https:\/\/dentiststurkey.com\/wp-content\/uploads\/2023\/02\/logo-dentists-400.webp","contentUrl":"https:\/\/dentiststurkey.com\/wp-content\/uploads\/2023\/02\/logo-dentists-400.webp","width":400,"height":148,"caption":"Dentists Turkey"},"image":{"@id":"http:\/\/dentiststurkey.com\/it\/#\/schema\/logo\/image\/"}}]}},"_links":{"self":[{"href":"https:\/\/dentiststurkey.com\/it\/wp-json\/wp\/v2\/pages\/74131","targetHints":{"allow":["GET"]}}],"collection":[{"href":"https:\/\/dentiststurkey.com\/it\/wp-json\/wp\/v2\/pages"}],"about":[{"href":"https:\/\/dentiststurkey.com\/it\/wp-json\/wp\/v2\/types\/page"}],"author":[{"embeddable":true,"href":"https:\/\/dentiststurkey.com\/it\/wp-json\/wp\/v2\/users\/2"}],"replies":[{"embeddable":true,"href":"https:\/\/dentiststurkey.com\/it\/wp-json\/wp\/v2\/comments?post=74131"}],"version-history":[{"count":3,"href":"https:\/\/dentiststurkey.com\/it\/wp-json\/wp\/v2\/pages\/74131\/revisions"}],"predecessor-version":[{"id":74380,"href":"https:\/\/dentiststurkey.com\/it\/wp-json\/wp\/v2\/pages\/74131\/revisions\/74380"}],"wp:attachment":[{"href":"https:\/\/dentiststurkey.com\/it\/wp-json\/wp\/v2\/media?parent=74131"}],"curies":[{"name":"wp","href":"https:\/\/api.w.org\/{rel}","templated":true}]}}