{"id":74133,"date":"2026-04-15T19:14:18","date_gmt":"2026-04-15T16:14:18","guid":{"rendered":"https:\/\/dentiststurkey.com\/dental-clinics-izmir\/"},"modified":"2026-04-17T15:24:25","modified_gmt":"2026-04-17T12:24:25","slug":"cliniche-dentali-izmir","status":"publish","type":"page","link":"https:\/\/dentiststurkey.com\/it\/cliniche-dentali-izmir\/","title":{"rendered":"Cliniche Dentali Izmir"},"content":{"rendered":"<h1>Cliniche Dentali a Izmir<\/h1>\n<p>Stai cercando le migliori cliniche dentali a Izmir, in Turchia? Izmir \u00e8 una destinazione in crescita per i pazienti internazionali che desiderano trattamenti dentali convenienti, cliniche moderne e una citt\u00e0 costiera pi\u00f9 rilassata rispetto a destinazioni pi\u00f9 grandi come Istanbul.<\/p>\n<p>In questa pagina puoi confrontare le cliniche dentali a Izmir per trattamenti come impianti dentali, corone in zirconio, faccette, Hollywood Smile, All-on-4, All-on-6 e riabilitazione completa della bocca. Molte cliniche a Izmir offrono anche alloggio gratuito e trasferimento aeroportuale per i pazienti che viaggiano dall\u2019estero.<\/p>\n\t\t<div data-elementor-type=\"section\" data-elementor-id=\"73749\" class=\"elementor elementor-73749\" data-elementor-post-type=\"elementor_library\">\n\t\t\t\t\t<section class=\"elementor-section elementor-top-section elementor-element elementor-element-51ff3a8 elementor-section-boxed elementor-section-height-default elementor-section-height-default\" data-id=\"51ff3a8\" data-element_type=\"section\" data-e-type=\"section\">\n\t\t\t\t\t\t<div class=\"elementor-container elementor-column-gap-default\">\n\t\t\t\t\t<div class=\"elementor-column elementor-col-50 elementor-top-column elementor-element elementor-element-2ea0b70\" data-id=\"2ea0b70\" data-element_type=\"column\" data-e-type=\"column\">\n\t\t\t<div class=\"elementor-widget-wrap elementor-element-populated\">\n\t\t\t\t\t\t<div data-dce-background-color=\"#710B0F\" class=\"elementor-element elementor-element-41734b0 elementor-align-justify elementor-widget elementor-widget-button\" data-id=\"41734b0\" data-element_type=\"widget\" data-e-type=\"widget\" data-widget_type=\"button.default\">\n\t\t\t\t<div class=\"elementor-widget-container\">\n\t\t\t\t\t\t\t\t\t<div class=\"elementor-button-wrapper\">\n\t\t\t\t\t<a class=\"elementor-button elementor-button-link elementor-size-sm\" href=\"https:\/\/dentiststurkey.com\/\">\n\t\t\t\t\t\t<span class=\"elementor-button-content-wrapper\">\n\t\t\t\t\t\t\t\t\t<span class=\"elementor-button-text\">GET A FREE QUOTE<\/span>\n\t\t\t\t\t<\/span>\n\t\t\t\t\t<\/a>\n\t\t\t\t<\/div>\n\t\t\t\t\t\t\t\t<\/div>\n\t\t\t\t<\/div>\n\t\t\t\t\t<\/div>\n\t\t<\/div>\n\t\t\t\t<div class=\"elementor-column elementor-col-50 elementor-top-column elementor-element elementor-element-1818039\" data-id=\"1818039\" data-element_type=\"column\" data-e-type=\"column\">\n\t\t\t<div class=\"elementor-widget-wrap elementor-element-populated\">\n\t\t\t\t\t\t<div data-dce-background-color=\"#B1D866\" class=\"elementor-element elementor-element-7e65189 elementor-align-justify elementor-widget elementor-widget-button\" data-id=\"7e65189\" data-element_type=\"widget\" data-e-type=\"widget\" data-widget_type=\"button.default\">\n\t\t\t\t<div class=\"elementor-widget-container\">\n\t\t\t\t\t\t\t\t\t<div class=\"elementor-button-wrapper\">\n\t\t\t\t\t<a class=\"elementor-button elementor-button-link elementor-size-sm\" href=\"https:\/\/wa.me\/+905439646316?text=Hello,%20I%20would%20like%20to%20get%20free%20quotes%20and%20compare%20offers%20from%20the%20best%20dental%20clinics%20in%20Turkey.\">\n\t\t\t\t\t\t<span class=\"elementor-button-content-wrapper\">\n\t\t\t\t\t\t<span class=\"elementor-button-icon\">\n\t\t\t\t<i aria-hidden=\"true\" class=\"fab fa-whatsapp\"><\/i>\t\t\t<\/span>\n\t\t\t\t\t\t\t\t\t<span class=\"elementor-button-text\">GET A QUOTE VIA WHATSAPP<\/span>\n\t\t\t\t\t<\/span>\n\t\t\t\t\t<\/a>\n\t\t\t\t<\/div>\n\t\t\t\t\t\t\t\t<\/div>\n\t\t\t\t<\/div>\n\t\t\t\t\t<\/div>\n\t\t<\/div>\n\t\t\t\t\t<\/div>\n\t\t<\/section>\n\t\t\t\t<\/div>\n\t\t\n<h2>Perch\u00e9 scegliere Izmir per un trattamento dentale?<\/h2>\n<p>Izmir \u00e8 un\u2019ottima opzione per il turismo dentale in Turchia perch\u00e9 offre un buon rapporto qualit\u00e0-prezzo, cure dentali moderne e un\u2019atmosfera pi\u00f9 tranquilla rispetto ad alcune citt\u00e0 pi\u00f9 grandi. Molti pazienti scelgono Izmir perch\u00e9 desiderano un trattamento conveniente e un\u2019esperienza di viaggio complessivamente pi\u00f9 rilassata.<\/p>\n<p>Le cliniche dentali a Izmir offrono spesso piani di trattamento per pazienti internazionali che cercano impianti, corone, faccette o procedure estetiche di smile makeover. Come in altre grandi citt\u00e0 turche, i pazienti possono spesso trovare pacchetti che includono supporto per alloggio e trasferimenti.<\/p>\n<ul>\n<li>Trattamenti dentali convenienti<\/li>\n<li>Citt\u00e0 costiera con un\u2019atmosfera pi\u00f9 rilassata<\/li>\n<li>Cliniche dentali moderne e opzioni di odontoiatria estetica<\/li>\n<li>Alloggio gratuito e trasferimento disponibili presso molte cliniche<\/li>\n<li>Buona alternativa a citt\u00e0 pi\u00f9 grandi e pi\u00f9 trafficate<\/li>\n<\/ul>\n<h2>Trattamenti dentali pi\u00f9 richiesti a Izmir<\/h2>\n<p>I pazienti che arrivano a Izmir confrontano spesso le cliniche per trattamenti come:<\/p>\n<ul>\n<li>Impianti dentali<\/li>\n<li>Impianti dentali All-on-4<\/li>\n<li>Impianti dentali All-on-6<\/li>\n<li>Corone in zirconio<\/li>\n<li>Faccette dentali<\/li>\n<li>Smile makeover<\/li>\n<li>Hollywood Smile<\/li>\n<li>Riabilitazione completa della bocca<\/li>\n<\/ul>\n<p>Per confrontare Izmir con cliniche in altre citt\u00e0 della Turchia, puoi visitare anche <a href=\"https:\/\/dentiststurkey.com\/it\/\">Dentists Turkey<\/a> e <a href=\"https:\/\/dentiststurkey.com\/it\/turismo-dentale-turchia-2\/\">Dental Tourism Turkey<\/a>.<\/p>\n<h2>Prezzi delle cliniche dentali a Izmir<\/h2>\n<p>Izmir viene spesso scelta dai pazienti che desiderano costi di trattamento pi\u00f9 bassi rispetto al Regno Unito, alla Germania, all\u2019Austria, alla Svizzera o alla Francia. Trattamenti come impianti, corone in zirconio, faccette e riabilitazione completa della bocca possono spesso essere molto pi\u00f9 convenienti a Izmir rispetto a molti paesi dell\u2019Europa occidentale.<\/p>\n<p>I prezzi esatti dipendono dalla clinica, dal piano di trattamento, dai materiali utilizzati e dalla complessit\u00e0 del caso. Anche cos\u00ec, Izmir rimane una destinazione attraente per i pazienti che cercano un equilibrio tra qualit\u00e0, prezzo e un viaggio di trattamento pi\u00f9 confortevole.<\/p>\n<h2>Alloggio gratuito e trasferimento aeroportuale<\/h2>\n<p>Molte cliniche dentali a Izmir offrono alloggio gratuito e trasferimento aeroportuale ai pazienti internazionali. Questo pu\u00f2 rendere l\u2019intera esperienza di trattamento molto pi\u00f9 semplice, soprattutto per le persone che viaggiano dall\u2019estero per impianti, corone o odontoiatria estetica.<\/p>\n<p>Quando questi servizi sono inclusi, i pazienti possono concentrarsi maggiormente sul trattamento e meno sulla logistica del viaggio.<\/p>\n\t\t<div data-elementor-type=\"section\" data-elementor-id=\"73749\" class=\"elementor elementor-73749\" data-elementor-post-type=\"elementor_library\">\n\t\t\t\t\t<section class=\"elementor-section elementor-top-section elementor-element elementor-element-51ff3a8 elementor-section-boxed elementor-section-height-default elementor-section-height-default\" data-id=\"51ff3a8\" data-element_type=\"section\" data-e-type=\"section\">\n\t\t\t\t\t\t<div class=\"elementor-container elementor-column-gap-default\">\n\t\t\t\t\t<div class=\"elementor-column elementor-col-50 elementor-top-column elementor-element elementor-element-2ea0b70\" data-id=\"2ea0b70\" data-element_type=\"column\" data-e-type=\"column\">\n\t\t\t<div class=\"elementor-widget-wrap elementor-element-populated\">\n\t\t\t\t\t\t<div data-dce-background-color=\"#710B0F\" class=\"elementor-element elementor-element-41734b0 elementor-align-justify elementor-widget elementor-widget-button\" data-id=\"41734b0\" data-element_type=\"widget\" data-e-type=\"widget\" data-widget_type=\"button.default\">\n\t\t\t\t<div class=\"elementor-widget-container\">\n\t\t\t\t\t\t\t\t\t<div class=\"elementor-button-wrapper\">\n\t\t\t\t\t<a class=\"elementor-button elementor-button-link elementor-size-sm\" href=\"https:\/\/dentiststurkey.com\/\">\n\t\t\t\t\t\t<span class=\"elementor-button-content-wrapper\">\n\t\t\t\t\t\t\t\t\t<span class=\"elementor-button-text\">GET A FREE QUOTE<\/span>\n\t\t\t\t\t<\/span>\n\t\t\t\t\t<\/a>\n\t\t\t\t<\/div>\n\t\t\t\t\t\t\t\t<\/div>\n\t\t\t\t<\/div>\n\t\t\t\t\t<\/div>\n\t\t<\/div>\n\t\t\t\t<div class=\"elementor-column elementor-col-50 elementor-top-column elementor-element elementor-element-1818039\" data-id=\"1818039\" data-element_type=\"column\" data-e-type=\"column\">\n\t\t\t<div class=\"elementor-widget-wrap elementor-element-populated\">\n\t\t\t\t\t\t<div data-dce-background-color=\"#B1D866\" class=\"elementor-element elementor-element-7e65189 elementor-align-justify elementor-widget elementor-widget-button\" data-id=\"7e65189\" data-element_type=\"widget\" data-e-type=\"widget\" data-widget_type=\"button.default\">\n\t\t\t\t<div class=\"elementor-widget-container\">\n\t\t\t\t\t\t\t\t\t<div class=\"elementor-button-wrapper\">\n\t\t\t\t\t<a class=\"elementor-button elementor-button-link elementor-size-sm\" href=\"https:\/\/wa.me\/+905439646316?text=Hello,%20I%20would%20like%20to%20get%20free%20quotes%20and%20compare%20offers%20from%20the%20best%20dental%20clinics%20in%20Turkey.\">\n\t\t\t\t\t\t<span class=\"elementor-button-content-wrapper\">\n\t\t\t\t\t\t<span class=\"elementor-button-icon\">\n\t\t\t\t<i aria-hidden=\"true\" class=\"fab fa-whatsapp\"><\/i>\t\t\t<\/span>\n\t\t\t\t\t\t\t\t\t<span class=\"elementor-button-text\">GET A QUOTE VIA WHATSAPP<\/span>\n\t\t\t\t\t<\/span>\n\t\t\t\t\t<\/a>\n\t\t\t\t<\/div>\n\t\t\t\t\t\t\t\t<\/div>\n\t\t\t\t<\/div>\n\t\t\t\t\t<\/div>\n\t\t<\/div>\n\t\t\t\t\t<\/div>\n\t\t<\/section>\n\t\t\t\t<\/div>\n\t\t\n<h2>Come scegliere la clinica dentale giusta a Izmir<\/h2>\n<p>Scegliere la clinica giusta a Izmir significa confrontare pi\u00f9 del semplice prezzo iniziale. \u00c8 importante esaminare il piano di trattamento, i materiali, l\u2019esperienza della clinica, la comunicazione e ci\u00f2 che \u00e8 incluso nel preventivo.<\/p>\n<p>Prima di decidere, \u00e8 utile confrontare:<\/p>\n<ul>\n<li>Opzioni di trattamento e prezzi<\/li>\n<li>Alloggio e trasferimento inclusi<\/li>\n<li>Esperienza con pazienti internazionali<\/li>\n<li>Materiali e marchi utilizzati nel trattamento<\/li>\n<li>Durata stimata del trattamento<\/li>\n<\/ul>\n<h2>Confronta le cliniche dentali a Izmir<\/h2>\n<p>In questa pagina puoi confrontare le cliniche dentali a Izmir e vedere quali opzioni di trattamento possono adattarsi alle tue esigenze. Che tu stia cercando impianti dentali, faccette, corone in zirconio o un completo smile makeover, Izmir offre diverse opzioni interessanti per i pazienti internazionali.<\/p>\n<p>Confrontare pi\u00f9 cliniche prima di prendere una decisione \u00e8 spesso il modo migliore per trovare il giusto equilibrio tra qualit\u00e0 del trattamento, prezzo e supporto incluso.<\/p>\n<h2>Richiedi preventivi gratuiti dalle cliniche dentali a Izmir<\/h2>\n<p>Confronta cliniche dentali verificate a Izmir e richiedi preventivi gratuiti per il tuo trattamento. Molte cliniche offrono alloggio gratuito e trasferimento aeroportuale per i pazienti internazionali.<\/p>\n<p><strong>Inizia a confrontare ora e ricevi il tuo preventivo gratuito.<\/strong><\/p>\n\t\t<div data-elementor-type=\"section\" data-elementor-id=\"73749\" class=\"elementor elementor-73749\" data-elementor-post-type=\"elementor_library\">\n\t\t\t\t\t<section class=\"elementor-section elementor-top-section elementor-element elementor-element-51ff3a8 elementor-section-boxed elementor-section-height-default elementor-section-height-default\" data-id=\"51ff3a8\" data-element_type=\"section\" data-e-type=\"section\">\n\t\t\t\t\t\t<div class=\"elementor-container elementor-column-gap-default\">\n\t\t\t\t\t<div class=\"elementor-column elementor-col-50 elementor-top-column elementor-element elementor-element-2ea0b70\" data-id=\"2ea0b70\" data-element_type=\"column\" data-e-type=\"column\">\n\t\t\t<div class=\"elementor-widget-wrap elementor-element-populated\">\n\t\t\t\t\t\t<div data-dce-background-color=\"#710B0F\" class=\"elementor-element elementor-element-41734b0 elementor-align-justify elementor-widget elementor-widget-button\" data-id=\"41734b0\" data-element_type=\"widget\" data-e-type=\"widget\" data-widget_type=\"button.default\">\n\t\t\t\t<div class=\"elementor-widget-container\">\n\t\t\t\t\t\t\t\t\t<div class=\"elementor-button-wrapper\">\n\t\t\t\t\t<a class=\"elementor-button elementor-button-link elementor-size-sm\" href=\"https:\/\/dentiststurkey.com\/\">\n\t\t\t\t\t\t<span class=\"elementor-button-content-wrapper\">\n\t\t\t\t\t\t\t\t\t<span class=\"elementor-button-text\">GET A FREE QUOTE<\/span>\n\t\t\t\t\t<\/span>\n\t\t\t\t\t<\/a>\n\t\t\t\t<\/div>\n\t\t\t\t\t\t\t\t<\/div>\n\t\t\t\t<\/div>\n\t\t\t\t\t<\/div>\n\t\t<\/div>\n\t\t\t\t<div class=\"elementor-column elementor-col-50 elementor-top-column elementor-element elementor-element-1818039\" data-id=\"1818039\" data-element_type=\"column\" data-e-type=\"column\">\n\t\t\t<div class=\"elementor-widget-wrap elementor-element-populated\">\n\t\t\t\t\t\t<div data-dce-background-color=\"#B1D866\" class=\"elementor-element elementor-element-7e65189 elementor-align-justify elementor-widget elementor-widget-button\" data-id=\"7e65189\" data-element_type=\"widget\" data-e-type=\"widget\" data-widget_type=\"button.default\">\n\t\t\t\t<div class=\"elementor-widget-container\">\n\t\t\t\t\t\t\t\t\t<div class=\"elementor-button-wrapper\">\n\t\t\t\t\t<a class=\"elementor-button elementor-button-link elementor-size-sm\" href=\"https:\/\/wa.me\/+905439646316?text=Hello,%20I%20would%20like%20to%20get%20free%20quotes%20and%20compare%20offers%20from%20the%20best%20dental%20clinics%20in%20Turkey.\">\n\t\t\t\t\t\t<span class=\"elementor-button-content-wrapper\">\n\t\t\t\t\t\t<span class=\"elementor-button-icon\">\n\t\t\t\t<i aria-hidden=\"true\" class=\"fab fa-whatsapp\"><\/i>\t\t\t<\/span>\n\t\t\t\t\t\t\t\t\t<span class=\"elementor-button-text\">GET A QUOTE VIA WHATSAPP<\/span>\n\t\t\t\t\t<\/span>\n\t\t\t\t\t<\/a>\n\t\t\t\t<\/div>\n\t\t\t\t\t\t\t\t<\/div>\n\t\t\t\t<\/div>\n\t\t\t\t\t<\/div>\n\t\t<\/div>\n\t\t\t\t\t<\/div>\n\t\t<\/section>\n\t\t\t\t<\/div>\n\t\t\n","protected":false},"excerpt":{"rendered":"<p>Cliniche Dentali a Izmir Stai cercando le migliori cliniche dentali a Izmir, in Turchia? Izmir \u00e8 una destinazione in crescita per i pazienti internazionali che desiderano trattamenti dentali convenienti, cliniche moderne e una citt\u00e0 costiera pi\u00f9 rilassata rispetto a destinazioni pi\u00f9 grandi come Istanbul. In questa pagina puoi confrontare le cliniche dentali a Izmir per [&hellip;]<\/p>\n","protected":false},"author":2,"featured_media":0,"parent":0,"menu_order":0,"comment_status":"closed","ping_status":"closed","template":"","meta":{"footnotes":""},"class_list":["post-74133","page","type-page","status-publish","hentry"],"acf":[],"yoast_head":"<!-- This site is optimized with the Yoast SEO plugin v27.4 - https:\/\/yoast.com\/product\/yoast-seo-wordpress\/ -->\n<title>Cliniche Dentali Izmir - Richiedi un preventivo gratuito<\/title>\n<meta name=\"description\" content=\"Confronta le cliniche dentali a Izmir. Preventivi gratuiti, prezzi, recensioni, alloggio e transfer aeroportuale gratis.\" \/>\n<meta name=\"robots\" content=\"index, follow, max-snippet:-1, max-image-preview:large, max-video-preview:-1\" \/>\n<link rel=\"canonical\" href=\"https:\/\/dentiststurkey.com\/it\/cliniche-dentali-izmir\/\" \/>\n<meta property=\"og:locale\" content=\"it_IT\" \/>\n<meta property=\"og:type\" content=\"article\" \/>\n<meta property=\"og:title\" content=\"Cliniche Dentali Izmir - Richiedi un preventivo gratuito\" \/>\n<meta property=\"og:description\" content=\"Confronta le cliniche dentali a Izmir. Preventivi gratuiti, prezzi, recensioni, alloggio e transfer aeroportuale gratis.\" \/>\n<meta property=\"og:url\" content=\"https:\/\/dentiststurkey.com\/it\/cliniche-dentali-izmir\/\" \/>\n<meta property=\"og:site_name\" content=\"Dentists Turkey\" \/>\n<meta property=\"article:modified_time\" content=\"2026-04-17T12:24:25+00:00\" \/>\n<meta name=\"twitter:card\" content=\"summary_large_image\" \/>\n<meta name=\"twitter:label1\" content=\"Tempo di lettura stimato\" \/>\n\t<meta name=\"twitter:data1\" content=\"3 minuti\" \/>\n<script type=\"application\/ld+json\" class=\"yoast-schema-graph\">{\"@context\":\"https:\\\/\\\/schema.org\",\"@graph\":[{\"@type\":\"WebPage\",\"@id\":\"https:\\\/\\\/dentiststurkey.com\\\/it\\\/cliniche-dentali-izmir\\\/\",\"url\":\"https:\\\/\\\/dentiststurkey.com\\\/it\\\/cliniche-dentali-izmir\\\/\",\"name\":\"Cliniche Dentali Izmir - Richiedi un preventivo gratuito\",\"isPartOf\":{\"@id\":\"http:\\\/\\\/dentiststurkey.com\\\/it\\\/#website\"},\"datePublished\":\"2026-04-15T16:14:18+00:00\",\"dateModified\":\"2026-04-17T12:24:25+00:00\",\"description\":\"Confronta le cliniche dentali a Izmir. Preventivi gratuiti, prezzi, recensioni, alloggio e transfer aeroportuale gratis.\",\"breadcrumb\":{\"@id\":\"https:\\\/\\\/dentiststurkey.com\\\/it\\\/cliniche-dentali-izmir\\\/#breadcrumb\"},\"inLanguage\":\"it-IT\",\"potentialAction\":[{\"@type\":\"ReadAction\",\"target\":[\"https:\\\/\\\/dentiststurkey.com\\\/it\\\/cliniche-dentali-izmir\\\/\"]}]},{\"@type\":\"BreadcrumbList\",\"@id\":\"https:\\\/\\\/dentiststurkey.com\\\/it\\\/cliniche-dentali-izmir\\\/#breadcrumb\",\"itemListElement\":[{\"@type\":\"ListItem\",\"position\":1,\"name\":\"Home\",\"item\":\"https:\\\/\\\/dentiststurkey.com\\\/it\\\/\"},{\"@type\":\"ListItem\",\"position\":2,\"name\":\"Cliniche Dentali Izmir\"}]},{\"@type\":\"WebSite\",\"@id\":\"http:\\\/\\\/dentiststurkey.com\\\/it\\\/#website\",\"url\":\"http:\\\/\\\/dentiststurkey.com\\\/it\\\/\",\"name\":\"Dentists Turkey\",\"description\":\"Best Dental Clinics\",\"publisher\":{\"@id\":\"http:\\\/\\\/dentiststurkey.com\\\/it\\\/#organization\"},\"potentialAction\":[{\"@type\":\"SearchAction\",\"target\":{\"@type\":\"EntryPoint\",\"urlTemplate\":\"http:\\\/\\\/dentiststurkey.com\\\/it\\\/?s={search_term_string}\"},\"query-input\":{\"@type\":\"PropertyValueSpecification\",\"valueRequired\":true,\"valueName\":\"search_term_string\"}}],\"inLanguage\":\"it-IT\"},{\"@type\":\"Organization\",\"@id\":\"http:\\\/\\\/dentiststurkey.com\\\/it\\\/#organization\",\"name\":\"Dentists Turkey\",\"url\":\"http:\\\/\\\/dentiststurkey.com\\\/it\\\/\",\"logo\":{\"@type\":\"ImageObject\",\"inLanguage\":\"it-IT\",\"@id\":\"http:\\\/\\\/dentiststurkey.com\\\/it\\\/#\\\/schema\\\/logo\\\/image\\\/\",\"url\":\"https:\\\/\\\/dentiststurkey.com\\\/wp-content\\\/uploads\\\/2023\\\/02\\\/logo-dentists-400.webp\",\"contentUrl\":\"https:\\\/\\\/dentiststurkey.com\\\/wp-content\\\/uploads\\\/2023\\\/02\\\/logo-dentists-400.webp\",\"width\":400,\"height\":148,\"caption\":\"Dentists Turkey\"},\"image\":{\"@id\":\"http:\\\/\\\/dentiststurkey.com\\\/it\\\/#\\\/schema\\\/logo\\\/image\\\/\"}}]}<\/script>\n<!-- \/ Yoast SEO plugin. -->","yoast_head_json":{"title":"Cliniche Dentali Izmir - Richiedi un preventivo gratuito","description":"Confronta le cliniche dentali a Izmir. Preventivi gratuiti, prezzi, recensioni, alloggio e transfer aeroportuale gratis.","robots":{"index":"index","follow":"follow","max-snippet":"max-snippet:-1","max-image-preview":"max-image-preview:large","max-video-preview":"max-video-preview:-1"},"canonical":"https:\/\/dentiststurkey.com\/it\/cliniche-dentali-izmir\/","og_locale":"it_IT","og_type":"article","og_title":"Cliniche Dentali Izmir - Richiedi un preventivo gratuito","og_description":"Confronta le cliniche dentali a Izmir. Preventivi gratuiti, prezzi, recensioni, alloggio e transfer aeroportuale gratis.","og_url":"https:\/\/dentiststurkey.com\/it\/cliniche-dentali-izmir\/","og_site_name":"Dentists Turkey","article_modified_time":"2026-04-17T12:24:25+00:00","twitter_card":"summary_large_image","twitter_misc":{"Tempo di lettura stimato":"3 minuti"},"schema":{"@context":"https:\/\/schema.org","@graph":[{"@type":"WebPage","@id":"https:\/\/dentiststurkey.com\/it\/cliniche-dentali-izmir\/","url":"https:\/\/dentiststurkey.com\/it\/cliniche-dentali-izmir\/","name":"Cliniche Dentali Izmir - Richiedi un preventivo gratuito","isPartOf":{"@id":"http:\/\/dentiststurkey.com\/it\/#website"},"datePublished":"2026-04-15T16:14:18+00:00","dateModified":"2026-04-17T12:24:25+00:00","description":"Confronta le cliniche dentali a Izmir. Preventivi gratuiti, prezzi, recensioni, alloggio e transfer aeroportuale gratis.","breadcrumb":{"@id":"https:\/\/dentiststurkey.com\/it\/cliniche-dentali-izmir\/#breadcrumb"},"inLanguage":"it-IT","potentialAction":[{"@type":"ReadAction","target":["https:\/\/dentiststurkey.com\/it\/cliniche-dentali-izmir\/"]}]},{"@type":"BreadcrumbList","@id":"https:\/\/dentiststurkey.com\/it\/cliniche-dentali-izmir\/#breadcrumb","itemListElement":[{"@type":"ListItem","position":1,"name":"Home","item":"https:\/\/dentiststurkey.com\/it\/"},{"@type":"ListItem","position":2,"name":"Cliniche Dentali Izmir"}]},{"@type":"WebSite","@id":"http:\/\/dentiststurkey.com\/it\/#website","url":"http:\/\/dentiststurkey.com\/it\/","name":"Dentists Turkey","description":"Best Dental Clinics","publisher":{"@id":"http:\/\/dentiststurkey.com\/it\/#organization"},"potentialAction":[{"@type":"SearchAction","target":{"@type":"EntryPoint","urlTemplate":"http:\/\/dentiststurkey.com\/it\/?s={search_term_string}"},"query-input":{"@type":"PropertyValueSpecification","valueRequired":true,"valueName":"search_term_string"}}],"inLanguage":"it-IT"},{"@type":"Organization","@id":"http:\/\/dentiststurkey.com\/it\/#organization","name":"Dentists Turkey","url":"http:\/\/dentiststurkey.com\/it\/","logo":{"@type":"ImageObject","inLanguage":"it-IT","@id":"http:\/\/dentiststurkey.com\/it\/#\/schema\/logo\/image\/","url":"https:\/\/dentiststurkey.com\/wp-content\/uploads\/2023\/02\/logo-dentists-400.webp","contentUrl":"https:\/\/dentiststurkey.com\/wp-content\/uploads\/2023\/02\/logo-dentists-400.webp","width":400,"height":148,"caption":"Dentists Turkey"},"image":{"@id":"http:\/\/dentiststurkey.com\/it\/#\/schema\/logo\/image\/"}}]}},"_links":{"self":[{"href":"https:\/\/dentiststurkey.com\/it\/wp-json\/wp\/v2\/pages\/74133","targetHints":{"allow":["GET"]}}],"collection":[{"href":"https:\/\/dentiststurkey.com\/it\/wp-json\/wp\/v2\/pages"}],"about":[{"href":"https:\/\/dentiststurkey.com\/it\/wp-json\/wp\/v2\/types\/page"}],"author":[{"embeddable":true,"href":"https:\/\/dentiststurkey.com\/it\/wp-json\/wp\/v2\/users\/2"}],"replies":[{"embeddable":true,"href":"https:\/\/dentiststurkey.com\/it\/wp-json\/wp\/v2\/comments?post=74133"}],"version-history":[{"count":4,"href":"https:\/\/dentiststurkey.com\/it\/wp-json\/wp\/v2\/pages\/74133\/revisions"}],"predecessor-version":[{"id":74383,"href":"https:\/\/dentiststurkey.com\/it\/wp-json\/wp\/v2\/pages\/74133\/revisions\/74383"}],"wp:attachment":[{"href":"https:\/\/dentiststurkey.com\/it\/wp-json\/wp\/v2\/media?parent=74133"}],"curies":[{"name":"wp","href":"https:\/\/api.w.org\/{rel}","templated":true}]}}